{"id":169668,"date":"2020-09-15T20:39:16","date_gmt":"2020-09-15T19:39:16","guid":{"rendered":"https:\/\/www.moskito.cz\/?post_type=product&#038;p=169668"},"modified":"2025-08-23T12:56:38","modified_gmt":"2025-08-23T11:56:38","slug":"sportovni-bio-vyziva-protein-extreme-strong-1kg","status":"publish","type":"product","link":"https:\/\/www.moskito.cz\/it\/produkt\/sportovni-bio-vyziva-protein-extreme-strong-1kg\/","title":{"rendered":"Bio Protein Extreme Strong 1kg."},"content":{"rendered":"<h2 data-start=\"142\" data-end=\"209\"><strong data-start=\"145\" data-end=\"207\">Bio Protein Extreme Strong 1 kg \u2013 maxim\u00e1ln\u00ed s\u00edla z p\u0159\u00edrody<\/strong><\/h2>\n<p data-start=\"211\" data-end=\"511\">Pokud hled\u00e1\u0161 protein, kter\u00fd t\u011b posune o \u00farove\u0148 v\u00fd\u0161, <strong data-start=\"263\" data-end=\"298\">Bio Protein Extreme Strong 1 kg<\/strong> je p\u0159esn\u011b to, co pot\u0159ebuje\u0161. Tento \u0161pi\u010dkov\u00fd dopln\u011bk stravy z d\u00edlny <strong data-start=\"366\" data-end=\"381\">Fights Star<\/strong> je navr\u017een pro sportovce, kte\u0159\u00ed cht\u011bj\u00ed <strong data-start=\"421\" data-end=\"508\">rychlej\u0161\u00ed r\u016fst svalov\u00e9 hmoty, krat\u0161\u00ed dobu regenerace a \u010dist\u00e9 slo\u017een\u00ed bez kompromis\u016f<\/strong>.<\/p>\n<h3 data-start=\"513\" data-end=\"545\"><strong data-start=\"517\" data-end=\"543\">\u010cistota bez kompromis\u016f<\/strong><\/h3>\n<p data-start=\"546\" data-end=\"818\">Ve\u0161ker\u00e9 dopl\u0148ky stravy <strong data-start=\"569\" data-end=\"584\">Fights Star<\/strong> jsou vyr\u00e1b\u011bny <strong data-start=\"599\" data-end=\"678\">z pe\u010dliv\u011b vybran\u00fdch p\u0159\u00edrodn\u00edch surovin v nejvy\u0161\u0161\u00ed BIO potravin\u00e1\u0159sk\u00e9 kvalit\u011b<\/strong>. D\u00edky metod\u011b <strong data-start=\"692\" data-end=\"715\">lisov\u00e1n\u00ed za studena<\/strong> v teplotn\u00edm limitu do <strong data-start=\"738\" data-end=\"747\">40 \u00b0C<\/strong> z\u016fst\u00e1vaj\u00ed zachov\u00e1ny v\u0161echny p\u0159irozen\u00e9 \u017eiviny a vysok\u00e1 stravitelnost.<\/p>\n<p data-start=\"820\" data-end=\"1056\">V\u00fdrobek je <strong data-start=\"831\" data-end=\"855\">pln\u011bn v O3 atmosf\u00e9\u0159e<\/strong>, co\u017e znamen\u00e1 <strong data-start=\"869\" data-end=\"900\">nulovou pot\u0159ebu konzervant\u016f<\/strong>. Neobsahuje \u017e\u00e1dn\u00e9 chemicky vyroben\u00e9 l\u00e1tky, emulg\u00e1tory, stabiliz\u00e1tory, chemick\u00e1 barviva, aditiva, plniva, aromata ani b\u00edl\u00fd cukr. \u010cist\u00e1 s\u00edla, \u017e\u00e1dn\u00e1 chemie.<\/p>\n<hr data-start=\"1058\" data-end=\"1061\" \/>\n<h3 data-start=\"1063\" data-end=\"1090\"><strong data-start=\"1067\" data-end=\"1088\">Pro koho je ur\u010den<\/strong><\/h3>\n<ul data-start=\"1091\" data-end=\"1393\">\n<li data-start=\"1091\" data-end=\"1179\">\n<p data-start=\"1093\" data-end=\"1179\">Pro <strong data-start=\"1097\" data-end=\"1131\">intenzivn\u011b tr\u00e9nuj\u00edc\u00ed sportovce<\/strong>, kte\u0159\u00ed pot\u0159ebuj\u00ed maxim\u00e1ln\u00ed podporu regenerace<\/p>\n<\/li>\n<li data-start=\"1180\" data-end=\"1239\">\n<p data-start=\"1182\" data-end=\"1239\">Pro ty, kte\u0159\u00ed cht\u011bj\u00ed <strong data-start=\"1203\" data-end=\"1237\">rychlej\u0161\u00ed n\u00e1r\u016fst svalov\u00e9 hmoty<\/strong><\/p>\n<\/li>\n<li data-start=\"1240\" data-end=\"1306\">\n<p data-start=\"1242\" data-end=\"1306\">Pro ka\u017ed\u00e9ho, kdo vy\u017eaduje <strong data-start=\"1268\" data-end=\"1304\">\u010dist\u00fd protein bez um\u011bl\u00fdch p\u0159\u00edsad<\/strong><\/p>\n<\/li>\n<li data-start=\"1307\" data-end=\"1393\">\n<p data-start=\"1309\" data-end=\"1393\">Vhodn\u00e9 i p\u0159i <strong data-start=\"1322\" data-end=\"1351\">n\u00e1ro\u010dn\u00e9m reduk\u010dn\u00edm re\u017eimu<\/strong>, kdy je pot\u0159eba zachovat svalovou hmotu<\/p>\n<\/li>\n<\/ul>\n<hr data-start=\"1395\" data-end=\"1398\" \/>\n<h3 data-start=\"1400\" data-end=\"1434\"><strong data-start=\"1404\" data-end=\"1432\">Charakteristika a \u00fa\u010dinky<\/strong><\/h3>\n<ul data-start=\"1435\" data-end=\"1752\">\n<li data-start=\"1435\" data-end=\"1541\">\n<p data-start=\"1437\" data-end=\"1541\"><strong data-start=\"1437\" data-end=\"1467\">Dlouh\u00fd \u0159et\u011bzec vst\u0159eb\u00e1v\u00e1n\u00ed<\/strong> \u2013 zaji\u0161\u0165uje <strong data-start=\"1480\" data-end=\"1516\">pozvoln\u00e9 uvol\u0148ov\u00e1n\u00ed aminokyselin<\/strong> po dobu n\u011bkolika hodin<\/p>\n<\/li>\n<li data-start=\"1542\" data-end=\"1625\">\n<p data-start=\"1544\" data-end=\"1625\">Ide\u00e1ln\u00ed <strong data-start=\"1552\" data-end=\"1573\">ve\u010der p\u0159ed span\u00edm<\/strong>, kdy m\u00e1 t\u011blo dost \u010dasu protein pln\u011b metabolizovat<\/p>\n<\/li>\n<li data-start=\"1626\" data-end=\"1675\">\n<p data-start=\"1628\" data-end=\"1675\"><strong data-start=\"1628\" data-end=\"1650\">Podpora regenerace<\/strong> i po n\u00e1ro\u010dn\u00e9m tr\u00e9ninku<\/p>\n<\/li>\n<li data-start=\"1676\" data-end=\"1752\">\n<p data-start=\"1678\" data-end=\"1752\"><strong data-start=\"1678\" data-end=\"1709\">Stabiln\u00ed r\u016fst svalov\u00e9 hmoty<\/strong> d\u00edky vysok\u00e9mu obsahu kvalitn\u00edch b\u00edlkovin<\/p>\n<\/li>\n<\/ul>\n<hr data-start=\"1754\" data-end=\"1757\" \/>\n<h3 data-start=\"1759\" data-end=\"1776\"><strong data-start=\"1763\" data-end=\"1774\">Slo\u017een\u00ed<\/strong><\/h3>\n<ul data-start=\"1777\" data-end=\"1849\">\n<li data-start=\"1777\" data-end=\"1849\">\n<p data-start=\"1779\" data-end=\"1849\">100 % <strong data-start=\"1785\" data-end=\"1833\">za studena extrahovan\u00e1 syrov\u00e1tkov\u00e1 b\u00edlkovina<\/strong> v BIO kvalit\u011b<\/p>\n<\/li>\n<\/ul>\n<hr data-start=\"1851\" data-end=\"1854\" \/>\n<h3 data-start=\"1856\" data-end=\"1893\"><strong data-start=\"1860\" data-end=\"1891\">Nutri\u010dn\u00ed hodnoty (ve 100 g)<\/strong><\/h3>\n<ul data-start=\"1894\" data-end=\"1990\">\n<li data-start=\"1894\" data-end=\"1917\">\n<p data-start=\"1896\" data-end=\"1917\"><strong data-start=\"1896\" data-end=\"1910\">B\u00edlkoviny:<\/strong> 80 g<\/p>\n<\/li>\n<li data-start=\"1918\" data-end=\"1955\">\n<p data-start=\"1920\" data-end=\"1955\"><strong data-start=\"1920\" data-end=\"1949\">Sacharidy (z toho cukry):<\/strong> 7 g<\/p>\n<\/li>\n<li data-start=\"1956\" data-end=\"1972\">\n<p data-start=\"1958\" data-end=\"1972\"><strong data-start=\"1958\" data-end=\"1966\">Tuk:<\/strong> 7 g<\/p>\n<\/li>\n<li data-start=\"1973\" data-end=\"1990\">\n<p data-start=\"1975\" data-end=\"1990\"><strong data-start=\"1975\" data-end=\"1984\">Voda:<\/strong> 5 g<\/p>\n<\/li>\n<\/ul>\n<hr data-start=\"1992\" data-end=\"1995\" \/>\n<h3 data-start=\"1997\" data-end=\"2013\"><strong data-start=\"2001\" data-end=\"2011\">V\u00fdhody<\/strong><\/h3>\n<ul data-start=\"2014\" data-end=\"2254\">\n<li data-start=\"2014\" data-end=\"2063\">\n<p data-start=\"2016\" data-end=\"2063\">100 % <strong data-start=\"2022\" data-end=\"2039\">\u010dist\u00e9 slo\u017een\u00ed<\/strong> bez chemick\u00fdch aditiv<\/p>\n<\/li>\n<li data-start=\"2064\" data-end=\"2113\">\n<p data-start=\"2066\" data-end=\"2113\"><strong data-start=\"2066\" data-end=\"2081\">BIO kvalita<\/strong> s maxim\u00e1ln\u00edm zachov\u00e1n\u00edm \u017eivin<\/p>\n<\/li>\n<li data-start=\"2114\" data-end=\"2192\">\n<p data-start=\"2116\" data-end=\"2192\"><strong data-start=\"2116\" data-end=\"2148\">Lisov\u00e1n\u00ed za studena do 40 \u00b0C<\/strong> \u2013 \u0161etrn\u00e1 v\u00fdroba pro vysokou stravitelnost<\/p>\n<\/li>\n<li data-start=\"2193\" data-end=\"2254\">\n<p data-start=\"2195\" data-end=\"2254\"><strong data-start=\"2195\" data-end=\"2219\">Pozvoln\u00e9 vst\u0159eb\u00e1v\u00e1n\u00ed<\/strong> \u2013 ide\u00e1ln\u00ed i pro no\u010dn\u00ed regeneraci<\/p>\n<\/li>\n<\/ul>\n<h3 data-start=\"2256\" data-end=\"2274\"><strong data-start=\"2260\" data-end=\"2272\">Nev\u00fdhody<\/strong><\/h3>\n<ul data-start=\"2275\" data-end=\"2473\">\n<li data-start=\"2275\" data-end=\"2381\">\n<p data-start=\"2277\" data-end=\"2381\">Pro n\u011bkoho m\u016f\u017ee b\u00fdt <strong data-start=\"2297\" data-end=\"2330\">del\u0161\u00ed vst\u0159eb\u00e1v\u00e1n\u00ed m\u00e9n\u011b vhodn\u00e9<\/strong> po tr\u00e9ninku, kdy je pot\u0159eba rychl\u00fd n\u00e1stup \u00fa\u010dinku<\/p>\n<\/li>\n<li data-start=\"2382\" data-end=\"2473\">\n<p data-start=\"2384\" data-end=\"2473\"><strong data-start=\"2384\" data-end=\"2398\">Vy\u0161\u0161\u00ed cena<\/strong> oproti b\u011b\u017en\u00fdm neBIO protein\u016fm \u2013 odpov\u00edd\u00e1 v\u0161ak kvalit\u011b a \u010distot\u011b produktu<\/p>\n<\/li>\n<\/ul>\n<hr data-start=\"2475\" data-end=\"2478\" \/>\n<h3 data-start=\"2480\" data-end=\"2527\"><strong data-start=\"2484\" data-end=\"2525\">Jak Bio Protein Extreme Strong u\u017e\u00edvat<\/strong><\/h3>\n<ul data-start=\"2528\" data-end=\"2762\">\n<li data-start=\"2528\" data-end=\"2589\">\n<p data-start=\"2530\" data-end=\"2589\"><strong data-start=\"2530\" data-end=\"2551\">Ve\u010der p\u0159ed span\u00edm<\/strong> nebo p\u0159i del\u0161\u00edch pauz\u00e1ch mezi j\u00eddly<\/p>\n<\/li>\n<li data-start=\"2590\" data-end=\"2670\">\n<p data-start=\"2592\" data-end=\"2670\"><strong data-start=\"2592\" data-end=\"2617\">Rozm\u00edchej 30 g pr\u00e1\u0161ku<\/strong> ve vod\u011b nebo rostlinn\u00e9m ml\u00e9ce a d\u016fkladn\u011b prom\u00edchej<\/p>\n<\/li>\n<li data-start=\"2671\" data-end=\"2762\">\n<p data-start=\"2673\" data-end=\"2762\">Lze kombinovat s rychle vst\u0159ebateln\u00fdm proteinem (nap\u0159. po tr\u00e9ninku) pro maxim\u00e1ln\u00ed efekt<\/p>\n<\/li>\n<\/ul>\n<hr data-start=\"2764\" data-end=\"2767\" \/>\n<h3 data-start=\"2769\" data-end=\"2802\"><strong data-start=\"2773\" data-end=\"2800\">Skladov\u00e1n\u00ed a bezpe\u010dnost<\/strong><\/h3>\n<ul data-start=\"2803\" data-end=\"3038\">\n<li data-start=\"2803\" data-end=\"2847\">\n<p data-start=\"2805\" data-end=\"2847\">Nep\u0159ekra\u010dujte doporu\u010den\u00e9 denn\u00ed d\u00e1vkov\u00e1n\u00ed<\/p>\n<\/li>\n<li data-start=\"2848\" data-end=\"2879\">\n<p data-start=\"2850\" data-end=\"2879\">Nen\u00ed n\u00e1hradou pestr\u00e9 stravy<\/p>\n<\/li>\n<li data-start=\"2880\" data-end=\"2927\">\n<p data-start=\"2882\" data-end=\"2927\">Nen\u00ed ur\u010deno pro d\u011bti, t\u011bhotn\u00e9 a koj\u00edc\u00ed \u017eeny<\/p>\n<\/li>\n<li data-start=\"2928\" data-end=\"2998\">\n<p data-start=\"2930\" data-end=\"2998\">Uchov\u00e1vejte v suchu a chladu, mimo dosah slune\u010dn\u00edho z\u00e1\u0159en\u00ed a mrazu<\/p>\n<\/li>\n<li data-start=\"2999\" data-end=\"3038\">\n<p data-start=\"3001\" data-end=\"3038\">Po otev\u0159en\u00ed spot\u0159ebujte do 3 m\u011bs\u00edc\u016f<\/p>\n<\/li>\n<\/ul>\n<hr data-start=\"3040\" data-end=\"3043\" \/>\n<h2 data-start=\"3045\" data-end=\"3073\"><strong data-start=\"3048\" data-end=\"3071\">Z\u00e1v\u011bre\u010dn\u00e9 hodnocen\u00ed<\/strong><\/h2>\n<p data-start=\"3074\" data-end=\"3400\"><strong data-start=\"3074\" data-end=\"3109\">Bio Protein Extreme Strong 1 kg<\/strong> je <strong data-start=\"3113\" data-end=\"3196\">pr\u00e9miov\u00fd protein pro maxim\u00e1ln\u00ed v\u00fdkon, r\u016fst svalov\u00e9 hmoty a \u0161pi\u010dkovou regeneraci<\/strong>. Nab\u00edz\u00ed \u010dist\u00e9 slo\u017een\u00ed bez chemie, \u0161etrnou v\u00fdrobu a pozvoln\u00e9 vst\u0159eb\u00e1v\u00e1n\u00ed, d\u00edky kter\u00e9mu je ide\u00e1ln\u00ed zejm\u00e9na na ve\u010der. Pokud hled\u00e1\u0161 <strong data-start=\"3325\" data-end=\"3371\">to nejlep\u0161\u00ed pro svoje svaly bez kompromis\u016f<\/strong>, tohle je p\u0159esn\u011b pro tebe.<\/p>\n<hr data-start=\"3402\" data-end=\"3405\" \/>\n","protected":false},"excerpt":{"rendered":"<p><strong>Bio Protein Extreme Strong 1 kg je pr\u00e9miov\u00fd protein pro maxim\u00e1ln\u00ed v\u00fdkon, r\u016fst svalov\u00e9 hmoty a \u0161pi\u010dkovou regeneraci. Nab\u00edz\u00ed \u010dist\u00e9 slo\u017een\u00ed bez chemie, \u0161etrnou v\u00fdrobu a pozvoln\u00e9 vst\u0159eb\u00e1v\u00e1n\u00ed, d\u00edky kter\u00e9mu je ide\u00e1ln\u00ed zejm\u00e9na na ve\u010der. Pokud hled\u00e1\u0161 to nejlep\u0161\u00ed pro svoje svaly bez kompromis\u016f, tohle je p\u0159esn\u011b pro tebe.<\/strong><\/p>\n","protected":false},"featured_media":169669,"comment_status":"open","ping_status":"closed","template":"","meta":[],"pwb-brand":[2059],"product_brand":[],"product_cat":[2060],"product_tag":[],"class_list":{"0":"post-169668","1":"product","2":"type-product","3":"status-publish","4":"has-post-thumbnail","6":"pwb-brand-fights-star","7":"product_cat-bio-protein","9":"first","10":"instock","11":"taxable","12":"shipping-taxable","13":"purchasable","14":"product-type-simple"},"brands":[{"id":2059,"name":"Fights Star","slug":"fights-star"}],"_links":{"self":[{"href":"https:\/\/www.moskito.cz\/it\/wp-json\/wp\/v2\/product\/169668","targetHints":{"allow":["GET"]}}],"collection":[{"href":"https:\/\/www.moskito.cz\/it\/wp-json\/wp\/v2\/product"}],"about":[{"href":"https:\/\/www.moskito.cz\/it\/wp-json\/wp\/v2\/types\/product"}],"replies":[{"embeddable":true,"href":"https:\/\/www.moskito.cz\/it\/wp-json\/wp\/v2\/comments?post=169668"}],"wp:featuredmedia":[{"embeddable":true,"href":"https:\/\/www.moskito.cz\/it\/wp-json\/wp\/v2\/media\/169669"}],"wp:attachment":[{"href":"https:\/\/www.moskito.cz\/it\/wp-json\/wp\/v2\/media?parent=169668"}],"wp:term":[{"taxonomy":"pwb-brand","embeddable":true,"href":"https:\/\/www.moskito.cz\/it\/wp-json\/wp\/v2\/pwb-brand?post=169668"},{"taxonomy":"product_brand","embeddable":true,"href":"https:\/\/www.moskito.cz\/it\/wp-json\/wp\/v2\/product_brand?post=169668"},{"taxonomy":"product_cat","embeddable":true,"href":"https:\/\/www.moskito.cz\/it\/wp-json\/wp\/v2\/product_cat?post=169668"},{"taxonomy":"product_tag","embeddable":true,"href":"https:\/\/www.moskito.cz\/it\/wp-json\/wp\/v2\/product_tag?post=169668"}],"curies":[{"name":"wp","href":"https:\/\/api.w.org\/{rel}","templated":true}]}}