{"id":169714,"date":"2020-09-22T10:50:17","date_gmt":"2020-09-22T09:50:17","guid":{"rendered":"https:\/\/www.moskito.cz\/?post_type=product&#038;p=169714"},"modified":"2025-07-11T07:52:22","modified_gmt":"2025-07-11T06:52:22","slug":"boker-arbolito-manikura-set-classic","status":"publish","type":"product","link":"https:\/\/www.moskito.cz\/it\/produkt\/boker-arbolito-manikura-set-classic\/","title":{"rendered":"B\u00f6ker Arbolito Manik\u016fra Set Classic"},"content":{"rendered":"<p>B\u00f6ker Arbolito Manik\u016fra Set Classic.<br \/>\nTento 5 d\u00edln\u00fd set obsahuje n\u016f\u017eky na nehty, kle\u0161ti\u010dky na nehty, rovnou pinzetu, piln\u00edk na nehty a kombinovan\u00fd n\u00e1stroj kter\u00fd se d\u00e1 pou\u017e\u00edt jako zatla\u010dova\u010d k\u016f\u017ee a nehtov\u00fd n\u016f\u017e. Sada se dod\u00e1v\u00e1 v ko\u017een\u00e9m pouzd\u0159e.<\/p>\n<p>Hmotnost 113 g.<\/p>\n","protected":false},"excerpt":{"rendered":"<p>P\u011btid\u00edln\u00fd set.<\/p>\n","protected":false},"featured_media":174234,"comment_status":"open","ping_status":"closed","template":"","meta":[],"pwb-brand":[140],"product_brand":[],"product_cat":[33],"product_tag":[],"class_list":{"0":"post-169714","1":"product","2":"type-product","3":"status-publish","4":"has-post-thumbnail","6":"pwb-brand-boker","7":"product_cat-manikury","9":"first","10":"outofstock","11":"taxable","12":"shipping-taxable","13":"purchasable","14":"product-type-simple"},"brands":[{"id":140,"name":"Boker","slug":"boker"}],"_links":{"self":[{"href":"https:\/\/www.moskito.cz\/it\/wp-json\/wp\/v2\/product\/169714","targetHints":{"allow":["GET"]}}],"collection":[{"href":"https:\/\/www.moskito.cz\/it\/wp-json\/wp\/v2\/product"}],"about":[{"href":"https:\/\/www.moskito.cz\/it\/wp-json\/wp\/v2\/types\/product"}],"replies":[{"embeddable":true,"href":"https:\/\/www.moskito.cz\/it\/wp-json\/wp\/v2\/comments?post=169714"}],"wp:featuredmedia":[{"embeddable":true,"href":"https:\/\/www.moskito.cz\/it\/wp-json\/wp\/v2\/media\/174234"}],"wp:attachment":[{"href":"https:\/\/www.moskito.cz\/it\/wp-json\/wp\/v2\/media?parent=169714"}],"wp:term":[{"taxonomy":"pwb-brand","embeddable":true,"href":"https:\/\/www.moskito.cz\/it\/wp-json\/wp\/v2\/pwb-brand?post=169714"},{"taxonomy":"product_brand","embeddable":true,"href":"https:\/\/www.moskito.cz\/it\/wp-json\/wp\/v2\/product_brand?post=169714"},{"taxonomy":"product_cat","embeddable":true,"href":"https:\/\/www.moskito.cz\/it\/wp-json\/wp\/v2\/product_cat?post=169714"},{"taxonomy":"product_tag","embeddable":true,"href":"https:\/\/www.moskito.cz\/it\/wp-json\/wp\/v2\/product_tag?post=169714"}],"curies":[{"name":"wp","href":"https:\/\/api.w.org\/{rel}","templated":true}]}}