{"id":169765,"date":"2020-09-24T09:12:49","date_gmt":"2020-09-24T08:12:49","guid":{"rendered":"https:\/\/www.moskito.cz\/?post_type=product&#038;p=169765"},"modified":"2025-07-11T07:52:25","modified_gmt":"2025-07-11T06:52:25","slug":"maceta-outdoor-edge-saberback-bowie","status":"publish","type":"product","link":"https:\/\/www.moskito.cz\/it\/produkt\/maceta-outdoor-edge-saberback-bowie\/","title":{"rendered":"Ma\u010deta Outdoor Edge SABERBACK BOWIE"},"content":{"rendered":"<p>Ma\u010deta Outdoor Edge SABERBACK BOWIE.<br \/>\nRukoje\u0165 je pota\u017een\u00e1 gumou pro maxim\u00e1ln\u00ed bezpe\u010dnost p\u0159ilnavosti a pohodl\u00ed p\u0159i zat\u00ed\u017een\u00ed. \u010cepel 65Mn z uhl\u00edkov\u00e9 oceli je mimo\u0159\u00e1dn\u011b odoln\u00e1 a pevn\u00e1. Sou\u010d\u00e1st\u00ed je praktick\u00e9 nylonov\u00e9 pouzdro. Celkov\u00e1 d\u00e9lka je 44.2 cm. D\u00e9lka \u010depele je 26 cm. Hmotnost ma\u010dety je 390 g.<\/p>\n","protected":false},"excerpt":{"rendered":"<p>Ma\u010deta s pouzdrem.<\/p>\n","protected":false},"featured_media":169766,"comment_status":"open","ping_status":"closed","template":"","meta":[],"pwb-brand":[481],"product_brand":[],"product_cat":[2061],"product_tag":[],"class_list":{"0":"post-169765","1":"product","2":"type-product","3":"status-publish","4":"has-post-thumbnail","6":"pwb-brand-outdoor-edge","7":"product_cat-macety","9":"first","10":"outofstock","11":"taxable","12":"shipping-taxable","13":"purchasable","14":"product-type-simple"},"brands":[{"id":481,"name":"Outdoor Edge","slug":"outdoor-edge"}],"_links":{"self":[{"href":"https:\/\/www.moskito.cz\/it\/wp-json\/wp\/v2\/product\/169765","targetHints":{"allow":["GET"]}}],"collection":[{"href":"https:\/\/www.moskito.cz\/it\/wp-json\/wp\/v2\/product"}],"about":[{"href":"https:\/\/www.moskito.cz\/it\/wp-json\/wp\/v2\/types\/product"}],"replies":[{"embeddable":true,"href":"https:\/\/www.moskito.cz\/it\/wp-json\/wp\/v2\/comments?post=169765"}],"wp:featuredmedia":[{"embeddable":true,"href":"https:\/\/www.moskito.cz\/it\/wp-json\/wp\/v2\/media\/169766"}],"wp:attachment":[{"href":"https:\/\/www.moskito.cz\/it\/wp-json\/wp\/v2\/media?parent=169765"}],"wp:term":[{"taxonomy":"pwb-brand","embeddable":true,"href":"https:\/\/www.moskito.cz\/it\/wp-json\/wp\/v2\/pwb-brand?post=169765"},{"taxonomy":"product_brand","embeddable":true,"href":"https:\/\/www.moskito.cz\/it\/wp-json\/wp\/v2\/product_brand?post=169765"},{"taxonomy":"product_cat","embeddable":true,"href":"https:\/\/www.moskito.cz\/it\/wp-json\/wp\/v2\/product_cat?post=169765"},{"taxonomy":"product_tag","embeddable":true,"href":"https:\/\/www.moskito.cz\/it\/wp-json\/wp\/v2\/product_tag?post=169765"}],"curies":[{"name":"wp","href":"https:\/\/api.w.org\/{rel}","templated":true}]}}