{"id":169816,"date":"2020-09-26T19:51:28","date_gmt":"2020-09-26T18:51:28","guid":{"rendered":"https:\/\/www.moskito.cz\/?post_type=product&#038;p=169816"},"modified":"2025-07-11T07:52:27","modified_gmt":"2025-07-11T06:52:27","slug":"lansky-super-c-clamp","status":"publish","type":"product","link":"https:\/\/www.moskito.cz\/it\/produkt\/lansky-super-c-clamp\/","title":{"rendered":"LANSKY Super C Clamp"},"content":{"rendered":"<p>LANSKY Super C Clamp.<br \/>\nstojan pro v\u0161echny sady Lansky.<br \/>\nmateri\u00e1l: superdural.<br \/>\numo\u017e\u0148uje horizont\u00e1ln\u00ed i vertik\u00e1ln\u00ed upnut\u00ed.<\/p>\n","protected":false},"excerpt":{"rendered":"<p>Sv\u011brka se stoj\u00e1nkem k brusn\u00fdm sad\u00e1m <strong>Lansky<\/strong>.<\/p>\n","protected":false},"featured_media":176054,"comment_status":"open","ping_status":"closed","template":"","meta":[],"pwb-brand":[409],"product_brand":[],"product_cat":[26],"product_tag":[],"class_list":{"0":"post-169816","1":"product","2":"type-product","3":"status-publish","4":"has-post-thumbnail","6":"pwb-brand-lansky","7":"product_cat-brousky-a-ocilky","9":"first","10":"outofstock","11":"taxable","12":"shipping-taxable","13":"purchasable","14":"product-type-simple"},"brands":[{"id":409,"name":"Lansky","slug":"lansky"}],"_links":{"self":[{"href":"https:\/\/www.moskito.cz\/it\/wp-json\/wp\/v2\/product\/169816","targetHints":{"allow":["GET"]}}],"collection":[{"href":"https:\/\/www.moskito.cz\/it\/wp-json\/wp\/v2\/product"}],"about":[{"href":"https:\/\/www.moskito.cz\/it\/wp-json\/wp\/v2\/types\/product"}],"replies":[{"embeddable":true,"href":"https:\/\/www.moskito.cz\/it\/wp-json\/wp\/v2\/comments?post=169816"}],"wp:featuredmedia":[{"embeddable":true,"href":"https:\/\/www.moskito.cz\/it\/wp-json\/wp\/v2\/media\/176054"}],"wp:attachment":[{"href":"https:\/\/www.moskito.cz\/it\/wp-json\/wp\/v2\/media?parent=169816"}],"wp:term":[{"taxonomy":"pwb-brand","embeddable":true,"href":"https:\/\/www.moskito.cz\/it\/wp-json\/wp\/v2\/pwb-brand?post=169816"},{"taxonomy":"product_brand","embeddable":true,"href":"https:\/\/www.moskito.cz\/it\/wp-json\/wp\/v2\/product_brand?post=169816"},{"taxonomy":"product_cat","embeddable":true,"href":"https:\/\/www.moskito.cz\/it\/wp-json\/wp\/v2\/product_cat?post=169816"},{"taxonomy":"product_tag","embeddable":true,"href":"https:\/\/www.moskito.cz\/it\/wp-json\/wp\/v2\/product_tag?post=169816"}],"curies":[{"name":"wp","href":"https:\/\/api.w.org\/{rel}","templated":true}]}}