{"id":169831,"date":"2020-09-26T21:06:46","date_gmt":"2020-09-26T20:06:46","guid":{"rendered":"https:\/\/www.moskito.cz\/?post_type=product&#038;p=169831"},"modified":"2025-07-11T07:52:28","modified_gmt":"2025-07-11T06:52:28","slug":"pevny-nuz-walter-karambit","status":"publish","type":"product","link":"https:\/\/www.moskito.cz\/it\/produkt\/pevny-nuz-walter-karambit\/","title":{"rendered":"Pevn\u00fd N\u016f\u017e Walter Karambit"},"content":{"rendered":"<p>Pevn\u00fd N\u016f\u017e Walter Karambit.<br \/>\nKarambit lze ve zkratce ozna\u010dit jako pozoruhodn\u00fd multifunk\u010dn\u00ed n\u016f\u017e navr\u017een za \u00fa\u010delem zaji\u0161t\u011bn\u00ed bezpe\u010dnosti, p\u0159esnosti a efektivity. N\u016f\u017e m\u00e1 zak\u0159ivenou nebo zahnutou \u010depel, ergonomickou rukoje\u0165 a obvykle disponuje alespo\u0148 jedn\u00edm bezpe\u010dnostn\u00edm krou\u017ekem. P\u0159edch\u016fdce modern\u00edho karambitu se poprv\u00e9 objevil v Indon\u00e9sii b\u011bhem 11. stolet\u00ed jako n\u00e1stroj pou\u017e\u00edvan\u00fd v zem\u011bd\u011blstv\u00ed resp. jako ostr\u00e1 funk\u010dn\u00ed \u010depel na univerz\u00e1ln\u00ed pou\u017eit\u00ed.<br \/>\nmateri\u00e1l \u010depele: CPM-154<br \/>\nd\u00e9lka \u010depele: 60 mm<br \/>\ntvrdost \u010depele: 58-59 HRC<br \/>\ntlou\u0161\u0165ka \u010depele: 3,93 mm<br \/>\ncelkov\u00e1 d\u00e9lka: 192<br \/>\nhmotnost: 70 g<br \/>\npouzdro z termoplastu<br \/>\ncertifik\u00e1t<br \/>\nvyrobeno v USA<\/p>\n","protected":false},"excerpt":{"rendered":"<p>Pevn\u00fd n\u016f\u017e s pouzdrem.<\/p>\n","protected":false},"featured_media":169832,"comment_status":"open","ping_status":"closed","template":"","meta":[],"pwb-brand":[525],"product_brand":[],"product_cat":[2062,17],"product_tag":[],"class_list":{"0":"post-169831","1":"product","2":"type-product","3":"status-publish","4":"has-post-thumbnail","6":"pwb-brand-quartermaster","7":"product_cat-karambity","8":"product_cat-noze","10":"first","11":"instock","12":"taxable","13":"shipping-taxable","14":"purchasable","15":"product-type-simple"},"brands":[{"id":525,"name":"Quartermaster","slug":"quartermaster"}],"_links":{"self":[{"href":"https:\/\/www.moskito.cz\/it\/wp-json\/wp\/v2\/product\/169831","targetHints":{"allow":["GET"]}}],"collection":[{"href":"https:\/\/www.moskito.cz\/it\/wp-json\/wp\/v2\/product"}],"about":[{"href":"https:\/\/www.moskito.cz\/it\/wp-json\/wp\/v2\/types\/product"}],"replies":[{"embeddable":true,"href":"https:\/\/www.moskito.cz\/it\/wp-json\/wp\/v2\/comments?post=169831"}],"wp:featuredmedia":[{"embeddable":true,"href":"https:\/\/www.moskito.cz\/it\/wp-json\/wp\/v2\/media\/169832"}],"wp:attachment":[{"href":"https:\/\/www.moskito.cz\/it\/wp-json\/wp\/v2\/media?parent=169831"}],"wp:term":[{"taxonomy":"pwb-brand","embeddable":true,"href":"https:\/\/www.moskito.cz\/it\/wp-json\/wp\/v2\/pwb-brand?post=169831"},{"taxonomy":"product_brand","embeddable":true,"href":"https:\/\/www.moskito.cz\/it\/wp-json\/wp\/v2\/product_brand?post=169831"},{"taxonomy":"product_cat","embeddable":true,"href":"https:\/\/www.moskito.cz\/it\/wp-json\/wp\/v2\/product_cat?post=169831"},{"taxonomy":"product_tag","embeddable":true,"href":"https:\/\/www.moskito.cz\/it\/wp-json\/wp\/v2\/product_tag?post=169831"}],"curies":[{"name":"wp","href":"https:\/\/api.w.org\/{rel}","templated":true}]}}