{"id":170608,"date":"2020-10-16T14:15:29","date_gmt":"2020-10-16T13:15:29","guid":{"rendered":"https:\/\/www.moskito.cz\/?post_type=product&#038;p=170608"},"modified":"2025-07-11T07:52:52","modified_gmt":"2025-07-11T06:52:52","slug":"zaviraci-nuz-karambit-tac-force-black","status":"publish","type":"product","link":"https:\/\/www.moskito.cz\/it\/produkt\/zaviraci-nuz-karambit-tac-force-black\/","title":{"rendered":"Zav\u00edrac\u00ed n\u016f\u017e Karambit Tac Force Black"},"content":{"rendered":"<p>Zav\u00edrac\u00ed n\u016f\u017e Karambit Tac Force Black.<br \/>\nKarambit lze ve zkratce ozna\u010dit jako pozoruhodn\u00fd multifunk\u010dn\u00ed n\u016f\u017e navr\u017een za \u00fa\u010delem zaji\u0161t\u011bn\u00ed bezpe\u010dnosti, p\u0159esnosti a efektivity. N\u016f\u017e m\u00e1 zak\u0159ivenou nebo zahnutou \u010depel, ergonomickou rukoje\u0165 a obvykle disponuje alespo\u0148 jedn\u00edm bezpe\u010dnostn\u00edm krou\u017ekem. P\u0159edch\u016fdce modern\u00edho karambitu se poprv\u00e9 objevil v Indon\u00e9sii b\u011bhem 11. stolet\u00ed jako n\u00e1stroj pou\u017e\u00edvan\u00fd v zem\u011bd\u011blstv\u00ed resp. jako ostr\u00e1 funk\u010dn\u00ed \u010depel na univerz\u00e1ln\u00ed pou\u017eit\u00ed.<br \/>\nD\u00e9lka no\u017ee v zav\u0159en\u00e9m stavu je 13 cm. \u010cepel je hladk\u00e1, m\u00e1 asistovan\u00e9 otev\u00edr\u00e1n\u00ed a je z ocele 440. Dlouh\u00e1 je 8 cm. N\u016f\u017e m\u00e1 kapesn\u00ed klip.<\/p>\n","protected":false},"excerpt":{"rendered":"<p>D\u00e9lka no\u017ee v zav\u0159en\u00e9m stavu je 13 cm. \u010cepel je hladk\u00e1, m\u00e1 asistovan\u00e9 otev\u00edr\u00e1n\u00ed a je z ocele 440. Dlouh\u00e1 je 8 cm. N\u016f\u017e m\u00e1 kapesn\u00ed klip.<\/p>\n","protected":false},"featured_media":170609,"comment_status":"open","ping_status":"closed","template":"","meta":[],"pwb-brand":[634],"product_brand":[],"product_cat":[2062,17],"product_tag":[],"class_list":{"0":"post-170608","1":"product","2":"type-product","3":"status-publish","4":"has-post-thumbnail","6":"pwb-brand-tac-force","7":"product_cat-karambity","8":"product_cat-noze","10":"first","11":"outofstock","12":"taxable","13":"shipping-taxable","14":"purchasable","15":"product-type-simple"},"brands":[{"id":634,"name":"Tac Force","slug":"tac-force"}],"_links":{"self":[{"href":"https:\/\/www.moskito.cz\/it\/wp-json\/wp\/v2\/product\/170608","targetHints":{"allow":["GET"]}}],"collection":[{"href":"https:\/\/www.moskito.cz\/it\/wp-json\/wp\/v2\/product"}],"about":[{"href":"https:\/\/www.moskito.cz\/it\/wp-json\/wp\/v2\/types\/product"}],"replies":[{"embeddable":true,"href":"https:\/\/www.moskito.cz\/it\/wp-json\/wp\/v2\/comments?post=170608"}],"wp:featuredmedia":[{"embeddable":true,"href":"https:\/\/www.moskito.cz\/it\/wp-json\/wp\/v2\/media\/170609"}],"wp:attachment":[{"href":"https:\/\/www.moskito.cz\/it\/wp-json\/wp\/v2\/media?parent=170608"}],"wp:term":[{"taxonomy":"pwb-brand","embeddable":true,"href":"https:\/\/www.moskito.cz\/it\/wp-json\/wp\/v2\/pwb-brand?post=170608"},{"taxonomy":"product_brand","embeddable":true,"href":"https:\/\/www.moskito.cz\/it\/wp-json\/wp\/v2\/product_brand?post=170608"},{"taxonomy":"product_cat","embeddable":true,"href":"https:\/\/www.moskito.cz\/it\/wp-json\/wp\/v2\/product_cat?post=170608"},{"taxonomy":"product_tag","embeddable":true,"href":"https:\/\/www.moskito.cz\/it\/wp-json\/wp\/v2\/product_tag?post=170608"}],"curies":[{"name":"wp","href":"https:\/\/api.w.org\/{rel}","templated":true}]}}