{"id":195247,"date":"2021-03-22T20:40:13","date_gmt":"2021-03-22T19:40:13","guid":{"rendered":"https:\/\/www.moskito.cz\/?post_type=product&#038;p=195247"},"modified":"2025-07-11T07:53:42","modified_gmt":"2025-07-11T06:53:42","slug":"vystrelovaci-nuz-microtech-dirac-225-3-od","status":"publish","type":"product","link":"https:\/\/www.moskito.cz\/it\/produkt\/vystrelovaci-nuz-microtech-dirac-225-3-od\/","title":{"rendered":"Vyst\u0159elovac\u00ed N\u016f\u017e Microtech DIRAC 225-3 OD"},"content":{"rendered":"<p>Vyst\u0159elovac\u00ed N\u016f\u017e <strong>Microtech DIRAC<\/strong> 225-3 OD.<\/p>\n<p><strong>DIRAC<\/strong>\u00a0 je prvn\u00ed dvoj\u010dinn\u00fd n\u016f\u017e Microtech s posuvnou pojistkou.Navr\u017een\u00e1 rukoje\u0165 s ergonomick\u00fdmi zak\u0159iven\u00fdmi \u010darami podobn\u00fdmi H.A.L.O. pro pon\u011bkud odli\u0161n\u00fd pocit, ve srovn\u00e1n\u00ed s ostatn\u00edmi \u00fachyty. Po prozkoum\u00e1n\u00ed tohoto konkr\u00e9tn\u00edho O.T.F. designu, Microtech aplikoval jejich podpis extr\u00e9mn\u011b vysok\u00e9 kvality, inova\u010dn\u00ed vnit\u0159n\u00ed mechanismus a rozb\u00edje\u010d skla. S Celkovou d\u00e9lkou 18.2 cm je zcela nov\u00fd Dirac vhodn\u00fd pro ka\u017edodenn\u00ed no\u0161en\u00ed.<br \/>\nOcel: M390.<\/p>\n<p>The Dirac is the first\u00a0<strong>Microtech\u00a0<\/strong>double action knife with a cover firing slider. The extremely ergonomic chassis features curved lines similar to the HALO for a slightly different feel, compared to other handles. They researched this particular OTF design and applied their signature ultra-high tolerance Microtech features such as proprietary hardware, innovative internal mechanism, and glass breaker. With an overall length of 7.25 inches, the Dirac is just right for an everyday knife.<\/p>\n","protected":false},"excerpt":{"rendered":"<p>V pr\u016fb\u011bhu let\u00a0<strong>Microtech\u00ae Knives\u00a0<\/strong>naplnil v\u00e1\u0161n\u00ed a dovednost\u00ed v\u00fdrobu no\u017e\u016f, a\u017e z nich vytvo\u0159il t\u00e9m\u011b\u0159 um\u011bleck\u00e1 d\u00edla,kter\u00e9 jsou vrcholem funk\u010dnosti. V\u0161echny d\u00edly jsou vyrodeny v USA.<br \/>\n<strong>Na v\u0161echny no\u017ee Microtech je do\u017eivotn\u00ed z\u00e1ruka.<\/strong><\/p>\n","protected":false},"featured_media":195251,"comment_status":"open","ping_status":"closed","template":"","meta":[],"pwb-brand":[431],"product_brand":[],"product_cat":[2019,17],"product_tag":[3667],"class_list":{"0":"post-195247","1":"product","2":"type-product","3":"status-publish","4":"has-post-thumbnail","6":"pwb-brand-microtech","7":"product_cat-vystrelovaci-noze","8":"product_cat-noze","9":"product_tag-b2b","11":"first","12":"instock","13":"taxable","14":"shipping-taxable","15":"purchasable","16":"product-type-simple"},"brands":[{"id":431,"name":"Microtech","slug":"microtech"}],"_links":{"self":[{"href":"https:\/\/www.moskito.cz\/it\/wp-json\/wp\/v2\/product\/195247","targetHints":{"allow":["GET"]}}],"collection":[{"href":"https:\/\/www.moskito.cz\/it\/wp-json\/wp\/v2\/product"}],"about":[{"href":"https:\/\/www.moskito.cz\/it\/wp-json\/wp\/v2\/types\/product"}],"replies":[{"embeddable":true,"href":"https:\/\/www.moskito.cz\/it\/wp-json\/wp\/v2\/comments?post=195247"}],"wp:featuredmedia":[{"embeddable":true,"href":"https:\/\/www.moskito.cz\/it\/wp-json\/wp\/v2\/media\/195251"}],"wp:attachment":[{"href":"https:\/\/www.moskito.cz\/it\/wp-json\/wp\/v2\/media?parent=195247"}],"wp:term":[{"taxonomy":"pwb-brand","embeddable":true,"href":"https:\/\/www.moskito.cz\/it\/wp-json\/wp\/v2\/pwb-brand?post=195247"},{"taxonomy":"product_brand","embeddable":true,"href":"https:\/\/www.moskito.cz\/it\/wp-json\/wp\/v2\/product_brand?post=195247"},{"taxonomy":"product_cat","embeddable":true,"href":"https:\/\/www.moskito.cz\/it\/wp-json\/wp\/v2\/product_cat?post=195247"},{"taxonomy":"product_tag","embeddable":true,"href":"https:\/\/www.moskito.cz\/it\/wp-json\/wp\/v2\/product_tag?post=195247"}],"curies":[{"name":"wp","href":"https:\/\/api.w.org\/{rel}","templated":true}]}}