{"id":195431,"date":"2021-03-25T22:45:24","date_gmt":"2021-03-25T21:45:24","guid":{"rendered":"https:\/\/www.moskito.cz\/?post_type=product&#038;p=195431"},"modified":"2025-07-11T07:54:10","modified_gmt":"2025-07-11T06:54:10","slug":"pevny-nuz-microtech-socom-alpha-113-10-2","status":"publish","type":"product","link":"https:\/\/www.moskito.cz\/it\/produkt\/pevny-nuz-microtech-socom-alpha-113-10-2\/","title":{"rendered":"Pevn\u00fd N\u016f\u017e Microtech Socom Alpha 113-10"},"content":{"rendered":"<p>Pevn\u00fd N\u016f\u017e <strong>Microtech<\/strong> Socom Alpha 113-10.<\/p>\n<p>Trvalo v\u00edce ne\u017e deset let, ne\u017e spole\u010dnost\u00a0<strong>Microtech\u00a0<\/strong>dodala pevn\u00fd Socom, Socom Alpha, ale na\u0161t\u011bst\u00ed pro n\u00e1s mu byl Alpha Mini v pat\u00e1ch. Tato verze \u0159ady Signature je dod\u00e1v\u00e1na s \u010dernou povrchovou \u00fapravou,ocel\u00ed CTS-204P, rukojet\u00ed z uhl\u00edkov\u00fdch vl\u00e1ken.<\/p>\n<p>\u010cepel: \u010cepel se \u0161pi\u010dat\u00fdm ost\u0159\u00edm je vybrou\u0161en\u00e1 pro rovnov\u00e1hu s\u00edly a \u0159ezn\u00e9ho v\u00fdkonu, vybaven\u00e1 odoln\u00fdm karbonov\u00fdm povrchem typu Diamond. Odol\u00e1v\u00e1 tak l\u00e9pe opot\u0159eben\u00ed a korozi a je diskr\u00e9tn\u011b nereflexn\u00ed. Vysok\u00fd v\u00fdkon, CTS-204P poskytuje \u0161pi\u010dkovou odolnost proti korozi a retenci hran pro optim\u00e1ln\u00ed v\u00fdkon.<\/p>\n<p>Rukoje\u0165: Je z uhl\u00edkov\u00fdch vl\u00e1ken, kter\u00e9 jsou bezpe\u010dn\u011b p\u0159ipevn\u011bny k patentovan\u00e9mu hardwaru pota\u017een\u00e9mu DLC. Otvor na konci hlavice umo\u017e\u0148uje p\u0159ipevn\u011bn\u00ed na krk.<\/p>\n<p>Pouzdro: Nos\u00ed se pomoc\u00ed tvarovan\u00e9ho pouzdra z Kydexu se zaji\u0161\u0165ovac\u00ed sponou na opasek DOTS.<\/p>\n<p>Specifikace<br \/>\nD\u00e9lka \u010depele: 13.62 cm<br \/>\n\u0158ezn\u00e1 hrana: 12.81 cm<br \/>\nD\u00e9lka rukojeti: 12.5 cm<br \/>\nCelkov\u00e1 d\u00e9lka: 26.25 cm<br \/>\nOcel: M390<br \/>\nTlou\u0161\u0165ka \u010depele: 0.42 cm<br \/>\nStyl \u010depele: Clip Point<br \/>\nBrou\u0161en\u00ed \u010depele: Ploch\u00e9<br \/>\nMateri\u00e1l rukojeti: \u010dern\u00e1 G10<br \/>\nTlou\u0161\u0165ka rukojeti: 1.87 cm<br \/>\nMateri\u00e1l pl\u00e1\u0161t\u011b: Carbon Fiber Finish Kydex<br \/>\nHmotnost: 8,0 oz.<br \/>\nHmotnost s pouzdrem: 12,2 oz.<br \/>\nDesign\u00e9r: Tony Marfione<br \/>\nVyrobeno v USA<\/p>\n","protected":false},"excerpt":{"rendered":"<p>V pr\u016fb\u011bhu let\u00a0<strong>Microtech\u00ae\u00a0<\/strong>Knives naplnil v\u00e1\u0161n\u00ed a dovednost\u00ed v\u00fdrobu no\u017e\u016f, a\u017e z nich vytvo\u0159il t\u00e9m\u011b\u0159 um\u011bleck\u00e1 d\u00edla,kter\u00e9 jsou vrcholem funk\u010dnosti.V\u0161echny d\u00edly jsou vyrobeny v USA.<\/p>\n<p><strong>Na v\u0161echny no\u017ee Microtech je do\u017eivotn\u00ed z\u00e1ruka.<\/strong><\/p>\n<p><strong>Doprava zdarma.<\/strong><\/p>\n","protected":false},"featured_media":195432,"comment_status":"open","ping_status":"closed","template":"","meta":[],"pwb-brand":[431],"product_brand":[],"product_cat":[23,17],"product_tag":[3667],"class_list":{"0":"post-195431","1":"product","2":"type-product","3":"status-publish","4":"has-post-thumbnail","6":"pwb-brand-microtech","7":"product_cat-pevne-noze","8":"product_cat-noze","9":"product_tag-b2b","11":"first","12":"outofstock","13":"taxable","14":"shipping-taxable","15":"purchasable","16":"product-type-simple"},"brands":[{"id":431,"name":"Microtech","slug":"microtech"}],"_links":{"self":[{"href":"https:\/\/www.moskito.cz\/it\/wp-json\/wp\/v2\/product\/195431","targetHints":{"allow":["GET"]}}],"collection":[{"href":"https:\/\/www.moskito.cz\/it\/wp-json\/wp\/v2\/product"}],"about":[{"href":"https:\/\/www.moskito.cz\/it\/wp-json\/wp\/v2\/types\/product"}],"replies":[{"embeddable":true,"href":"https:\/\/www.moskito.cz\/it\/wp-json\/wp\/v2\/comments?post=195431"}],"wp:featuredmedia":[{"embeddable":true,"href":"https:\/\/www.moskito.cz\/it\/wp-json\/wp\/v2\/media\/195432"}],"wp:attachment":[{"href":"https:\/\/www.moskito.cz\/it\/wp-json\/wp\/v2\/media?parent=195431"}],"wp:term":[{"taxonomy":"pwb-brand","embeddable":true,"href":"https:\/\/www.moskito.cz\/it\/wp-json\/wp\/v2\/pwb-brand?post=195431"},{"taxonomy":"product_brand","embeddable":true,"href":"https:\/\/www.moskito.cz\/it\/wp-json\/wp\/v2\/product_brand?post=195431"},{"taxonomy":"product_cat","embeddable":true,"href":"https:\/\/www.moskito.cz\/it\/wp-json\/wp\/v2\/product_cat?post=195431"},{"taxonomy":"product_tag","embeddable":true,"href":"https:\/\/www.moskito.cz\/it\/wp-json\/wp\/v2\/product_tag?post=195431"}],"curies":[{"name":"wp","href":"https:\/\/api.w.org\/{rel}","templated":true}]}}