{"id":195434,"date":"2021-03-25T22:59:57","date_gmt":"2021-03-25T21:59:57","guid":{"rendered":"https:\/\/www.moskito.cz\/?post_type=product&#038;p=195434"},"modified":"2025-07-11T07:54:11","modified_gmt":"2025-07-11T06:54:11","slug":"pevny-nuz-microtech-borka-blades-sbd-201-10","status":"publish","type":"product","link":"https:\/\/www.moskito.cz\/it\/produkt\/pevny-nuz-microtech-borka-blades-sbd-201-10\/","title":{"rendered":"Pevn\u00fd N\u016f\u017e Microtech Borka Blades SBD 201-10"},"content":{"rendered":"<p>Pevn\u00fd N\u016f\u017e Microtech Borka Blades SBD 201-10.<\/p>\n<p>Pevn\u00e1 \u010depel SBD je hroziv\u00fd kousek od zak\u00e1zkov\u00e9ho v\u00fdrobce no\u017e\u016f Sebastijana Berenjiho, AKA Borka, vych\u00e1zej\u00edc\u00ed z jeho designu SBK. Jedn\u00e1 se o v\u00fdvoj SBK, kter\u00fd m\u011bl vzh\u016fru nohama tvar persk\u00e9 \u010depele a nahradil jej \u0161irok\u00fdm tvarem d\u00fdky s dvojitou hranou, odtud n\u00e1zev D. Je vybaven \u010dty\u0159mi n\u00e1dhern\u00fdmi \u00fakosy, kter\u00e9 vyvrchol\u00ed dokonal\u00fdm hrotem, p\u011bkn\u00fdm chr\u00e1ni\u010dem prst\u016f a krevn\u00ed dr\u00e1\u017ekou s odleh\u010dovac\u00edmi otvory. Rukoje\u0165 je vyrobena z kr\u00e1sn\u011b fr\u00e9zovan\u00e9 G10 pro p\u0159\u00edjemn\u00e9 ergonomick\u00e9 uchopen\u00ed a vytv\u00e1\u0159\u00ed dokonalou harmonii mezi u\u017eivatelem a n\u00e1strojem. Je tvarov\u00e1n na spr\u00e1vn\u00fdch m\u00edstech, aby v\u00e1m umo\u017enil indexovat n\u016f\u017e n\u011bkolika \u00fachopy. Kompaktn\u00ed SBD vyza\u0159uje taktickou zdatnost se stylem, kter\u00fd je z\u00e1kladem Borka Blades, a je dod\u00e1v\u00e1n v pl\u00e1\u0161ti Kydex s povrchovou \u00fapravou z uhl\u00edkov\u00fdch vl\u00e1ken Kydex s Tek-Lok. Vyrobeno v USA firmou Microtech Knives.<\/p>\n<p>D\u00e9lka \u010depele: 11 cm<br \/>\nCelkov\u00e1 d\u00e9lka: 22.5 cm<br \/>\nMateri\u00e1l \u010depele: \u010cepel pro leto\u0161n\u00ed rok bude M390 &#8211; dokud z\u00e1soby kovu vydr\u017e\u00ed, \u010depele mohou b\u00fdt tak\u00e9 Elmax nebo CTS -240P<br \/>\nStyl \u010depele: Double Edge Dagger<br \/>\nBlade Grind: Ploch\u00fd<br \/>\nPovrchov\u00e1 \u00faprava \u010depele: Stonewash<br \/>\nMateri\u00e1l rukojeti: Fr\u00e9zovan\u00e1 \u010dern\u00e1 G10<br \/>\nMateri\u00e1l pl\u00e1\u0161t\u011b: Kydex z uhl\u00edkov\u00fdch vl\u00e1ken<br \/>\nHmotnost: 6,4 oz.<br \/>\nHmotnost s pochvou: 10,1 oz.<\/p>\n<p>Tlou\u0161tka \u010depele : 0.4875 cm<br \/>\nDesign\u00e9r: Sebastijan Berenji<br \/>\nVyrobeno v USA<\/p>\n<p>The SBD fixed blade is a menacing piece from custom knifemaker Sebastijan Berenji, AKA Borka, based off his SBK design. It&#8217;s an evolution of the SBK, which had an upswept Persian blade shape, replacing it with a wide double edge dagger shape, hence the D in the name. It features four gorgeous bevels that culminate in a perfect tip, a nice finger guard, and a blood groove with lightening holes. The handle is made of beautifully milled G10 for a nice ergonomic grip, creating the perfect harmony between user and instrument. It&#8217;s contoured in just the right places to allow you to index the knife in multiple grips. The compact SBD emanates tactical prowess with the styling that is a staple of Borka Blades and comes in a friction fit carbon fiber finish Kydex sheath with Tek-Lok. Made in the USA by Microtech Knives.<\/p>\n<p>Specifications<br \/>\nBlade Length: 4.375&#8243;<br \/>\nCutting Edge: 4.25&#8243;<br \/>\nHandle Length: 4.50&#8243;<br \/>\nOverall Length: 9.0&#8243;<br \/>\nBlade Material: Blade steel for 2020 will be Elmax &#8211; while metal supplies last, blades can also be M390 or CTS-240P<br \/>\nBlade Thickness: 0.195&#8243;<br \/>\nBlade Style: Double Edge Dagger<br \/>\nBlade Grind: Flat<br \/>\nBlade Finish: Stonewash<br \/>\nHandle Material: Milled Black G10<br \/>\nHandle Thickness: 0.68&#8243;<br \/>\nSheath Material: Carbon Fiber Finish Kydex<br \/>\nWeight: 6.4 oz.<br \/>\nWeight with Sheath: 10.1 oz.<br \/>\nDesigner: Sebastijan Berenji<br \/>\nMade in the USA<\/p>\n","protected":false},"excerpt":{"rendered":"<p>V pr\u016fb\u011bhu let\u00a0<strong>Microtech\u00ae\u00a0<\/strong>Knives naplnil v\u00e1\u0161n\u00ed a dovednost\u00ed v\u00fdrobu no\u017e\u016f, a\u017e z nich vytvo\u0159il t\u00e9m\u011b\u0159 um\u011bleck\u00e1 d\u00edla,kter\u00e9 jsou vrcholem funk\u010dnosti.V\u0161echny d\u00edly jsou vyrodeny v USA.<\/p>\n","protected":false},"featured_media":195435,"comment_status":"open","ping_status":"closed","template":"","meta":[],"pwb-brand":[431],"product_brand":[],"product_cat":[23,17],"product_tag":[3667],"class_list":{"0":"post-195434","1":"product","2":"type-product","3":"status-publish","4":"has-post-thumbnail","6":"pwb-brand-microtech","7":"product_cat-pevne-noze","8":"product_cat-noze","9":"product_tag-b2b","11":"first","12":"outofstock","13":"taxable","14":"shipping-taxable","15":"purchasable","16":"product-type-simple"},"brands":[{"id":431,"name":"Microtech","slug":"microtech"}],"_links":{"self":[{"href":"https:\/\/www.moskito.cz\/it\/wp-json\/wp\/v2\/product\/195434","targetHints":{"allow":["GET"]}}],"collection":[{"href":"https:\/\/www.moskito.cz\/it\/wp-json\/wp\/v2\/product"}],"about":[{"href":"https:\/\/www.moskito.cz\/it\/wp-json\/wp\/v2\/types\/product"}],"replies":[{"embeddable":true,"href":"https:\/\/www.moskito.cz\/it\/wp-json\/wp\/v2\/comments?post=195434"}],"wp:featuredmedia":[{"embeddable":true,"href":"https:\/\/www.moskito.cz\/it\/wp-json\/wp\/v2\/media\/195435"}],"wp:attachment":[{"href":"https:\/\/www.moskito.cz\/it\/wp-json\/wp\/v2\/media?parent=195434"}],"wp:term":[{"taxonomy":"pwb-brand","embeddable":true,"href":"https:\/\/www.moskito.cz\/it\/wp-json\/wp\/v2\/pwb-brand?post=195434"},{"taxonomy":"product_brand","embeddable":true,"href":"https:\/\/www.moskito.cz\/it\/wp-json\/wp\/v2\/product_brand?post=195434"},{"taxonomy":"product_cat","embeddable":true,"href":"https:\/\/www.moskito.cz\/it\/wp-json\/wp\/v2\/product_cat?post=195434"},{"taxonomy":"product_tag","embeddable":true,"href":"https:\/\/www.moskito.cz\/it\/wp-json\/wp\/v2\/product_tag?post=195434"}],"curies":[{"name":"wp","href":"https:\/\/api.w.org\/{rel}","templated":true}]}}