{"id":196689,"date":"2021-04-13T18:17:21","date_gmt":"2021-04-13T17:17:21","guid":{"rendered":"https:\/\/www.moskito.cz\/?post_type=product&#038;p=196689"},"modified":"2025-07-11T07:54:15","modified_gmt":"2025-07-11T06:54:15","slug":"zaviraci-nuz-kanetsune-tanzaku-tou-kb-561","status":"publish","type":"product","link":"https:\/\/www.moskito.cz\/it\/produkt\/zaviraci-nuz-kanetsune-tanzaku-tou-kb-561\/","title":{"rendered":"Zav\u00edrac\u00ed N\u016f\u017e Kanetsune Tanzaku-Tou KB-561"},"content":{"rendered":"<p>Zav\u00edrac\u00ed N\u016f\u017e <strong>Kanetsune<\/strong> Tanzaku-Tou KB-561<\/p>\n<p>No\u017ee\u00a0<strong>Kanetsune<\/strong>, ktor\u00e9 sa nach\u00e1dzaj\u00fa v Seki City, meste v 800 rokov starom hlavnom meste Orientu, s\u00fa \u0161pi\u010dkovej kvality. \u201cSeki-de\u0148\u201d je tajn\u00e1 met\u00f3da v\u00fdroby japonsk\u00fdch me\u010dov, ktor\u00e1 bola odovzdan\u00e1 do na\u0161ej s\u00fa\u010dasnej doby. Kanetsune Seki, jeden z najlep\u0161\u00edch majstrov v Japonsku, zachov\u00e1va starod\u00e1vne trad\u00edcie. V\u0161etky uveden\u00e9 no\u017ee boli vyroben\u00e9 v Japonsku.<\/p>\n<p>Celkov\u00e1 d\u00e9lka: 16,6 cm<br \/>\nD\u00e9lka \u010depele. 7,2 cm<br \/>\nS\u00edla \u010depele: 2,8 mm<br \/>\nOcel: AUS-8<br \/>\nTvrdost: 58 &#8211; 59 HRC<br \/>\nRukoje\u0165: mosaz<br \/>\nPojistka: liner lock<br \/>\nKapesn\u00ed klip<br \/>\nV\u00e1ha: 95 g<\/p>\n","protected":false},"excerpt":{"rendered":"<p>Japonsk\u00fd n\u00f4\u017e\u00a0<strong>Kanetsune<\/strong> \u00a0s kr\u00e1snou mosaznou rukojet\u00ed se sponou..<\/p>\n<p><strong>Doprava zdarma<\/strong>.<\/p>\n","protected":false},"featured_media":196690,"comment_status":"open","ping_status":"closed","template":"","meta":[],"pwb-brand":[364],"product_brand":[],"product_cat":[23,17],"product_tag":[],"class_list":{"0":"post-196689","1":"product","2":"type-product","3":"status-publish","4":"has-post-thumbnail","6":"pwb-brand-kanetsune","7":"product_cat-pevne-noze","8":"product_cat-noze","10":"first","11":"instock","12":"taxable","13":"shipping-taxable","14":"purchasable","15":"product-type-simple"},"brands":[{"id":364,"name":"Kanetsune","slug":"kanetsune"}],"_links":{"self":[{"href":"https:\/\/www.moskito.cz\/it\/wp-json\/wp\/v2\/product\/196689","targetHints":{"allow":["GET"]}}],"collection":[{"href":"https:\/\/www.moskito.cz\/it\/wp-json\/wp\/v2\/product"}],"about":[{"href":"https:\/\/www.moskito.cz\/it\/wp-json\/wp\/v2\/types\/product"}],"replies":[{"embeddable":true,"href":"https:\/\/www.moskito.cz\/it\/wp-json\/wp\/v2\/comments?post=196689"}],"wp:featuredmedia":[{"embeddable":true,"href":"https:\/\/www.moskito.cz\/it\/wp-json\/wp\/v2\/media\/196690"}],"wp:attachment":[{"href":"https:\/\/www.moskito.cz\/it\/wp-json\/wp\/v2\/media?parent=196689"}],"wp:term":[{"taxonomy":"pwb-brand","embeddable":true,"href":"https:\/\/www.moskito.cz\/it\/wp-json\/wp\/v2\/pwb-brand?post=196689"},{"taxonomy":"product_brand","embeddable":true,"href":"https:\/\/www.moskito.cz\/it\/wp-json\/wp\/v2\/product_brand?post=196689"},{"taxonomy":"product_cat","embeddable":true,"href":"https:\/\/www.moskito.cz\/it\/wp-json\/wp\/v2\/product_cat?post=196689"},{"taxonomy":"product_tag","embeddable":true,"href":"https:\/\/www.moskito.cz\/it\/wp-json\/wp\/v2\/product_tag?post=196689"}],"curies":[{"name":"wp","href":"https:\/\/api.w.org\/{rel}","templated":true}]}}