{"id":197935,"date":"2021-05-07T21:14:36","date_gmt":"2021-05-07T20:14:36","guid":{"rendered":"https:\/\/www.moskito.cz\/?post_type=product&#038;p=197935"},"modified":"2025-05-07T10:34:24","modified_gmt":"2025-05-07T09:34:24","slug":"pevny-nuz-extrema-ratio-ermes-satin-ordinanza","status":"publish","type":"product","link":"https:\/\/www.moskito.cz\/it\/produkt\/pevny-nuz-extrema-ratio-ermes-satin-ordinanza\/","title":{"rendered":"Pevn\u00fd N\u016f\u017e Extrema Ratio ERMES SATIN ORDINANZA"},"content":{"rendered":"<p>Pevn\u00fd N\u016f\u017e <strong>Extrema Ratio<\/strong> ERMES SATIN ORDINANZA.<\/p>\n<p>ERMES je pam\u011btn\u00ed n\u016f\u017e navr\u017een\u00fd zvl\u00e1\u0161tn\u00edm opera\u010dn\u00edm vrtuln\u00edkov\u00fdm plukem (R.E.O.S.), kter\u00fd je sou\u010d\u00e1st\u00ed letectv\u00ed italsk\u00e9 arm\u00e1dy.<\/p>\n<p>R.E.O.S. je opera\u010dn\u00ed jednotka vrtuln\u00edk\u016f podporuj\u00edc\u00edch speci\u00e1ln\u00ed s\u00edly slo\u017een\u00e1 ze speci\u00e1ln\u011b vy\u0161kolen\u00e9ho person\u00e1lu, zejm\u00e9na vy\u0161kolen\u00e9ho a vybaven\u00e9ho k podpo\u0159e vojensk\u00fdch \u010dinnost\u00ed v ka\u017ed\u00e9m opera\u010dn\u00edm kontextu.<\/p>\n<p>Stylizovan\u00e9 kryty no\u017e\u016f p\u0159edstavuj\u00ed k\u0159\u00eddla p\u0159\u00edtomn\u00e1 v heraldick\u00e9m symbolu pluku.<\/p>\n<p>Je k dispozici ve dvou r\u016fzn\u00fdch verz\u00edch:<br \/>\n\u201eERMES ORDINANZA\u201c se sat\u00e9novou \u010depel\u00ed a kufrem ABS<br \/>\n\u201eERMES OPERATIVO\u201c s le\u0161t\u011bnou \u010depel\u00ed<\/p>\n<p>Pou\u017eitou ocel\u00ed je spolehliv\u00e1 B\u00f6lher N690Co tepeln\u011b zpracovan\u00e1 na 58 HRC. Pro rukoje\u0165 byl zvolen polyamid vyztu\u017een\u00fd sklen\u011bn\u00fdmi vl\u00e1kny FRN (Fiber Reinforced Nylon).<br \/>\nHybridn\u00ed pl\u00e1\u0161\u0165 z materi\u00e1lu Kydex a textilie m\u00e1 p\u0159ipevn\u011bn\u00ed na opasek se syst\u00e9mem MOLLE.<br \/>\nTECHNICK\u00dd LIST<br \/>\nHmotnost g.:229<br \/>\nHmotnost oz.: 8,07<br \/>\nD\u00e9lka \u010depele (mm): 140<br \/>\nD\u00e9lka \u010depele (palce): 5,51<br \/>\nCelkov\u00e1 d\u00e9lka (mm): 256<br \/>\nCelkov\u00e1 d\u00e9lka (v): 10,08<br \/>\nTlou\u0161\u0165ka \u010depele (mm): 6,3<br \/>\nTlou\u0161\u0165ka \u010depele (v palc\u00edch): 2,48<br \/>\nMateri\u00e1l \u010depele: B\u00f6HLER N690 STEEL (58HRC)<br \/>\nPovrchov\u00e1 \u00faprava \u010depele: SATIN<br \/>\nHlavn\u00ed m\u0159\u00ed\u017eka: FLAT<br \/>\nMateri\u00e1l rukojeti: NYLON \/ FIBER GLASS (FRN)<\/p>\n","protected":false},"excerpt":{"rendered":"<p>Spole\u010dnost\u00a0<strong>Extrema Ratio<\/strong>\u00a0se s\u00eddlem v italsk\u00e9m Pratu navrhuje a vyr\u00e1b\u00ed vysoce v\u00fdkonn\u00e9 bojov\u00e9, vojensk\u00e9, kuchy\u0148sk\u00e9, loveck\u00e9 a taktick\u00e9 no\u017ee od roku 1997 a m\u00e1 pov\u011bst vynikaj\u00edc\u00ed kvality, kter\u00e1 je v oboru vojensk\u00fdch a taktick\u00fdch no\u017e\u016f nep\u0159ekonateln\u00e1.\u00a0<strong>Doprava zdarma.<\/strong><\/p>\n","protected":false},"featured_media":197939,"comment_status":"open","ping_status":"closed","template":"","meta":[],"pwb-brand":[267],"product_brand":[],"product_cat":[23,17],"product_tag":[3667],"class_list":{"0":"post-197935","1":"product","2":"type-product","3":"status-publish","4":"has-post-thumbnail","6":"pwb-brand-extrema-ratio","7":"product_cat-pevne-noze","8":"product_cat-noze","9":"product_tag-b2b","11":"first","12":"instock","13":"taxable","14":"shipping-taxable","15":"purchasable","16":"product-type-simple"},"brands":[{"id":267,"name":"Extrema Ratio","slug":"extrema-ratio"}],"_links":{"self":[{"href":"https:\/\/www.moskito.cz\/it\/wp-json\/wp\/v2\/product\/197935","targetHints":{"allow":["GET"]}}],"collection":[{"href":"https:\/\/www.moskito.cz\/it\/wp-json\/wp\/v2\/product"}],"about":[{"href":"https:\/\/www.moskito.cz\/it\/wp-json\/wp\/v2\/types\/product"}],"replies":[{"embeddable":true,"href":"https:\/\/www.moskito.cz\/it\/wp-json\/wp\/v2\/comments?post=197935"}],"wp:featuredmedia":[{"embeddable":true,"href":"https:\/\/www.moskito.cz\/it\/wp-json\/wp\/v2\/media\/197939"}],"wp:attachment":[{"href":"https:\/\/www.moskito.cz\/it\/wp-json\/wp\/v2\/media?parent=197935"}],"wp:term":[{"taxonomy":"pwb-brand","embeddable":true,"href":"https:\/\/www.moskito.cz\/it\/wp-json\/wp\/v2\/pwb-brand?post=197935"},{"taxonomy":"product_brand","embeddable":true,"href":"https:\/\/www.moskito.cz\/it\/wp-json\/wp\/v2\/product_brand?post=197935"},{"taxonomy":"product_cat","embeddable":true,"href":"https:\/\/www.moskito.cz\/it\/wp-json\/wp\/v2\/product_cat?post=197935"},{"taxonomy":"product_tag","embeddable":true,"href":"https:\/\/www.moskito.cz\/it\/wp-json\/wp\/v2\/product_tag?post=197935"}],"curies":[{"name":"wp","href":"https:\/\/api.w.org\/{rel}","templated":true}]}}