{"id":198126,"date":"2021-05-10T22:04:49","date_gmt":"2021-05-10T21:04:49","guid":{"rendered":"https:\/\/www.moskito.cz\/?post_type=product&#038;p=198126"},"modified":"2025-05-07T10:34:27","modified_gmt":"2025-05-07T09:34:27","slug":"vrhaci-noze-mosquito-throwing-knife-set","status":"publish","type":"product","link":"https:\/\/www.moskito.cz\/it\/produkt\/vrhaci-noze-mosquito-throwing-knife-set\/","title":{"rendered":"Vrhac\u00ed No\u017ee  Mosquito Throwing Knife Set"},"content":{"rendered":"<p>Vrhac\u00ed No\u017ee <strong>Mosquito<\/strong> Throwing Knife Set.<\/p>\n<p>Celkov\u00e1 d\u00e9lka no\u017e\u016f je 24,77 cm. Povrchov\u00e1 \u00faprava s dvojit\u00fdm ost\u0159\u00edm z nerezov\u00e9 \u010depele X46Cr13. Jednod\u00edln\u00e1 konstrukce. Sada t\u0159\u00ed no\u017e\u016f.<\/p>\n","protected":false},"excerpt":{"rendered":"<p>Tr\u00e9ninkov\u00e9 no\u017ee s pouzdrem.<\/p>\n","protected":false},"featured_media":198127,"comment_status":"open","ping_status":"closed","template":"","meta":[],"pwb-brand":[699],"product_brand":[],"product_cat":[29,17],"product_tag":[],"class_list":{"0":"post-198126","1":"product","2":"type-product","3":"status-publish","4":"has-post-thumbnail","6":"pwb-brand-wildsteer","7":"product_cat-vrhaci-noze","8":"product_cat-noze","10":"first","11":"instock","12":"taxable","13":"shipping-taxable","14":"purchasable","15":"product-type-simple"},"brands":[{"id":699,"name":"WildSteer","slug":"wildsteer"}],"_links":{"self":[{"href":"https:\/\/www.moskito.cz\/it\/wp-json\/wp\/v2\/product\/198126","targetHints":{"allow":["GET"]}}],"collection":[{"href":"https:\/\/www.moskito.cz\/it\/wp-json\/wp\/v2\/product"}],"about":[{"href":"https:\/\/www.moskito.cz\/it\/wp-json\/wp\/v2\/types\/product"}],"replies":[{"embeddable":true,"href":"https:\/\/www.moskito.cz\/it\/wp-json\/wp\/v2\/comments?post=198126"}],"wp:featuredmedia":[{"embeddable":true,"href":"https:\/\/www.moskito.cz\/it\/wp-json\/wp\/v2\/media\/198127"}],"wp:attachment":[{"href":"https:\/\/www.moskito.cz\/it\/wp-json\/wp\/v2\/media?parent=198126"}],"wp:term":[{"taxonomy":"pwb-brand","embeddable":true,"href":"https:\/\/www.moskito.cz\/it\/wp-json\/wp\/v2\/pwb-brand?post=198126"},{"taxonomy":"product_brand","embeddable":true,"href":"https:\/\/www.moskito.cz\/it\/wp-json\/wp\/v2\/product_brand?post=198126"},{"taxonomy":"product_cat","embeddable":true,"href":"https:\/\/www.moskito.cz\/it\/wp-json\/wp\/v2\/product_cat?post=198126"},{"taxonomy":"product_tag","embeddable":true,"href":"https:\/\/www.moskito.cz\/it\/wp-json\/wp\/v2\/product_tag?post=198126"}],"curies":[{"name":"wp","href":"https:\/\/api.w.org\/{rel}","templated":true}]}}