{"id":198380,"date":"2021-05-13T20:49:33","date_gmt":"2021-05-13T19:49:33","guid":{"rendered":"https:\/\/www.moskito.cz\/?post_type=product&#038;p=198380"},"modified":"2025-05-07T10:34:29","modified_gmt":"2025-05-07T09:34:29","slug":"zaviraci-nuz-spyderco-pattadese-linerlock","status":"publish","type":"product","link":"https:\/\/www.moskito.cz\/it\/produkt\/zaviraci-nuz-spyderco-pattadese-linerlock\/","title":{"rendered":"Zav\u00edrac\u00ed N\u016f\u017e Spyderco Pattadese Linerlock"},"content":{"rendered":"<p>Zav\u00edrac\u00ed N\u016f\u017e <strong>Spyderco<\/strong> Pattadese Linerlock.<\/p>\n<p>Spyderca Pattada byla modern\u00ed interpretac\u00ed tradi\u010dn\u00ed rezolze,\u00a0 zav\u00edrac\u00edho no\u017ee m\u011bsta Pattada na Sardinii. Pattadese (vyslovuje se pah-tah-day-say) m\u00e1 tento ohromuj\u00edc\u00ed design a zmen\u0161uje jej o v\u00edce ne\u017e 15 procent, aby byl je\u0161t\u011b \u0161ikovn\u011bj\u0161\u00ed. Hrd\u00fd \u010dlen etnick\u00e9 \u0159ady Spyderco, ikonick\u00fd tvar \u010depele Pattadese je v\u011brn\u011b vyj\u00e1d\u0159en v nerezov\u00e9 oceli M390. Pln\u011b ploch\u00e1 brou\u0161en\u00e1 \u010depel s hladk\u00fdm ost\u0159\u00edm je ulo\u017eena v elegantn\u011b zak\u0159iven\u00e9 rukojeti s pln\u00fdmi nerezov\u00fdmi vlo\u017ekami a kr\u00e1sn\u011b tvarovanou rukojet\u00ed G10. Robustn\u00ed mechanismus z\u00e1mku vlo\u017eky zaji\u0161\u0165uje, \u017ee se \u010depel p\u0159i pou\u017eit\u00ed bezpe\u010dn\u011b otev\u0159e.<\/p>\n<p>Specifikace<br \/>\nD\u00e9lka \u010depele: 80 mm<br \/>\n\u0158ezn\u00e1 hrana: 2,95 &#8220;(75 mm)<br \/>\nUzav\u0159en\u00e1 d\u00e9lka: 4,06 &#8220;(103 mm)<br \/>\nCelkov\u00e1 d\u00e9lka: 7,22 &#8220;(183 mm)<br \/>\nMateri\u00e1l \u010depele: nerezov\u00e1 ocel Bohler M390<br \/>\nTlou\u0161\u0165ka \u010depele: 0,098 &#8220;(2,5 mm)<br \/>\nBlade Grind: Full Flat<br \/>\nPovrch \u010depele: Sat\u00e9n<br \/>\nMateri\u00e1l rukojeti: Tvarovan\u00e1 \u010dern\u00e1 G10<br \/>\nMateri\u00e1l vlo\u017eky: nerezov\u00e1 ocel<br \/>\nUzamykac\u00ed mechanismus: Liner Lock<br \/>\nKapesn\u00ed spona: dr\u00e1t z nerezov\u00e9 oceli (v\u00fdklopn\u00fd, prav\u00fd \/ lev\u00fd)<br \/>\nHmotnost: 2,7 oz. (77 g)<br \/>\nVyrobeno v It\u00e1lii<\/p>\n","protected":false},"excerpt":{"rendered":"<p>Zav\u00edrac\u00ed n\u016f\u017e\u00a0<strong>Spyderco<\/strong>\u00a0s klipem a pojistkou.<\/p>\n<p><strong>Doprava zdarma.<\/strong><\/p>\n","protected":false},"featured_media":198382,"comment_status":"open","ping_status":"closed","template":"","meta":[],"pwb-brand":[567],"product_brand":[],"product_cat":[22,17],"product_tag":[3667],"class_list":{"0":"post-198380","1":"product","2":"type-product","3":"status-publish","4":"has-post-thumbnail","6":"pwb-brand-spyderco","7":"product_cat-zaviraci-noze","8":"product_cat-noze","9":"product_tag-b2b","11":"first","12":"instock","13":"taxable","14":"shipping-taxable","15":"purchasable","16":"product-type-simple"},"brands":[{"id":567,"name":"Spyderco","slug":"spyderco"}],"_links":{"self":[{"href":"https:\/\/www.moskito.cz\/it\/wp-json\/wp\/v2\/product\/198380","targetHints":{"allow":["GET"]}}],"collection":[{"href":"https:\/\/www.moskito.cz\/it\/wp-json\/wp\/v2\/product"}],"about":[{"href":"https:\/\/www.moskito.cz\/it\/wp-json\/wp\/v2\/types\/product"}],"replies":[{"embeddable":true,"href":"https:\/\/www.moskito.cz\/it\/wp-json\/wp\/v2\/comments?post=198380"}],"wp:featuredmedia":[{"embeddable":true,"href":"https:\/\/www.moskito.cz\/it\/wp-json\/wp\/v2\/media\/198382"}],"wp:attachment":[{"href":"https:\/\/www.moskito.cz\/it\/wp-json\/wp\/v2\/media?parent=198380"}],"wp:term":[{"taxonomy":"pwb-brand","embeddable":true,"href":"https:\/\/www.moskito.cz\/it\/wp-json\/wp\/v2\/pwb-brand?post=198380"},{"taxonomy":"product_brand","embeddable":true,"href":"https:\/\/www.moskito.cz\/it\/wp-json\/wp\/v2\/product_brand?post=198380"},{"taxonomy":"product_cat","embeddable":true,"href":"https:\/\/www.moskito.cz\/it\/wp-json\/wp\/v2\/product_cat?post=198380"},{"taxonomy":"product_tag","embeddable":true,"href":"https:\/\/www.moskito.cz\/it\/wp-json\/wp\/v2\/product_tag?post=198380"}],"curies":[{"name":"wp","href":"https:\/\/api.w.org\/{rel}","templated":true}]}}