{"id":198812,"date":"2021-05-19T20:40:06","date_gmt":"2021-05-19T19:40:06","guid":{"rendered":"https:\/\/www.moskito.cz\/?post_type=product&#038;p=198812"},"modified":"2025-05-07T10:34:32","modified_gmt":"2025-05-07T09:34:32","slug":"zaviraci-nuz-magnum-volunteer-fd","status":"publish","type":"product","link":"https:\/\/www.moskito.cz\/it\/produkt\/zaviraci-nuz-magnum-volunteer-fd\/","title":{"rendered":"Zav\u00edrac\u00ed N\u016f\u017e Magnum Volunteer FD"},"content":{"rendered":"<p>Zav\u00edrac\u00ed N\u016f\u017e <strong>Magnum<\/strong> Volunteer FD.<\/p>\n<p>Men\u0161\u00ed verze velmi \u00fasp\u011b\u0161n\u00e9ho modelu Fire Chief ergonomicky sed\u00ed i men\u0161\u00edm ruk\u00e1m. Technick\u00e9 \u00fadaje se jinak nezm\u011bnily, tak\u017ee do v\u00fdbavy pat\u0159\u00ed \u010depel z nerezov\u00e9 oceli 440-A, hrot pro rozbit\u00ed skla a \u0159ezac\u00ed h\u00e1k bezpe\u010dnostn\u00edch p\u00e1s\u016f. \u010cepel se uzamyk\u00e1 pojistkou Linerlock proti necht\u011bn\u00e9mu zav\u0159en\u00ed no\u017ee p\u0159i pr\u00e1ci a klip zaji\u0161\u0165uje pohodln\u00e9 no\u0161en\u00ed a p\u0159\u00edstupnost no\u017ee.<br \/>\nCelkov\u00e1 d\u00e9lka: 20.5 cm<br \/>\nD\u00e9lka \u010depele: 8.6 cm<br \/>\nTlou\u0161\u0165ka \u010depele: 2.8 mm<br \/>\nHmotnost: 136 g<br \/>\nMateri\u00e1l \u010depele: 440A<br \/>\nTyp pojistky: Linerlock<\/p>\n","protected":false},"excerpt":{"rendered":"<p>Zav\u00edrac\u00ed n\u016f\u017e s pojistkou.<\/p>\n","protected":false},"featured_media":198813,"comment_status":"open","ping_status":"closed","template":"","meta":[],"pwb-brand":[140],"product_brand":[],"product_cat":[22,17],"product_tag":[],"class_list":{"0":"post-198812","1":"product","2":"type-product","3":"status-publish","4":"has-post-thumbnail","6":"pwb-brand-boker","7":"product_cat-zaviraci-noze","8":"product_cat-noze","10":"first","11":"outofstock","12":"taxable","13":"shipping-taxable","14":"purchasable","15":"product-type-simple"},"brands":[{"id":140,"name":"Boker","slug":"boker"}],"_links":{"self":[{"href":"https:\/\/www.moskito.cz\/it\/wp-json\/wp\/v2\/product\/198812","targetHints":{"allow":["GET"]}}],"collection":[{"href":"https:\/\/www.moskito.cz\/it\/wp-json\/wp\/v2\/product"}],"about":[{"href":"https:\/\/www.moskito.cz\/it\/wp-json\/wp\/v2\/types\/product"}],"replies":[{"embeddable":true,"href":"https:\/\/www.moskito.cz\/it\/wp-json\/wp\/v2\/comments?post=198812"}],"wp:featuredmedia":[{"embeddable":true,"href":"https:\/\/www.moskito.cz\/it\/wp-json\/wp\/v2\/media\/198813"}],"wp:attachment":[{"href":"https:\/\/www.moskito.cz\/it\/wp-json\/wp\/v2\/media?parent=198812"}],"wp:term":[{"taxonomy":"pwb-brand","embeddable":true,"href":"https:\/\/www.moskito.cz\/it\/wp-json\/wp\/v2\/pwb-brand?post=198812"},{"taxonomy":"product_brand","embeddable":true,"href":"https:\/\/www.moskito.cz\/it\/wp-json\/wp\/v2\/product_brand?post=198812"},{"taxonomy":"product_cat","embeddable":true,"href":"https:\/\/www.moskito.cz\/it\/wp-json\/wp\/v2\/product_cat?post=198812"},{"taxonomy":"product_tag","embeddable":true,"href":"https:\/\/www.moskito.cz\/it\/wp-json\/wp\/v2\/product_tag?post=198812"}],"curies":[{"name":"wp","href":"https:\/\/api.w.org\/{rel}","templated":true}]}}