{"id":198842,"date":"2021-05-19T21:49:54","date_gmt":"2021-05-19T20:49:54","guid":{"rendered":"https:\/\/www.moskito.cz\/?post_type=product&#038;p=198842"},"modified":"2025-08-04T08:00:28","modified_gmt":"2025-08-04T07:00:28","slug":"zaviraci-nuz-magnum-fire-brigade-42","status":"publish","type":"product","link":"https:\/\/www.moskito.cz\/it\/produkt\/zaviraci-nuz-magnum-fire-brigade-42\/","title":{"rendered":"Zav\u00edrac\u00ed N\u016f\u017e Magnum Fire Brigade 42"},"content":{"rendered":"<p>Zav\u00edrac\u00ed N\u016f\u017e <strong>Magnum<\/strong> Fire Brigade 42.<\/p>\n<p>Obl\u00edben\u00fd z\u00e1chran\u00e1\u0159sk\u00fd n\u016f\u017e je na z\u00e1klad\u011b mnohon\u00e1sobn\u00fdch \u017e\u00e1dosti nyn\u00ed dostupn\u00fd ve verzi s obouru\u010dn\u00edm otev\u00edr\u00e1n\u00edm bez palcov\u00e9ho tla\u010d\u00edtka a s dr\u00e1\u017ekou pro nehet. \u010cepel z nerezov\u00e9 oceli 440A, pojistka Linerlock proti necht\u011bn\u00e9mu zav\u0159en\u00ed no\u017ee p\u0159i pr\u00e1ci, hrot na rozbit\u00ed skla a \u0159ezac\u00ed h\u00e1k na bezpe\u010dnostn\u00ed p\u00e1sy jsou samoz\u0159ejm\u011b ned\u00edlnou sou\u010d\u00e1st\u00ed. S klipem na uchycen\u00ed.<\/p>\n<p>Celkov\u00e1 d\u00e9lka: 20.7 cm<br \/>\nD\u00e9lka \u010depele: 8.6 cm<br \/>\nTlou\u0161\u0165ka \u010depele: 2.7 mm<br \/>\nHmotnost: 133 g<br \/>\nMateri\u00e1l \u010depele: 440A<br \/>\nMateri\u00e1l rukojeti: G-10<br \/>\nTyp pojistky: Linerlock<\/p>\n","protected":false},"excerpt":{"rendered":"<p><strong>Obl\u00edben\u00fd z\u00e1chran\u00e1\u0159sk\u00fd n\u016f\u017e je na z\u00e1klad\u011b mnohon\u00e1sobn\u00fdch \u017e\u00e1dosti.<\/strong><\/p>\n","protected":false},"featured_media":198843,"comment_status":"open","ping_status":"closed","template":"","meta":[],"pwb-brand":[140],"product_brand":[],"product_cat":[22,17],"product_tag":[3667],"class_list":{"0":"post-198842","1":"product","2":"type-product","3":"status-publish","4":"has-post-thumbnail","6":"pwb-brand-boker","7":"product_cat-zaviraci-noze","8":"product_cat-noze","9":"product_tag-b2b","11":"first","12":"instock","13":"taxable","14":"shipping-taxable","15":"purchasable","16":"product-type-simple"},"brands":[{"id":140,"name":"Boker","slug":"boker"}],"_links":{"self":[{"href":"https:\/\/www.moskito.cz\/it\/wp-json\/wp\/v2\/product\/198842","targetHints":{"allow":["GET"]}}],"collection":[{"href":"https:\/\/www.moskito.cz\/it\/wp-json\/wp\/v2\/product"}],"about":[{"href":"https:\/\/www.moskito.cz\/it\/wp-json\/wp\/v2\/types\/product"}],"replies":[{"embeddable":true,"href":"https:\/\/www.moskito.cz\/it\/wp-json\/wp\/v2\/comments?post=198842"}],"wp:featuredmedia":[{"embeddable":true,"href":"https:\/\/www.moskito.cz\/it\/wp-json\/wp\/v2\/media\/198843"}],"wp:attachment":[{"href":"https:\/\/www.moskito.cz\/it\/wp-json\/wp\/v2\/media?parent=198842"}],"wp:term":[{"taxonomy":"pwb-brand","embeddable":true,"href":"https:\/\/www.moskito.cz\/it\/wp-json\/wp\/v2\/pwb-brand?post=198842"},{"taxonomy":"product_brand","embeddable":true,"href":"https:\/\/www.moskito.cz\/it\/wp-json\/wp\/v2\/product_brand?post=198842"},{"taxonomy":"product_cat","embeddable":true,"href":"https:\/\/www.moskito.cz\/it\/wp-json\/wp\/v2\/product_cat?post=198842"},{"taxonomy":"product_tag","embeddable":true,"href":"https:\/\/www.moskito.cz\/it\/wp-json\/wp\/v2\/product_tag?post=198842"}],"curies":[{"name":"wp","href":"https:\/\/api.w.org\/{rel}","templated":true}]}}