{"id":198870,"date":"2021-05-19T23:00:36","date_gmt":"2021-05-19T22:00:36","guid":{"rendered":"https:\/\/www.moskito.cz\/?post_type=product&#038;p=198870"},"modified":"2025-05-07T10:34:35","modified_gmt":"2025-05-07T09:34:35","slug":"zaviraci-nuz-magnum-high-risk-emergency-knife","status":"publish","type":"product","link":"https:\/\/www.moskito.cz\/it\/produkt\/zaviraci-nuz-magnum-high-risk-emergency-knife\/","title":{"rendered":"Zav\u00edrac\u00ed N\u016f\u017e Magnum High Risk Emergency Knife"},"content":{"rendered":"<p><strong>Magnum<\/strong> High Risk Emergency Knife.<\/p>\n<p>Taktick\u00e1 varianta z\u00e1chran\u00e1\u0159sk\u00e9ho no\u017ee. Matn\u00e1 \u010depel Tanto z nerezov\u00e9 oceli 440 je vybavena nereflexn\u00ed povrchovou \u00fapravou Camo. Rukoje\u0165 z nerezov\u00e9 oceli se st\u0159enkami z materi\u00e1lu G-10 m\u00e1 vybr\u00e1n\u00ed, kter\u00e9 lze pou\u017e\u00edt jako \u0159eza\u010dku bezpe\u010dnostn\u00edch p\u00e1s\u016f. K dal\u0161\u00ed v\u00fdbav\u011b pat\u0159\u00ed hrot na rozbit\u00ed skla a klip pro uchycen\u00ed.<br \/>\nCelkov\u00e1 d\u00e9lka: 21 cm<br \/>\nD\u00e9lka \u010depele: 8.5 cm<br \/>\nTlou\u0161\u0165ka \u010depele: 0 mm<br \/>\nHmotnost: 192 g<br \/>\nMateri\u00e1l \u010depele: 440A<br \/>\nMateri\u00e1l rukojeti: G-10<br \/>\nTyp pojistky: Linerlock<\/p>\n","protected":false},"excerpt":{"rendered":"<p>Zav\u00edrac\u00ed n\u016f\u017e s pojistkou.<\/p>\n","protected":false},"featured_media":198871,"comment_status":"open","ping_status":"closed","template":"","meta":[],"pwb-brand":[140],"product_brand":[],"product_cat":[22,17],"product_tag":[],"class_list":{"0":"post-198870","1":"product","2":"type-product","3":"status-publish","4":"has-post-thumbnail","6":"pwb-brand-boker","7":"product_cat-zaviraci-noze","8":"product_cat-noze","10":"first","11":"instock","12":"taxable","13":"shipping-taxable","14":"purchasable","15":"product-type-simple"},"brands":[{"id":140,"name":"Boker","slug":"boker"}],"_links":{"self":[{"href":"https:\/\/www.moskito.cz\/it\/wp-json\/wp\/v2\/product\/198870","targetHints":{"allow":["GET"]}}],"collection":[{"href":"https:\/\/www.moskito.cz\/it\/wp-json\/wp\/v2\/product"}],"about":[{"href":"https:\/\/www.moskito.cz\/it\/wp-json\/wp\/v2\/types\/product"}],"replies":[{"embeddable":true,"href":"https:\/\/www.moskito.cz\/it\/wp-json\/wp\/v2\/comments?post=198870"}],"wp:featuredmedia":[{"embeddable":true,"href":"https:\/\/www.moskito.cz\/it\/wp-json\/wp\/v2\/media\/198871"}],"wp:attachment":[{"href":"https:\/\/www.moskito.cz\/it\/wp-json\/wp\/v2\/media?parent=198870"}],"wp:term":[{"taxonomy":"pwb-brand","embeddable":true,"href":"https:\/\/www.moskito.cz\/it\/wp-json\/wp\/v2\/pwb-brand?post=198870"},{"taxonomy":"product_brand","embeddable":true,"href":"https:\/\/www.moskito.cz\/it\/wp-json\/wp\/v2\/product_brand?post=198870"},{"taxonomy":"product_cat","embeddable":true,"href":"https:\/\/www.moskito.cz\/it\/wp-json\/wp\/v2\/product_cat?post=198870"},{"taxonomy":"product_tag","embeddable":true,"href":"https:\/\/www.moskito.cz\/it\/wp-json\/wp\/v2\/product_tag?post=198870"}],"curies":[{"name":"wp","href":"https:\/\/api.w.org\/{rel}","templated":true}]}}