{"id":198961,"date":"2021-05-23T08:50:52","date_gmt":"2021-05-23T07:50:52","guid":{"rendered":"https:\/\/www.moskito.cz\/?post_type=product&#038;p=198961"},"modified":"2025-05-07T10:34:36","modified_gmt":"2025-05-07T09:34:36","slug":"samurajsky-mec-magnum-classic-samurai","status":"publish","type":"product","link":"https:\/\/www.moskito.cz\/it\/produkt\/samurajsky-mec-magnum-classic-samurai\/","title":{"rendered":"Samurajsk\u00fd Me\u010d Magnum Classic Samurai 05ZS9439"},"content":{"rendered":"<p>Samurajsk\u00fd Me\u010d <strong>Magnum<\/strong> Classic Samurai 05ZS9439.<\/p>\n<p>Tradi\u010dn\u00ed samurajsk\u00fd me\u010d s \u010depel\u00ed z le\u0161t\u011bn\u00e9 nerez oceli. Z\u00e1\u0161tita me\u010de je zhotovena z \u010dern\u00e9 litiny s dv\u011bma velk\u00fdmi otvory. Rukoje\u0165 p\u0159edstavuje klasick\u00fd \u00fachyt z rejno\u010d\u00ed k\u016f\u017ee, \u010dern\u00fdm zdoben\u00edm a mosazn\u00fdm prou\u017ekem. D\u0159ev\u011bn\u00e1 pochva je pota\u017eena \u010dern\u00fdm matn\u00fdm lakem, kter\u00fd j\u00ed dod\u00e1v\u00e1 starobyl\u00fd vzhled.<\/p>\n<p>D\u00e9lka \u010depele 690 mm<\/p>\n<p>D\u00e9lka no\u017ee 1050 mm<\/p>\n<p>Materi\u00e1l \u010depele nerez ocel<\/p>\n<p>Hmotnost 1050 g<br \/>\n\u0160\u00ed\u0159ka \u010depele 3 mm<\/p>\n","protected":false},"excerpt":{"rendered":"<p><strong>Tradi\u010dn\u00ed samurajsk\u00fd me\u010d.<\/strong><\/p>\n","protected":false},"featured_media":198962,"comment_status":"open","ping_status":"closed","template":"","meta":[],"pwb-brand":[140],"product_brand":[],"product_cat":[24,1942],"product_tag":[],"class_list":{"0":"post-198961","1":"product","2":"type-product","3":"status-publish","4":"has-post-thumbnail","6":"pwb-brand-boker","7":"product_cat-katany-a-mece","8":"product_cat-mece-dyky-repliky","10":"first","11":"instock","12":"taxable","13":"shipping-taxable","14":"purchasable","15":"product-type-simple"},"brands":[{"id":140,"name":"Boker","slug":"boker"}],"_links":{"self":[{"href":"https:\/\/www.moskito.cz\/it\/wp-json\/wp\/v2\/product\/198961","targetHints":{"allow":["GET"]}}],"collection":[{"href":"https:\/\/www.moskito.cz\/it\/wp-json\/wp\/v2\/product"}],"about":[{"href":"https:\/\/www.moskito.cz\/it\/wp-json\/wp\/v2\/types\/product"}],"replies":[{"embeddable":true,"href":"https:\/\/www.moskito.cz\/it\/wp-json\/wp\/v2\/comments?post=198961"}],"wp:featuredmedia":[{"embeddable":true,"href":"https:\/\/www.moskito.cz\/it\/wp-json\/wp\/v2\/media\/198962"}],"wp:attachment":[{"href":"https:\/\/www.moskito.cz\/it\/wp-json\/wp\/v2\/media?parent=198961"}],"wp:term":[{"taxonomy":"pwb-brand","embeddable":true,"href":"https:\/\/www.moskito.cz\/it\/wp-json\/wp\/v2\/pwb-brand?post=198961"},{"taxonomy":"product_brand","embeddable":true,"href":"https:\/\/www.moskito.cz\/it\/wp-json\/wp\/v2\/product_brand?post=198961"},{"taxonomy":"product_cat","embeddable":true,"href":"https:\/\/www.moskito.cz\/it\/wp-json\/wp\/v2\/product_cat?post=198961"},{"taxonomy":"product_tag","embeddable":true,"href":"https:\/\/www.moskito.cz\/it\/wp-json\/wp\/v2\/product_tag?post=198961"}],"curies":[{"name":"wp","href":"https:\/\/api.w.org\/{rel}","templated":true}]}}