{"id":198965,"date":"2021-05-23T09:12:10","date_gmt":"2021-05-23T08:12:10","guid":{"rendered":"https:\/\/www.moskito.cz\/?post_type=product&#038;p=198965"},"modified":"2025-05-07T10:34:36","modified_gmt":"2025-05-07T09:34:36","slug":"samurajsky-mec-boker-magnum-last-black-samurai","status":"publish","type":"product","link":"https:\/\/www.moskito.cz\/it\/produkt\/samurajsky-mec-boker-magnum-last-black-samurai\/","title":{"rendered":"Samurajsk\u00fd Me\u010d B\u00f6ker Magnum Last Black Samurai"},"content":{"rendered":"<p>Samurajsk\u00fd Me\u010d <strong>B\u00f6ker Magnum<\/strong> Last Black Samurai.<\/p>\n<p>Pozoruhodn\u00fd a bohat\u011b zdoben\u00fd sb\u011bratelsk\u00fd me\u010d, kter\u00fd se m\u016f\u017ee st\u00e1t vrcholem cel\u00e9 sb\u00edrky. Dokonce i v \u010dern\u011b lakovan\u00e9 d\u0159ev\u011bn\u00e9 pochv\u011b vypad\u00e1 me\u010d Black Samurai p\u016fsobiv\u011b. Pochva m\u00e1 ru\u010dn\u011b vy\u0159ez\u00e1van\u00e9 znaky (kanji) \u201eVelkorysost, soucit a up\u0159\u00edmnost\u201c. P\u0159i vytahov\u00e1n\u00ed me\u010de s ozdobn\u00fdm ost\u0159\u00edm a rukojet\u00ed z uhl\u00edkov\u00e9 oceli m\u016f\u017eete objevit dal\u0161\u00ed znaky (kanji), kter\u00e9 jsou hluboce vyra\u017eeny do \u010depele. Tyto znaky znamenaj\u00ed: \u201eOd d\u00e1vn\u00fdch dob je B\u016fh s t\u011bmi, kte\u0159\u00ed slou\u017e\u00ed ct\u00ed a d\u016fstojnosti\u201c. Antracitov\u00e1 z\u00e1\u0161tita (Tsuba) a tradi\u010dn\u011b opleten\u00e1 rukoje\u0165 harmonicky dopl\u0148uje celkov\u00fd d\u016fstojn\u00fd obraz. Zahrnuje d\u0159ev\u011bn\u00fd stojan me\u010de. Dekorativn\u00ed nebo sb\u011bratelsk\u00fd me\u010d, nevhodn\u00fd pro pou\u017eit\u00ed!<\/p>\n<p>Celkov\u00e1 d\u00e9lka: 98 cm<br \/>\nD\u00e9lka \u010depele: 58 cm<br \/>\nTlou\u0161\u0165ka \u010depele: 3.9 mm<br \/>\nHmotnost: 1800 g<br \/>\nMateri\u00e1l \u010depele: Uhl\u00edkov\u00e1 Ocel<\/p>\n","protected":false},"excerpt":{"rendered":"<p><strong>Bohat\u011b zdoben\u00fd sb\u011bratelsk\u00fd me\u010d.<\/strong><\/p>\n","protected":false},"featured_media":198966,"comment_status":"open","ping_status":"closed","template":"","meta":[],"pwb-brand":[140],"product_brand":[],"product_cat":[24,1942],"product_tag":[],"class_list":{"0":"post-198965","1":"product","2":"type-product","3":"status-publish","4":"has-post-thumbnail","6":"pwb-brand-boker","7":"product_cat-katany-a-mece","8":"product_cat-mece-dyky-repliky","10":"first","11":"instock","12":"taxable","13":"shipping-taxable","14":"purchasable","15":"product-type-simple"},"brands":[{"id":140,"name":"Boker","slug":"boker"}],"_links":{"self":[{"href":"https:\/\/www.moskito.cz\/it\/wp-json\/wp\/v2\/product\/198965","targetHints":{"allow":["GET"]}}],"collection":[{"href":"https:\/\/www.moskito.cz\/it\/wp-json\/wp\/v2\/product"}],"about":[{"href":"https:\/\/www.moskito.cz\/it\/wp-json\/wp\/v2\/types\/product"}],"replies":[{"embeddable":true,"href":"https:\/\/www.moskito.cz\/it\/wp-json\/wp\/v2\/comments?post=198965"}],"wp:featuredmedia":[{"embeddable":true,"href":"https:\/\/www.moskito.cz\/it\/wp-json\/wp\/v2\/media\/198966"}],"wp:attachment":[{"href":"https:\/\/www.moskito.cz\/it\/wp-json\/wp\/v2\/media?parent=198965"}],"wp:term":[{"taxonomy":"pwb-brand","embeddable":true,"href":"https:\/\/www.moskito.cz\/it\/wp-json\/wp\/v2\/pwb-brand?post=198965"},{"taxonomy":"product_brand","embeddable":true,"href":"https:\/\/www.moskito.cz\/it\/wp-json\/wp\/v2\/product_brand?post=198965"},{"taxonomy":"product_cat","embeddable":true,"href":"https:\/\/www.moskito.cz\/it\/wp-json\/wp\/v2\/product_cat?post=198965"},{"taxonomy":"product_tag","embeddable":true,"href":"https:\/\/www.moskito.cz\/it\/wp-json\/wp\/v2\/product_tag?post=198965"}],"curies":[{"name":"wp","href":"https:\/\/api.w.org\/{rel}","templated":true}]}}