{"id":199222,"date":"2021-05-27T15:05:29","date_gmt":"2021-05-27T14:05:29","guid":{"rendered":"https:\/\/www.moskito.cz\/?post_type=product&#038;p=199222"},"modified":"2026-01-28T14:34:04","modified_gmt":"2026-01-28T13:34:04","slug":"cvicny-motylek-joker-2","status":"publish","type":"product","link":"https:\/\/www.moskito.cz\/it\/produkt\/cvicny-motylek-joker-2\/","title":{"rendered":"Cvi\u010dn\u00fd Mot\u00fdlek Joker"},"content":{"rendered":"<p>Cvi\u010dn\u00fd <strong>Mot\u00fdlek<\/strong> Joker.<\/p>\n<p>No\u017ee Joker poch\u00e1zej\u00ed ze \u0160pan\u011blsk\u00e9ho m\u011bsta Albacete, kter\u00e9 je zn\u00e1m\u00e9 v\u00fdrobou no\u017e\u016f.<br \/>\nKlasick\u00fd zav\u00edrac\u00ed n\u016f\u017e typu mot\u00fdlek. Ve\u0161ker\u00e9 komponenty no\u017ee jsou vyrobeny z vysoce odoln\u00e9 nerezov\u00e9 oceli. Dvoud\u00edln\u00e1 rukoje\u0165 z oceli se zaji\u0161\u0165uje v zav\u0159en\u00e9 poloze pomoc\u00ed pojistky. D\u00edky tomu lze s no\u017eem bezpe\u010dn\u011b prov\u00e1d\u011bt nejr\u016fzn\u011bj\u0161\u00ed triky. D\u00e9lka \u010depele je 10 cm. Celkov\u00e1 d\u00e9lka je 22.5 cm.<br \/>\nJedn\u00e1 se o cvi\u010dn\u00fd tup\u00fd n\u016f\u017e na n\u00e1cvik s no\u017eem.<\/p>\n","protected":false},"excerpt":{"rendered":"<p>No\u017ee <strong>Joker<\/strong> poch\u00e1zej\u00ed ze \u0160pan\u011blsk\u00e9ho m\u011bsta Albacete, kter\u00e9 je zn\u00e1m\u00e9 v\u00fdrobou no\u017e\u016f.<br \/>\nKlasick\u00fd zav\u00edrac\u00ed n\u016f\u017e typu mot\u00fdlek. Ve\u0161ker\u00e9 komponenty no\u017ee jsou vyrobeny z vysoce odoln\u00e9 nerezov\u00e9 oceli.<\/p>\n","protected":false},"featured_media":199223,"comment_status":"open","ping_status":"closed","template":"","meta":[],"pwb-brand":[359],"product_brand":[],"product_cat":[2030,17],"product_tag":[],"class_list":{"0":"post-199222","1":"product","2":"type-product","3":"status-publish","4":"has-post-thumbnail","6":"pwb-brand-joker","7":"product_cat-motylky","8":"product_cat-noze","10":"first","11":"outofstock","12":"taxable","13":"shipping-taxable","14":"purchasable","15":"product-type-simple"},"brands":[{"id":359,"name":"Joker","slug":"joker"}],"_links":{"self":[{"href":"https:\/\/www.moskito.cz\/it\/wp-json\/wp\/v2\/product\/199222","targetHints":{"allow":["GET"]}}],"collection":[{"href":"https:\/\/www.moskito.cz\/it\/wp-json\/wp\/v2\/product"}],"about":[{"href":"https:\/\/www.moskito.cz\/it\/wp-json\/wp\/v2\/types\/product"}],"replies":[{"embeddable":true,"href":"https:\/\/www.moskito.cz\/it\/wp-json\/wp\/v2\/comments?post=199222"}],"wp:featuredmedia":[{"embeddable":true,"href":"https:\/\/www.moskito.cz\/it\/wp-json\/wp\/v2\/media\/199223"}],"wp:attachment":[{"href":"https:\/\/www.moskito.cz\/it\/wp-json\/wp\/v2\/media?parent=199222"}],"wp:term":[{"taxonomy":"pwb-brand","embeddable":true,"href":"https:\/\/www.moskito.cz\/it\/wp-json\/wp\/v2\/pwb-brand?post=199222"},{"taxonomy":"product_brand","embeddable":true,"href":"https:\/\/www.moskito.cz\/it\/wp-json\/wp\/v2\/product_brand?post=199222"},{"taxonomy":"product_cat","embeddable":true,"href":"https:\/\/www.moskito.cz\/it\/wp-json\/wp\/v2\/product_cat?post=199222"},{"taxonomy":"product_tag","embeddable":true,"href":"https:\/\/www.moskito.cz\/it\/wp-json\/wp\/v2\/product_tag?post=199222"}],"curies":[{"name":"wp","href":"https:\/\/api.w.org\/{rel}","templated":true}]}}