{"id":199416,"date":"2021-05-31T18:54:57","date_gmt":"2021-05-31T17:54:57","guid":{"rendered":"https:\/\/www.moskito.cz\/?post_type=product&#038;p=199416"},"modified":"2025-05-07T10:34:47","modified_gmt":"2025-05-07T09:34:47","slug":"vystrelovaci-nuz-boker-plus-aks-74-d2","status":"publish","type":"product","link":"https:\/\/www.moskito.cz\/it\/produkt\/vystrelovaci-nuz-boker-plus-aks-74-d2\/","title":{"rendered":"Vyst\u0159elovac\u00ed N\u016f\u017e B\u00f6ker Plus AKS-74 D2"},"content":{"rendered":"<p>Vyst\u0159elovac\u00ed N\u016f\u017e <strong>B\u00f6ker<\/strong> Plus AKS-74 D2.<\/p>\n<p>B\u00f6ker Plus AKS-74 ze s\u00e9rie Kalashnikov je rozhodn\u011b jedn\u00edm z nejpopul\u00e1rn\u011bj\u0161\u00edch model\u016f v na\u0161\u00ed nab\u00eddce a v posledn\u00edch letech se vyr\u00e1b\u00ed v mnoha r\u016fzn\u00fdch verz\u00edch. \u010cern\u00e1 hlin\u00edkov\u00e1 rukoje\u0165 siln\u011b p\u0159ipom\u00edn\u00e1 bajonet slavn\u00e9 \u00fato\u010dn\u00e9 pu\u0161ky a vyv\u00fd\u0161en\u00e9 panely s konstrukc\u00ed nab\u00edzej\u00ed bezpe\u010dn\u00e9 dr\u017een\u00ed v ka\u017ed\u00e9 situaci. Otryskan\u00e1 \u010depel je vyrobena z nerezov\u00e9 oceli D2 a lze ji krom\u011b tla\u010d\u00edtka zajistit pomoc\u00ed posuvn\u00e9ho z\u00e1mku. S otvorem na krk a praktickou sponou (sklopen\u00ed \/ r).<\/p>\n<p>Celkov\u00e1 d\u00e9lka: 20 cm<br \/>\nD\u00e9lka \u010depele: 8,5 cm<br \/>\nTlou\u0161\u0165ka \u010depele: 3 mm<br \/>\nHmotnost: 102 g<br \/>\nMateri\u00e1l \u010depele: D2<br \/>\nMateri\u00e1l rukojeti: hlin\u00edk<br \/>\nOtev\u00edrac\u00ed pom\u016fcka: Stiskn\u011bte tla\u010d\u00edtko<br \/>\nOtev\u00edrac\u00ed: Automatick\u00fd<br \/>\nUzav\u0159en\u00ed: Stiskn\u011bte tla\u010d\u00edtko<br \/>\nBarva: \u010cern\u00e1<br \/>\nBarva \u010depele: Bez povrchov\u00e9 \u00fapravy<\/p>\n","protected":false},"excerpt":{"rendered":"<p>Vyst\u0159elovac\u00ed n\u016f\u017e s klipem.<\/p>\n","protected":false},"featured_media":199417,"comment_status":"open","ping_status":"closed","template":"","meta":[],"pwb-brand":[140],"product_brand":[],"product_cat":[2019,17],"product_tag":[],"class_list":{"0":"post-199416","1":"product","2":"type-product","3":"status-publish","4":"has-post-thumbnail","6":"pwb-brand-boker","7":"product_cat-vystrelovaci-noze","8":"product_cat-noze","10":"first","11":"instock","12":"taxable","13":"shipping-taxable","14":"purchasable","15":"product-type-simple"},"brands":[{"id":140,"name":"Boker","slug":"boker"}],"_links":{"self":[{"href":"https:\/\/www.moskito.cz\/it\/wp-json\/wp\/v2\/product\/199416","targetHints":{"allow":["GET"]}}],"collection":[{"href":"https:\/\/www.moskito.cz\/it\/wp-json\/wp\/v2\/product"}],"about":[{"href":"https:\/\/www.moskito.cz\/it\/wp-json\/wp\/v2\/types\/product"}],"replies":[{"embeddable":true,"href":"https:\/\/www.moskito.cz\/it\/wp-json\/wp\/v2\/comments?post=199416"}],"wp:featuredmedia":[{"embeddable":true,"href":"https:\/\/www.moskito.cz\/it\/wp-json\/wp\/v2\/media\/199417"}],"wp:attachment":[{"href":"https:\/\/www.moskito.cz\/it\/wp-json\/wp\/v2\/media?parent=199416"}],"wp:term":[{"taxonomy":"pwb-brand","embeddable":true,"href":"https:\/\/www.moskito.cz\/it\/wp-json\/wp\/v2\/pwb-brand?post=199416"},{"taxonomy":"product_brand","embeddable":true,"href":"https:\/\/www.moskito.cz\/it\/wp-json\/wp\/v2\/product_brand?post=199416"},{"taxonomy":"product_cat","embeddable":true,"href":"https:\/\/www.moskito.cz\/it\/wp-json\/wp\/v2\/product_cat?post=199416"},{"taxonomy":"product_tag","embeddable":true,"href":"https:\/\/www.moskito.cz\/it\/wp-json\/wp\/v2\/product_tag?post=199416"}],"curies":[{"name":"wp","href":"https:\/\/api.w.org\/{rel}","templated":true}]}}