{"id":200390,"date":"2021-07-04T13:04:35","date_gmt":"2021-07-04T12:04:35","guid":{"rendered":"https:\/\/www.moskito.cz\/?post_type=product&#038;p=200390"},"modified":"2025-08-30T22:12:06","modified_gmt":"2025-08-30T21:12:06","slug":"zaviraci-nuz-magnum-boker-triple-s-point","status":"publish","type":"product","link":"https:\/\/www.moskito.cz\/it\/produkt\/zaviraci-nuz-magnum-boker-triple-s-point\/","title":{"rendered":"Zav\u00edrac\u00ed N\u016f\u017e Magnum B\u00f6ker Triple-S Point"},"content":{"rendered":"<p>Zav\u00edrac\u00ed N\u016f\u017e Magnum <strong>B\u00f6ker<\/strong> Triple-S Point.<\/p>\n<p><span class=\"VIiyi\" lang=\"cs\"><span class=\"JLqJ4b ChMk0b\" data-language-for-alternatives=\"cs\" data-language-to-translate-into=\"en\" data-phrase-index=\"0\">P\u0159\u00edm\u00fd a t\u00e9m\u011b\u0159 st\u0159\u00edzliv\u00fd vzhled <strong>Magnum<\/strong> Triple-S Point je \u0161ikovn\u011b rozbit zk\u0159\u00ed\u017een\u00fdmi diagon\u00e1ln\u00edmi dr\u00e1\u017ekami v rukojeti z nerezov\u00e9 oceli.<\/span> <span class=\"JLqJ4b ChMk0b\" data-language-for-alternatives=\"cs\" data-language-to-translate-into=\"en\" data-phrase-index=\"1\">Praktick\u00fd kapesn\u00ed n\u016f\u017e je vybaven sat\u00e9novou \u010depel\u00ed Spearpoint z nerezov\u00e9 oceli 440B, kter\u00e1 je vybavena modern\u00edm syst\u00e9mem ost\u0159en\u00ed a lze ji otev\u0159\u00edt vyklopen\u00edm \u010depele.<\/span> <span class=\"JLqJ4b ChMk0b\" data-language-for-alternatives=\"cs\" data-language-to-translate-into=\"en\" data-phrase-index=\"2\">Stabiln\u00ed linerlock se snadno ovl\u00e1d\u00e1 d\u00edky ergonomick\u00e9mu vybr\u00e1n\u00ed v rukojeti kamenn\u00e9ho myt\u00ed a spolehliv\u011b zaji\u0161\u0165uje \u010depel.<\/span> <span class=\"JLqJ4b ChMk0b\" data-language-for-alternatives=\"cs\" data-language-to-translate-into=\"en\" data-phrase-index=\"3\">S otvorem na krk a praktickou sponou (sklopen\u00ed \/ r).<\/span><\/span><\/p>\n<div class=\"UdTY9 Yb6eTe\" aria-hidden=\"true\" data-location=\"2\">\n<div class=\"kO6q6e\">Celkov\u00e1 d\u00e9lka: 18,00 cm D\u00e9lka \u010depele: 7,70 cm Tlou\u0161\u0165ka \u010depele: 2,80 mm Hmotnost: 149,00 g Materi\u00e1l \u010depele: 440B Materi\u00e1l rukojeti: Nerezov\u00e1 ocel Otv\u00edr\u00e1k: Ploutev Otev\u00edrac\u00ed: Manu\u00e1l Typ z\u00e1mku: Linerlock Vyrobeno v: Asie Barva: st\u0159\u00edbrn\u00fd Barva \u010depele: Bez povrchov\u00e9 \u00fapravy<\/div>\n<\/div>\n<div class=\"BdDRKe\">\n<div class=\"aJIq1d DSmisd\" data-language-code=\"cs\" data-language-name=\"\u010de\u0161tina\" data-text=\"Celkov\u00e1 d\u00e9lka: 18,00 cm D\u00e9lka \u010depele: 7,70 cm Tlou\u0161\u0165ka \u010depele: 2,80 mm Hmotnost: 149,00 g Materi\u00e1l \u010depele: 440B Materi\u00e1l rukojeti: Nerezov\u00e1 ocel Otv\u00edr\u00e1k: Ploutev Otev\u00edrac\u00ed: Manu\u00e1l Typ z\u00e1mku: Linerlock Vyrobeno v: Asie Barva: st\u0159\u00edbrn\u00fd Barva \u010depele: Bez povrchov\u00e9 \u00fapravy\" data-crosslingual-hint=\"en\" data-location=\"2\" data-enable-toggle-playback-speed=\"true\">\n<div data-show-delay-ms=\"250\" data-append-to-body=\"true\" data-propagate-tooltip-mouseover-events=\"true\" data-anchor-corner=\"bottom-left\" data-popup-corner=\"top-left\">\n<div><\/div>\n<\/div>\n<\/div>\n<\/div>\n<p>&nbsp;<\/p>\n","protected":false},"excerpt":{"rendered":"<p>Zav\u00edrac\u00ed n\u016f\u017e s klipem a pojistkou.<\/p>\n","protected":false},"featured_media":200391,"comment_status":"open","ping_status":"closed","template":"","meta":[],"pwb-brand":[140],"product_brand":[],"product_cat":[22,17],"product_tag":[],"class_list":{"0":"post-200390","1":"product","2":"type-product","3":"status-publish","4":"has-post-thumbnail","6":"pwb-brand-boker","7":"product_cat-zaviraci-noze","8":"product_cat-noze","10":"first","11":"outofstock","12":"taxable","13":"shipping-taxable","14":"purchasable","15":"product-type-simple"},"brands":[{"id":140,"name":"Boker","slug":"boker"}],"_links":{"self":[{"href":"https:\/\/www.moskito.cz\/it\/wp-json\/wp\/v2\/product\/200390","targetHints":{"allow":["GET"]}}],"collection":[{"href":"https:\/\/www.moskito.cz\/it\/wp-json\/wp\/v2\/product"}],"about":[{"href":"https:\/\/www.moskito.cz\/it\/wp-json\/wp\/v2\/types\/product"}],"replies":[{"embeddable":true,"href":"https:\/\/www.moskito.cz\/it\/wp-json\/wp\/v2\/comments?post=200390"}],"wp:featuredmedia":[{"embeddable":true,"href":"https:\/\/www.moskito.cz\/it\/wp-json\/wp\/v2\/media\/200391"}],"wp:attachment":[{"href":"https:\/\/www.moskito.cz\/it\/wp-json\/wp\/v2\/media?parent=200390"}],"wp:term":[{"taxonomy":"pwb-brand","embeddable":true,"href":"https:\/\/www.moskito.cz\/it\/wp-json\/wp\/v2\/pwb-brand?post=200390"},{"taxonomy":"product_brand","embeddable":true,"href":"https:\/\/www.moskito.cz\/it\/wp-json\/wp\/v2\/product_brand?post=200390"},{"taxonomy":"product_cat","embeddable":true,"href":"https:\/\/www.moskito.cz\/it\/wp-json\/wp\/v2\/product_cat?post=200390"},{"taxonomy":"product_tag","embeddable":true,"href":"https:\/\/www.moskito.cz\/it\/wp-json\/wp\/v2\/product_tag?post=200390"}],"curies":[{"name":"wp","href":"https:\/\/api.w.org\/{rel}","templated":true}]}}