{"id":200911,"date":"2021-07-21T15:02:07","date_gmt":"2021-07-21T14:02:07","guid":{"rendered":"https:\/\/www.moskito.cz\/?post_type=product&#038;p=200911"},"modified":"2026-01-26T16:09:42","modified_gmt":"2026-01-26T15:09:42","slug":"pevny-nuz-cold-steel-master-tanto-cpm-3v","status":"publish","type":"product","link":"https:\/\/www.moskito.cz\/it\/produkt\/pevny-nuz-cold-steel-master-tanto-cpm-3v\/","title":{"rendered":"Pevn\u00fd N\u016f\u017e Cold Steel MASTER TANTO CPM 3V CS13PBN"},"content":{"rendered":"<div class=\"flex max-w-full flex-col grow\">\n<div class=\"min-h-8 text-message relative flex w-full flex-col items-end gap-2 text-start break-words whitespace-normal [.text-message+&amp;]:mt-1\" dir=\"auto\" data-message-author-role=\"assistant\" data-message-id=\"7342a933-6e87-47f2-aba0-dfffc64f2b33\" data-message-model-slug=\"gpt-5-2\">\n<div class=\"flex w-full flex-col gap-1 empty:hidden first:pt-[1px]\">\n<div class=\"markdown prose dark:prose-invert w-full wrap-break-word light markdown-new-styling\">\n<div class=\"TyagGW_tableContainer\">\n<div class=\"group TyagGW_tableWrapper flex flex-col-reverse w-fit\" tabindex=\"-1\">\n<table class=\"w-fit min-w-(--thread-content-width)\" data-start=\"1861\" data-end=\"2314\">\n<tbody data-start=\"1907\" data-end=\"2314\">\n<tr data-start=\"2160\" data-end=\"2212\">\n<td data-start=\"2170\" data-end=\"2212\" data-col-size=\"sm\">u pro pevn\u00fd \u00fachop<\/td>\n<\/tr>\n<tr data-start=\"2213\" data-end=\"2263\">\n<td data-start=\"2213\" data-end=\"2223\" data-col-size=\"sm\">Pouzdro<\/td>\n<td data-col-size=\"sm\" data-start=\"2223\" data-end=\"2263\">robustn\u00ed pouzdro pro bezpe\u010dn\u00e9 no\u0161en\u00ed<\/td>\n<\/tr>\n<tr data-start=\"2264\" data-end=\"2314\">\n<td data-start=\"2264\" data-end=\"2273\" data-col-size=\"sm\">Ur\u010den\u00ed<\/td>\n<td data-col-size=\"sm\" data-start=\"2273\" data-end=\"2314\">outdoor, survival, heavy\u2011duty utility<\/td>\n<\/tr>\n<\/tbody>\n<\/table>\n<\/div>\n<\/div>\n<h2 data-start=\"2316\" data-end=\"2334\">\u2705 Hlavn\u00ed v\u00fdhody<\/h2>\n<ul data-start=\"2336\" data-end=\"2666\">\n<li data-start=\"2336\" data-end=\"2406\">\n<p data-start=\"2338\" data-end=\"2406\"><strong data-start=\"2338\" data-end=\"2368\">Ostr\u00e1 tanto \u010depel z CPM\u202f3V<\/strong> \u2013 extr\u00e9mn\u00ed retence ost\u0159\u00ed a odolnost<\/p>\n<\/li>\n<li data-start=\"2407\" data-end=\"2475\">\n<p data-start=\"2409\" data-end=\"2475\"><strong data-start=\"2409\" data-end=\"2445\">V\u00fdjime\u010dn\u00e1 pevnost a hou\u017eevnatost<\/strong> \u2013 ide\u00e1ln\u00ed pro n\u00e1ro\u010dn\u00e9 \u00fakoly<\/p>\n<\/li>\n<li data-start=\"2476\" data-end=\"2542\">\n<p data-start=\"2478\" data-end=\"2542\"><strong data-start=\"2478\" data-end=\"2501\">Ergonomick\u00e1 rukoje\u0165<\/strong> \u2013 jist\u00fd \u00fachop i v n\u00e1ro\u010dn\u00fdch podm\u00ednk\u00e1ch<\/p>\n<\/li>\n<li data-start=\"2543\" data-end=\"2607\">\n<p data-start=\"2545\" data-end=\"2607\"><strong data-start=\"2545\" data-end=\"2566\">Univerz\u00e1ln\u00ed v\u00fdkon<\/strong> \u2013 od outdoor aktivit po survival \u00fakoly<\/p>\n<\/li>\n<li data-start=\"2608\" data-end=\"2666\">\n<p data-start=\"2610\" data-end=\"2666\"><strong data-start=\"2610\" data-end=\"2633\">Robustn\u00ed konstrukce<\/strong> \u2013 odol\u00e1 intenzivn\u00edmu pou\u017e\u00edv\u00e1n\u00ed<\/p>\n<\/li>\n<\/ul>\n<h2 data-start=\"2668\" data-end=\"2687\">\u26a0\ufe0f Mo\u017en\u00e1 omezen\u00ed<\/h2>\n<ul data-start=\"2689\" data-end=\"2929\">\n<li data-start=\"2689\" data-end=\"2783\">\n<p data-start=\"2691\" data-end=\"2783\"><strong data-start=\"2691\" data-end=\"2722\">Vy\u0161\u0161\u00ed hmotnost a robustnost<\/strong> \u2013 nemus\u00ed vyhovovat u\u017eivatel\u016fm preferuj\u00edc\u00edm ultralehk\u00e9 no\u017ee<\/p>\n<\/li>\n<li data-start=\"2784\" data-end=\"2862\">\n<p data-start=\"2786\" data-end=\"2862\"><strong data-start=\"2786\" data-end=\"2814\">Bez pojistky (pevn\u00fd n\u016f\u017e)<\/strong> \u2013 vy\u017eaduje opatrnou manipulaci a zodpov\u011bdnost<\/p>\n<\/li>\n<li data-start=\"2863\" data-end=\"2929\">\n<p data-start=\"2865\" data-end=\"2929\"><strong data-start=\"2865\" data-end=\"2879\">Vy\u0161\u0161\u00ed cena<\/strong> \u2013 odrazem je pr\u00e9miov\u00e1 kvalita materi\u00e1lu a v\u00fdkon<\/p>\n<\/li>\n<\/ul>\n<h2 data-start=\"2931\" data-end=\"2951\">\ud83d\udee0\ufe0f \u00dadr\u017eba a p\u00e9\u010de<\/h2>\n<ul data-start=\"2953\" data-end=\"3202\">\n<li data-start=\"2953\" data-end=\"3031\">\n<p data-start=\"2955\" data-end=\"3031\">Po pou\u017eit\u00ed n\u016f\u017e osu\u0161\u00ed a o\u010disti, zejm\u00e9na pokud p\u0159i\u0161el do kontaktu s vlhkost\u00ed<\/p>\n<\/li>\n<li data-start=\"3032\" data-end=\"3085\">\n<p data-start=\"3034\" data-end=\"3085\">Retenci ost\u0159\u00ed udr\u017euj pravideln\u00fdm jemn\u00fdm brou\u0161en\u00edm<\/p>\n<\/li>\n<li data-start=\"3086\" data-end=\"3139\">\n<p data-start=\"3088\" data-end=\"3139\">Nech n\u016f\u017e zcela vyschnout p\u0159ed ulo\u017een\u00edm do pouzdra<\/p>\n<\/li>\n<li data-start=\"3140\" data-end=\"3202\">\n<p data-start=\"3142\" data-end=\"3202\">Skladuj na such\u00e9m m\u00edst\u011b, aby se minimalizovalo riziko koroze<\/p>\n<\/li>\n<\/ul>\n<p data-start=\"3204\" data-end=\"3377\">Pro udr\u017een\u00ed ost\u0159\u00ed doporu\u010dujeme <strong data-start=\"3235\" data-end=\"3301\">Spyderco Tri\u2011Angle Sharpmaker Complete Sharpening System 204MF<\/strong> \u2013 ide\u00e1ln\u00ed i pro hladk\u00e1 ost\u0159\u00ed. \ud83d\uded2 Koup\u00ed\u0161 na na\u0161ich str\u00e1nk\u00e1ch <strong data-start=\"3362\" data-end=\"3376\">Moskito.cz<\/strong>.<\/p>\n<h2 data-start=\"3379\" data-end=\"3399\">\ud83c\udfaf Doporu\u010deno pro<\/h2>\n<ul data-start=\"3401\" data-end=\"3569\">\n<li data-start=\"3401\" data-end=\"3435\">\n<p data-start=\"3403\" data-end=\"3435\">outdoorov\u00e9 a survival aktivity<\/p>\n<\/li>\n<li data-start=\"3436\" data-end=\"3469\">\n<p data-start=\"3438\" data-end=\"3469\">t\u011b\u017ek\u00e9 a n\u00e1ro\u010dn\u00e9 utility \u00fakoly<\/p>\n<\/li>\n<li data-start=\"3470\" data-end=\"3523\">\n<p data-start=\"3472\" data-end=\"3523\">u\u017eivatele, kte\u0159\u00ed cht\u011bj\u00ed extr\u00e9mn\u00ed odolnost a v\u00fdkon<\/p>\n<\/li>\n<li data-start=\"3524\" data-end=\"3569\">\n<p data-start=\"3526\" data-end=\"3569\">profesion\u00e1ln\u00ed pou\u017eit\u00ed a intenzivn\u00ed nasazen\u00ed<\/p>\n<\/li>\n<\/ul>\n<h2 data-start=\"3571\" data-end=\"3595\">\u2b50 Z\u00e1v\u011bre\u010dn\u00e9 hodnocen\u00ed<\/h2>\n<p data-start=\"3597\" data-end=\"3925\"><strong data-start=\"3597\" data-end=\"3639\">Cold Steel MASTER TANTO CPM\u202f3V CS13PBN<\/strong> je <strong data-start=\"3643\" data-end=\"3682\">v\u00fdkonn\u00fd a extr\u00e9mn\u011b odoln\u00fd pevn\u00fd n\u016f\u017e<\/strong>, kter\u00fd kombinuje pr\u00e9miov\u00fd materi\u00e1l s precizn\u00edm designem pro n\u00e1ro\u010dn\u00e9 pou\u017eit\u00ed. Pokud hled\u00e1\u0161 <strong data-start=\"3773\" data-end=\"3839\">n\u00e1stroj, na kter\u00fd se m\u016f\u017ee\u0161 spolehnout i v extr\u00e9mn\u00edch situac\u00edch<\/strong>, tento model ti nab\u00eddne <strong data-start=\"3864\" data-end=\"3909\">siln\u00fd v\u00fdkon, odolnost a dlouhou \u017eivotnost<\/strong> bez kompromis\u016f.<\/p>\n<p data-start=\"3927\" data-end=\"3994\"><strong data-start=\"3927\" data-end=\"3994\">Master Tanto \u2013 ultim\u00e1tn\u00ed pevnost a v\u00fdkon pro ty nejt\u011b\u017e\u0161\u00ed \u00fakoly.<\/strong><\/p>\n<\/div>\n<\/div>\n<\/div>\n<\/div>\n<div class=\"z-0 flex min-h-[46px] justify-start\"><\/div>\n","protected":false},"excerpt":{"rendered":"<p data-start=\"3597\" data-end=\"3925\"><strong>Cold Steel MASTER TANTO CPM\u202f3V CS13PBN je v\u00fdkonn\u00fd a extr\u00e9mn\u011b odoln\u00fd pevn\u00fd n\u016f\u017e, kter\u00fd kombinuje pr\u00e9miov\u00fd materi\u00e1l s precizn\u00edm designem pro n\u00e1ro\u010dn\u00e9 pou\u017eit\u00ed. Pokud hled\u00e1\u0161 n\u00e1stroj, na kter\u00fd se m\u016f\u017ee\u0161 spolehnout i v extr\u00e9mn\u00edch situac\u00edch, tento model ti nab\u00eddne siln\u00fd v\u00fdkon, odolnost a dlouhou \u017eivotnost bez kompromis\u016f.<\/strong><\/p>\n<p data-start=\"3927\" data-end=\"3994\"><strong>Master Tanto \u2013 ultim\u00e1tn\u00ed pevnost a v\u00fdkon pro ty nejt\u011b\u017e\u0161\u00ed \u00fakoly.<\/strong><\/p>\n<p data-start=\"3927\" data-end=\"3994\"><strong>Doprava zdarma.<\/strong><\/p>\n","protected":false},"featured_media":200912,"comment_status":"open","ping_status":"closed","template":"","meta":[],"pwb-brand":[211],"product_brand":[],"product_cat":[23,17],"product_tag":[3667],"class_list":{"0":"post-200911","1":"product","2":"type-product","3":"status-publish","4":"has-post-thumbnail","6":"pwb-brand-cold-steel","7":"product_cat-pevne-noze","8":"product_cat-noze","9":"product_tag-b2b","11":"first","12":"instock","13":"taxable","14":"shipping-taxable","15":"purchasable","16":"product-type-simple"},"brands":[{"id":211,"name":"Cold Steel","slug":"cold-steel"}],"_links":{"self":[{"href":"https:\/\/www.moskito.cz\/it\/wp-json\/wp\/v2\/product\/200911","targetHints":{"allow":["GET"]}}],"collection":[{"href":"https:\/\/www.moskito.cz\/it\/wp-json\/wp\/v2\/product"}],"about":[{"href":"https:\/\/www.moskito.cz\/it\/wp-json\/wp\/v2\/types\/product"}],"replies":[{"embeddable":true,"href":"https:\/\/www.moskito.cz\/it\/wp-json\/wp\/v2\/comments?post=200911"}],"wp:featuredmedia":[{"embeddable":true,"href":"https:\/\/www.moskito.cz\/it\/wp-json\/wp\/v2\/media\/200912"}],"wp:attachment":[{"href":"https:\/\/www.moskito.cz\/it\/wp-json\/wp\/v2\/media?parent=200911"}],"wp:term":[{"taxonomy":"pwb-brand","embeddable":true,"href":"https:\/\/www.moskito.cz\/it\/wp-json\/wp\/v2\/pwb-brand?post=200911"},{"taxonomy":"product_brand","embeddable":true,"href":"https:\/\/www.moskito.cz\/it\/wp-json\/wp\/v2\/product_brand?post=200911"},{"taxonomy":"product_cat","embeddable":true,"href":"https:\/\/www.moskito.cz\/it\/wp-json\/wp\/v2\/product_cat?post=200911"},{"taxonomy":"product_tag","embeddable":true,"href":"https:\/\/www.moskito.cz\/it\/wp-json\/wp\/v2\/product_tag?post=200911"}],"curies":[{"name":"wp","href":"https:\/\/api.w.org\/{rel}","templated":true}]}}