{"id":201062,"date":"2021-07-23T09:26:25","date_gmt":"2021-07-23T08:26:25","guid":{"rendered":"https:\/\/www.moskito.cz\/?post_type=product&#038;p=201062"},"modified":"2025-05-07T10:35:01","modified_gmt":"2025-05-07T09:35:01","slug":"zaviraci-nuz-cold-steel-ad-15","status":"publish","type":"product","link":"https:\/\/www.moskito.cz\/it\/produkt\/zaviraci-nuz-cold-steel-ad-15\/","title":{"rendered":"Zav\u00edrac\u00ed N\u016f\u017e Cold Steel AD-15"},"content":{"rendered":"<p>Zav\u00edrac\u00ed N\u016f\u017e <strong>Cold Steel<\/strong> AD-15.<\/p>\n<p><span class=\"VIiyi\" lang=\"cs\"><span class=\"JLqJ4b\" data-language-for-alternatives=\"cs\" data-language-to-translate-into=\"en\" data-phrase-index=\"0\">AD-15 m\u016f\u017ee b\u00fdt nejpohodln\u011bj\u0161\u00ed, u\u017eivatelsky p\u0159\u00edv\u011btiv\u00e1 taktick\u00e1 v\u011bc, jakou jsme kdy vytvo\u0159ili! Po vzoru patentovan\u00e9ho origin\u00e1lu Andrewa Demka nab\u00edz\u00ed oboustrann\u00e9 ovl\u00e1d\u00e1n\u00ed a otev\u00edr\u00e1 a zav\u00edr\u00e1 se jednou rukou. \u010cepel s hrotem o\u0159\u00edznut\u00e9ho hrotu kop\u00ed je opat\u0159ena fale\u0161nou hranou, aby byla zaji\u0161t\u011bna skv\u011bl\u00e1 propichovac\u00ed schopnost a kontrola ost\u0159\u00ed, kdy\u017e je vy\u017eadov\u00e1no p\u0159esn\u00e9 \u0159ez\u00e1n\u00ed. Jedine\u010dn\u00e1 hybridn\u00ed rukoje\u0165 modelu AD-15 ji odli\u0161uje nejv\u00edce; proto\u017ee obsahuje Andrew\u016fv slavn\u00fd Scorpion Lock. Spodn\u00ed \u010d\u00e1st rukojeti m\u00e1 3D opracovan\u00e9 st\u0159enky G-10 spojen\u00e9 s ocelov\u00fdmi vlo\u017ekami, zat\u00edmco horn\u00ed \u010d\u00e1st rukojeti, zvan\u00e1 \u201et\u0159men\u201c, je vytvo\u0159ena z 3D obroben\u00e9ho hlin\u00edkov\u00e9ho sochoru 6061, integr\u00e1ln\u00ed zadn\u00ed \u010d\u00e1st rozp\u011brky, kter\u00e1 zakr\u00fdv\u00e1 silnou tla\u010dnou pru\u017einu. Chcete-li n\u016f\u017e otev\u0159\u00edt, jednodu\u0161e zasu\u0148te \u010dep s palcem a sledujte, jak se t\u0159men zved\u00e1, dokud t\u011bsn\u011b nespadne do hlubok\u00e9ho z\u00e1\u0159ezu v \u010depeli \u010depele. Bezpe\u010dn\u011b se dr\u017e\u00ed st\u00e1l\u00fdm tlakem pru\u017einy a d\u00edky s\u00edle sev\u0159en\u00ed je Scorpion Lock prakticky imunn\u00ed v\u016f\u010di selh\u00e1n\u00ed!<\/span><\/span><\/p>\n<p>Celkov\u00e1 d\u00e9lka: 22,3 cm<br \/>\nD\u00e9lka \u010depele: 9,4 cm<br \/>\nD\u00e9lka v zav\u0159en\u00e9m stavu: 13 cm<br \/>\nTlou\u0161\u0165ka \u010depele: 3,8 mm<br \/>\nHmotnost: 184 g<br \/>\nOcel: CPM-S35VN<br \/>\nPojistka: Scorpion Lock<br \/>\nRukoje\u0165: G-10 \/ hlin\u00edk<\/p>\n<p>Cold Steel je spole\u010dnost zab\u00fdvaj\u00edc\u00ed se v\u00fdrobou nejsiln\u011bj\u0161\u00edch a nejost\u0159ej\u0161\u00edch no\u017e\u016f na sv\u011bt\u011b. Za posledn\u00ed t\u0159i desetilet\u00ed byla spole\u010dnost Cold Steel v \u010dele mnoha inovac\u00ed, kter\u00e9 pomohly definovat no\u017e\u00ed\u0159sk\u00fd pr\u016fmysl. Postupn\u00e9 \u00fasp\u011bchy, v\u010detn\u011b zaveden\u00ed zkontrolovan\u00fdch rukojet\u00ed Kraton\u00ae, a styly \u010depel\u00ed tanto point, se od zv\u011bdav\u011b zaj\u00edmav\u00fdch funkc\u00ed dostaly k pr\u016fmyslov\u00fdm znak\u016fm kvality a propracovanosti. Nov\u00fd sm\u011br byl tak\u00e9 zlomen zaveden\u00edm jedine\u010dn\u00fdch nov\u00fdch ocelov\u00fdch \u010depel\u00ed, jako je San Mai III\u00ae a Tri-Ad \u2122 Lock &amp; zaji\u0161\u0165ovac\u00ed mechanismus pro skl\u00e1dac\u00ed no\u017ee. Nap\u0159\u00edklad Tri-Ad \u2122 Lock se nikdy nevyrovnal \u017e\u00e1dn\u00e9mu z konkurent\u016f Cold Steel a nebylo prok\u00e1z\u00e1no, \u017ee by nic z toho, co dosud vyrobili, p\u0159ekonalo. Cold Steel se samoz\u0159ejm\u011b v\u017edy bude d\u00edvat do budoucnosti a bude se neust\u00e1le sna\u017eit vyr\u00e1b\u011bt nejsiln\u011bj\u0161\u00ed a nejost\u0159ej\u0161\u00ed no\u017ee na sv\u011bt\u011b. Tento c\u00edl, stejn\u011b nepolapiteln\u00fd a obt\u00ed\u017en\u011b dosa\u017eiteln\u00fd, je za posledn\u00edch \u010dty\u0159icet let stejn\u00fd. Cold Steel Inc. je spole\u010dnost zam\u011b\u0159en\u00e1 na v\u00fdrobu nejsiln\u011bj\u0161\u00edch a nejost\u0159ej\u0161\u00edch no\u017e\u016f, me\u010d\u016f, tomahawk\u016f, ma\u010det, p\u0159\u00edbor\u016f a n\u00e1stroj\u016f pro ka\u017edodenn\u00ed no\u0161en\u00ed: EDC. Spole\u010dnost Cold Steel, kter\u00e1 byla rychle p\u0159ijata voj\u00e1ky, speci\u00e1ln\u00edmi jednotkami pro vym\u00e1h\u00e1n\u00ed pr\u00e1va, pracovn\u00edky pohotovostn\u00edch slu\u017eeb, odborn\u00edky na sebeobranu i \u010dleny komunity bojov\u00fdch um\u011bn\u00ed, se rychle proslavila kvalitou, silou, spolehlivost\u00ed a spolehlivost\u00ed p\u0159i ka\u017edodenn\u00edm no\u0161en\u00ed (EDC). Na\u0161e r\u016fznorod\u00e1 a rozmanit\u00e1 sestava se rychle rozrostla a zahrnovala nejen masivn\u00ed v\u00fdb\u011br skl\u00e1dac\u00edch no\u017e\u016f (od men\u0161\u00edch \u010depel\u00ed \u201eEDC\u201c a\u017e po na\u0161e ikonick\u00e9 ob\u0159\u00ed \u201emega-slo\u017eky\u201c), ale i pevn\u00e9 \u010depele, me\u010de, \u0161avle, h\u016flky a halapartny , stejn\u011b jako loveck\u00e9 pot\u0159eby, kop\u00ed, pu\u0161ky, sekery, ma\u010dety, tomahawky a n\u00e1stroje! V pr\u016fb\u011bhu desetilet\u00ed spole\u010dnost Cold Steel p\u0159edstavila pr\u016fkopnick\u00e9 nov\u00e9 materi\u00e1ly a designy, kter\u00e9 pomohly utv\u00e1\u0159et sv\u011bt modern\u00edch no\u017e\u016f, ostr\u00fdch zbran\u00ed a n\u00e1stroj\u016f. Od zaveden\u00ed kostkovan\u00fdch rukojet\u00ed Kraton\u00ae a \u201eamerikanizovan\u00e9\u201c \u010depele Tanto a\u017e po za\u0159azen\u00ed nov\u00fdch inovativn\u00edch ocel\u00ed \u010depele jako San Mai III\u00ae a uzamykac\u00edch mechanism\u016f m\u011bn\u00edc\u00edch hru (jako je n\u00e1\u0161 Tri-Ad \u2122 Lock). Kdy\u017e se d\u00edv\u00e1me do budoucnosti, spole\u010dnost Cold Steel nad\u00e1le p\u0159in\u00e1\u0161\u00ed na trh nov\u00e9 \u00farovn\u011b s\u00edly, bezpe\u010dnosti a v\u00fdkonu a poskytuje osv\u011bd\u010den\u00e9 produkty, na kter\u00e9 se m\u016f\u017eete spolehnout \u2013 kdykoli a kdekoli!<\/p>\n<p>&nbsp;<\/p>\n","protected":false},"excerpt":{"rendered":"<div class=\"elementor-element elementor-element-bbb542b elementor-widget elementor-widget-woocommerce-product-short-description\" data-id=\"bbb542b\" data-element_type=\"widget\" data-widget_type=\"woocommerce-product-short-description.default\">\n<div class=\"elementor-widget-container\">\n<div class=\"woocommerce-product-details__short-description\">\n<div class=\"elementor-element elementor-element-bbb542b elementor-widget elementor-widget-woocommerce-product-short-description\" data-id=\"bbb542b\" data-element_type=\"widget\" data-widget_type=\"woocommerce-product-short-description.default\">\n<div class=\"elementor-widget-container\">\n<div class=\"woocommerce-product-details__short-description\">\n<p>Zav\u00edrac\u00ed n\u016f\u017e <strong>Cold Steel<\/strong> s pojistkou a klipem na no\u0161en\u00ed.<\/p>\n<p><strong>Doprava zdarma.<\/strong><\/p>\n<\/div>\n<\/div>\n<\/div>\n<\/div>\n<\/div>\n<\/div>\n","protected":false},"featured_media":201063,"comment_status":"open","ping_status":"closed","template":"","meta":[],"pwb-brand":[211],"product_brand":[],"product_cat":[22,17],"product_tag":[3667],"class_list":{"0":"post-201062","1":"product","2":"type-product","3":"status-publish","4":"has-post-thumbnail","6":"pwb-brand-cold-steel","7":"product_cat-zaviraci-noze","8":"product_cat-noze","9":"product_tag-b2b","11":"first","12":"instock","13":"taxable","14":"shipping-taxable","15":"purchasable","16":"product-type-simple"},"brands":[{"id":211,"name":"Cold Steel","slug":"cold-steel"}],"_links":{"self":[{"href":"https:\/\/www.moskito.cz\/it\/wp-json\/wp\/v2\/product\/201062","targetHints":{"allow":["GET"]}}],"collection":[{"href":"https:\/\/www.moskito.cz\/it\/wp-json\/wp\/v2\/product"}],"about":[{"href":"https:\/\/www.moskito.cz\/it\/wp-json\/wp\/v2\/types\/product"}],"replies":[{"embeddable":true,"href":"https:\/\/www.moskito.cz\/it\/wp-json\/wp\/v2\/comments?post=201062"}],"wp:featuredmedia":[{"embeddable":true,"href":"https:\/\/www.moskito.cz\/it\/wp-json\/wp\/v2\/media\/201063"}],"wp:attachment":[{"href":"https:\/\/www.moskito.cz\/it\/wp-json\/wp\/v2\/media?parent=201062"}],"wp:term":[{"taxonomy":"pwb-brand","embeddable":true,"href":"https:\/\/www.moskito.cz\/it\/wp-json\/wp\/v2\/pwb-brand?post=201062"},{"taxonomy":"product_brand","embeddable":true,"href":"https:\/\/www.moskito.cz\/it\/wp-json\/wp\/v2\/product_brand?post=201062"},{"taxonomy":"product_cat","embeddable":true,"href":"https:\/\/www.moskito.cz\/it\/wp-json\/wp\/v2\/product_cat?post=201062"},{"taxonomy":"product_tag","embeddable":true,"href":"https:\/\/www.moskito.cz\/it\/wp-json\/wp\/v2\/product_tag?post=201062"}],"curies":[{"name":"wp","href":"https:\/\/api.w.org\/{rel}","templated":true}]}}