{"id":201487,"date":"2021-07-31T19:42:34","date_gmt":"2021-07-31T18:42:34","guid":{"rendered":"https:\/\/www.moskito.cz\/?post_type=product&#038;p=201487"},"modified":"2026-01-30T13:21:46","modified_gmt":"2026-01-30T12:21:46","slug":"zaviraci-nuz-crkt-nirk","status":"publish","type":"product","link":"https:\/\/www.moskito.cz\/it\/produkt\/zaviraci-nuz-crkt-nirk\/","title":{"rendered":"Zav\u00edrac\u00ed N\u016f\u017e CRKT NIRK 5241"},"content":{"rendered":"<h3><strong>Zav\u00edrac\u00ed N\u016f\u017e CRKT NIRK 5241<\/strong><\/h3>\n<p><strong>Navrhl:<\/strong> Brian Tighe (Ridgefield, Ontario, Kanada)<\/p>\n<p><strong>CRKT Nirk 5241<\/strong> je skv\u011bl\u00fdm p\u0159\u00edkladem inovativn\u00edho designu s c\u00edlem zv\u00fd\u0161it funk\u010dnost a bezpe\u010dnost p\u0159i ka\u017edodenn\u00edm pou\u017e\u00edv\u00e1n\u00ed. Tento <strong>elegantn\u00ed a robustn\u00ed n\u016f\u017e<\/strong> je navr\u017een pro <strong>tvrd\u0161\u00ed \u00fakoly<\/strong> a pro ka\u017edodenn\u00ed no\u0161en\u00ed (EDC), p\u0159i\u010dem\u017e si zachov\u00e1v\u00e1 estetiku a modern\u00ed vzhled. Jeho <strong>nov\u00e1torsk\u00fd Klecker Lock<\/strong> poskytuje silnou bezpe\u010dnost a v\u00fdkon, zat\u00edmco jeho <strong>hladk\u00e9 otev\u00edr\u00e1n\u00ed<\/strong> a <strong>snadn\u00e9 ost\u0159en\u00ed<\/strong> d\u011blaj\u00ed z tohoto no\u017ee vynikaj\u00edc\u00ed volbu pro \u0161irok\u00e9 spektrum u\u017eivatel\u016f.<\/p>\n<h3><strong>Hlavn\u00ed vlastnosti a v\u00fdhody:<\/strong><\/h3>\n<h4>1. <strong>Klecker Lock \u2013 Inovativn\u00ed z\u00e1mek pro v\u011bt\u0161\u00ed bezpe\u010dnost:<\/strong><\/h4>\n<ul>\n<li><strong>Patentovan\u00fd Klecker Lock<\/strong> je z\u00e1mek, kter\u00fd je integrovan\u00fd p\u0159\u00edmo do rukojeti no\u017ee, co\u017e poskytuje <strong>v\u00fdjime\u010dnou s\u00edlu<\/strong> a <strong>pevnost<\/strong> p\u0159i pou\u017e\u00edv\u00e1n\u00ed, i b\u011bhem t\u011b\u017e\u0161\u00edch prac\u00ed. Tento <strong>inteligentn\u00ed mechanismus<\/strong> zaji\u0161\u0165uje, \u017ee \u010depel je bezpe\u010dn\u011b uzam\u010dena na sv\u00e9m m\u00edst\u011b.<\/li>\n<\/ul>\n<h4>2. <strong>\u010cepel z oceli 8Cr14MoV \u2013 V\u00fdborn\u00e1 odolnost a snadn\u00e9 ost\u0159en\u00ed:<\/strong><\/h4>\n<ul>\n<li><strong>Ocel 8Cr14MoV<\/strong> je nerezov\u00e1 ocel s <strong>vysok\u00fdm obsahem uhl\u00edku<\/strong>, kter\u00e1 <strong>dob\u0159e dr\u017e\u00ed ost\u0159\u00ed<\/strong> a z\u00e1rove\u0148 je <strong>snadno ost\u0159iteln\u00e1<\/strong>, co\u017e znamen\u00e1, \u017ee n\u016f\u017e bude st\u00e1le ve skv\u00e9l\u00e9 kondici pro ka\u017edodenn\u00ed pou\u017eit\u00ed.<\/li>\n<li><strong>Sat\u00e9nov\u00e1 povrchov\u00e1 \u00faprava<\/strong> \u010depel\u00ed nejen \u017ee zlep\u0161uje jej\u00ed vzhled, ale tak\u00e9 chr\u00e1n\u00ed proti korozi a opot\u0159eben\u00ed.<\/li>\n<\/ul>\n<h4>3. <strong>Hladk\u00e9 otev\u00edr\u00e1n\u00ed s kuli\u010dkov\u00fdmi lo\u017eisky:<\/strong><\/h4>\n<ul>\n<li><strong>Kuli\u010dkov\u00e1 lo\u017eiska<\/strong> ve mechanismu otev\u00edr\u00e1n\u00ed zaji\u0161\u0165uj\u00ed <strong>super hladk\u00e9 a rychl\u00e9 otev\u00edr\u00e1n\u00ed<\/strong>, co\u017e je skv\u011bl\u00e9 pro <strong>jednoru\u010dn\u00ed manipulaci<\/strong>. S t\u00edmto syst\u00e9mem je otev\u00edr\u00e1n\u00ed \u010depele rychl\u00e9 a pohodln\u00e9, co\u017e z n\u011bj \u010din\u00ed vynikaj\u00edc\u00ed n\u016f\u017e pro ka\u017edodenn\u00ed \u00fakoly.<\/li>\n<\/ul>\n<h4>4. <strong>Ergonomick\u00e1 rukoje\u0165:<\/strong><\/h4>\n<ul>\n<li><strong>Rukoje\u0165 z nerezov\u00e9 oceli 420J2<\/strong> je <strong>odoln\u00e1<\/strong> a <strong>elegantn\u00ed<\/strong>. Kombinace <strong>dvoubarevn\u00e9ho designu<\/strong> s modern\u00edm vzhledem d\u00e1v\u00e1 no\u017ei sofistikovan\u00fd a profesion\u00e1ln\u00ed vzhled. Nav\u00edc je dostate\u010dn\u011b pevn\u00e1, aby umo\u017enila <strong>komfortn\u00ed a bezpe\u010dn\u00fd \u00fachop<\/strong> i p\u0159i n\u00e1ro\u010dn\u011bj\u0161\u00edm pou\u017eit\u00ed.<\/li>\n<\/ul>\n<h4>5. <strong>N\u00edzk\u00fd profil a bezpe\u010dn\u00e9 no\u0161en\u00ed:<\/strong><\/h4>\n<ul>\n<li><strong>N\u00edzk\u00fd profil<\/strong> no\u017ee umo\u017e\u0148uje <strong>snadn\u00e9 no\u0161en\u00ed<\/strong> v kapse nebo na opasku, p\u0159i\u010dem\u017e <strong>kapesn\u00ed klip<\/strong> zaji\u0161\u0165uje bezpe\u010dn\u00e9 uchycen\u00ed no\u017ee, aby nedoch\u00e1zelo k jeho n\u00e1hodn\u00e9mu vysunut\u00ed.<\/li>\n<\/ul>\n<h3><strong>Specifikace:<\/strong><\/h3>\n<ul>\n<li><strong>D\u00e9lka \u010depele:<\/strong> 3,17&#8243; (80,52 mm)<\/li>\n<li><strong>Ost\u0159\u00ed \u010depele:<\/strong> Prost\u00fd<\/li>\n<li><strong>\u010cepel ocel:<\/strong> 8Cr14MoV<\/li>\n<li><strong>Povrchov\u00e1 \u00faprava \u010depele:<\/strong> Sat\u00e9n<\/li>\n<li><strong>Tlou\u0161\u0165ka \u010depele:<\/strong> 0,11&#8243; (2,82 mm)<\/li>\n<li><strong>Celkov\u00e1 d\u00e9lka:<\/strong> 7,44&#8243; (188,93 mm)<\/li>\n<li><strong>Zav\u0159en\u00e1 d\u00e9lka:<\/strong> 4,27&#8243; (108,46 mm)<\/li>\n<li><strong>Hmotnost:<\/strong> 3,20 oz. (90,72 g)<\/li>\n<li><strong>Rukoje\u0165:<\/strong> 420J2 nerezov\u00e1 ocel<\/li>\n<li><strong>Styl:<\/strong> Skl\u00e1dac\u00ed n\u016f\u017e s Kleckerov\u00fdm z\u00e1mkem<\/li>\n<\/ul>\n<h3><strong>Vyu\u017eit\u00ed:<\/strong><\/h3>\n<ul>\n<li><strong>Ka\u017edodenn\u00ed no\u0161en\u00ed (EDC):<\/strong> Tento n\u016f\u017e je skv\u011blou volbou pro <strong>b\u011b\u017en\u00e9 \u00fakoly<\/strong>, jako je otv\u00edr\u00e1n\u00ed obal\u016f, \u0159ez\u00e1n\u00ed prov\u00e1zk\u016f nebo jin\u00e9 drobn\u00e9 pr\u00e1ce. Jeho <strong>vysok\u00e1 pevnost<\/strong> a <strong>dobr\u00e1 manipulace<\/strong> jej \u010din\u00ed ide\u00e1ln\u00edm pro ka\u017edodenn\u00ed pou\u017e\u00edv\u00e1n\u00ed.<\/li>\n<li><strong>T\u011b\u017e\u0161\u00ed \u00fakoly:<\/strong> D\u00edky robustn\u00ed konstrukci a <strong>Klecker Locku<\/strong> zvl\u00e1dne n\u016f\u017e i n\u00e1ro\u010dn\u011bj\u0161\u00ed \u00fakoly, kde je vy\u017eadov\u00e1na <strong>v\u011bt\u0161\u00ed s\u00edla<\/strong>.<\/li>\n<li><strong>M\u011bstsk\u00e9 prost\u0159ed\u00ed:<\/strong> S modern\u00edm vzhledem a n\u00edzk\u00fdm profilem je ide\u00e1ln\u00ed pro <strong>m\u011bstsk\u00e9 prost\u0159ed\u00ed<\/strong>, kdy chcete m\u00edt n\u016f\u017e p\u0159i ruce, ale z\u00e1rove\u0148 si zachovat elegantn\u00ed vzhled.<\/li>\n<\/ul>\n<h3><strong>Z\u00e1v\u011br:<\/strong><\/h3>\n<p><strong>CRKT Nirk 5241<\/strong> je n\u016f\u017e, kter\u00fd spojuje <strong>inovaci, funk\u010dnost a estetiku<\/strong>. D\u00edky <strong>Klecker Locku<\/strong> je neuv\u011b\u0159iteln\u011b bezpe\u010dn\u00fd a pevn\u00fd, zat\u00edmco <strong>kuli\u010dkov\u00e1 lo\u017eiska<\/strong> zajist\u00ed hladk\u00e9 otev\u00edr\u00e1n\u00ed. Tento n\u016f\u017e je ide\u00e1ln\u00ed pro ty, kte\u0159\u00ed hledaj\u00ed <strong>siln\u00fd, ale elegantn\u00ed n\u00e1stroj<\/strong> pro ka\u017edodenn\u00ed no\u0161en\u00ed a t\u011b\u017e\u0161\u00ed \u00fakoly. Je <strong>kompaktn\u00ed<\/strong>, <strong>odoln\u00fd<\/strong> a nab\u00edz\u00ed <strong>vysokou \u00farove\u0148 bezpe\u010dnosti<\/strong> d\u00edky inovativn\u00edmu mechanismu z\u00e1mku, co\u017e z n\u011bj \u010din\u00ed vynikaj\u00edc\u00ed volbu pro ka\u017edodenn\u00ed pou\u017eit\u00ed.<\/p>\n<p><iframe title=\"CRKT NIRK\u2122 TIGHE GREEN | Brian Tighe Design\" width=\"800\" height=\"450\" src=\"https:\/\/www.youtube.com\/embed\/UTxnIQzZNM4?feature=oembed\" frameborder=\"0\" allow=\"accelerometer; autoplay; clipboard-write; encrypted-media; gyroscope; picture-in-picture; web-share\" referrerpolicy=\"strict-origin-when-cross-origin\" allowfullscreen><\/iframe><\/p>\n<p>&nbsp;<\/p>\n<p>&nbsp;<\/p>\n","protected":false},"excerpt":{"rendered":"<p><strong>CRKT Nirk 5241 je n\u016f\u017e, kter\u00fd spojuje inovaci, funk\u010dnost a estetiku. D\u00edky Klecker Locku je neuv\u011b\u0159iteln\u011b bezpe\u010dn\u00fd a pevn\u00fd, zat\u00edmco kuli\u010dkov\u00e1 lo\u017eiska zajist\u00ed hladk\u00e9 otev\u00edr\u00e1n\u00ed. Tento n\u016f\u017e je ide\u00e1ln\u00ed pro ty, kte\u0159\u00ed hledaj\u00ed siln\u00fd, ale elegantn\u00ed n\u00e1stroj pro ka\u017edodenn\u00ed no\u0161en\u00ed a t\u011b\u017e\u0161\u00ed \u00fakoly. Je kompaktn\u00ed, odoln\u00fd a nab\u00edz\u00ed vysokou \u00farove\u0148 bezpe\u010dnosti d\u00edky inovativn\u00edmu mechanismu z\u00e1mku, co\u017e z n\u011bj \u010din\u00ed vynikaj\u00edc\u00ed volbu pro ka\u017edodenn\u00ed pou\u017eit\u00ed.<\/strong><\/p>\n","protected":false},"featured_media":201488,"comment_status":"open","ping_status":"closed","template":"","meta":[],"pwb-brand":[209],"product_brand":[],"product_cat":[22,17],"product_tag":[3667],"class_list":{"0":"post-201487","1":"product","2":"type-product","3":"status-publish","4":"has-post-thumbnail","6":"pwb-brand-crkt","7":"product_cat-zaviraci-noze","8":"product_cat-noze","9":"product_tag-b2b","11":"first","12":"instock","13":"taxable","14":"shipping-taxable","15":"purchasable","16":"product-type-simple"},"brands":[{"id":209,"name":"CRKT","slug":"crkt"}],"_links":{"self":[{"href":"https:\/\/www.moskito.cz\/it\/wp-json\/wp\/v2\/product\/201487","targetHints":{"allow":["GET"]}}],"collection":[{"href":"https:\/\/www.moskito.cz\/it\/wp-json\/wp\/v2\/product"}],"about":[{"href":"https:\/\/www.moskito.cz\/it\/wp-json\/wp\/v2\/types\/product"}],"replies":[{"embeddable":true,"href":"https:\/\/www.moskito.cz\/it\/wp-json\/wp\/v2\/comments?post=201487"}],"wp:featuredmedia":[{"embeddable":true,"href":"https:\/\/www.moskito.cz\/it\/wp-json\/wp\/v2\/media\/201488"}],"wp:attachment":[{"href":"https:\/\/www.moskito.cz\/it\/wp-json\/wp\/v2\/media?parent=201487"}],"wp:term":[{"taxonomy":"pwb-brand","embeddable":true,"href":"https:\/\/www.moskito.cz\/it\/wp-json\/wp\/v2\/pwb-brand?post=201487"},{"taxonomy":"product_brand","embeddable":true,"href":"https:\/\/www.moskito.cz\/it\/wp-json\/wp\/v2\/product_brand?post=201487"},{"taxonomy":"product_cat","embeddable":true,"href":"https:\/\/www.moskito.cz\/it\/wp-json\/wp\/v2\/product_cat?post=201487"},{"taxonomy":"product_tag","embeddable":true,"href":"https:\/\/www.moskito.cz\/it\/wp-json\/wp\/v2\/product_tag?post=201487"}],"curies":[{"name":"wp","href":"https:\/\/api.w.org\/{rel}","templated":true}]}}