{"id":201731,"date":"2021-08-02T19:36:49","date_gmt":"2021-08-02T18:36:49","guid":{"rendered":"https:\/\/www.moskito.cz\/?post_type=product&#038;p=201731"},"modified":"2025-05-07T10:35:16","modified_gmt":"2025-05-07T09:35:16","slug":"zaviraci-nuz-crkt-hammond-cruiser-3","status":"publish","type":"product","link":"https:\/\/www.moskito.cz\/it\/produkt\/zaviraci-nuz-crkt-hammond-cruiser-3\/","title":{"rendered":"Zav\u00edrac\u00ed N\u016f\u017e CRKT Hammond Cruiser"},"content":{"rendered":"<div class=\"flex-1 overflow-hidden @container\/thread\">\n<div class=\"h-full\">\n<div class=\"react-scroll-to-bottom--css-vxybp-79elbk h-full\">\n<div class=\"react-scroll-to-bottom--css-vxybp-1n7m0yu\">\n<div class=\"flex flex-col text-sm md:pb-9\">\n<article class=\"w-full scroll-mb-[var(--thread-trailing-height,150px)] text-token-text-primary focus-visible:outline-2 focus-visible:outline-offset-[-4px]\" dir=\"auto\" data-testid=\"conversation-turn-395\" data-scroll-anchor=\"true\">\n<div class=\"m-auto text-base py-[18px] px-3 md:px-4 w-full md:px-5 lg:px-4 xl:px-5\">\n<div class=\"mx-auto flex flex-1 gap-4 text-base md:gap-5 lg:gap-6 md:max-w-3xl\">\n<div class=\"group\/conversation-turn relative flex w-full min-w-0 flex-col agent-turn\">\n<div class=\"flex-col gap-1 md:gap-3\">\n<div class=\"flex max-w-full flex-col flex-grow\">\n<div class=\"min-h-8 text-message flex w-full flex-col items-end gap-2 whitespace-normal break-words text-start [.text-message+&amp;]:mt-5\" dir=\"auto\" data-message-author-role=\"assistant\" data-message-id=\"7c87ce9b-ad15-41bb-b227-8b9f1fe9db7c\" data-message-model-slug=\"gpt-4o-mini\">\n<div class=\"flex w-full flex-col gap-1 empty:hidden first:pt-[3px]\">\n<div class=\"markdown prose w-full break-words dark:prose-invert light\">\n<p><strong>Zav\u00edrac\u00ed N\u016f\u017e CRKT Hammond Cruiser<\/strong> je robustn\u00ed a v\u00fdkonn\u00fd n\u016f\u017e navr\u017een\u00fd pro ka\u017edodenn\u00ed pou\u017eit\u00ed. S jeho <strong>silnou konstrukc\u00ed<\/strong> a <strong>ergonomick\u00fdm designem<\/strong> je ide\u00e1ln\u00ed volbou pro ka\u017ed\u00e9ho, kdo pot\u0159ebuje spolehliv\u00fd n\u00e1stroj na b\u011b\u017en\u00e9 \u00fakoly nebo outdoorov\u00e9 aktivity.<\/p>\n<h3>Kl\u00ed\u010dov\u00e9 vlastnosti <strong>CRKT Hammond Cruiser<\/strong>:<\/h3>\n<ol>\n<li><strong>Kvalitn\u00ed \u010depel<\/strong>:\n<ul>\n<li><strong>Ocel 8Cr14MoV<\/strong> je zn\u00e1m\u00e1 pro svou <strong>vysokou odolnost<\/strong> a <strong>dobr\u00e9 vlastnosti p\u0159i ost\u0159en\u00ed<\/strong>. D\u00edky tvrdosti <strong>58-59 HRC<\/strong> je \u010depel dostate\u010dn\u011b pevn\u00e1 pro ka\u017edodenn\u00ed \u0159ez\u00e1n\u00ed, ale z\u00e1rove\u0148 snadno ost\u0159iteln\u00e1.<\/li>\n<li><strong>D\u00e9lka \u010depele:<\/strong> 95,3 mm, co\u017e d\u00e1v\u00e1 no\u017ei vyv\u00e1\u017eenou d\u00e9lku pro \u0161irokou \u0161k\u00e1lu \u00fakol\u016f.<\/li>\n<\/ul>\n<\/li>\n<li><strong>Ergonomick\u00e1 rukoje\u0165<\/strong>:\n<ul>\n<li><strong>Materi\u00e1l st\u0159enky:<\/strong> <strong>Zytel<\/strong> \u2014 odoln\u00fd plast, kter\u00fd je lehk\u00fd a odoln\u00fd v\u016f\u010di n\u00e1raz\u016fm. Tento materi\u00e1l poskytuje pohodln\u00fd \u00fachop i p\u0159i del\u0161\u00edm pou\u017e\u00edv\u00e1n\u00ed, co\u017e \u010din\u00ed n\u016f\u017e velmi praktick\u00fdm pro ka\u017edodenn\u00ed no\u0161en\u00ed.<\/li>\n<\/ul>\n<\/li>\n<li><strong>Komfortn\u00ed velikost<\/strong>:\n<ul>\n<li><strong>D\u00e9lka v zav\u0159en\u00e9m stavu:<\/strong> 133,4 mm, co\u017e je ide\u00e1ln\u00ed pro pohodln\u00e9 p\u0159en\u00e1\u0161en\u00ed v kapse nebo ta\u0161ce. N\u016f\u017e se snadno schov\u00e1 a je kompaktn\u00ed pro ka\u017edodenn\u00ed no\u0161en\u00ed.<\/li>\n<li><strong>Hmotnost:<\/strong> 178,60 g, co\u017e je ide\u00e1ln\u00ed v\u00e1ha pro pevn\u00fd, ale st\u00e1le p\u0159enosn\u00fd n\u016f\u017e. Nen\u00ed p\u0159\u00edli\u0161 t\u011b\u017ek\u00fd, ale z\u00e1rove\u0148 p\u016fsob\u00ed robustn\u011b v ruce.<\/li>\n<\/ul>\n<\/li>\n<li><strong>Design a kvalita CRKT<\/strong>:\n<ul>\n<li><strong>CRKT<\/strong> (Columbia River Knife and Tool) je renomovan\u00fd v\u00fdrobce, kter\u00fd se zam\u011b\u0159uje na v\u00fdrobu kvalitn\u00edch no\u017e\u016f a n\u00e1stroj\u016f. Tento model je sou\u010d\u00e1st\u00ed jejich filozofie, kter\u00e1 klade d\u016fraz na <strong>inovaci a integritu<\/strong>.<\/li>\n<\/ul>\n<\/li>\n<\/ol>\n<h3>Specifikace:<\/h3>\n<ul>\n<li><strong>Hmotnost:<\/strong> 178,60 g<\/li>\n<li><strong>D\u00e9lka v zav\u0159en\u00e9m stavu:<\/strong> 133,4 mm<\/li>\n<li><strong>D\u00e9lka \u010depele:<\/strong> 95,3 mm<\/li>\n<li><strong>Ocel:<\/strong> 8Cr14MoV<\/li>\n<li><strong>Tvrdost:<\/strong> 58-59 HRC<\/li>\n<li><strong>Materi\u00e1l st\u0159enky:<\/strong> Zytel<\/li>\n<\/ul>\n<h3>Z\u00e1v\u011br:<\/h3>\n<p><strong>CRKT Hammond Cruiser<\/strong> je skv\u011blou volbou pro ty, kte\u0159\u00ed hledaj\u00ed <strong>spolehliv\u00fd<\/strong> a <strong>v\u00fdkonn\u00fd n\u016f\u017e<\/strong> s kvalitn\u00ed \u010depel\u00ed, <strong>ergonomickou rukojet\u00ed<\/strong> a <strong>kompaktn\u00ed velikost\u00ed<\/strong>. D\u00edky vysoce kvalitn\u00ed oceli a odoln\u00e9 rukojeti je ide\u00e1ln\u00ed pro ka\u017edodenn\u00ed no\u0161en\u00ed a pou\u017eit\u00ed p\u0159i r\u016fzn\u00fdch \u00fakolech, od b\u011b\u017en\u00e9ho \u0159ez\u00e1n\u00ed po outdoorov\u00e9 aktivity. Tento n\u016f\u017e nab\u00edz\u00ed <strong>vynikaj\u00edc\u00ed pom\u011br cena\/v\u00fdkon<\/strong> a je v\u00fdbornou volbou pro v\u0161echny, kdo hledaj\u00ed praktick\u00fd, kvalitn\u00ed n\u016f\u017e na ka\u017ed\u00fd den.<\/p>\n<\/div>\n<\/div>\n<\/div>\n<\/div>\n<div class=\"mb-2 flex gap-3 empty:hidden -ml-2\">\n<div class=\"items-center justify-start rounded-xl p-1 flex\">\n<div class=\"flex items-center\"><\/div>\n<\/div>\n<\/div>\n<div class=\"pr-2 lg:pr-0\"><\/div>\n<\/div>\n<\/div>\n<\/div>\n<\/div>\n<\/article>\n<\/div>\n<\/div>\n<\/div>\n<\/div>\n<\/div>\n","protected":false},"excerpt":{"rendered":"<div class=\"flex max-w-full flex-col flex-grow\">\n<div class=\"min-h-8 text-message flex w-full flex-col items-end gap-2 whitespace-normal break-words text-start [.text-message+&amp;]:mt-5\" dir=\"auto\" data-message-author-role=\"assistant\" data-message-id=\"7c87ce9b-ad15-41bb-b227-8b9f1fe9db7c\" data-message-model-slug=\"gpt-4o-mini\">\n<div class=\"flex w-full flex-col gap-1 empty:hidden first:pt-[3px]\">\n<div class=\"markdown prose w-full break-words dark:prose-invert light\">\n<p><strong>CRKT Hammond Cruiser je skv\u011blou volbou pro ty, kte\u0159\u00ed hledaj\u00ed spolehliv\u00fd a v\u00fdkonn\u00fd n\u016f\u017e s kvalitn\u00ed \u010depel\u00ed, ergonomickou rukojet\u00ed a kompaktn\u00ed velikost\u00ed. D\u00edky vysoce kvalitn\u00ed oceli a odoln\u00e9 rukojeti je ide\u00e1ln\u00ed pro ka\u017edodenn\u00ed no\u0161en\u00ed a pou\u017eit\u00ed p\u0159i r\u016fzn\u00fdch \u00fakolech, od b\u011b\u017en\u00e9ho \u0159ez\u00e1n\u00ed po outdoorov\u00e9 aktivity. Tento n\u016f\u017e nab\u00edz\u00ed vynikaj\u00edc\u00ed pom\u011br cena\/v\u00fdkon a je v\u00fdbornou volbou pro v\u0161echny, kdo hledaj\u00ed praktick\u00fd, kvalitn\u00ed n\u016f\u017e na ka\u017ed\u00fd den.<\/strong><\/p>\n<\/div>\n<\/div>\n<\/div>\n<\/div>\n<div class=\"mb-2 flex gap-3 empty:hidden -ml-2\">\n<div class=\"items-center justify-start rounded-xl p-1 flex\">\n<div class=\"flex items-center\"><\/div>\n<\/div>\n<\/div>\n","protected":false},"featured_media":201732,"comment_status":"open","ping_status":"closed","template":"","meta":[],"pwb-brand":[209],"product_brand":[],"product_cat":[22,17],"product_tag":[3667],"class_list":{"0":"post-201731","1":"product","2":"type-product","3":"status-publish","4":"has-post-thumbnail","6":"pwb-brand-crkt","7":"product_cat-zaviraci-noze","8":"product_cat-noze","9":"product_tag-b2b","11":"first","12":"outofstock","13":"taxable","14":"shipping-taxable","15":"purchasable","16":"product-type-simple"},"brands":[{"id":209,"name":"CRKT","slug":"crkt"}],"_links":{"self":[{"href":"https:\/\/www.moskito.cz\/it\/wp-json\/wp\/v2\/product\/201731","targetHints":{"allow":["GET"]}}],"collection":[{"href":"https:\/\/www.moskito.cz\/it\/wp-json\/wp\/v2\/product"}],"about":[{"href":"https:\/\/www.moskito.cz\/it\/wp-json\/wp\/v2\/types\/product"}],"replies":[{"embeddable":true,"href":"https:\/\/www.moskito.cz\/it\/wp-json\/wp\/v2\/comments?post=201731"}],"wp:featuredmedia":[{"embeddable":true,"href":"https:\/\/www.moskito.cz\/it\/wp-json\/wp\/v2\/media\/201732"}],"wp:attachment":[{"href":"https:\/\/www.moskito.cz\/it\/wp-json\/wp\/v2\/media?parent=201731"}],"wp:term":[{"taxonomy":"pwb-brand","embeddable":true,"href":"https:\/\/www.moskito.cz\/it\/wp-json\/wp\/v2\/pwb-brand?post=201731"},{"taxonomy":"product_brand","embeddable":true,"href":"https:\/\/www.moskito.cz\/it\/wp-json\/wp\/v2\/product_brand?post=201731"},{"taxonomy":"product_cat","embeddable":true,"href":"https:\/\/www.moskito.cz\/it\/wp-json\/wp\/v2\/product_cat?post=201731"},{"taxonomy":"product_tag","embeddable":true,"href":"https:\/\/www.moskito.cz\/it\/wp-json\/wp\/v2\/product_tag?post=201731"}],"curies":[{"name":"wp","href":"https:\/\/api.w.org\/{rel}","templated":true}]}}