{"id":202946,"date":"2021-08-10T20:38:35","date_gmt":"2021-08-10T19:38:35","guid":{"rendered":"https:\/\/www.moskito.cz\/?post_type=product&#038;p=202946"},"modified":"2025-05-07T10:35:28","modified_gmt":"2025-05-07T09:35:28","slug":"zaviraci-nuz-weknife-kitefin-2","status":"publish","type":"product","link":"https:\/\/www.moskito.cz\/it\/produkt\/zaviraci-nuz-weknife-kitefin-2\/","title":{"rendered":"Zav\u00edrac\u00ed N\u016f\u017e WEKNIFE Kitefin"},"content":{"rendered":"<p>Zav\u00edrac\u00ed N\u016f\u017e <strong>WEKNIFE<\/strong> Kitefin.<\/p>\n<p>N\u00e1zev modelu: Kitefin<\/p>\n<p>Celkov\u00e1 d\u00e9lka: 7,49 &#8221; \/ 190,2 mm<\/p>\n<p>D\u00e9lka \u010depele: 3,24 &#8221; \/ 82,2 mm<\/p>\n<p>Zav\u0159en\u00e1 d\u00e9lka: 4,25 &#8221; \/ 108 mm<\/p>\n<p>Tlou\u0161\u0165ka \u010depele: 0,1 &#8221; \/ 2,6 mm<\/p>\n<p>Tlou\u0161\u0165ka rukojeti: 0,4 palce \/ 10,1 mm<\/p>\n<p>Hmotnost: 2,35 oz \/ 66,7 g<\/p>\n<p>Materi\u00e1l \u010depele: CPM S35VN<\/p>\n<p>Tvrdost \u010depele: 59-61HRC<\/p>\n<p>Blade Grind: dut\u00fd<\/p>\n<p>Povrchov\u00e1 \u00faprava \u010depele: le\u0161t\u011bn\u00fd kor\u00e1lek<\/p>\n<p>Materi\u00e1l rukojeti: Skartovan\u00e1 prezentace z uhl\u00edkov\u00fdch vl\u00e1ken \/ 6AL4V Titanov\u00e1 strana z\u00e1mku<\/p>\n<p>Barva rukojeti\/povrchov\u00e1 \u00faprava: \u010dern\u00e1, \u0161ed\u00e1<\/p>\n<p>Zadn\u00ed distan\u010dn\u00ed materi\u00e1l: 6AL4V titan<\/p>\n<p>Zadn\u00ed mezikus Barva\/povrchov\u00e1 \u00faprava: \u0160ed\u00e1<\/p>\n<p>Kapesn\u00ed klip: Tip-Up, no\u0161en\u00ed vpravo<\/p>\n<p>Materi\u00e1l klipu: Flamed 6AL4V Titanium<\/p>\n<p>Materi\u00e1l \u0161roub\u016f: 6AL4V titan<\/p>\n<p>Sestava \u010depu: Keramick\u00e9 kuli\u010dkov\u00e9 lo\u017eisko s klec\u00ed<\/p>\n<p>Mechanismus zamyk\u00e1n\u00ed: Z\u00e1mek r\u00e1mu<\/p>\n<p>Design\u00e9r: WE KNIFE<\/p>\n<p>Spole\u010dnost <strong>WE Knife<\/strong> Co., Ltd. (WE), byla zalo\u017een\u00e1 v roce 2000, aby poskytovala OEM v\u00fdrobn\u00ed slu\u017eby n\u011bkter\u00fdm z p\u0159edn\u00edch jmen v no\u017e\u00ed\u0159sk\u00e9m pr\u016fmyslu, se brzy rozrostla v jednoho z nejv\u011bt\u0161\u00edch \u010d\u00ednsk\u00fdch v\u00fdrobc\u016f kvalitn\u00edch no\u017e\u016f a n\u00e1stroj\u016f.<\/p>\n<p>S vyu\u017eit\u00edm na\u0161ich znalost\u00ed a zku\u0161enost\u00ed OEM s na\u0161\u00ed histori\u00ed a pov\u011bst\u00ed p\u0159i poskytov\u00e1n\u00ed vysoce kvalitn\u00edch produkt\u016f byla zna\u010dka a produktov\u00e1 \u0159ada WE Knife p\u016fvodn\u011b uvedena na trh v roce 2016 a pot\u00e9 n\u00e1sledovala nep\u0159etr\u017eit\u00fd a st\u00e1l\u00fd proud \u010derstv\u00fdch a inovativn\u00edch design\u016f.<\/p>\n<p>A\u0165 u\u017e je generov\u00e1n na\u0161\u00edm intern\u00edm t\u00fdmem v\u00fdzkumu a v\u00fdvoje nebo spole\u010dn\u00fdm \u00fasil\u00edm s pr\u016fmyslovou ikonou, ka\u017ed\u00fd design WE Knife je vyroben ze \u0161pi\u010dkov\u00fdch materi\u00e1l\u016f, nejnov\u011bj\u0161\u00ed v\u00fdrobn\u00ed technologie a pe\u010dliv\u00e9 a nekompromisn\u00ed kontroly kvality.<\/p>\n<p>Filozofie WE v\u017edy kladla kvalitu produkt\u016f jako \u017eivot zna\u010dky a inovace designu jako hnac\u00ed s\u00edlu jej\u00edho r\u016fstu. Na\u0161\u00edm c\u00edlem je poskytnout na\u0161im z\u00e1kazn\u00edk\u016fm hodnotu a hrdost na vlastnictv\u00ed produkt\u016f, kter\u00e9 dob\u0159e vypadaj\u00ed, dob\u0159e funguj\u00ed a je radost je pou\u017e\u00edvat.<\/p>\n<p>Na\u0161i filozofii, c\u00edl a pov\u011bst lze nejl\u00e9pe popsat a shrnout podle hesla spole\u010dnosti WE:\u201cMADE BETTER\u201d.<\/p>\n","protected":false},"excerpt":{"rendered":"<p>Spole\u010dnost\u00a0<strong>WE Knife<\/strong>\u00a0p\u016fsob\u00ed na trhu ji\u017e v\u00edce ne\u017e 20 let a po celou dobu vyr\u00e1b\u00ed nejkvalitn\u011bj\u0161\u00ed a nejrozmanit\u011bj\u0161\u00ed no\u017ee.<\/p>\n","protected":false},"featured_media":202947,"comment_status":"open","ping_status":"closed","template":"","meta":[],"pwb-brand":[1819],"product_brand":[],"product_cat":[22,17],"product_tag":[],"class_list":{"0":"post-202946","1":"product","2":"type-product","3":"status-publish","4":"has-post-thumbnail","6":"pwb-brand-we-knife","7":"product_cat-zaviraci-noze","8":"product_cat-noze","10":"first","11":"instock","12":"taxable","13":"shipping-taxable","14":"purchasable","15":"product-type-simple"},"brands":[{"id":1819,"name":"WE Knife","slug":"we-knife"}],"_links":{"self":[{"href":"https:\/\/www.moskito.cz\/it\/wp-json\/wp\/v2\/product\/202946","targetHints":{"allow":["GET"]}}],"collection":[{"href":"https:\/\/www.moskito.cz\/it\/wp-json\/wp\/v2\/product"}],"about":[{"href":"https:\/\/www.moskito.cz\/it\/wp-json\/wp\/v2\/types\/product"}],"replies":[{"embeddable":true,"href":"https:\/\/www.moskito.cz\/it\/wp-json\/wp\/v2\/comments?post=202946"}],"wp:featuredmedia":[{"embeddable":true,"href":"https:\/\/www.moskito.cz\/it\/wp-json\/wp\/v2\/media\/202947"}],"wp:attachment":[{"href":"https:\/\/www.moskito.cz\/it\/wp-json\/wp\/v2\/media?parent=202946"}],"wp:term":[{"taxonomy":"pwb-brand","embeddable":true,"href":"https:\/\/www.moskito.cz\/it\/wp-json\/wp\/v2\/pwb-brand?post=202946"},{"taxonomy":"product_brand","embeddable":true,"href":"https:\/\/www.moskito.cz\/it\/wp-json\/wp\/v2\/product_brand?post=202946"},{"taxonomy":"product_cat","embeddable":true,"href":"https:\/\/www.moskito.cz\/it\/wp-json\/wp\/v2\/product_cat?post=202946"},{"taxonomy":"product_tag","embeddable":true,"href":"https:\/\/www.moskito.cz\/it\/wp-json\/wp\/v2\/product_tag?post=202946"}],"curies":[{"name":"wp","href":"https:\/\/api.w.org\/{rel}","templated":true}]}}