{"id":204491,"date":"2021-08-19T21:00:52","date_gmt":"2021-08-19T20:00:52","guid":{"rendered":"https:\/\/www.moskito.cz\/?post_type=product&#038;p=204491"},"modified":"2025-05-07T10:35:36","modified_gmt":"2025-05-07T09:35:36","slug":"zaviraci-nuz-extrema-ratio-mf2-black","status":"publish","type":"product","link":"https:\/\/www.moskito.cz\/it\/produkt\/zaviraci-nuz-extrema-ratio-mf2-black\/","title":{"rendered":"Zav\u00edrac\u00ed N\u016f\u017e Extrema Ratio MF2 BLACK"},"content":{"rendered":"<p>Zav\u00edrac\u00ed N\u016f\u017e <strong>Extrema Ratio<\/strong> MF2 BLACK.<\/p>\n<p>U modelu MF2 \u010din\u00ed dvojit\u00fd kryt rukoje\u0165 extr\u00e9mn\u011b stabiln\u00ed a naprosto zabra\u0148uje sklouznut\u00ed ruky po \u010depeli. Chr\u00e1ni\u010d \u010depele umo\u017e\u0148uje rychl\u00e9 otev\u0159en\u00ed, pokud je ovl\u00e1d\u00e1n tlakem proveden\u00fdm ukazov\u00e1\u010dkem dr\u017een\u00ed ruky. Verze MF2 ORDINANZA COL MOSCHIN je verze z\u00edskan\u00e1 9. rgt. V\u00fdsadk\u00e1\u0159i &#8220;&#8221; Col Moschin &#8220;&#8221;, le\u0161t\u011bn\u00fd, s plukem, p\u0159\u00edpad vyryt\u00fd v ABS. K dispozici ve verz\u00edch MF2 BLACK, MF2 BLACK ROUGH, MF2 DESERT WARFARE, MF2 ORDINANZA COL MOSCHIN.<br \/>\n\u00daDAJE<br \/>\nHmotnost g.:194<br \/>\nHmotnost oz.:6.8<br \/>\nD\u00e9lka \u010depele (mm):113<br \/>\nD\u00e9lka \u010depele (palce):4.4<br \/>\nCelkov\u00e1 d\u00e9lka (mm):265<br \/>\nCelkov\u00e1 d\u00e9lka (palce):10.4<br \/>\nTlou\u0161\u0165ka \u010depele (mm):4<br \/>\nTlou\u0161\u0165ka \u010depele (palce):0,16<br \/>\nMateri\u00e1l \u010depele:B\u00f6HLER N690 STEEL (58HRC)<br \/>\nPovrchov\u00e1 \u00faprava \u010depele:HO\u0158EN\u00cd MIL-C-13924<br \/>\nZaoblen\u00ed \u010depele:PLOCH\u00dd<br \/>\nMateri\u00e1l rukojeti:ANODIZOVAN\u00dd ANTIKOROD\u00c1LN\u00cd HLIN\u00cdK<\/p>\n","protected":false},"excerpt":{"rendered":"<p>Spole\u010dnost\u00a0<strong>Extrema Ratio<\/strong>\u00a0se s\u00eddlem v italsk\u00e9m Pratu navrhuje a vyr\u00e1b\u00ed vysoce v\u00fdkonn\u00e9 bojov\u00e9, vojensk\u00e9, kuchy\u0148sk\u00e9, loveck\u00e9 a taktick\u00e9 no\u017ee od roku 1997 a m\u00e1 pov\u011bst vynikaj\u00edc\u00ed kvality, kter\u00e1 je v oboru vojensk\u00fdch a taktick\u00fdch no\u017e\u016f nep\u0159ekonateln\u00e1.\u00a0<strong>Doprava zdarma.<\/strong><\/p>\n","protected":false},"featured_media":204492,"comment_status":"open","ping_status":"closed","template":"","meta":[],"pwb-brand":[267],"product_brand":[],"product_cat":[22,17],"product_tag":[3667],"class_list":{"0":"post-204491","1":"product","2":"type-product","3":"status-publish","4":"has-post-thumbnail","6":"pwb-brand-extrema-ratio","7":"product_cat-zaviraci-noze","8":"product_cat-noze","9":"product_tag-b2b","11":"first","12":"instock","13":"taxable","14":"shipping-taxable","15":"purchasable","16":"product-type-simple"},"brands":[{"id":267,"name":"Extrema Ratio","slug":"extrema-ratio"}],"_links":{"self":[{"href":"https:\/\/www.moskito.cz\/it\/wp-json\/wp\/v2\/product\/204491","targetHints":{"allow":["GET"]}}],"collection":[{"href":"https:\/\/www.moskito.cz\/it\/wp-json\/wp\/v2\/product"}],"about":[{"href":"https:\/\/www.moskito.cz\/it\/wp-json\/wp\/v2\/types\/product"}],"replies":[{"embeddable":true,"href":"https:\/\/www.moskito.cz\/it\/wp-json\/wp\/v2\/comments?post=204491"}],"wp:featuredmedia":[{"embeddable":true,"href":"https:\/\/www.moskito.cz\/it\/wp-json\/wp\/v2\/media\/204492"}],"wp:attachment":[{"href":"https:\/\/www.moskito.cz\/it\/wp-json\/wp\/v2\/media?parent=204491"}],"wp:term":[{"taxonomy":"pwb-brand","embeddable":true,"href":"https:\/\/www.moskito.cz\/it\/wp-json\/wp\/v2\/pwb-brand?post=204491"},{"taxonomy":"product_brand","embeddable":true,"href":"https:\/\/www.moskito.cz\/it\/wp-json\/wp\/v2\/product_brand?post=204491"},{"taxonomy":"product_cat","embeddable":true,"href":"https:\/\/www.moskito.cz\/it\/wp-json\/wp\/v2\/product_cat?post=204491"},{"taxonomy":"product_tag","embeddable":true,"href":"https:\/\/www.moskito.cz\/it\/wp-json\/wp\/v2\/product_tag?post=204491"}],"curies":[{"name":"wp","href":"https:\/\/api.w.org\/{rel}","templated":true}]}}