{"id":204495,"date":"2021-08-19T21:14:37","date_gmt":"2021-08-19T20:14:37","guid":{"rendered":"https:\/\/www.moskito.cz\/?post_type=product&#038;p=204495"},"modified":"2026-03-24T10:20:57","modified_gmt":"2026-03-24T09:20:57","slug":"zaviraci-nuz-extrema-ratio-mf1-desert-warfare","status":"publish","type":"product","link":"https:\/\/www.moskito.cz\/it\/produkt\/zaviraci-nuz-extrema-ratio-mf1-desert-warfare\/","title":{"rendered":"Zav\u00edrac\u00ed N\u016f\u017e Extrema Ratio MF1 DESERT WARFARE"},"content":{"rendered":"<p>Zav\u00edrac\u00ed N\u016f\u017e <strong>Extrema Ratio<\/strong> MF1 DESERT WARFARE.<\/p>\n<p>MF je zkratka pro Medium Folder. Tato \u0159ada no\u017e\u016f se hod\u00ed mezi s\u00e9rii Basic Folders a Heavy Folders. Typick\u00fdm mechanismem \u0159ady je LINER-LOCK. Celkov\u00e1 struktura je robustn\u00ed. V\u0161echny no\u017ee \u0159ady MF maj\u00ed zadn\u00ed rozbit\u00ed skla. Vyzna\u010duj\u00ed se tak\u00e9 inovac\u00ed \u0161roubu proti se\u0159\u00edzen\u00ed proti \u010depu pro upevn\u011bn\u00ed \u010depele. Odstran\u011bn\u00edm proti\u0161roubu je mo\u017en\u00e9 podle pot\u0159eby ut\u00e1hnout nebo povolit centr\u00e1ln\u00ed \u010dep, aby se z\u00edskala po\u017eadovan\u00e1 tekutost otev\u0159en\u00ed. K zaji\u0161t\u011bn\u00ed se\u0159\u00edzen\u00ed posta\u010d\u00ed op\u011btovn\u00e9 zaji\u0161t\u011bn\u00ed \u010depov\u00e9ho \u0161roubu proti\u0161roubem. Polokulov\u00e9 dr\u00e1\u017eky na rukojet\u00edch usnad\u0148uj\u00ed zm\u011bnu \u00fachopu z \u201e\u0161avlov\u00e9ho \u00fachopu\u201c na \u201eobr\u00e1cen\u00fd \u00fachop\u201c. Klip je reverzibiln\u00ed. Verze BC (Belt Cutter) je vybavena zadn\u00ed \u0159eza\u010dkou p\u00e1su se snadno dostupnou a vym\u011bnitelnou \u010depel\u00ed pr\u016fmyslov\u00e9 \u0159eza\u010dky. Krom\u011b toho je uvnit\u0159 rukojeti ploch\u00fd \u0161roubov\u00e1k, kter\u00fd umo\u017e\u0148uje nastaven\u00ed a kalibraci optiky st\u0159eln\u00e9 zbran\u011b. K dispozici ve verz\u00edch MF1 BLACK, MF1 BLACK ROUGH, MF1 DESERT WARFARE, MF1 BC BLACK, MF1 BC BLACK ROUGH, MF1 BC DESERT WARFARE.<br \/>\n\u00daDAJE<br \/>\nHmotnost g.:166<br \/>\nHmotnost oz.:5.9<br \/>\nD\u00e9lka \u010depele (mm):devades\u00e1t dva<br \/>\nD\u00e9lka \u010depele (palce):3.6<br \/>\nCelkov\u00e1 d\u00e9lka (mm):227<br \/>\nCelkov\u00e1 d\u00e9lka (palce):8.9<br \/>\nTlou\u0161\u0165ka \u010depele (mm):4<br \/>\nTlou\u0161\u0165ka \u010depele (palce):0,16<br \/>\nMateri\u00e1l \u010depele:B\u00f6HLER N690 STEEL (58HRC)<br \/>\nPovrchov\u00e1 \u00faprava \u010depele:DESERT WARFARE LASER Grav\u00edrov\u00e1n\u00ed<br \/>\nZaoblen\u00ed \u010depele:PLOCH\u00dd<br \/>\nMateri\u00e1l rukojeti:ANODIZOVAN\u00dd ANTIKOROD\u00c1LN\u00cd HLIN\u00cdK<\/p>\n","protected":false},"excerpt":{"rendered":"<p>Spole\u010dnost\u00a0<strong>Extrema Ratio<\/strong>\u00a0se s\u00eddlem v italsk\u00e9m Pratu navrhuje a vyr\u00e1b\u00ed vysoce v\u00fdkonn\u00e9 bojov\u00e9, vojensk\u00e9, kuchy\u0148sk\u00e9, loveck\u00e9 a taktick\u00e9 no\u017ee od roku 1997 a m\u00e1 pov\u011bst vynikaj\u00edc\u00ed kvality, kter\u00e1 je v oboru vojensk\u00fdch a taktick\u00fdch no\u017e\u016f nep\u0159ekonateln\u00e1.\u00a0<strong>Doprava zdarma.<\/strong><\/p>\n","protected":false},"featured_media":204496,"comment_status":"open","ping_status":"closed","template":"","meta":[],"pwb-brand":[267],"product_brand":[],"product_cat":[22,17],"product_tag":[3667],"class_list":{"0":"post-204495","1":"product","2":"type-product","3":"status-publish","4":"has-post-thumbnail","6":"pwb-brand-extrema-ratio","7":"product_cat-zaviraci-noze","8":"product_cat-noze","9":"product_tag-b2b","11":"first","12":"outofstock","13":"taxable","14":"shipping-taxable","15":"purchasable","16":"product-type-simple"},"brands":[{"id":267,"name":"Extrema Ratio","slug":"extrema-ratio"}],"_links":{"self":[{"href":"https:\/\/www.moskito.cz\/it\/wp-json\/wp\/v2\/product\/204495","targetHints":{"allow":["GET"]}}],"collection":[{"href":"https:\/\/www.moskito.cz\/it\/wp-json\/wp\/v2\/product"}],"about":[{"href":"https:\/\/www.moskito.cz\/it\/wp-json\/wp\/v2\/types\/product"}],"replies":[{"embeddable":true,"href":"https:\/\/www.moskito.cz\/it\/wp-json\/wp\/v2\/comments?post=204495"}],"wp:featuredmedia":[{"embeddable":true,"href":"https:\/\/www.moskito.cz\/it\/wp-json\/wp\/v2\/media\/204496"}],"wp:attachment":[{"href":"https:\/\/www.moskito.cz\/it\/wp-json\/wp\/v2\/media?parent=204495"}],"wp:term":[{"taxonomy":"pwb-brand","embeddable":true,"href":"https:\/\/www.moskito.cz\/it\/wp-json\/wp\/v2\/pwb-brand?post=204495"},{"taxonomy":"product_brand","embeddable":true,"href":"https:\/\/www.moskito.cz\/it\/wp-json\/wp\/v2\/product_brand?post=204495"},{"taxonomy":"product_cat","embeddable":true,"href":"https:\/\/www.moskito.cz\/it\/wp-json\/wp\/v2\/product_cat?post=204495"},{"taxonomy":"product_tag","embeddable":true,"href":"https:\/\/www.moskito.cz\/it\/wp-json\/wp\/v2\/product_tag?post=204495"}],"curies":[{"name":"wp","href":"https:\/\/api.w.org\/{rel}","templated":true}]}}