{"id":204634,"date":"2021-08-21T17:00:20","date_gmt":"2021-08-21T16:00:20","guid":{"rendered":"https:\/\/www.moskito.cz\/?post_type=product&#038;p=204634"},"modified":"2025-05-07T10:35:40","modified_gmt":"2025-05-07T09:35:40","slug":"vystrelovaci-nuz-microtech-combat-troodon-bronze-apocalyptic-142-13apcfs","status":"publish","type":"product","link":"https:\/\/www.moskito.cz\/it\/produkt\/vystrelovaci-nuz-microtech-combat-troodon-bronze-apocalyptic-142-13apcfs\/","title":{"rendered":"Vyst\u0159elovac\u00ed N\u016f\u017e Microtech Combat Troodon Bronze Apocalyptic 142-13APCFS"},"content":{"rendered":"<p>Vyst\u0159elovac\u00ed N\u016f\u017e Microtech <strong>Combat Troodon<\/strong> Bronze Apocalyptic 142-13APCFS.<\/p>\n<p>V pr\u016fb\u011bhu let Microtech\u00ae Knives naplnil v\u00e1\u0161n\u00ed a dovednost\u00ed v\u00fdrobu no\u017e\u016f, a\u017e z nich vytvo\u0159il t\u00e9m\u011b\u0159 um\u011bleck\u00e1 d\u00edla,<br \/>\nkter\u00e9 jsou vrcholem funk\u010dnosti. I nad\u00e1le posouv\u00e1 hranice a zlep\u0161uje to,<br \/>\nco ji\u017e v\u00ed, \u017ee funguje. V roce 2020 se Microtech\u00ae Knives rozrostl na p\u0159edn\u00ed no\u017e\u00ed\u0159skou<br \/>\nzna\u010dku, kter\u00e1 se neust\u00e1le vyv\u00edj\u00ed a pohybuje vp\u0159ed pomoc\u00ed nejnov\u011bj\u0161\u00edch technologi\u00ed,<br \/>\nstarod\u00e1vn\u00fdch z\u00e1sad p\u0159i v\u00fdrob\u011b \u010depel\u00ed a maxim\u00e1ln\u00edho testov\u00e1n\u00ed v ter\u00e9nu, tak aby nekompromitovali kvalitu.<\/p>\n<p>Z p\u0159edu vyst\u0159elovac\u00ed n\u016f\u017e.<\/p>\n<p>Vyst\u0159elovac\u00ed N\u016f\u017e Microtech Combat Troodon\u00a0 m\u00e1 \u010depel brou\u0161enou z obou stran. Hlin\u00edkov\u00e1 rukoje\u0165 s \u010dern\u00fdmi uhl\u00edkov\u00fdmi vl\u00e1kny a kuli\u010dkov\u00fdm hrotem na rozbit\u00ed skla je z u\u0161lechtil\u00e9 oceli.<br \/>\nNejv\u011bt\u0161\u00ed v\u00fdrobn\u00ed n\u016f\u017e OTF firmy Microtech je pojmenov\u00e1n po dinosauru Troodon. Combat Troodon je opravdu velk\u00e1 verze popul\u00e1rn\u00edho Troodonu. Navzdory velikosti je rukoje\u0165 \u0161t\u00edhl\u00e1 a pohodln\u00e1.<\/p>\n<p>Celkov\u00e1 d\u00e9lka: 23.75 cm<br \/>\nD\u00e9lka \u010depele: 9.5 cm<br \/>\nMateri\u00e1l \u010depele: Vezm\u011bte pros\u00edm na v\u011bdom\u00ed, \u017ee ocelovou \u010depel nelze specifikovat, proto\u017ee se m\u016f\u017ee m\u011bnit v z\u00e1vislosti na dostupnosti (informace od spole\u010dnosti Microtech)<\/p>\n<p>Styl \u010depele: D\u00fdka<br \/>\nB\u0159itov\u00e9 desti\u010dky: Ploch\u00e9<br \/>\nD\u00e9lka rukojeti: 14.37 cm<br \/>\nTlou\u0161\u0165ka rukojeti: 1.37 cm<br \/>\nMateri\u00e1l rukojeti: hlin\u00edk s \u010dern\u00fdmi uhl\u00edkov\u00fdmi vl\u00e1kny<br \/>\nHmotnost: 5,35 oz.<br \/>\nU\u017eivatel: Prav\u00e1 ruka<br \/>\nPocket Clip: Tip-Down<br \/>\nTyp no\u017ee: Double-Action OTF Automatic<br \/>\nOtv\u00edra\u010d: Thumb Slide<br \/>\nZna\u010dka: Microtech<br \/>\nModel: Combat Troodon<\/p>\n<p>Zem\u011b p\u016fvodu: USA<\/p>\n<p>The Combat Troodon is a precision made, out-the-front tactical knife. It is 25% larger than their flagship, the Troodon. It brings the slender handle, contoured shape, radical design elements, and a sophisticated internal mechanism which improves operational functionality and reliability to a larger scale. The Combat Troodon is designed for a broad spectrum of utility and close quarter combat applications.<\/p>\n<p>Specifications<br \/>\nTroodon &#8211; &#8220;Wounding tooth&#8221;<br \/>\nAction: Dual Action Auto Fire and Retract<br \/>\nBlade Length: 3.75&#8243;<br \/>\nBlade Thickness: 0.095&#8243;<br \/>\nPlease note, blade steel cannot be specified as it can change depending on availability (information from Microtech)<br \/>\nGlass Break: Tungsten tip glass break<br \/>\nHandle: 6061-T6 Aluminum Mil-Spec Hard Coat Anodize, Black with Carbon Fiber Top<br \/>\nHandle Thickness: Sculptured Tapered Min 0.304&#8243; Max 435&#8243;<br \/>\nLength Open: 9.10&#8243;<br \/>\nLength Closed: 5.20&#8243;<br \/>\nPocket Clip: 301 Spring Tempered, Ambidextrous<br \/>\nWeight: 4.9 oz.<br \/>\nMade in the USA<\/p>\n","protected":false},"excerpt":{"rendered":"<p>V pr\u016fb\u011bhu let\u00a0<strong>Microtech\u00ae Knives<\/strong>\u00a0naplnil v\u00e1\u0161n\u00ed a dovednost\u00ed v\u00fdrobu no\u017e\u016f, a\u017e z nich vytvo\u0159il t\u00e9m\u011b\u0159 um\u011bleck\u00e1 d\u00edla,kter\u00e9 jsou vrcholem funk\u010dnosti. V\u0161echny d\u00edly jsou vyrodeny v USA.<br \/>\n<strong>Na v\u0161echny no\u017ee Microtech je do\u017eivotn\u00ed z\u00e1ruka.<\/strong><\/p>\n<p><strong>Doprava zdarma.<\/strong><\/p>\n","protected":false},"featured_media":204635,"comment_status":"open","ping_status":"closed","template":"","meta":[],"pwb-brand":[431],"product_brand":[],"product_cat":[2019,17],"product_tag":[3667],"class_list":{"0":"post-204634","1":"product","2":"type-product","3":"status-publish","4":"has-post-thumbnail","6":"pwb-brand-microtech","7":"product_cat-vystrelovaci-noze","8":"product_cat-noze","9":"product_tag-b2b","11":"first","12":"outofstock","13":"taxable","14":"shipping-taxable","15":"purchasable","16":"product-type-simple"},"brands":[{"id":431,"name":"Microtech","slug":"microtech"}],"_links":{"self":[{"href":"https:\/\/www.moskito.cz\/it\/wp-json\/wp\/v2\/product\/204634","targetHints":{"allow":["GET"]}}],"collection":[{"href":"https:\/\/www.moskito.cz\/it\/wp-json\/wp\/v2\/product"}],"about":[{"href":"https:\/\/www.moskito.cz\/it\/wp-json\/wp\/v2\/types\/product"}],"replies":[{"embeddable":true,"href":"https:\/\/www.moskito.cz\/it\/wp-json\/wp\/v2\/comments?post=204634"}],"wp:featuredmedia":[{"embeddable":true,"href":"https:\/\/www.moskito.cz\/it\/wp-json\/wp\/v2\/media\/204635"}],"wp:attachment":[{"href":"https:\/\/www.moskito.cz\/it\/wp-json\/wp\/v2\/media?parent=204634"}],"wp:term":[{"taxonomy":"pwb-brand","embeddable":true,"href":"https:\/\/www.moskito.cz\/it\/wp-json\/wp\/v2\/pwb-brand?post=204634"},{"taxonomy":"product_brand","embeddable":true,"href":"https:\/\/www.moskito.cz\/it\/wp-json\/wp\/v2\/product_brand?post=204634"},{"taxonomy":"product_cat","embeddable":true,"href":"https:\/\/www.moskito.cz\/it\/wp-json\/wp\/v2\/product_cat?post=204634"},{"taxonomy":"product_tag","embeddable":true,"href":"https:\/\/www.moskito.cz\/it\/wp-json\/wp\/v2\/product_tag?post=204634"}],"curies":[{"name":"wp","href":"https:\/\/api.w.org\/{rel}","templated":true}]}}