{"id":204741,"date":"2021-08-23T21:20:13","date_gmt":"2021-08-23T20:20:13","guid":{"rendered":"https:\/\/www.moskito.cz\/?post_type=product&#038;p=204741"},"modified":"2025-05-07T10:35:42","modified_gmt":"2025-05-07T09:35:42","slug":"zaviraci-nuz-victorinox-hunter-xs-grip-0-8331-mc9","status":"publish","type":"product","link":"https:\/\/www.moskito.cz\/it\/produkt\/zaviraci-nuz-victorinox-hunter-xs-grip-0-8331-mc9\/","title":{"rendered":"Zav\u00edrac\u00ed N\u016f\u017e Victorinox Hunter XS Grip 0.8331.MC9"},"content":{"rendered":"<p>Zav\u00edrac\u00ed N\u016f\u017e <strong>Victorinox<\/strong> Hunter XS Grip 0.8331.MC9.<\/p>\n<p>\u0160v\u00fdcarsk\u00e1 spole\u010dnost\u00a0<strong>Victorinox<\/strong>\u00a0je nejv\u011bt\u0161\u00edm v\u00fdrobcem no\u017e\u016f v Evrop\u011b. V Ibachu se ka\u017ed\u00fd den vyrob\u00ed a\u017e 34 000 \u201e\u0161v\u00fdcarsk\u00fdch d\u016fstojnick\u00fdch no\u017e\u016f\u201c, 38 000 jin\u00fdch kus\u016f kapesn\u00edho n\u00e1\u010din\u00ed a tak\u00e9 30 000 no\u017e\u016f do dom\u00e1cnost\u00ed \u010di pro v\u00fdkon nejr\u016fzn\u011bj\u0161\u00edch povol\u00e1n\u00ed.\u00a0<strong>Victorinox<\/strong>\u00a0v\u0161ak nejsou jen kapesn\u00ed no\u017ee. Py\u0161nit se m\u016f\u017ee vysokou kvalitou cestovn\u00edch zavazadel, kuchy\u0148sk\u00fdch no\u017e\u016f a \u010di parf\u00e9m\u016f. Ve sv\u00e9m odv\u011btv\u00ed m\u00e1\u00a0<strong>Victorinox<\/strong>, d\u00edky \u0161v\u00fdcarsk\u00e9 preciznosti a kvalit\u011b, v\u00fdsostn\u00ed postaven\u00ed.<\/p>\n<p>Popis produktu<br \/>\nKapesn\u00ed n\u016f\u017e Hunter XS 111 mm s pojistkou \u010depele je vybaven 5 funkcemi:<\/p>\n<p>velk\u00fd n\u016f\u017e<br \/>\nv\u00fdvrtka<br \/>\nvyvrhovac\u00ed n\u016f\u017e<br \/>\nnerezov\u00fd krou\u017eek na kl\u00ed\u010de se \u0161n\u016frkou pro snadnou manipulaci.<\/p>\n<p>&nbsp;<\/p>\n","protected":false},"excerpt":{"rendered":"<p>Loveck\u00fd n\u016f\u017e s ergonomicky tvarovanou a dvoubarevnou st\u0159enkou s protiskluzov\u00fdm povrchem pro komfortn\u011bj\u0161\u00ed dr\u017een\u00ed v ruce. O\u010dka na \u010depel\u00edch umo\u017e\u0148uj\u00ed otev\u0159en\u00ed jednou rukou. \u0158ada loveck\u00fdch no\u017e\u016f vych\u00e1z\u00ed z n\u011bkolika desetilet\u00ed spolupr\u00e1ce s myslivci.<\/p>\n","protected":false},"featured_media":204742,"comment_status":"open","ping_status":"closed","template":"","meta":[],"pwb-brand":[1175],"product_brand":[],"product_cat":[22,17],"product_tag":[],"class_list":{"0":"post-204741","1":"product","2":"type-product","3":"status-publish","4":"has-post-thumbnail","6":"pwb-brand-victorinox","7":"product_cat-zaviraci-noze","8":"product_cat-noze","10":"first","11":"outofstock","12":"taxable","13":"shipping-taxable","14":"purchasable","15":"product-type-simple"},"brands":[{"id":1175,"name":"Victorinox","slug":"victorinox"}],"_links":{"self":[{"href":"https:\/\/www.moskito.cz\/it\/wp-json\/wp\/v2\/product\/204741","targetHints":{"allow":["GET"]}}],"collection":[{"href":"https:\/\/www.moskito.cz\/it\/wp-json\/wp\/v2\/product"}],"about":[{"href":"https:\/\/www.moskito.cz\/it\/wp-json\/wp\/v2\/types\/product"}],"replies":[{"embeddable":true,"href":"https:\/\/www.moskito.cz\/it\/wp-json\/wp\/v2\/comments?post=204741"}],"wp:featuredmedia":[{"embeddable":true,"href":"https:\/\/www.moskito.cz\/it\/wp-json\/wp\/v2\/media\/204742"}],"wp:attachment":[{"href":"https:\/\/www.moskito.cz\/it\/wp-json\/wp\/v2\/media?parent=204741"}],"wp:term":[{"taxonomy":"pwb-brand","embeddable":true,"href":"https:\/\/www.moskito.cz\/it\/wp-json\/wp\/v2\/pwb-brand?post=204741"},{"taxonomy":"product_brand","embeddable":true,"href":"https:\/\/www.moskito.cz\/it\/wp-json\/wp\/v2\/product_brand?post=204741"},{"taxonomy":"product_cat","embeddable":true,"href":"https:\/\/www.moskito.cz\/it\/wp-json\/wp\/v2\/product_cat?post=204741"},{"taxonomy":"product_tag","embeddable":true,"href":"https:\/\/www.moskito.cz\/it\/wp-json\/wp\/v2\/product_tag?post=204741"}],"curies":[{"name":"wp","href":"https:\/\/api.w.org\/{rel}","templated":true}]}}