{"id":205304,"date":"2021-09-16T13:00:00","date_gmt":"2021-09-16T12:00:00","guid":{"rendered":"https:\/\/www.moskito.cz\/?post_type=product&#038;p=205304"},"modified":"2025-05-07T10:35:47","modified_gmt":"2025-05-07T09:35:47","slug":"zaviraci-nuz-sog-ultra-xr-carbon-gold","status":"publish","type":"product","link":"https:\/\/www.moskito.cz\/it\/produkt\/zaviraci-nuz-sog-ultra-xr-carbon-gold\/","title":{"rendered":"Zav\u00edrac\u00ed N\u016f\u017e SOG Ultra XR Carbon &#038; Gold"},"content":{"rendered":"<p>Zav\u00edrac\u00ed N\u016f\u017e <strong>SOG<\/strong> Ultra XR Carbon &amp; Gold.<\/p>\n<p>D\u00edky tlou\u0161\u0165ce 6,5 mm a hmotnosti pouh\u00fdch 34 gram\u016f m\u00e1 SOG Ultra XR tenk\u00fd design a lehk\u00e9 vysoce kvalitn\u00ed materi\u00e1ly, v\u010detn\u011b \u010depele CRYO CPM S35VN z nerezov\u00e9 oceli a rukojeti z uhl\u00edkov\u00fdch vl\u00e1ken. Jeho z\u00e1mek XR umo\u017e\u0148uje hladk\u00e9 oboustrann\u00e9 otev\u00edr\u00e1n\u00ed jednou rukou a bezpe\u010dn\u011b zamyk\u00e1 \u010depel otev\u0159enou. Kapesn\u00ed spona z titanu slou\u017e\u00ed z\u00e1rove\u0148 jako spona na pen\u00edze. Ka\u017edodenn\u00ed spolehlivost v ka\u017ed\u00e9 situaci.<\/p>\n<p>Celkov\u00e1 d\u00e9lka : 16 cm<br \/>\nZav\u0159en\u00e1 d\u00e9lka : 9 cm<br \/>\nD\u00e9lka \u010depele : 7 m<br \/>\nHmotnost : 1,2 oz<br \/>\nTyp z ocelov\u00e9 \u010depele : CRYO S35VN<br \/>\nMateri\u00e1l rukojeti : Uhl\u00edkov\u00e9 vl\u00e1kno<br \/>\nBarva rukojeti : \u010cern\u00e1 (uhl\u00edkov\u00e9 vl\u00e1kno)<br \/>\nDokon\u010den\u00ed : Zlat\u00fd nitrid titanu<br \/>\nMechanismus zamyk\u00e1n\u00ed : XR<br \/>\nOtev\u00edrac\u00ed mechanismus : XR, palec d\u00edra<\/p>\n<p>N\u00e1\u0161 p\u0159\u00edb\u011bh za\u010d\u00edn\u00e1 ve Vietnamu, kde \u010dlenov\u00e9 vysoce utajovan\u00e9 americk\u00e9 speci\u00e1ln\u00ed opera\u010dn\u00ed jednotky \u2013 zn\u00e1m\u00e9 jako MACV \u2013SOG \u2013 nesli jedine\u010dn\u00fd tajn\u00fd n\u016f\u017e do d\u017eungle na skryt\u00fdch mis\u00edch. O n\u011bkolik let pozd\u011bji, v roce 1986, tento n\u016f\u017e inspiroval mlad\u00e9ho n\u00e1vrh\u00e1\u0159e jm\u00e9nem Spencer Frazer, aby zalo\u017eil speci\u00e1ln\u00ed no\u017ee SOG. Jeho posl\u00e1n\u00ed: reprodukovat p\u016fvodn\u00ed n\u016f\u017e SOG Bowie a vzd\u00e1t hold speci\u00e1ln\u00ed opera\u010dn\u00ed jednotce, kter\u00e1 jej vytvo\u0159ila. To, co za\u010dalo jako jedin\u00fd pam\u011btn\u00ed model, se brzy stalo celou \u0159adou inovativn\u00edch n\u00e1stroj\u016f \u2013 osv\u011bd\u010den\u00fdch americk\u00fdmi speci\u00e1ln\u00edmi silami, dokonce ocen\u011bn\u00fdch jako vybran\u00fd n\u016f\u017e Navy SEAL. No\u017ee SOG se dnes s jistotou nos\u00ed do t\u011bch nejn\u00e1ro\u010dn\u011bj\u0161\u00edch situac\u00ed. Kovan\u00e9 z tradice, tvrzen\u00e9 v poli, pilovan\u00e9 pro v\u00e1s.<\/p>\n<p>A\u0165 u\u017e chr\u00e1n\u00edte ostatn\u00ed nebo vedete epickou loveckou expedici, \u0159e\u0161\u00edte jednu z ka\u017edodenn\u00edch \u017eivotn\u00edch v\u00fdzev nebo se pot\u00fdk\u00e1te se sv\u00fdmi dosud nejextr\u00e9mn\u011bj\u0161\u00edmi podm\u00ednkami, ud\u011blejte si cestu se SOG.<\/p>\n<p><iframe title=\"Ultra XR\" width=\"800\" height=\"450\" src=\"https:\/\/www.youtube.com\/embed\/zgwjHXNRSeE?feature=oembed\" frameborder=\"0\" allow=\"accelerometer; autoplay; clipboard-write; encrypted-media; gyroscope; picture-in-picture; web-share\" allowfullscreen><\/iframe><\/p>\n<p>&nbsp;<\/p>\n<p>&nbsp;<\/p>\n<p>&nbsp;<\/p>\n<p>&nbsp;<\/p>\n<p>At 6.5mm thick and weighing only 34 grams, the SOG Ultra XR features slimline design and lightweight high-quality materials, including a CRYO CPM S35VN stainless steel blade and carbon fiber handle. Its XR Lock enables smooth ambidextrous single-handed opening and securely locks the blade open. Titanium pocket clip doubles as a money clip. Everyday reliability in any situation.<\/p>\n<div class=\"spec-items\">\n<div class=\"measured-item spec-item\" data-uom=\"dimension\"><\/div>\n<\/div>\n<p>Overall Length<br \/>\n6.4 in<br \/>\nClosed Length<br \/>\n3.6 in<br \/>\nBlade Length<br \/>\n2.8 in<br \/>\nWeight<br \/>\n1.2 oz<br \/>\nBlade Steel Type<br \/>\nCRYO S35VN<br \/>\nBlade Thickness<br \/>\n0.08 in<br \/>\nHandle Material<br \/>\nCarbon Fiber<br \/>\nHandle Color<br \/>\nBlack (Carbon Fiber)<br \/>\nFinish<br \/>\nGold Titanium Nitride<br \/>\nLocking Mechanism<br \/>\nXR<br \/>\nOpening Mechanism<br \/>\nXR, Thumb Hole<br \/>\nCountry of Origin<br \/>\nChina<br \/>\nEdge Type<br \/>\nStraight<br \/>\nBlade Shape<br \/>\nClip Point<\/p>\n","protected":false},"excerpt":{"rendered":"<div class=\"elementor-element elementor-element-bbb542b elementor-widget elementor-widget-woocommerce-product-short-description\" data-id=\"bbb542b\" data-element_type=\"widget\" data-widget_type=\"woocommerce-product-short-description.default\">\n<div class=\"elementor-widget-container\">\n<div class=\"woocommerce-product-details__short-description\">\n<div class=\"elementor-element elementor-element-bbb542b elementor-widget elementor-widget-woocommerce-product-short-description\" data-id=\"bbb542b\" data-element_type=\"widget\" data-widget_type=\"woocommerce-product-short-description.default\">\n<div class=\"elementor-widget-container\">\n<div class=\"woocommerce-product-details__short-description\">\n<div class=\"elementor-element elementor-element-bbb542b elementor-widget elementor-widget-woocommerce-product-short-description\" data-id=\"bbb542b\" data-element_type=\"widget\" data-widget_type=\"woocommerce-product-short-description.default\">\n<div class=\"elementor-widget-container\">\n<div class=\"woocommerce-product-details__short-description\">\n<p>A\u0165 u\u017e chr\u00e1n\u00edte ostatn\u00ed nebo vedete epickou loveckou expedici, \u0159e\u0161\u00edte jednu z ka\u017edodenn\u00edch \u017eivotn\u00edch v\u00fdzev nebo se pot\u00fdk\u00e1te se sv\u00fdmi dosud nejextr\u00e9mn\u011bj\u0161\u00edmi podm\u00ednkami, ud\u011blejte si cestu se\u00a0<strong>SOG<\/strong>.<\/p>\n<p><strong>Na v\u0161echny no\u017ee SOG d\u00e1v\u00e1me do\u017eivotn\u00ed z\u00e1ruku!<\/strong><\/p>\n<\/div>\n<\/div>\n<\/div>\n<\/div>\n<\/div>\n<\/div>\n<\/div>\n<\/div>\n<\/div>\n","protected":false},"featured_media":205305,"comment_status":"open","ping_status":"closed","template":"","meta":[],"pwb-brand":[591],"product_brand":[],"product_cat":[22,17],"product_tag":[3667],"class_list":{"0":"post-205304","1":"product","2":"type-product","3":"status-publish","4":"has-post-thumbnail","6":"pwb-brand-sog","7":"product_cat-zaviraci-noze","8":"product_cat-noze","9":"product_tag-b2b","11":"first","12":"instock","13":"taxable","14":"shipping-taxable","15":"purchasable","16":"product-type-simple"},"brands":[{"id":591,"name":"SOG","slug":"sog"}],"_links":{"self":[{"href":"https:\/\/www.moskito.cz\/it\/wp-json\/wp\/v2\/product\/205304","targetHints":{"allow":["GET"]}}],"collection":[{"href":"https:\/\/www.moskito.cz\/it\/wp-json\/wp\/v2\/product"}],"about":[{"href":"https:\/\/www.moskito.cz\/it\/wp-json\/wp\/v2\/types\/product"}],"replies":[{"embeddable":true,"href":"https:\/\/www.moskito.cz\/it\/wp-json\/wp\/v2\/comments?post=205304"}],"wp:featuredmedia":[{"embeddable":true,"href":"https:\/\/www.moskito.cz\/it\/wp-json\/wp\/v2\/media\/205305"}],"wp:attachment":[{"href":"https:\/\/www.moskito.cz\/it\/wp-json\/wp\/v2\/media?parent=205304"}],"wp:term":[{"taxonomy":"pwb-brand","embeddable":true,"href":"https:\/\/www.moskito.cz\/it\/wp-json\/wp\/v2\/pwb-brand?post=205304"},{"taxonomy":"product_brand","embeddable":true,"href":"https:\/\/www.moskito.cz\/it\/wp-json\/wp\/v2\/product_brand?post=205304"},{"taxonomy":"product_cat","embeddable":true,"href":"https:\/\/www.moskito.cz\/it\/wp-json\/wp\/v2\/product_cat?post=205304"},{"taxonomy":"product_tag","embeddable":true,"href":"https:\/\/www.moskito.cz\/it\/wp-json\/wp\/v2\/product_tag?post=205304"}],"curies":[{"name":"wp","href":"https:\/\/api.w.org\/{rel}","templated":true}]}}