{"id":205346,"date":"2021-09-16T20:42:15","date_gmt":"2021-09-16T19:42:15","guid":{"rendered":"https:\/\/www.moskito.cz\/?post_type=product&#038;p=205346"},"modified":"2025-05-07T10:35:47","modified_gmt":"2025-05-07T09:35:47","slug":"zaviraci-nuz-sog-aegis-at-mk3-indigo-acid","status":"publish","type":"product","link":"https:\/\/www.moskito.cz\/it\/produkt\/zaviraci-nuz-sog-aegis-at-mk3-indigo-acid\/","title":{"rendered":"Zav\u00edrac\u00ed N\u016f\u017e SOG AEGIS AT MK3 INDIGO &#038; ACID"},"content":{"rendered":"<p>N\u00e1\u0161 p\u0159\u00edb\u011bh za\u010d\u00edn\u00e1 ve Vietnamu, kde \u010dlenov\u00e9 vysoce utajovan\u00e9 americk\u00e9 speci\u00e1ln\u00ed opera\u010dn\u00ed jednotky \u2013 zn\u00e1m\u00e9 jako MACV \u2013<strong>SOG<\/strong> \u2013 nesli jedine\u010dn\u00fd tajn\u00fd n\u016f\u017e do d\u017eungle na skryt\u00fdch mis\u00edch. O n\u011bkolik let pozd\u011bji, v roce 1986, tento n\u016f\u017e inspiroval mlad\u00e9ho n\u00e1vrh\u00e1\u0159e jm\u00e9nem Spencer Frazer, aby zalo\u017eil speci\u00e1ln\u00ed no\u017ee <strong>SOG<\/strong>. Jeho posl\u00e1n\u00ed: reprodukovat p\u016fvodn\u00ed n\u016f\u017e <strong>SOG<\/strong> Bowie a vzd\u00e1t hold speci\u00e1ln\u00ed opera\u010dn\u00ed jednotce, kter\u00e1 jej vytvo\u0159ila. To, co za\u010dalo jako jedin\u00fd pam\u011btn\u00ed model, se brzy stalo celou \u0159adou inovativn\u00edch n\u00e1stroj\u016f \u2013 osv\u011bd\u010den\u00fdch americk\u00fdmi speci\u00e1ln\u00edmi silami, dokonce ocen\u011bn\u00fdch jako vybran\u00fd n\u016f\u017e Navy SEAL. No\u017ee SOG se dnes s jistotou nos\u00ed do t\u011bch nejn\u00e1ro\u010dn\u011bj\u0161\u00edch situac\u00ed. Kovan\u00e9 z tradice, tvrzen\u00e9 v poli, pilovan\u00e9 pro v\u00e1s.<\/p>\n<p>A\u0165 u\u017e chr\u00e1n\u00edte ostatn\u00ed nebo vedete epickou loveckou expedici, \u0159e\u0161\u00edte jednu z ka\u017edodenn\u00edch \u017eivotn\u00edch v\u00fdzev nebo se pot\u00fdk\u00e1te se sv\u00fdmi dosud nejextr\u00e9mn\u011bj\u0161\u00edmi podm\u00ednkami, ud\u011blejte si cestu se <strong>SOG<\/strong>.<\/p>\n<p>Zav\u00edrac\u00ed N\u016f\u017e <strong>SOG<\/strong> AEGIS AT MK3 INDIGO &amp; ACID.<\/p>\n<p>Tato verze Aegis je dod\u00e1v\u00e1na s \u010depel\u00ed D2 pota\u017eenou TiNi a rukojet\u00ed Indigo FRN. Aegis AT, navr\u017een\u00fd pro venkovn\u00ed u\u017eivatele, nab\u00edz\u00ed rychl\u00e9 asistovan\u00e9 otev\u00edr\u00e1n\u00ed s inovativn\u00edm oboustrann\u00fdm z\u00e1mkem AT-XR SOG s ergonomickou rukojet\u00ed a vzorem rukojeti pro pohodln\u00e9 pou\u017e\u00edv\u00e1n\u00ed. Aegis AT se snadno p\u0159en\u00e1\u0161\u00ed s vysoce funk\u010dn\u00ed 3,1 \u2033 kryogenicky tepeln\u011b zpracovanou ocelovou \u010depel\u00ed D2. Jeho v\u00fdkonn\u00fd XR zamykac\u00ed mechanismus tak\u00e9 nab\u00edz\u00ed solidn\u00ed vestav\u011bnou pojistku \u010depele a bezpe\u010dnostn\u00ed syst\u00e9m namontovan\u00fd na p\u00e1te\u0159i. Dal\u0161\u00ed evoluce legend\u00e1rn\u00edho Aegisu.<\/p>\n<p>POVA\u017dOVAN\u00dd DESIGN<br \/>\nRukoje\u0165 je hladk\u00e1, ale strukturovan\u00e1 pro optim\u00e1ln\u00ed p\u0159ilnavost a je navr\u017eena tak, aby poskytovala pohodl\u00ed a jistotu ve venkovn\u00edch podm\u00ednk\u00e1ch. V\u010detn\u011b prominentn\u00ed smy\u010dky na \u0161\u0148\u016frku, kter\u00e1 funguje tak\u00e9 jako ru\u010dn\u00ed zar\u00e1\u017eka pro zm\u00edrn\u011bn\u00ed prokluzu.<\/p>\n<p>Z\u00c1MEK AT-XR<br \/>\nPatentovan\u00fd z\u00e1mek XR s patentovanou technologi\u00ed SOG Assisted Technology (AT) poskytuje rychl\u00e9 otev\u0159en\u00ed jednou rukou a pevn\u00e9 uzam\u010den\u00ed po otev\u0159en\u00ed. Spolehliv\u00fd a v\u00fdkonn\u00fd, schopn\u00fd odolat s\u00edle 1500 liber, z\u00e1mek AT-XR poskytuje maxim\u00e1ln\u00ed vestav\u011bn\u00e9 zabezpe\u010den\u00ed zamyk\u00e1n\u00ed \u010depele p\u0159i otev\u0159en\u00ed a zaji\u0161\u0165uje, \u017ee se otev\u00edr\u00e1 pouze tehdy, kdy\u017e je zam\u00fd\u0161leno.<\/p>\n<p>BEZPE\u010cNOST<br \/>\nSOG spolupracovalo s u\u017eivateli na v\u00fdvoji oboustrann\u00e9 bezpe\u010dnosti, kter\u00e1 je stejn\u011b snadn\u00e1 jako rychl\u00e1. Navr\u017een tak, aby byl intuitivn\u00ed a vyu\u017e\u00edval p\u0159irozen\u00e9 pohyby rukou, znamen\u00e1 to, \u017ee k jeho ovl\u00e1d\u00e1n\u00ed nemus\u00edte l\u00e1mat \u00fachop. Jakmile se otev\u0159e, zablokuje se na m\u00edst\u011b jako zar\u00e1\u017eka palce. V\u0161echno, co by bezpe\u010dnost m\u011bla b\u00fdt.<\/p>\n<p>OCEL CRYO D2<br \/>\nUniverz\u00e1ln\u00ed n\u00e1strojov\u00e1 ocel s vysok\u00fdm obsahem uhl\u00edku, kter\u00e1 je kryogenicky tepeln\u011b zpracov\u00e1na podle jedine\u010dn\u00fdch v\u00fdkonnostn\u00edch specifikac\u00ed SOG. D2 poskytuje ide\u00e1ln\u00ed kombinaci udr\u017een\u00ed hran a trvanlivosti pro dlouhodob\u00e9 pou\u017e\u00edv\u00e1n\u00ed se snadnou \u00fadr\u017ebou.<\/p>\n<p>Z\u00c1MEK AT-XR<br \/>\nOboustrann\u00fd design, kter\u00fd se vyzna\u010duje rychl\u00fdm nasazen\u00edm, dokonce i v rukavic\u00edch.<\/p>\n<p>CELKOV\u00c1 D\u00c9LKA : 21 cm<br \/>\nZAV\u0158EN\u00c1 D\u00c9LKA : 12.5 cm<br \/>\nD\u00c9LKA \u010cEPELE : 8 cm<br \/>\nHMOTNOST : 4,4 oz<br \/>\nTYP Z OCELOV\u00c9 \u010cEPELE : Cryo D2<br \/>\nMATERI\u00c1L RUKOJETI : GRN<br \/>\nBARVA RUKOJETI : Indigo<br \/>\nDOKON\u010cENI : Nitrid titanu<br \/>\nMECHANISMUS ZAMYK\u00c1N\u00cd : AT-XR<br \/>\nOTEV\u00cdRAC\u00cd MECHANISMUS : Assisted Thumb Stud<\/p>\n<p>This version of the Aegis comes with a TiNi coated D2 blade and an Indigo FRN handle. Designed for outdoor users, Aegis AT features rapid assisted opening with SOG\u2019s innovative ambidextrous AT-XR Lock with an ergonomic handle and grip pattern for comfortable use. The Aegis AT is easy to carry, with a highly functional 3.1\u2033 cryogenically heat-treated D2 steel blade. Its powerful XR locking mechanism also features solid built-in blade locking safety and a spine-mounted safety system. The next evolution of the legendary Aegis.<\/p>\n<p>OVERALL LENGTH<br \/>\n8.14&#8243;<br \/>\nCLOSED LENGTH<br \/>\n5.01&#8243;<br \/>\nBLADE LENGTH<br \/>\n3.13&#8243;<br \/>\nWEIGHT<br \/>\n4.4 oz<br \/>\nBLADE STEEL TYPE<br \/>\nCryo D2<br \/>\nBLADE THICKNESS<br \/>\n0.12&#8243;<br \/>\nHANDLE MATERIAL<br \/>\nGRN<br \/>\nHANDLE COLOR<br \/>\nIndigo<br \/>\nACCENT COLOR<br \/>\nAcid<br \/>\nFINISH<br \/>\nTitanium Nitride<br \/>\nLOCKING MECHANISM<br \/>\nAT-XR<br \/>\nSAFETY<br \/>\nAmbidextrous Spine-Mounted Safety<br \/>\nOPENING MECHANISM<br \/>\nAssisted Thumb Stud<br \/>\nCOUNTRY OF ORIGIN<br \/>\nTaiwan<br \/>\nLANYARD LOOP<br \/>\nYes<br \/>\nEDGE TYPE<br \/>\nStraight<br \/>\nBLADE SHAPE<br \/>\nDrop Point<\/p>\n","protected":false},"excerpt":{"rendered":"<p>A\u0165 u\u017e chr\u00e1n\u00edte ostatn\u00ed nebo vedete epickou loveckou expedici, \u0159e\u0161\u00edte jednu z ka\u017edodenn\u00edch \u017eivotn\u00edch v\u00fdzev nebo se pot\u00fdk\u00e1te se sv\u00fdmi dosud nejextr\u00e9mn\u011bj\u0161\u00edmi podm\u00ednkami, ud\u011blejte si cestu se\u00a0<strong>SOG<\/strong>.<\/p>\n<p><strong>Na v\u0161echny no\u017ee SOG d\u00e1v\u00e1me do\u017eivotn\u00ed z\u00e1ruku!<\/strong><\/p>\n","protected":false},"featured_media":205347,"comment_status":"open","ping_status":"closed","template":"","meta":[],"pwb-brand":[591],"product_brand":[],"product_cat":[22,17],"product_tag":[3667],"class_list":{"0":"post-205346","1":"product","2":"type-product","3":"status-publish","4":"has-post-thumbnail","6":"pwb-brand-sog","7":"product_cat-zaviraci-noze","8":"product_cat-noze","9":"product_tag-b2b","11":"first","12":"instock","13":"taxable","14":"shipping-taxable","15":"purchasable","16":"product-type-simple"},"brands":[{"id":591,"name":"SOG","slug":"sog"}],"_links":{"self":[{"href":"https:\/\/www.moskito.cz\/it\/wp-json\/wp\/v2\/product\/205346","targetHints":{"allow":["GET"]}}],"collection":[{"href":"https:\/\/www.moskito.cz\/it\/wp-json\/wp\/v2\/product"}],"about":[{"href":"https:\/\/www.moskito.cz\/it\/wp-json\/wp\/v2\/types\/product"}],"replies":[{"embeddable":true,"href":"https:\/\/www.moskito.cz\/it\/wp-json\/wp\/v2\/comments?post=205346"}],"wp:featuredmedia":[{"embeddable":true,"href":"https:\/\/www.moskito.cz\/it\/wp-json\/wp\/v2\/media\/205347"}],"wp:attachment":[{"href":"https:\/\/www.moskito.cz\/it\/wp-json\/wp\/v2\/media?parent=205346"}],"wp:term":[{"taxonomy":"pwb-brand","embeddable":true,"href":"https:\/\/www.moskito.cz\/it\/wp-json\/wp\/v2\/pwb-brand?post=205346"},{"taxonomy":"product_brand","embeddable":true,"href":"https:\/\/www.moskito.cz\/it\/wp-json\/wp\/v2\/product_brand?post=205346"},{"taxonomy":"product_cat","embeddable":true,"href":"https:\/\/www.moskito.cz\/it\/wp-json\/wp\/v2\/product_cat?post=205346"},{"taxonomy":"product_tag","embeddable":true,"href":"https:\/\/www.moskito.cz\/it\/wp-json\/wp\/v2\/product_tag?post=205346"}],"curies":[{"name":"wp","href":"https:\/\/api.w.org\/{rel}","templated":true}]}}