{"id":205469,"date":"2021-09-18T22:24:27","date_gmt":"2021-09-18T21:24:27","guid":{"rendered":"https:\/\/www.moskito.cz\/?post_type=product&#038;p=205469"},"modified":"2025-12-30T13:31:00","modified_gmt":"2025-12-30T12:31:00","slug":"zaviraci-nuz-adv-tactical-df-trailpoint-n690","status":"publish","type":"product","link":"https:\/\/www.moskito.cz\/it\/produkt\/zaviraci-nuz-adv-tactical-df-trailpoint-n690\/","title":{"rendered":"Zav\u00edrac\u00ed N\u016f\u017e ADV Tactical DF Trailpoint N690"},"content":{"rendered":"<p>Zav\u00edrac\u00ed n\u016f\u017e ADV Tactical DF Trailpoint N690 je vynikaj\u00edc\u00ed n\u00e1stroj navr\u017een\u00fd renomovan\u00fdm design\u00e9rem Andre De Villiersem, kter\u00fd spojuje \u0161pi\u010dkovou kvalitu, funk\u010dnost a estetiku. Tento model je ide\u00e1ln\u00ed pro ty, kte\u0159\u00ed hledaj\u00ed univerz\u00e1ln\u00ed n\u00e1stroj pro ka\u017edodenn\u00ed pou\u017eit\u00ed nebo n\u00e1ro\u010dn\u00e9 \u00fakoly, s inovativn\u00edmi funkcemi a modern\u00edm designem.<\/p>\n<p>Kl\u00ed\u010dov\u00e9 vlastnosti:<br \/>\n\u010cepel:<br \/>\nD\u00e9lka \u010depele: 10 cm<br \/>\nMateri\u00e1l: Nerezov\u00e1 ocel B\u00f6hler N690, zn\u00e1m\u00e1 svou vynikaj\u00edc\u00ed odolnost\u00ed v\u016f\u010di korozi a dlouhou \u017eivotnost\u00ed ost\u0159\u00ed.<br \/>\nStyl: Trail Point, co\u017e znamen\u00e1 tvar s ten\u010d\u00edm, zaoblen\u00fdm hrotem, ide\u00e1ln\u00ed pro p\u0159esn\u00e9 \u0159ezy a taktickou pr\u00e1ci.<br \/>\nBrou\u0161en\u00ed: Ploch\u00fd v\u00fdbrus (Flat Grind) pro vynikaj\u00edc\u00ed \u0159ezn\u00e9 vlastnosti a odolnost.<br \/>\nPovrchov\u00e1 \u00faprava: Kart\u00e1\u010dovan\u00fd sat\u00e9n, co\u017e dod\u00e1v\u00e1 no\u017ei elegantn\u00ed vzhled a zaji\u0161\u0165uje odolnost proti po\u0161kr\u00e1b\u00e1n\u00ed.<br \/>\nRukoje\u0165:<br \/>\nMateri\u00e1l: Bronzov\u00fd eloxovan\u00fd titan pro vysokou pevnost, n\u00edzkou hmotnost a odolnost.<br \/>\nDesign: \u010ctvercov\u00fd fr\u00e9zovan\u00fd vzor pro lep\u0161\u00ed trakci a pevn\u00fd \u00fachop.<br \/>\nErgonomie: Rukoje\u0165 je navr\u017eena pro maxim\u00e1ln\u00ed komfort a bezpe\u010dn\u00e9 dr\u017een\u00ed d\u00edky v\u00fdrazn\u00e9 ramp\u011b pro palec a praktick\u00e9mu backspaceru.<br \/>\nMechanismus zamyk\u00e1n\u00ed:<br \/>\nZ\u00e1mek: R\u00e1mov\u00fd z\u00e1mek (Frame Lock) s vym\u011bnitelnou vlo\u017ekou, kter\u00e1 poskytuje dlouhou \u017eivotnost a ochranu proti p\u0159et\u00ed\u017een\u00ed, co\u017e zaji\u0161\u0165uje bezpe\u010dn\u00e9 uzamknut\u00ed no\u017ee.<br \/>\nOto\u010dn\u00fd bod: Vlo\u017een\u00fd Torx \u0161roub, kter\u00fd umo\u017e\u0148uje jemn\u00e9 dolad\u011bn\u00ed centrov\u00e1n\u00ed \u010depele a hladkosti otev\u00edr\u00e1n\u00ed.<br \/>\nKapesn\u00ed klip:<br \/>\nMateri\u00e1l: Titan<br \/>\nKonstrukce: Fr\u00e9zovan\u00fd titanov\u00fd klip s kuli\u010dkov\u00fdm mechanismem, kter\u00fd usnad\u0148uje nasazen\u00ed i vyta\u017een\u00ed no\u017ee z kapsy. Klip je navr\u017een pro pravou ruku a nab\u00edz\u00ed tip-up no\u0161en\u00ed, co\u017e zaji\u0161\u0165uje rychl\u00fd a snadn\u00fd p\u0159\u00edstup k no\u017ei.<br \/>\nHladkost akce:<br \/>\nLo\u017eiska v oto\u010dn\u00e9m mechanismu zaji\u0161\u0165uj\u00ed plynul\u00e9 a rychl\u00e9 otev\u00edr\u00e1n\u00ed no\u017ee pomoc\u00ed dvojit\u00e9 ploutve (double flipper), co\u017e \u010din\u00ed tento n\u016f\u017e velmi rychl\u00fd a snadno ovladateln\u00fd.<br \/>\nSpecifikace:<br \/>\nParametr Hodnota<br \/>\nCelkov\u00e1 d\u00e9lka 22 cm<br \/>\nD\u00e9lka \u010depele 10 cm<br \/>\nMateri\u00e1l \u010depele Nerezov\u00e1 ocel B\u00f6hler N690<br \/>\nStyl \u010depele Trail Point<br \/>\nPovrch \u010depele Kart\u00e1\u010dovan\u00fd sat\u00e9n<br \/>\nMateri\u00e1l rukojeti Bronzov\u00fd eloxovan\u00fd titan<br \/>\nHmotnost 7,1 oz (201 g)<br \/>\nZamyk\u00e1n\u00ed R\u00e1mov\u00fd z\u00e1mek (frame lock)<br \/>\nKapesn\u00ed klip Titan (prav\u00e1 ruka, tip-up)<br \/>\nN\u00e1vrh\u00e1\u0159 Andre De Villiers<br \/>\nVyrobeno v Ji\u017en\u00ed Afrika<br \/>\nPro\u010d si vybrat DF Trailpoint Pathfinder?<br \/>\nV\u0161estrannost a funk\u010dnost: Tento n\u016f\u017e kombinuje kvalitn\u00ed materi\u00e1ly a inovativn\u00ed funkce, kter\u00e9 jsou ide\u00e1ln\u00ed pro taktick\u00e9 situace, outdoorov\u00e9 aktivity nebo ka\u017edodenn\u00ed pou\u017eit\u00ed.<br \/>\nEstetick\u00fd design: Bronzov\u00e9 akcenty a detailn\u00ed fr\u00e9zov\u00e1n\u00ed d\u011blaj\u00ed tento n\u016f\u017e nejen praktick\u00fdm n\u00e1strojem, ale tak\u00e9 elegantn\u00edm a luxusn\u00edm dopl\u0148kem.<br \/>\nOdolnost a spolehlivost: B\u00f6hler N690 ocel a titanov\u00e1 rukoje\u0165 zaji\u0161\u0165uj\u00ed dlouhou \u017eivotnost a odolnost proti extr\u00e9mn\u00edm podm\u00ednk\u00e1m.<br \/>\nPrecizn\u00ed zpracov\u00e1n\u00ed: D\u00edky jemn\u00e9mu dolad\u011bn\u00ed a pou\u017eit\u00ed kuli\u010dkov\u00fdch lo\u017eisek je otev\u00edr\u00e1n\u00ed hladk\u00e9 a rychl\u00e9, co\u017e zaji\u0161\u0165uje vysok\u00fd u\u017eivatelsk\u00fd komfort.<br \/>\nZ\u00e1v\u011br:<br \/>\nADV Tactical DF Trailpoint Pathfinder je skv\u011blou volbou pro ka\u017ed\u00e9ho, kdo hled\u00e1 spolehliv\u00fd, odoln\u00fd a stylov\u00fd n\u016f\u017e. S kvalitn\u00edmi materi\u00e1ly, sofistikovan\u00fdm designem a inovativn\u00edmi funkcemi se jedn\u00e1 o ide\u00e1ln\u00ed n\u00e1stroj pro taktick\u00e9 pou\u017eit\u00ed, outdoorov\u00e9 aktivity i ka\u017edodenn\u00ed no\u0161en\u00ed. Tento n\u016f\u017e si rychle z\u00edskal pov\u011bst jedn\u00e9 z nejlep\u0161\u00edch verz\u00ed od ADV Tactical, a to nejen pro sb\u011bratele, ale i pro n\u00e1ro\u010dn\u00e9 u\u017eivatele.<\/p>\n<p>&nbsp;<\/p>\n<p>&nbsp;<\/p>\n","protected":false},"excerpt":{"rendered":"<p><strong>ADV Tactical DF Trailpoint Pathfinder je skv\u011blou volbou pro ka\u017ed\u00e9ho, kdo hled\u00e1 spolehliv\u00fd, odoln\u00fd a stylov\u00fd n\u016f\u017e. S kvalitn\u00edmi materi\u00e1ly, sofistikovan\u00fdm designem a inovativn\u00edmi funkcemi se jedn\u00e1 o ide\u00e1ln\u00ed n\u00e1stroj pro taktick\u00e9 pou\u017eit\u00ed, outdoorov\u00e9 aktivity i ka\u017edodenn\u00ed no\u0161en\u00ed. Tento n\u016f\u017e si rychle z\u00edskal pov\u011bst jedn\u00e9 z nejlep\u0161\u00edch verz\u00ed od ADV Tactical, a to nejen pro sb\u011bratele, ale i pro n\u00e1ro\u010dn\u00e9 u\u017eivatele.<\/strong><\/p>\n<p><strong>Doprava zdarma.<\/strong><\/p>\n","protected":false},"featured_media":205470,"comment_status":"open","ping_status":"closed","template":"","meta":[],"pwb-brand":[3211],"product_brand":[],"product_cat":[22,17],"product_tag":[],"class_list":{"0":"post-205469","1":"product","2":"type-product","3":"status-publish","4":"has-post-thumbnail","6":"pwb-brand-andre-de-villiers","7":"product_cat-zaviraci-noze","8":"product_cat-noze","10":"first","11":"outofstock","12":"taxable","13":"shipping-taxable","14":"purchasable","15":"product-type-simple"},"brands":[{"id":3211,"name":"Andre De Villiers","slug":"andre-de-villiers"}],"_links":{"self":[{"href":"https:\/\/www.moskito.cz\/it\/wp-json\/wp\/v2\/product\/205469","targetHints":{"allow":["GET"]}}],"collection":[{"href":"https:\/\/www.moskito.cz\/it\/wp-json\/wp\/v2\/product"}],"about":[{"href":"https:\/\/www.moskito.cz\/it\/wp-json\/wp\/v2\/types\/product"}],"replies":[{"embeddable":true,"href":"https:\/\/www.moskito.cz\/it\/wp-json\/wp\/v2\/comments?post=205469"}],"wp:featuredmedia":[{"embeddable":true,"href":"https:\/\/www.moskito.cz\/it\/wp-json\/wp\/v2\/media\/205470"}],"wp:attachment":[{"href":"https:\/\/www.moskito.cz\/it\/wp-json\/wp\/v2\/media?parent=205469"}],"wp:term":[{"taxonomy":"pwb-brand","embeddable":true,"href":"https:\/\/www.moskito.cz\/it\/wp-json\/wp\/v2\/pwb-brand?post=205469"},{"taxonomy":"product_brand","embeddable":true,"href":"https:\/\/www.moskito.cz\/it\/wp-json\/wp\/v2\/product_brand?post=205469"},{"taxonomy":"product_cat","embeddable":true,"href":"https:\/\/www.moskito.cz\/it\/wp-json\/wp\/v2\/product_cat?post=205469"},{"taxonomy":"product_tag","embeddable":true,"href":"https:\/\/www.moskito.cz\/it\/wp-json\/wp\/v2\/product_tag?post=205469"}],"curies":[{"name":"wp","href":"https:\/\/api.w.org\/{rel}","templated":true}]}}