{"id":205791,"date":"2021-09-23T13:35:43","date_gmt":"2021-09-23T12:35:43","guid":{"rendered":"https:\/\/www.moskito.cz\/?post_type=product&#038;p=205791"},"modified":"2025-05-07T10:35:56","modified_gmt":"2025-05-07T09:35:56","slug":"vystrelovaci-nuz-microtech-mini-troodon-carbon-fiber-bronze-apocalyptic-blade-signature-series","status":"publish","type":"product","link":"https:\/\/www.moskito.cz\/it\/produkt\/vystrelovaci-nuz-microtech-mini-troodon-carbon-fiber-bronze-apocalyptic-blade-signature-series\/","title":{"rendered":"Vyst\u0159elovac\u00ed N\u016f\u017e Microtech Mini Troodon Carbon Fiber Bronze Apocalyptic Blade Signature Series"},"content":{"rendered":"<p>Vyst\u0159elovac\u00ed N\u016f\u017e <strong>Microtech<\/strong> Mini Troodon Carbon Fiber Bronze Apocalyptic Blade Signature Series.<\/p>\n<p>Tato verze Mini Troodon m\u00e1 st\u0159enku z uhl\u00edkov\u00fdch vl\u00e1ken a bronzovou \u010depel.<\/p>\n<p>Mini Troodon je zmen\u0161enou verz\u00ed Troodonu, p\u0159i\u010dem\u017e v\u0161echny jeho funkce z\u016fst\u00e1vaj\u00ed nedot\u010den\u00e9. A\u010dkoli jsou rukoje\u0165 a \u010depel zmen\u0161en\u00e9, \u0161rouby, rozb\u00edje\u010d skla a tla\u010d\u00edtko si zachov\u00e1vaj\u00ed stejnou velikost nebo origin\u00e1l. \u010cepel je \u0161irok\u00e1, ale dostate\u010dn\u011b kr\u00e1tk\u00e1 na to, aby m\u011bla \u0159eznou hranu men\u0161\u00ed ne\u017e 2 &#8220;. \u0160irok\u00e1 \u010depel umo\u017e\u0148uje, aby nabrou\u0161en\u00e1 hrana byla i p\u0159es svou malou velikost rozkrojen\u00e1.<br \/>\ndodate\u010dn\u00e9 informace<br \/>\nAutomatick\u00e1 dvoj\u010dinn\u00e1 akce (D\/A)<br \/>\nPovrchov\u00e1 \u00faprava \u010depele bronzov\u00e1<br \/>\nD\u00e9lka \u010depele : 5 cm<\/p>\n<p>Celkov\u00e1 d\u00e9lka : 14 cm<br \/>\nD\u00fdka ve tvaru \u010depele<br \/>\n\u010cepel Steel M390<br \/>\nRozb\u00edje\u010d skla Ano<br \/>\nBarva rukojeti \u010dern\u00e1<br \/>\nRukoje\u0165 vlo\u017e\u00ed uhl\u00edkov\u00e9 vl\u00e1kno<br \/>\nTyp akce Automatick\u00fd p\u0159edn\u00ed (OTF)<br \/>\nNo\u017ee Maker Microtech<br \/>\nMaker&#8217;s Model Microtech Mini Troodon<br \/>\nKapesn\u00ed klip Ano<br \/>\nOrientace kapesn\u00edho klipu Tip-Down<br \/>\nOmezen\u00fd typ v\u00fdroby<br \/>\nZem\u011b p\u016fvodu: USA<\/p>\n<p>&nbsp;<\/p>\n<p>This version of the Mini Troodon features a carbon fiber top and a bronzed blade.<\/p>\n<p>The Mini Troodon is a scaled down version of the Troodon while keeping all of its features intact. Although the handle and blade are scaled down, the screws, glassbreaker, and button all retain the same size or the original. The blade is wide but short enough to have a sub-2&#8221; cutting edge. The wide blade allows the sharpened edge to be slicey despite its small size.<br \/>\nAdditional Information<br \/>\nAutomatic Action Double Action (D\/A)<br \/>\nBlade Finish Bronzed<br \/>\nBlade Length (in) No<br \/>\nBlade Shape Dagger<br \/>\nBlade Steel M390<br \/>\nNew Condition Yes<br \/>\nUsed Condition No<br \/>\nGlassbreaker Yes<br \/>\nHandle Color Black<br \/>\nHandle Inserts Carbon Fiber<br \/>\nHandle Material Aluminum<br \/>\nAction Type Automatic Out-the-front (OTF)<br \/>\nMaker Microtech Knives<br \/>\nMaker&#8217;s Model Microtech Mini Troodon<br \/>\nOverall Length (in) 5.30 inches<br \/>\nPocket Clip Yes<br \/>\nPocket Clip Orientation Tip-Down<br \/>\nProduction Type Limited<br \/>\nSerrations Plain Edge<br \/>\nSheath No<br \/>\nSheath Material No<br \/>\nTactical Yes<\/p>\n","protected":false},"excerpt":{"rendered":"<div class=\"elementor-element elementor-element-bbb542b elementor-widget elementor-widget-woocommerce-product-short-description\" data-id=\"bbb542b\" data-element_type=\"widget\" data-widget_type=\"woocommerce-product-short-description.default\">\n<div class=\"elementor-widget-container\">\n<div class=\"woocommerce-product-details__short-description\">\n<p>V pr\u016fb\u011bhu let\u00a0<strong>Microtech\u00ae<\/strong>\u00a0Knives naplnil v\u00e1\u0161n\u00ed a dovednost\u00ed v\u00fdrobu no\u017e\u016f, a\u017e z nich vytvo\u0159il t\u00e9m\u011b\u0159 um\u011bleck\u00e1 d\u00edla,kter\u00e9 jsou vrcholem funk\u010dnosti.V\u0161echny d\u00edly jsou vyrodeny v USA.<br \/>\n<strong>Na v\u0161echny no\u017ee Microtech je do\u017eivotn\u00ed z\u00e1ruka.<\/strong><\/p>\n<p><strong>Doprava zdarma.<\/strong><\/p>\n<\/div>\n<\/div>\n<\/div>\n","protected":false},"featured_media":205793,"comment_status":"open","ping_status":"closed","template":"","meta":[],"pwb-brand":[431],"product_brand":[],"product_cat":[2019,17],"product_tag":[3667],"class_list":{"0":"post-205791","1":"product","2":"type-product","3":"status-publish","4":"has-post-thumbnail","6":"pwb-brand-microtech","7":"product_cat-vystrelovaci-noze","8":"product_cat-noze","9":"product_tag-b2b","11":"first","12":"outofstock","13":"taxable","14":"shipping-taxable","15":"purchasable","16":"product-type-simple"},"brands":[{"id":431,"name":"Microtech","slug":"microtech"}],"_links":{"self":[{"href":"https:\/\/www.moskito.cz\/it\/wp-json\/wp\/v2\/product\/205791","targetHints":{"allow":["GET"]}}],"collection":[{"href":"https:\/\/www.moskito.cz\/it\/wp-json\/wp\/v2\/product"}],"about":[{"href":"https:\/\/www.moskito.cz\/it\/wp-json\/wp\/v2\/types\/product"}],"replies":[{"embeddable":true,"href":"https:\/\/www.moskito.cz\/it\/wp-json\/wp\/v2\/comments?post=205791"}],"wp:featuredmedia":[{"embeddable":true,"href":"https:\/\/www.moskito.cz\/it\/wp-json\/wp\/v2\/media\/205793"}],"wp:attachment":[{"href":"https:\/\/www.moskito.cz\/it\/wp-json\/wp\/v2\/media?parent=205791"}],"wp:term":[{"taxonomy":"pwb-brand","embeddable":true,"href":"https:\/\/www.moskito.cz\/it\/wp-json\/wp\/v2\/pwb-brand?post=205791"},{"taxonomy":"product_brand","embeddable":true,"href":"https:\/\/www.moskito.cz\/it\/wp-json\/wp\/v2\/product_brand?post=205791"},{"taxonomy":"product_cat","embeddable":true,"href":"https:\/\/www.moskito.cz\/it\/wp-json\/wp\/v2\/product_cat?post=205791"},{"taxonomy":"product_tag","embeddable":true,"href":"https:\/\/www.moskito.cz\/it\/wp-json\/wp\/v2\/product_tag?post=205791"}],"curies":[{"name":"wp","href":"https:\/\/api.w.org\/{rel}","templated":true}]}}