{"id":205948,"date":"2021-09-24T17:59:02","date_gmt":"2021-09-24T16:59:02","guid":{"rendered":"https:\/\/www.moskito.cz\/?post_type=product&#038;p=205948"},"modified":"2025-09-01T06:21:56","modified_gmt":"2025-09-01T05:21:56","slug":"zaviraci-nuz-sog-flash-at-urban-grey-serrated","status":"publish","type":"product","link":"https:\/\/www.moskito.cz\/it\/produkt\/zaviraci-nuz-sog-flash-at-urban-grey-serrated\/","title":{"rendered":"Zav\u00edrac\u00ed N\u016f\u017e SOG FLASH AT URBAN GREY SERRATED"},"content":{"rendered":"<p>Zav\u00edrac\u00ed N\u016f\u017e S<strong>OG<\/strong> FLASH AT URBAN GREY SERRATED.<\/p>\n<p>N\u00e1\u0161 p\u0159\u00edb\u011bh za\u010d\u00edn\u00e1 ve Vietnamu, kde \u010dlenov\u00e9 vysoce utajovan\u00e9 americk\u00e9 speci\u00e1ln\u00ed opera\u010dn\u00ed jednotky \u2013 zn\u00e1m\u00e9 jako MACV \u2013<strong>SOG<\/strong> \u2013 nesli jedine\u010dn\u00fd tajn\u00fd n\u016f\u017e do d\u017eungle na skryt\u00fdch mis\u00edch. O n\u011bkolik let pozd\u011bji, v roce 1986, tento n\u016f\u017e inspiroval mlad\u00e9ho n\u00e1vrh\u00e1\u0159e jm\u00e9nem Spencer Frazer, aby zalo\u017eil speci\u00e1ln\u00ed no\u017ee <strong>SOG<\/strong>. Jeho posl\u00e1n\u00ed: reprodukovat p\u016fvodn\u00ed n\u016f\u017e SOG Bowie a vzd\u00e1t hold speci\u00e1ln\u00ed opera\u010dn\u00ed jednotce, kter\u00e1 jej vytvo\u0159ila. To, co za\u010dalo jako jedin\u00fd pam\u011btn\u00ed model, se brzy stalo celou \u0159adou inovativn\u00edch n\u00e1stroj\u016f \u2013 osv\u011bd\u010den\u00fdch americk\u00fdmi speci\u00e1ln\u00edmi silami, dokonce ocen\u011bn\u00fdch jako vybran\u00fd n\u016f\u017e Navy SEAL. No\u017ee SOG se dnes s jistotou nos\u00ed do t\u011bch nejn\u00e1ro\u010dn\u011bj\u0161\u00edch situac\u00ed. Kovan\u00e9 z tradice, tvrzen\u00e9 v poli, pilovan\u00e9 pro v\u00e1s.<\/p>\n<p>A\u0165 u\u017e chr\u00e1n\u00edte ostatn\u00ed nebo vedete epickou loveckou expedici, \u0159e\u0161\u00edte jednu z ka\u017edodenn\u00edch \u017eivotn\u00edch v\u00fdzev nebo se pot\u00fdk\u00e1te se sv\u00fdmi dosud nejextr\u00e9mn\u011bj\u0161\u00edmi podm\u00ednkami, ud\u011blejte si cestu se SOG.<\/p>\n<p>Flash AT, navr\u017een\u00fd pro ka\u017edodenn\u00ed u\u017eivatele, nab\u00edz\u00ed rychl\u00e9 asistovan\u00e9 otev\u00edr\u00e1n\u00ed pomoc\u00ed inovativn\u00edho oboustrann\u00e9ho z\u00e1mku AT-XR SOG a efektivn\u011bj\u0161\u00ed ergonomick\u00fd design rukojeti pro lep\u0161\u00ed \u00fachop a pohodl\u00ed. Flash AT je kompaktn\u00ed a snadno p\u0159enosn\u00fd, s vysoce funk\u010dn\u00ed kryogenicky tepeln\u011b zpracovanou \u010depel\u00ed z nerezov\u00e9 oceli D2. Jeho v\u00fdkonn\u00fd XR zamykac\u00ed mechanismus tak\u00e9 nab\u00edz\u00ed spolehlivou vestav\u011bnou pojistku zamyk\u00e1n\u00ed \u010depele a bezpe\u010dnostn\u00ed syst\u00e9m namontovan\u00fd na p\u00e1te\u0159i. Dal\u0161\u00ed v\u00fdvoj popul\u00e1rn\u00ed Flash.<\/p>\n<p>VYROBENO PRO P\u0158IPRAVEN\u00c9<br \/>\nKdy\u017e vyraz\u00edte na cel\u00fd den, v\u0161e v kapse by m\u011blo b\u00fdt z\u00e1sadn\u00ed. Flash AT perfektn\u011b zapadne do va\u0161eho ka\u017edodenn\u00edho no\u0161en\u00ed a p\u0159in\u00e1\u0161\u00ed vysoce spolehliv\u00fd a univerz\u00e1ln\u00ed n\u00e1stroj, kter\u00fd je dostate\u010dn\u011b tenk\u00fd, aby se ve\u0161el do kapsy.<\/p>\n<p>Podhodnocen\u00fd design<br \/>\nVyva\u017euje modern\u00ed design s vysok\u00fdm v\u00fdkonem a spolehlivost\u00ed. Flash AT m\u00e1 elegantn\u00ed hlubok\u00fd klip a efektivn\u00ed ergonomickou rukoje\u0165.<\/p>\n<p>Z\u00c1MEK AT-XR<br \/>\nPatentovan\u00fd z\u00e1mek XR od spole\u010dnosti SOG s technologi\u00ed Assisted Technology (AT) poskytuje rychl\u00e9 otev\u0159en\u00ed jednou rukou a pevn\u00e9 uzam\u010den\u00ed po otev\u0159en\u00ed. Spolehliv\u00fd a v\u00fdkonn\u00fd, schopn\u00fd odolat s\u00edle 1500 liber, z\u00e1mek AT-XR poskytuje maxim\u00e1ln\u00ed vestav\u011bn\u00e9 zabezpe\u010den\u00ed zamyk\u00e1n\u00ed \u010depele p\u0159i otev\u0159en\u00ed a zaji\u0161\u0165uje, \u017ee se otev\u00edr\u00e1 pouze tehdy, kdy\u017e je zam\u00fd\u0161leno.<\/p>\n<p>BEZPE\u010cNOST 2.0<br \/>\nSOG spolupracovalo s u\u017eivateli na v\u00fdvoji oboustrann\u00e9 bezpe\u010dnosti, kter\u00e1 je stejn\u011b snadn\u00e1 jako rychl\u00e1. Je navr\u017een tak, aby byl intuitivn\u00ed a vyu\u017e\u00edval p\u0159irozen\u00e9 pohyby rukou, co\u017e znamen\u00e1, \u017ee k jeho ovl\u00e1d\u00e1n\u00ed nemus\u00edte l\u00e1mat \u00fachop. Jakmile se otev\u0159e, zablokuje se na m\u00edst\u011b jako zar\u00e1\u017eka palce. V\u0161echno, co by bezpe\u010dnost m\u011bla b\u00fdt.<\/p>\n<p>OCELOV\u00c1 OCEL CRYO D2<br \/>\nUniverz\u00e1ln\u00ed n\u00e1strojov\u00e1 ocel s vysok\u00fdm obsahem uhl\u00edku, kter\u00e1 je kryogenicky tepeln\u011b zpracov\u00e1na podle jedine\u010dn\u00fdch v\u00fdkonnostn\u00edch specifikac\u00ed SOG. D2 poskytuje ide\u00e1ln\u00ed kombinaci udr\u017een\u00ed hran a trvanlivosti pro dlouhodob\u00e9 pou\u017e\u00edv\u00e1n\u00ed se snadnou \u00fadr\u017ebou.<\/p>\n<p>CELKOV\u00c1 D\u00c9LKA : 21 cm<br \/>\nD\u00c9LKA \u010cEPELE : 8.5 cm<br \/>\nHMOTNOST : 4,49 oz<br \/>\nTYP Z OCELOV\u00c9 \u010cEPELE : Cryo D2<br \/>\nMATERI\u00c1L RUKOJETI : GRN<br \/>\nBARVA RUKOJETI : Urban Gray<br \/>\nDOKON\u010cENI : Nitrid titanu<br \/>\nAssisted Thumb Stud<br \/>\n\u010c\u00e1ste\u010dn\u011b zoubkovan\u00e9<\/p>\n<p><iframe title=\"SOG Flash AT\" width=\"800\" height=\"450\" src=\"https:\/\/www.youtube.com\/embed\/P5fVKx7j3eY?feature=oembed\" frameborder=\"0\" allow=\"accelerometer; autoplay; clipboard-write; encrypted-media; gyroscope; picture-in-picture\" allowfullscreen><\/iframe><\/p>\n<p>&nbsp;<\/p>\n<p>Designed for everyday users, Flash AT features rapid assisted opening with <strong>SOG\u2019<\/strong>s innovative ambidextrous AT-XR Lock and streamlined ergonomic handle design for enhanced grip and comfort. Flash AT is compact and easy to carry, with a highly functional 3.5&#8243; cryogenically heat-treated D2 stainless steel blade. Its powerful XR locking mechanism also features reliable built-in blade locking safety and spine-mounted safety system. The next evolution of the popular Flash.<\/p>\n<p>OVERALL LENGTH<br \/>\n8.29&#8243;<br \/>\nCLOSED LENGTH<br \/>\n4.67&#8243;<br \/>\nBLADE LENGTH<br \/>\n3.45&#8243;<br \/>\nWEIGHT<br \/>\n4.49 oz<br \/>\nBLADE STEEL TYPE<br \/>\nCryo D2<br \/>\nBLADE THICKNESS<br \/>\n0.12&#8243;<br \/>\nHANDLE MATERIAL<br \/>\nGRN<br \/>\nHANDLE COLOR<br \/>\nUrban Grey<br \/>\nFINISH<br \/>\nTitanium Nitride<br \/>\nLOCKING MECHANISM<br \/>\nAT-XR<br \/>\nSAFETY<br \/>\nAmbidextrous Spine-Mounted Safety<br \/>\nOPENING MECHANISM<br \/>\nAssisted Thumb Stud<\/p>\n<p>&nbsp;<\/p>\n<p>&nbsp;<\/p>\n<p>&nbsp;<\/p>\n<p>&nbsp;<\/p>\n<p>&nbsp;<\/p>\n","protected":false},"excerpt":{"rendered":"<p>A\u0165 u\u017e chr\u00e1n\u00edte ostatn\u00ed nebo vedete epickou loveckou expedici, \u0159e\u0161\u00edte jednu z ka\u017edodenn\u00edch \u017eivotn\u00edch v\u00fdzev nebo se pot\u00fdk\u00e1te se sv\u00fdmi dosud nejextr\u00e9mn\u011bj\u0161\u00edmi podm\u00ednkami, ud\u011blejte si cestu se\u00a0<strong>SOG<\/strong>.<\/p>\n<p><strong>Na v\u0161echny no\u017ee SOG d\u00e1v\u00e1me do\u017eivotn\u00ed z\u00e1ruku!<\/strong><\/p>\n","protected":false},"featured_media":205949,"comment_status":"open","ping_status":"closed","template":"","meta":[],"pwb-brand":[591],"product_brand":[],"product_cat":[22,17],"product_tag":[3667],"class_list":{"0":"post-205948","1":"product","2":"type-product","3":"status-publish","4":"has-post-thumbnail","6":"pwb-brand-sog","7":"product_cat-zaviraci-noze","8":"product_cat-noze","9":"product_tag-b2b","11":"first","12":"instock","13":"taxable","14":"shipping-taxable","15":"purchasable","16":"product-type-simple"},"brands":[{"id":591,"name":"SOG","slug":"sog"}],"_links":{"self":[{"href":"https:\/\/www.moskito.cz\/it\/wp-json\/wp\/v2\/product\/205948","targetHints":{"allow":["GET"]}}],"collection":[{"href":"https:\/\/www.moskito.cz\/it\/wp-json\/wp\/v2\/product"}],"about":[{"href":"https:\/\/www.moskito.cz\/it\/wp-json\/wp\/v2\/types\/product"}],"replies":[{"embeddable":true,"href":"https:\/\/www.moskito.cz\/it\/wp-json\/wp\/v2\/comments?post=205948"}],"wp:featuredmedia":[{"embeddable":true,"href":"https:\/\/www.moskito.cz\/it\/wp-json\/wp\/v2\/media\/205949"}],"wp:attachment":[{"href":"https:\/\/www.moskito.cz\/it\/wp-json\/wp\/v2\/media?parent=205948"}],"wp:term":[{"taxonomy":"pwb-brand","embeddable":true,"href":"https:\/\/www.moskito.cz\/it\/wp-json\/wp\/v2\/pwb-brand?post=205948"},{"taxonomy":"product_brand","embeddable":true,"href":"https:\/\/www.moskito.cz\/it\/wp-json\/wp\/v2\/product_brand?post=205948"},{"taxonomy":"product_cat","embeddable":true,"href":"https:\/\/www.moskito.cz\/it\/wp-json\/wp\/v2\/product_cat?post=205948"},{"taxonomy":"product_tag","embeddable":true,"href":"https:\/\/www.moskito.cz\/it\/wp-json\/wp\/v2\/product_tag?post=205948"}],"curies":[{"name":"wp","href":"https:\/\/api.w.org\/{rel}","templated":true}]}}