{"id":205991,"date":"2021-09-28T09:03:39","date_gmt":"2021-09-28T08:03:39","guid":{"rendered":"https:\/\/www.moskito.cz\/?post_type=product&#038;p=205991"},"modified":"2025-05-07T10:35:59","modified_gmt":"2025-05-07T09:35:59","slug":"zaviraci-nuz-sog-aegis-flk","status":"publish","type":"product","link":"https:\/\/www.moskito.cz\/it\/produkt\/zaviraci-nuz-sog-aegis-flk\/","title":{"rendered":"Zav\u00edrac\u00ed N\u016f\u017e SOG AEGIS FLK"},"content":{"rendered":"<p>N\u00e1\u0161 p\u0159\u00edb\u011bh za\u010d\u00edn\u00e1 ve Vietnamu, kde \u010dlenov\u00e9 vysoce utajovan\u00e9 americk\u00e9 speci\u00e1ln\u00ed opera\u010dn\u00ed jednotky \u2013 zn\u00e1m\u00e9 jako MACV \u2013<strong>SOG<\/strong>\u00a0\u2013 nesli jedine\u010dn\u00fd tajn\u00fd n\u016f\u017e do d\u017eungle na skryt\u00fdch mis\u00edch. O n\u011bkolik let pozd\u011bji, v roce 1986, tento n\u016f\u017e inspiroval mlad\u00e9ho n\u00e1vrh\u00e1\u0159e jm\u00e9nem Spencer Frazer, aby zalo\u017eil speci\u00e1ln\u00ed no\u017ee<strong>\u00a0SOG<\/strong>. Jeho posl\u00e1n\u00ed: reprodukovat p\u016fvodn\u00ed n\u016f\u017e\u00a0<strong>SOG<\/strong>\u00a0Bowie a vzd\u00e1t hold speci\u00e1ln\u00ed opera\u010dn\u00ed jednotce, kter\u00e1 jej vytvo\u0159ila. To, co za\u010dalo jako jedin\u00fd pam\u011btn\u00ed model, se brzy stalo celou \u0159adou inovativn\u00edch n\u00e1stroj\u016f \u2013 osv\u011bd\u010den\u00fdch americk\u00fdmi speci\u00e1ln\u00edmi silami, dokonce ocen\u011bn\u00fdch jako vybran\u00fd n\u016f\u017e Navy SEAL. No\u017ee SOG se dnes s jistotou nos\u00ed do t\u011bch nejn\u00e1ro\u010dn\u011bj\u0161\u00edch situac\u00ed. Kovan\u00e9 z tradice, tvrzen\u00e9 v poli, pilovan\u00e9 pro v\u00e1s.<\/p>\n<p>A\u0165 u\u017e chr\u00e1n\u00edte ostatn\u00ed nebo vedete epickou loveckou expedici, \u0159e\u0161\u00edte jednu z ka\u017edodenn\u00edch \u017eivotn\u00edch v\u00fdzev nebo se pot\u00fdk\u00e1te se sv\u00fdmi dosud nejextr\u00e9mn\u011bj\u0161\u00edmi podm\u00ednkami, ud\u011blejte si cestu se\u00a0<strong>SOG<\/strong>.<\/p>\n<p>Zav\u00edrac\u00ed N\u016f\u017e <strong>SOG<\/strong> AEGIS FLK.<\/p>\n<p>Jednoduch\u00fd a poctiv\u00fd n\u016f\u017e s \u010depel\u00ed <strong>SOG<\/strong> Sharp je n\u011bkdy jen trik. Aegis FLK p\u0159in\u00e1\u0161\u00ed pr\u00e1v\u011b to, nesmysln\u00fd celokovov\u00fd r\u00e1mov\u00fd z\u00e1mek s rozm\u00edst\u011bn\u00edm kop\u016f postaven\u00fd na osv\u011bd\u010den\u00e9 platform\u011b <strong>SOG<\/strong> Aegis. Aegis FLK je perfektn\u00ed z\u00e1kladn\u00ed n\u016f\u017e, kter\u00fd vydr\u017e\u00ed. M\u00e1 odolnou celokovovou konstrukci, hlubok\u00fd kapesn\u00ed klip a hladk\u00e9 a rychl\u00e9 otev\u00edr\u00e1n\u00ed.<\/p>\n<p>Bohat\u00e1 funkce a skv\u011bl\u00e1 hodnota<br \/>\nOdoln\u00e1, celokovov\u00e1 konstrukce, hlubok\u00fd kapesn\u00ed klip, hladk\u00e9 a rychl\u00e9 otev\u00edr\u00e1n\u00ed.<\/p>\n<p>Cena na z\u00e1kladn\u00ed \u00farovni s funkcemi expertn\u00ed \u00farovn\u011b<br \/>\nCelokovov\u00e1 slo\u017eka z\u00e1mku z\u00e1mku EDC z\u00e1kladn\u00ed \u00farovn\u011b s 3,38palcovou \u010depel\u00ed klipu 8CR13MOV. Rychl\u00e9 otev\u0159en\u00ed pomoc\u00ed palcov\u00e9ho \u010depu a hmotnosti pouh\u00fdch 5,1 unce a rukojeti z nerezov\u00e9 oceli.<\/p>\n<p>JEDNODUCH\u00c9 A BEZPE\u010cN\u00c9<br \/>\n\u017d\u00e1dn\u00fd nesmysln\u00fd z\u00e1mek r\u00e1mu udr\u017euje v\u011bci v bezpe\u010d\u00ed.<\/p>\n<p>VYTVO\u0158TE SI JAKO N\u00c1DR\u017d<br \/>\nCelokovov\u00e1 konstrukce znamen\u00e1, \u017ee tento n\u016f\u017e bude va\u0161\u00edm partnerem po mnoho let.<\/p>\n<p>RYCHL\u00c9 OTEV\u0158EN\u00cd<br \/>\nJednodu\u0161e \u0161vihn\u011bte a tento n\u016f\u017e se otev\u0159e lusknut\u00edm.<\/p>\n<p>CELKOV\u00c1 D\u00c9LKA : 20 cm<br \/>\nHMOTNOST PRODUKTU : 5,20 oz<br \/>\nD\u00c9LKA \u010cEPELE : 8.5 cm<br \/>\nPRODUKTOV\u00c1 \u0158ADA : Aegis<br \/>\nTYP PRODUKTU : Skl\u00e1dac\u00ed n\u016f\u017e<br \/>\nMECHANISMUS ZAMYK\u00c1N\u00cd : R\u00e1mov\u00fd z\u00e1mek<br \/>\nOTEV\u00cdRAC\u00cd MECHANISMUS : Kick, Thumb Stud<br \/>\nTYP SPONY NA OPASEK : Pevn\u00fd<br \/>\nDOKON\u010cENI : Sat\u00e9n<br \/>\nTYP Z OCELOV\u00c9 \u010cEPELE : Nerezov\u00e1 ocel 8Cr13MoV<br \/>\nTVAR \u010cEPELE : Clip Point<br \/>\nTVRDOST HRC : 58-60<\/p>\n<p><iframe title=\"Aegis FLK\" width=\"800\" height=\"450\" src=\"https:\/\/www.youtube.com\/embed\/LFBLq-9cYFQ?feature=oembed\" frameborder=\"0\" allow=\"accelerometer; autoplay; clipboard-write; encrypted-media; gyroscope; picture-in-picture\" allowfullscreen><\/iframe><\/p>\n<p>&nbsp;<\/p>\n<p>&nbsp;<\/p>\n","protected":false},"excerpt":{"rendered":"<p>A\u0165 u\u017e chr\u00e1n\u00edte ostatn\u00ed nebo vedete epickou loveckou expedici, \u0159e\u0161\u00edte jednu z ka\u017edodenn\u00edch \u017eivotn\u00edch v\u00fdzev nebo se pot\u00fdk\u00e1te se sv\u00fdmi dosud nejextr\u00e9mn\u011bj\u0161\u00edmi podm\u00ednkami, ud\u011blejte si cestu se\u00a0<strong>SOG<\/strong>.<\/p>\n<p><strong>Na v\u0161echny no\u017ee SOG d\u00e1v\u00e1me do\u017eivotn\u00ed z\u00e1ruku!<\/strong><\/p>\n","protected":false},"featured_media":205992,"comment_status":"open","ping_status":"closed","template":"","meta":[],"pwb-brand":[591],"product_brand":[],"product_cat":[22,17],"product_tag":[3667],"class_list":{"0":"post-205991","1":"product","2":"type-product","3":"status-publish","4":"has-post-thumbnail","6":"pwb-brand-sog","7":"product_cat-zaviraci-noze","8":"product_cat-noze","9":"product_tag-b2b","11":"first","12":"instock","13":"taxable","14":"shipping-taxable","15":"purchasable","16":"product-type-simple"},"brands":[{"id":591,"name":"SOG","slug":"sog"}],"_links":{"self":[{"href":"https:\/\/www.moskito.cz\/it\/wp-json\/wp\/v2\/product\/205991","targetHints":{"allow":["GET"]}}],"collection":[{"href":"https:\/\/www.moskito.cz\/it\/wp-json\/wp\/v2\/product"}],"about":[{"href":"https:\/\/www.moskito.cz\/it\/wp-json\/wp\/v2\/types\/product"}],"replies":[{"embeddable":true,"href":"https:\/\/www.moskito.cz\/it\/wp-json\/wp\/v2\/comments?post=205991"}],"wp:featuredmedia":[{"embeddable":true,"href":"https:\/\/www.moskito.cz\/it\/wp-json\/wp\/v2\/media\/205992"}],"wp:attachment":[{"href":"https:\/\/www.moskito.cz\/it\/wp-json\/wp\/v2\/media?parent=205991"}],"wp:term":[{"taxonomy":"pwb-brand","embeddable":true,"href":"https:\/\/www.moskito.cz\/it\/wp-json\/wp\/v2\/pwb-brand?post=205991"},{"taxonomy":"product_brand","embeddable":true,"href":"https:\/\/www.moskito.cz\/it\/wp-json\/wp\/v2\/product_brand?post=205991"},{"taxonomy":"product_cat","embeddable":true,"href":"https:\/\/www.moskito.cz\/it\/wp-json\/wp\/v2\/product_cat?post=205991"},{"taxonomy":"product_tag","embeddable":true,"href":"https:\/\/www.moskito.cz\/it\/wp-json\/wp\/v2\/product_tag?post=205991"}],"curies":[{"name":"wp","href":"https:\/\/api.w.org\/{rel}","templated":true}]}}