{"id":206074,"date":"2021-09-28T21:19:14","date_gmt":"2021-09-28T20:19:14","guid":{"rendered":"https:\/\/www.moskito.cz\/?post_type=product&#038;p=206074"},"modified":"2025-05-07T10:36:00","modified_gmt":"2025-05-07T09:36:00","slug":"zaviraci-nuz-sog-terminus-xr-g10-black-2","status":"publish","type":"product","link":"https:\/\/www.moskito.cz\/it\/produkt\/zaviraci-nuz-sog-terminus-xr-g10-black-2\/","title":{"rendered":"Zav\u00edrac\u00ed N\u016f\u017e SOG TERMINUS XR G10 BLACK"},"content":{"rendered":"<p>N\u00e1\u0161 p\u0159\u00edb\u011bh za\u010d\u00edn\u00e1 ve Vietnamu, kde \u010dlenov\u00e9 vysoce utajovan\u00e9 americk\u00e9 speci\u00e1ln\u00ed opera\u010dn\u00ed jednotky \u2013 zn\u00e1m\u00e9 jako MACV \u2013<strong>SOG<\/strong>\u00a0\u2013 nesli jedine\u010dn\u00fd tajn\u00fd n\u016f\u017e do d\u017eungle na skryt\u00fdch mis\u00edch. O n\u011bkolik let pozd\u011bji, v roce 1986, tento n\u016f\u017e inspiroval mlad\u00e9ho n\u00e1vrh\u00e1\u0159e jm\u00e9nem Spencer Frazer, aby zalo\u017eil speci\u00e1ln\u00ed no\u017ee<strong>\u00a0SOG<\/strong>. Jeho posl\u00e1n\u00ed: reprodukovat p\u016fvodn\u00ed n\u016f\u017e\u00a0<strong>SOG<\/strong>\u00a0Bowie a vzd\u00e1t hold speci\u00e1ln\u00ed opera\u010dn\u00ed jednotce, kter\u00e1 jej vytvo\u0159ila. To, co za\u010dalo jako jedin\u00fd pam\u011btn\u00ed model, se brzy stalo celou \u0159adou inovativn\u00edch n\u00e1stroj\u016f \u2013 osv\u011bd\u010den\u00fdch americk\u00fdmi speci\u00e1ln\u00edmi silami, dokonce ocen\u011bn\u00fdch jako vybran\u00fd n\u016f\u017e Navy SEAL. No\u017ee SOG se dnes s jistotou nos\u00ed do t\u011bch nejn\u00e1ro\u010dn\u011bj\u0161\u00edch situac\u00ed. Kovan\u00e9 z tradice, tvrzen\u00e9 v poli, pilovan\u00e9 pro v\u00e1s.<\/p>\n<p>A\u0165 u\u017e chr\u00e1n\u00edte ostatn\u00ed nebo vedete epickou loveckou expedici, \u0159e\u0161\u00edte jednu z ka\u017edodenn\u00edch \u017eivotn\u00edch v\u00fdzev nebo se pot\u00fdk\u00e1te se sv\u00fdmi dosud nejextr\u00e9mn\u011bj\u0161\u00edmi podm\u00ednkami, ud\u011blejte si cestu se\u00a0<strong>SOG<\/strong>.<\/p>\n<p>Zav\u00edrac\u00ed N\u016f\u017e<strong> SOG<\/strong> TERMINUS XR G10 BLACK.<\/p>\n<p>Pro ty, kte\u0159\u00ed hledaj\u00ed n\u011bco trochu drsn\u011bj\u0161\u00edho, je tu Terminus XR G10. Odizolovan\u00fd, zadn\u00ed, p\u0159\u00edmo\u010dar\u00fd, od\u011bn\u00fd poctivou rukojet\u00ed G10 a hardwarem vypran\u00fdm kamenem. Uzamykac\u00ed mechanismus XR je elegantn\u00ed a p\u0159izp\u016fsobuje se po celou dobu \u017eivotnosti no\u017ee. Ocelov\u00e1 \u010depel D2 se vyzna\u010duje vysokou hou\u017eevnatost\u00ed a odolnost\u00ed proti opot\u0159eben\u00ed. N\u016f\u017e je pln\u011b oboustrann\u00fd, s vym\u011bnitelnou sponou na opasek pro no\u0161en\u00ed vlevo nebo vpravo. T\u0159i r\u016fzn\u00e9 zp\u016fsoby otev\u00edr\u00e1n\u00ed: \u010dep na palec, z\u00e1mek XR a kop. Terminus XR nastavuje nov\u00fd pruh pro EDC. Prob\u00edh\u00e1 aktualizace klipu k t\u00e9to polo\u017ece. Existuje \u0161ance, \u017ee obdr\u017e\u00edte n\u016f\u017e s jinou sponou, ne\u017e na obr\u00e1zku.<\/p>\n<p>UZAMYKAC\u00cd MECHANISMUS XR<br \/>\nUzamykac\u00ed mechanismus XR je elegantn\u00ed a p\u0159izp\u016fsobuje se po celou dobu \u017eivotnosti no\u017ee.<\/p>\n<p>NOSTE TO PO SV\u00c9M<br \/>\nVym\u011bniteln\u00e1 spona na opasek pro no\u0161en\u00ed vlevo nebo vpravo.<\/p>\n<p>ELEGANTN\u011a JMENOV\u00c1N<br \/>\nOd\u011bn\u00fd poctivou rukojet\u00ed G10 a hardwarem om\u00fdvan\u00fdm kamenem<\/p>\n<p>CELKOV\u00c1 D\u00c9LKA : 18 cm<br \/>\nHMOTNOST PRODUKTU : 3,2 oz<br \/>\nD\u00c9LKA \u010cEPELE : 7.5 cm<br \/>\nMECHANISMUS ZAMYK\u00c1N\u00cd : XR<br \/>\nOTEV\u00cdRAC\u00cd MECHANISMUS : XR, Palec, Kick<br \/>\nTYP SPONY NA OPASEK : Reverzibiln\u00ed Low-Carry<br \/>\nTYP Z OCELOV\u00c9 \u010cEPELE : D2<br \/>\nTVRDOST : RC 58-60<br \/>\nMATERI\u00c1L RUKOJETI : G10<br \/>\nBARVA RUKOJETI : \u010cern\u00e1<\/p>\n<p>For those looking for something a little more rugged, there&#8217;s Terminus XR G10. Stripped, back, straightforward, clad with an honest G10 handle and stone washed hardware. The XR locking mechanism is snappy and adjusts over lifespan of the knife. The D2 steel blade features high toughness and wear resistance. The knife is fully ambidextrous, with swappable belt clip for left or right wear. Three different opening methods: thumb stud, XR Lock, and kick. The Terminus XR is setting a new bar for EDC. We are in the process of updating the clip on this item. There is a chance you will recieve a knife with a clip different than pictured<\/p>\n<p>OVERALL LENGTH<br \/>\n7.21&#8243;<br \/>\nCLOSED LENGTH<br \/>\n4.26&#8243;<br \/>\nPRODUCT WEIGHT<br \/>\n3.2 oz<br \/>\nBLADE LENGTH<br \/>\n2.95&#8243;<br \/>\nBLADE THICKNESS<br \/>\n0.10&#8243;<br \/>\nUPC<br \/>\n729857010672<br \/>\nPRODUCT FAMILY<br \/>\nTerminus<br \/>\nPRODUCT TYPE<br \/>\nFolding Knife<br \/>\nCOUNTRY OF ORIGIN<br \/>\nChina<br \/>\nLOCKING MECHANISM<br \/>\nXR<br \/>\nOPENING MECHANISM<br \/>\nXR, Thumb stud, Kick<br \/>\nBELT CLIP TYPE<br \/>\nReversible Low-Carry<br \/>\nPACKAGING<br \/>\nPresentation Box<br \/>\nENGRAVABLE<br \/>\nYes<br \/>\nFINISH<br \/>\nBlack<br \/>\nEDGE TYPE<br \/>\nStraight<br \/>\nBLADE STEEL TYPE<br \/>\nD2<br \/>\nBLADE SHAPE<br \/>\nClip Point<br \/>\nHARDNESS<br \/>\nRc. 58-60<br \/>\nHANDLE MATERIAL<br \/>\nG10<br \/>\nHANDLE COLOR<br \/>\nBlack<\/p>\n<p>&nbsp;<\/p>\n<p>&nbsp;<\/p>\n<p>&nbsp;<\/p>\n","protected":false},"excerpt":{"rendered":"<p>A\u0165 u\u017e chr\u00e1n\u00edte ostatn\u00ed nebo vedete epickou loveckou expedici, \u0159e\u0161\u00edte jednu z ka\u017edodenn\u00edch \u017eivotn\u00edch v\u00fdzev nebo se pot\u00fdk\u00e1te se sv\u00fdmi dosud nejextr\u00e9mn\u011bj\u0161\u00edmi podm\u00ednkami, ud\u011blejte si cestu se\u00a0<strong>SOG<\/strong>.<\/p>\n<p><strong>Na v\u0161echny no\u017ee SOG d\u00e1v\u00e1me do\u017eivotn\u00ed z\u00e1ruku!<\/strong><\/p>\n","protected":false},"featured_media":206075,"comment_status":"open","ping_status":"closed","template":"","meta":[],"pwb-brand":[591],"product_brand":[],"product_cat":[22,17],"product_tag":[3667],"class_list":{"0":"post-206074","1":"product","2":"type-product","3":"status-publish","4":"has-post-thumbnail","6":"pwb-brand-sog","7":"product_cat-zaviraci-noze","8":"product_cat-noze","9":"product_tag-b2b","11":"first","12":"outofstock","13":"taxable","14":"shipping-taxable","15":"purchasable","16":"product-type-simple"},"brands":[{"id":591,"name":"SOG","slug":"sog"}],"_links":{"self":[{"href":"https:\/\/www.moskito.cz\/it\/wp-json\/wp\/v2\/product\/206074","targetHints":{"allow":["GET"]}}],"collection":[{"href":"https:\/\/www.moskito.cz\/it\/wp-json\/wp\/v2\/product"}],"about":[{"href":"https:\/\/www.moskito.cz\/it\/wp-json\/wp\/v2\/types\/product"}],"replies":[{"embeddable":true,"href":"https:\/\/www.moskito.cz\/it\/wp-json\/wp\/v2\/comments?post=206074"}],"wp:featuredmedia":[{"embeddable":true,"href":"https:\/\/www.moskito.cz\/it\/wp-json\/wp\/v2\/media\/206075"}],"wp:attachment":[{"href":"https:\/\/www.moskito.cz\/it\/wp-json\/wp\/v2\/media?parent=206074"}],"wp:term":[{"taxonomy":"pwb-brand","embeddable":true,"href":"https:\/\/www.moskito.cz\/it\/wp-json\/wp\/v2\/pwb-brand?post=206074"},{"taxonomy":"product_brand","embeddable":true,"href":"https:\/\/www.moskito.cz\/it\/wp-json\/wp\/v2\/product_brand?post=206074"},{"taxonomy":"product_cat","embeddable":true,"href":"https:\/\/www.moskito.cz\/it\/wp-json\/wp\/v2\/product_cat?post=206074"},{"taxonomy":"product_tag","embeddable":true,"href":"https:\/\/www.moskito.cz\/it\/wp-json\/wp\/v2\/product_tag?post=206074"}],"curies":[{"name":"wp","href":"https:\/\/api.w.org\/{rel}","templated":true}]}}