{"id":206135,"date":"2021-09-29T21:15:41","date_gmt":"2021-09-29T20:15:41","guid":{"rendered":"https:\/\/www.moskito.cz\/?post_type=product&#038;p=206135"},"modified":"2025-05-07T10:36:01","modified_gmt":"2025-05-07T09:36:01","slug":"zaviraci-nuz-sog-cash-card","status":"publish","type":"product","link":"https:\/\/www.moskito.cz\/it\/produkt\/zaviraci-nuz-sog-cash-card\/","title":{"rendered":"Zav\u00edrac\u00ed N\u016f\u017e SOG CASH CARD"},"content":{"rendered":"<p>N\u00e1\u0161 p\u0159\u00edb\u011bh za\u010d\u00edn\u00e1 ve Vietnamu, kde \u010dlenov\u00e9 vysoce utajovan\u00e9 americk\u00e9 speci\u00e1ln\u00ed opera\u010dn\u00ed jednotky \u2013 zn\u00e1m\u00e9 jako MACV \u2013<strong>SOG<\/strong>\u00a0\u2013 nesli jedine\u010dn\u00fd tajn\u00fd n\u016f\u017e do d\u017eungle na skryt\u00fdch mis\u00edch. O n\u011bkolik let pozd\u011bji, v roce 1986, tento n\u016f\u017e inspiroval mlad\u00e9ho n\u00e1vrh\u00e1\u0159e jm\u00e9nem Spencer Frazer, aby zalo\u017eil speci\u00e1ln\u00ed no\u017ee<strong>\u00a0SOG<\/strong>. Jeho posl\u00e1n\u00ed: reprodukovat p\u016fvodn\u00ed n\u016f\u017e\u00a0<strong>SOG<\/strong>\u00a0Bowie a vzd\u00e1t hold speci\u00e1ln\u00ed opera\u010dn\u00ed jednotce, kter\u00e1 jej vytvo\u0159ila. To, co za\u010dalo jako jedin\u00fd pam\u011btn\u00ed model, se brzy stalo celou \u0159adou inovativn\u00edch n\u00e1stroj\u016f \u2013 osv\u011bd\u010den\u00fdch americk\u00fdmi speci\u00e1ln\u00edmi silami, dokonce ocen\u011bn\u00fdch jako vybran\u00fd n\u016f\u017e Navy SEAL. No\u017ee SOG se dnes s jistotou nos\u00ed do t\u011bch nejn\u00e1ro\u010dn\u011bj\u0161\u00edch situac\u00ed. Kovan\u00e9 z tradice, tvrzen\u00e9 v poli, pilovan\u00e9 pro v\u00e1s.<\/p>\n<p>A\u0165 u\u017e chr\u00e1n\u00edte ostatn\u00ed nebo vedete epickou loveckou expedici, \u0159e\u0161\u00edte jednu z ka\u017edodenn\u00edch \u017eivotn\u00edch v\u00fdzev nebo se pot\u00fdk\u00e1te se sv\u00fdmi dosud nejextr\u00e9mn\u011bj\u0161\u00edmi podm\u00ednkami, ud\u011blejte si cestu se\u00a0<strong>SOG<\/strong>.<\/p>\n<p>Zav\u00edrac\u00ed N\u016f\u017e <strong>SOG<\/strong> CASH CARD.<\/p>\n<p>Jednoduch\u00e9, lehk\u00e9 a kompaktn\u00ed: SOG Cash Card je minimalistick\u00fd snov\u00fd n\u016f\u017e. M\u016f\u017ee se pochlubit odolnou \u010depel\u00ed v tenk\u00e9m profilu, kter\u00e1 se snadno schov\u00e1 do ka\u017ed\u00e9 kapsy. P\u0159ipn\u011bte si ho do vnit\u0159n\u00ed \u010d\u00e1sti kapsy nebo pou\u017eijte jako klip na pen\u00edze a karty a zajist\u00ed, \u017ee budete m\u00edt v\u0161e, co pot\u0159ebujete k p\u0159e\u017eit\u00ed v modern\u00edm sv\u011bt\u011b. Dob\u0159e navr\u017een\u00e9 rukojeti, p\u0159esto\u017ee jsou tenk\u00e9, se pohodln\u011b dr\u017e\u00ed a pou\u017e\u00edvaj\u00ed. D\u00edky celokovov\u00e9 konstrukci m\u016f\u017ee Cash Card vydr\u017eet roky zneu\u017e\u00edv\u00e1n\u00ed. Skeletizovan\u00e1 struktura udr\u017euje hmotnost a objem na minimu i d\u00edky pevn\u00e9mu mechanismu z\u00e1mku vlo\u017eky a 2,75palcov\u00e9mu ost\u0159\u00ed. Navzdory mal\u00fdm rozm\u011br\u016fm v\u00e1m Cash Card m\u016f\u017ee poskytnout maxim\u00e1ln\u00ed v\u0161estrannost jako kapesn\u00ed n\u016f\u017e.<\/p>\n<p>HMOTNOST PRODUKTU\u00a0 2,00 oz<br \/>\nD\u00c9LKA \u010cEPELE : 7 cm<br \/>\nTYP PRODUKTU : Skl\u00e1dac\u00ed n\u016f\u017e<br \/>\nMECHANISMUS ZAMYK\u00c1N\u00cd : Linerlock<br \/>\nTYP SPONY NA OPASEK : Pevn\u00fd<br \/>\nDOKON\u010cENI : Sat\u00e9n<br \/>\nTYP HRANY : Rovn\u00fd<br \/>\nTYP Z OCELOV\u00c9 \u010cEPELE : Nerezov\u00e1 ocel 8Cr13MoV<br \/>\nTVAR \u010cEPELE : Clip Point<br \/>\nTVRDOST : RC 56-58<br \/>\nMATERI\u00c1L RUKOJETI : Nerezov\u00e1 ocel<br \/>\nBARVA RUKOJETI : st\u0159\u00edbrn\u00e1<\/p>\n<p>Simple, light, and compact: the SOG Cash Card is a minimalist\u2019s dream knife. It boasts a durable blade in a slim profile that easily conceals in any pocket. Clip it to the inside of your pocket or use it as a money and card clip, it ensures that you have everything you need to survive in the modern world. The well-designed handles, while thin, are comfortable to hold and use. Due to the full-metal construction, the Cash Card can endure years of abuse. The skeletonized structure keeps weight and bulk to a minimum even with its solid liner lock mechanism and 2.75-inch blade. Despite the small size, the Cash Card can still give you maximum versatility as a go-to pocketknife<\/p>\n<p>PRODUCT WEIGHT<br \/>\n2.00 oz<br \/>\nBLADE LENGTH<br \/>\n2.75&#8243;<br \/>\nUPC<br \/>\n7-29857-00083-3<br \/>\nPREORDER DATE<br \/>\nN\/A<br \/>\nIS PREORDER<br \/>\nN\/A<br \/>\nPRODUCT FAMILY<br \/>\nCash Card<br \/>\nPRODUCT TYPE<br \/>\nFolding Knife<br \/>\nCOUNTRY OF ORIGIN<br \/>\nChina<br \/>\nLOCKING MECHANISM<br \/>\nLinerlock<br \/>\nBELT CLIP TYPE<br \/>\nFixed<br \/>\nPACKAGING<br \/>\nTrap Blister<br \/>\nENGRAVABLE<br \/>\nYes<br \/>\nFINISH<br \/>\nSatin<br \/>\nEDGE TYPE<br \/>\nStraight<br \/>\nBLADE STEEL TYPE<br \/>\n8Cr13MoV Stainless Steel<br \/>\nBLADE SHAPE<br \/>\nClip Point<br \/>\nHARDNESS<br \/>\nRc. 56-58<br \/>\nHANDLE MATERIAL<br \/>\nStainless Steel<br \/>\nHANDLE COLOR<br \/>\nSilver<\/p>\n<p>&nbsp;<\/p>\n","protected":false},"excerpt":{"rendered":"<p>A\u0165 u\u017e chr\u00e1n\u00edte ostatn\u00ed nebo vedete epickou loveckou expedici, \u0159e\u0161\u00edte jednu z ka\u017edodenn\u00edch \u017eivotn\u00edch v\u00fdzev nebo se pot\u00fdk\u00e1te se sv\u00fdmi dosud nejextr\u00e9mn\u011bj\u0161\u00edmi podm\u00ednkami, ud\u011blejte si cestu se\u00a0<strong>SOG<\/strong>.<\/p>\n<p><strong>Na v\u0161echny no\u017ee SOG d\u00e1v\u00e1me do\u017eivotn\u00ed z\u00e1ruku!<\/strong><\/p>\n","protected":false},"featured_media":206136,"comment_status":"open","ping_status":"closed","template":"","meta":[],"pwb-brand":[591],"product_brand":[],"product_cat":[22,17],"product_tag":[3667],"class_list":{"0":"post-206135","1":"product","2":"type-product","3":"status-publish","4":"has-post-thumbnail","6":"pwb-brand-sog","7":"product_cat-zaviraci-noze","8":"product_cat-noze","9":"product_tag-b2b","11":"first","12":"instock","13":"taxable","14":"shipping-taxable","15":"purchasable","16":"product-type-simple"},"brands":[{"id":591,"name":"SOG","slug":"sog"}],"_links":{"self":[{"href":"https:\/\/www.moskito.cz\/it\/wp-json\/wp\/v2\/product\/206135","targetHints":{"allow":["GET"]}}],"collection":[{"href":"https:\/\/www.moskito.cz\/it\/wp-json\/wp\/v2\/product"}],"about":[{"href":"https:\/\/www.moskito.cz\/it\/wp-json\/wp\/v2\/types\/product"}],"replies":[{"embeddable":true,"href":"https:\/\/www.moskito.cz\/it\/wp-json\/wp\/v2\/comments?post=206135"}],"wp:featuredmedia":[{"embeddable":true,"href":"https:\/\/www.moskito.cz\/it\/wp-json\/wp\/v2\/media\/206136"}],"wp:attachment":[{"href":"https:\/\/www.moskito.cz\/it\/wp-json\/wp\/v2\/media?parent=206135"}],"wp:term":[{"taxonomy":"pwb-brand","embeddable":true,"href":"https:\/\/www.moskito.cz\/it\/wp-json\/wp\/v2\/pwb-brand?post=206135"},{"taxonomy":"product_brand","embeddable":true,"href":"https:\/\/www.moskito.cz\/it\/wp-json\/wp\/v2\/product_brand?post=206135"},{"taxonomy":"product_cat","embeddable":true,"href":"https:\/\/www.moskito.cz\/it\/wp-json\/wp\/v2\/product_cat?post=206135"},{"taxonomy":"product_tag","embeddable":true,"href":"https:\/\/www.moskito.cz\/it\/wp-json\/wp\/v2\/product_tag?post=206135"}],"curies":[{"name":"wp","href":"https:\/\/api.w.org\/{rel}","templated":true}]}}