{"id":206241,"date":"2021-10-01T20:49:41","date_gmt":"2021-10-01T19:49:41","guid":{"rendered":"https:\/\/www.moskito.cz\/?post_type=product&#038;p=206241"},"modified":"2025-05-07T10:36:02","modified_gmt":"2025-05-07T09:36:02","slug":"zaviraci-nuz-sog-terminus-xr-lte-carbon-graphite","status":"publish","type":"product","link":"https:\/\/www.moskito.cz\/it\/produkt\/zaviraci-nuz-sog-terminus-xr-lte-carbon-graphite\/","title":{"rendered":"Zav\u00edrac\u00ed N\u016f\u017e SOG TERMINUS XR LTE CARBON GRAPHITE"},"content":{"rendered":"<p>N\u00e1\u0161 p\u0159\u00edb\u011bh za\u010d\u00edn\u00e1 ve Vietnamu, kde \u010dlenov\u00e9 vysoce utajovan\u00e9 americk\u00e9 speci\u00e1ln\u00ed opera\u010dn\u00ed jednotky \u2013 zn\u00e1m\u00e9 jako MACV \u2013<strong>SOG<\/strong>\u00a0\u2013 nesli jedine\u010dn\u00fd tajn\u00fd n\u016f\u017e do d\u017eungle na skryt\u00fdch mis\u00edch. O n\u011bkolik let pozd\u011bji, v roce 1986, tento n\u016f\u017e inspiroval mlad\u00e9ho n\u00e1vrh\u00e1\u0159e jm\u00e9nem Spencer Frazer, aby zalo\u017eil speci\u00e1ln\u00ed no\u017ee<strong>\u00a0SOG<\/strong>. Jeho posl\u00e1n\u00ed: reprodukovat p\u016fvodn\u00ed n\u016f\u017e\u00a0<strong>SOG<\/strong>\u00a0Bowie a vzd\u00e1t hold speci\u00e1ln\u00ed opera\u010dn\u00ed jednotce, kter\u00e1 jej vytvo\u0159ila. To, co za\u010dalo jako jedin\u00fd pam\u011btn\u00ed model, se brzy stalo celou \u0159adou inovativn\u00edch n\u00e1stroj\u016f \u2013 osv\u011bd\u010den\u00fdch americk\u00fdmi speci\u00e1ln\u00edmi silami, dokonce ocen\u011bn\u00fdch jako vybran\u00fd n\u016f\u017e Navy SEAL. No\u017ee SOG se dnes s jistotou nos\u00ed do t\u011bch nejn\u00e1ro\u010dn\u011bj\u0161\u00edch situac\u00ed. Kovan\u00e9 z tradice, tvrzen\u00e9 v poli, pilovan\u00e9 pro v\u00e1s.<\/p>\n<p>A\u0165 u\u017e chr\u00e1n\u00edte ostatn\u00ed nebo vedete epickou loveckou expedici, \u0159e\u0161\u00edte jednu z ka\u017edodenn\u00edch \u017eivotn\u00edch v\u00fdzev nebo se pot\u00fdk\u00e1te se sv\u00fdmi dosud nejextr\u00e9mn\u011bj\u0161\u00edmi podm\u00ednkami, ud\u011blejte si cestu se\u00a0<strong>SOG<\/strong>.<\/p>\n<p>Zav\u00edrac\u00ed N\u016f\u017e <strong>SOG<\/strong> TERMINUS XR LTE CARBON GRAPHITE.<\/p>\n<p>Light Edition je o 30% leh\u010d\u00ed ne\u017e standardn\u00ed Terminus XR a m\u00e1 aktualizovan\u00fd design rukojeti a klipu s vlo\u017ekami z uhl\u00edkov\u00fdch vl\u00e1ken, kter\u00e9 sni\u017euj\u00ed hmotnost. Terminus XR LTE je vybaven velmi silnou technologi\u00ed XR Lock spole\u010dnosti SOG a \u010depel\u00ed z oceli S35VN s kryo o\u0161et\u0159enou vrstvou TiNi. Pokud pot\u0159ebujete cestovat na lehko, Terminus LTE v\u00e1m umo\u017en\u00ed p\u0159en\u00e1\u0161et st\u0159edn\u011b velk\u00fd EDC bez jak\u00e9koli extra v\u00e1hy. Elegantn\u00ed, decentn\u00ed a vyroben\u00fd z nejlep\u0161\u00edch dostupn\u00fdch materi\u00e1l\u016f, Terminus XR LTE je jednou z nejlep\u0161\u00edch mo\u017enost\u00ed SOG pro ka\u017edodenn\u00ed no\u0161en\u00ed.<\/p>\n<p>AKTUALIZOVAN\u00dd DESIGN<br \/>\nDesign rukojeti byl aktualizov\u00e1n, aby poskytoval elegantn\u011bj\u0161\u00ed vzhled a lep\u0161\u00ed pocit z ruky a p\u0159ilnavost, a kapesn\u00ed spona byla aktualizov\u00e1na, aby byla pevn\u011bj\u0161\u00ed, ale s men\u0161\u00edm profilem.<\/p>\n<p>SOUHRN FUNKC\u00cd<br \/>\nS pouh\u00fdmi 2,2 unce je Terminus XR LTE \u00fa\u017easn\u011b lehk\u00fd zav\u00edrac\u00ed n\u016f\u017e navr\u017een\u00fd pro rozli\u0161en\u00ed ka\u017edodenn\u00edho no\u0161en\u00ed. Pln\u011b oboustrann\u00fd, s oboustrannou kapesn\u00ed sponou, je vybaven siln\u00fdm blokovac\u00edm mechanismem SOR XR a prvot\u0159\u00eddn\u00ed ocel\u00ed S35VN.<\/p>\n<p>OCEL CRYO CPM S35VN<br \/>\nHou\u017eevnat\u00e1 a korozi odoln\u00e1 ocel, kter\u00e1 je kryogenicky tepeln\u011b zpracov\u00e1na podle jedine\u010dn\u00fdch v\u00fdkonnostn\u00edch specifikac\u00ed SOG. \u010cepel CPM S35VN pota\u017een\u00e1 nitridem titanu poskytuje ide\u00e1ln\u00ed kombinaci ostrosti a hou\u017eevnatosti b\u0159itu pro n\u00e1ro\u010dn\u00e9 pou\u017eit\u00ed s \u200b\u200bminim\u00e1ln\u00ed \u00fadr\u017ebou.<\/p>\n<p>XR LOCK<br \/>\nSpolehliv\u00fd a v\u00fdkonn\u00fd, schopn\u00fd odolat s\u00edle a\u017e 1 500 liber, poskytuje maxim\u00e1ln\u00ed vestav\u011bn\u00e9 zaji\u0161t\u011bn\u00ed \u010depel\u00ed p\u0159i otev\u0159en\u00ed a zaji\u0161\u0165uje, \u017ee se otev\u00edr\u00e1 pouze tehdy, kdy\u017e je zam\u00fd\u0161leno.<\/p>\n<p>VLO\u017dKY Z UHL\u00cdKOV\u00ddCH VL\u00c1KEN<br \/>\n\u0158ada LTE vym\u011b\u0148uje metalick\u00e9 vlo\u017eky za uhl\u00edkov\u00e1 vl\u00e1kna. Stejn\u011b odoln\u00e9, ale mnohem leh\u010d\u00ed a sn\u00e1ze se s nimi manipuluje a p\u0159en\u00e1\u0161\u00ed se.<\/p>\n<p>CELKOV\u00c1 D\u00c9LKA : 18 CM<br \/>\nHMOTNOST PRODUKTU : 2,2 oz<br \/>\nD\u00c9LKA \u010cEPELE : 7.5 CM<br \/>\nMECHANISMUS ZAMYK\u00c1N\u00cd : XR<br \/>\nOTEV\u00cdRAC\u00cd MECHANISMUS : XR, Palec, Kick<br \/>\nTYP SPONY NA OPASEK : Reverzibiln\u00ed Low-Carry<br \/>\nDOKON\u010cIT : Grafit TiNi<br \/>\nTYP Z OCELOV\u00c9 \u010cEPELE : CRYO CPM S35VN<br \/>\nTVAR \u010cEPELE : Clip Point<br \/>\nTVRDOST : RC 60-62<br \/>\nMATERI\u00c1L RUKOJETI : G10 a uhl\u00edkov\u00e1 vl\u00e1kna<\/p>\n<p><iframe title=\"Terminus XR LTE\" width=\"800\" height=\"450\" src=\"https:\/\/www.youtube.com\/embed\/CsVELstyOf8?feature=oembed\" frameborder=\"0\" allow=\"accelerometer; autoplay; clipboard-write; encrypted-media; gyroscope; picture-in-picture; web-share\" allowfullscreen><\/iframe><\/p>\n<p>&nbsp;<\/p>\n<p>30% lighter than a standard Terminus XR, the Light Edition features updated handle and clip design, with carbon fiber liners to reduce weight. Terminus XR LTE features SOG&#8217;s super-strong XR Lock technology with and a TiNi coated, cryo-treated S35VN steel blade. When you need to travel light, Terminus LTE lets you carry a mid-sized EDC without any extra weight. Sleek, understated, and built with some of the best materials available, Terminus XR LTE is one of SOG&#8217;s top choices for daily carry.<\/p>\n<p>OVERALL LENGTH<br \/>\n7.17&#8243;<br \/>\nCLOSED LENGTH<br \/>\n4.18&#8243;<br \/>\nPRODUCT WEIGHT<br \/>\n2.2oz<br \/>\nBLADE LENGTH<br \/>\n2.95&#8243;<br \/>\nBLADE THICKNESS<br \/>\n0.10&#8243;<br \/>\nLOCKING MECHANISM<br \/>\nXR<br \/>\nOPENING MECHANISM<br \/>\nXR, Thumb stud, Kick<br \/>\nBELT CLIP TYPE<br \/>\nReversible Low-Carry<br \/>\nFINISH<br \/>\nGraphite TiNi<br \/>\nEDGE TYPE<br \/>\nStraight<br \/>\nBLADE STEEL TYPE<br \/>\nCRYO CPM S35VN<br \/>\nBLADE SHAPE<br \/>\nClip Point<br \/>\nHARDNESS<br \/>\nRc. 60-62<br \/>\nHANDLE MATERIAL<br \/>\nG10 and Carbon Fiber<br \/>\nCOUNTRY OF ORIGIN<br \/>\nChina<br \/>\nPRODUCT FAMILY<br \/>\nTerminus<br \/>\nPRODUCT TYPE<br \/>\nFolding Knife<\/p>\n","protected":false},"excerpt":{"rendered":"<p>A\u0165 u\u017e chr\u00e1n\u00edte ostatn\u00ed nebo vedete epickou loveckou expedici, \u0159e\u0161\u00edte jednu z ka\u017edodenn\u00edch \u017eivotn\u00edch v\u00fdzev nebo se pot\u00fdk\u00e1te se sv\u00fdmi dosud nejextr\u00e9mn\u011bj\u0161\u00edmi podm\u00ednkami, ud\u011blejte si cestu se\u00a0<strong>SOG<\/strong>.<\/p>\n<p><strong>Na v\u0161echny no\u017ee SOG d\u00e1v\u00e1me do\u017eivotn\u00ed z\u00e1ruku!<\/strong><\/p>\n","protected":false},"featured_media":206242,"comment_status":"open","ping_status":"closed","template":"","meta":[],"pwb-brand":[591],"product_brand":[],"product_cat":[22,17],"product_tag":[3667],"class_list":{"0":"post-206241","1":"product","2":"type-product","3":"status-publish","4":"has-post-thumbnail","6":"pwb-brand-sog","7":"product_cat-zaviraci-noze","8":"product_cat-noze","9":"product_tag-b2b","11":"first","12":"instock","13":"taxable","14":"shipping-taxable","15":"purchasable","16":"product-type-simple"},"brands":[{"id":591,"name":"SOG","slug":"sog"}],"_links":{"self":[{"href":"https:\/\/www.moskito.cz\/it\/wp-json\/wp\/v2\/product\/206241","targetHints":{"allow":["GET"]}}],"collection":[{"href":"https:\/\/www.moskito.cz\/it\/wp-json\/wp\/v2\/product"}],"about":[{"href":"https:\/\/www.moskito.cz\/it\/wp-json\/wp\/v2\/types\/product"}],"replies":[{"embeddable":true,"href":"https:\/\/www.moskito.cz\/it\/wp-json\/wp\/v2\/comments?post=206241"}],"wp:featuredmedia":[{"embeddable":true,"href":"https:\/\/www.moskito.cz\/it\/wp-json\/wp\/v2\/media\/206242"}],"wp:attachment":[{"href":"https:\/\/www.moskito.cz\/it\/wp-json\/wp\/v2\/media?parent=206241"}],"wp:term":[{"taxonomy":"pwb-brand","embeddable":true,"href":"https:\/\/www.moskito.cz\/it\/wp-json\/wp\/v2\/pwb-brand?post=206241"},{"taxonomy":"product_brand","embeddable":true,"href":"https:\/\/www.moskito.cz\/it\/wp-json\/wp\/v2\/product_brand?post=206241"},{"taxonomy":"product_cat","embeddable":true,"href":"https:\/\/www.moskito.cz\/it\/wp-json\/wp\/v2\/product_cat?post=206241"},{"taxonomy":"product_tag","embeddable":true,"href":"https:\/\/www.moskito.cz\/it\/wp-json\/wp\/v2\/product_tag?post=206241"}],"curies":[{"name":"wp","href":"https:\/\/api.w.org\/{rel}","templated":true}]}}