{"id":206370,"date":"2021-10-04T21:26:23","date_gmt":"2021-10-04T20:26:23","guid":{"rendered":"https:\/\/www.moskito.cz\/?post_type=product&#038;p=206370"},"modified":"2025-05-07T10:36:02","modified_gmt":"2025-05-07T09:36:02","slug":"multifunkcni-kleste-sog-powerlitre","status":"publish","type":"product","link":"https:\/\/www.moskito.cz\/it\/produkt\/multifunkcni-kleste-sog-powerlitre\/","title":{"rendered":"Multifunk\u010dn\u00ed Kle\u0161t\u011b SOG POWERLITRE"},"content":{"rendered":"<p>N\u00e1\u0161 p\u0159\u00edb\u011bh za\u010d\u00edn\u00e1 ve Vietnamu, kde \u010dlenov\u00e9 vysoce utajovan\u00e9 americk\u00e9 speci\u00e1ln\u00ed opera\u010dn\u00ed jednotky \u2013 zn\u00e1m\u00e9 jako MACV \u2013<strong>SOG<\/strong>\u00a0\u2013 nesli jedine\u010dn\u00fd tajn\u00fd n\u016f\u017e do d\u017eungle na skryt\u00fdch mis\u00edch. O n\u011bkolik let pozd\u011bji, v roce 1986, tento n\u016f\u017e inspiroval mlad\u00e9ho n\u00e1vrh\u00e1\u0159e jm\u00e9nem Spencer Frazer, aby zalo\u017eil speci\u00e1ln\u00ed no\u017ee<strong>\u00a0SOG<\/strong>. Jeho posl\u00e1n\u00ed: reprodukovat p\u016fvodn\u00ed n\u016f\u017e\u00a0<strong>SOG<\/strong>\u00a0Bowie a vzd\u00e1t hold speci\u00e1ln\u00ed opera\u010dn\u00ed jednotce, kter\u00e1 jej vytvo\u0159ila. To, co za\u010dalo jako jedin\u00fd pam\u011btn\u00ed model, se brzy stalo celou \u0159adou inovativn\u00edch n\u00e1stroj\u016f \u2013 osv\u011bd\u010den\u00fdch americk\u00fdmi speci\u00e1ln\u00edmi silami, dokonce ocen\u011bn\u00fdch jako vybran\u00fd n\u016f\u017e Navy SEAL. No\u017ee SOG se dnes s jistotou nos\u00ed do t\u011bch nejn\u00e1ro\u010dn\u011bj\u0161\u00edch situac\u00ed. Kovan\u00e9 z tradice, tvrzen\u00e9 v poli, pilovan\u00e9 pro v\u00e1s.<\/p>\n<p>A\u0165 u\u017e chr\u00e1n\u00edte ostatn\u00ed nebo vedete epickou loveckou expedici, \u0159e\u0161\u00edte jednu z ka\u017edodenn\u00edch \u017eivotn\u00edch v\u00fdzev nebo se pot\u00fdk\u00e1te se sv\u00fdmi dosud nejextr\u00e9mn\u011bj\u0161\u00edmi podm\u00ednkami, ud\u011blejte si cestu se\u00a0<strong>SOG<\/strong>.<\/p>\n<p>Multifunk\u010dn\u00ed Kle\u0161t\u011b <strong>SOG<\/strong> POWERLITRE.<\/p>\n<p>PowerLitre je mini-multi n\u00e1stroj, kter\u00fd poskytuje n\u00e1stroj v pln\u00e9 velikosti, v\u010detn\u011b prvn\u00edho SOG multi-n\u00e1stroje, kter\u00fd obsahuje v\u00fdvrtku. Litr je vybaven magnetick\u00fdm \u0161estihrann\u00fdm dr\u017e\u00e1kem bit\u016f a samoz\u0159ejm\u011b je vybaven SOG&#8217;s Compound Leverage, kter\u00fd poskytuje plynul\u00e9 otev\u00edr\u00e1n\u00ed a zav\u00edr\u00e1n\u00ed a zv\u00fd\u0161enou s\u00edlu \u00fachopu, pou\u017eitou jak v kle\u0161t\u00edch, tak ve v\u00fdvrtce. PowerLitre s d\u00e9lkou pouh\u00fdch 5 palc\u016f a n\u00edzkou hmotnost\u00ed 4,6 unce je multifunk\u010dn\u00ed n\u00e1stroj, kter\u00fd se skv\u011ble hod\u00ed do kapsy, do kufru, na lavici n\u00e1stroj\u016f nebo do domu.<\/p>\n<p>Prvn\u00ed multifunk\u010dn\u00ed n\u00e1stroj SOG s v\u00fdvrtkou &#8230; \u0161ikovn\u00fd!<br \/>\nChardonnay v kempu. Merlot na vrcholu hory. Pinot grigio u baz\u00e9nu. PowerLitre je m\u016f\u017ee otev\u0159\u00edt v\u0161echny.<\/p>\n<p>19 n\u00e1stroj\u016f v kompaktn\u00edm balen\u00ed<br \/>\nZahrnuje otv\u00edr\u00e1k na konzervy, k\u0159\u00ed\u017eov\u00fd \u0161roubov\u00e1k \u010d. 1, otv\u00edr\u00e1k na l\u00e1hve, n\u016f\u017eky, palcov\u00e9 prav\u00edtko, jehlov\u00e9 kle\u0161t\u011b, \u00fachyt na \u0161rouby, n\u016f\u017e na m\u011bkk\u00e9 dr\u00e1ty, \u010depel s rovn\u00fdm okrajem, \u0161\u00eddlo, \u0161perka\u0159, \u0159eza\u010dku h\u00e1\u010dk\u016f, v\u00fdvrtku a patku, pravidlo mm dr\u017e\u00e1k bit\u016f, m\u011b\u0159i\u010d \u00fakosu a drti\u010d dr\u00e1tu.<\/p>\n<p>SLO\u017dEN\u00dd P\u00c1KOV\u00dd EFEKT<br \/>\nPlynul\u00e9 otev\u00edr\u00e1n\u00ed a zav\u00edr\u00e1n\u00ed se zv\u00fd\u0161enou uchopovac\u00ed silou.<\/p>\n<p>VYROBENO Z NEREZOV\u00c9 OCELI<br \/>\nOdoln\u00fd a odoln\u00fd proti korozi.<\/p>\n<p>KOMPAKTN\u00cd VELIKOST<br \/>\nTuny n\u00e1stroj\u016f zabalen\u00fdch v bal\u00ed\u010dku, kter\u00fd je 5 palc\u016f dlouh\u00fd a v\u00e1\u017e\u00ed pouze 4,6 unce.<\/p>\n<p>HMOTNOST PRODUKTU : 4,60 oz<br \/>\nDOKON\u010cENI : Stone Wash<br \/>\nPO\u010cET N\u00c1STROJ\u016e : 17<br \/>\nTYP Z OCELOV\u00c9 \u010cEPELE : Nerezov\u00e1 ocel<br \/>\n\u0160\u00cdDLO<br \/>\nOTV\u00cdR\u00c1K NA L\u00c1HVE<br \/>\nOTV\u00cdR\u00c1K<br \/>\nCOMPOUND P\u00c1KA KORKOV\u00dd \u0160ROUB<br \/>\n\u0158EZA\u010cKA TVRD\u00c9HO DR\u00c1TU<br \/>\nKLE\u0160T\u011a NA \u0160PI\u010cKU JEHLY<br \/>\n\u0160ROUBOV\u00c1K PHILIPS<br \/>\n\u00daHLOM\u011aR<br \/>\nPRAV\u00cdTKO<br \/>\nN\u016e\u017dKY<br \/>\nMAL\u00dd PLOCH\u00dd \u0160ROUBOV\u00c1K<br \/>\nROVN\u00dd OST\u0158\u00cd<br \/>\nMAGNETICK\u00dd \u0160ESTIHRANN\u00dd BITOV\u00dd BIT 1\/4 &#8221; SE ST\u0158EDEM<br \/>\n\u0158EZA\u010cKA<br \/>\nM\u011aKK\u00c1 \u0158EZA\u010cKA DR\u00c1TU<\/p>\n<p><iframe title=\"SOG PowerLitre\" width=\"800\" height=\"450\" src=\"https:\/\/www.youtube.com\/embed\/Lmx6BDxSQ_k?feature=oembed\" frameborder=\"0\" allow=\"accelerometer; autoplay; clipboard-write; encrypted-media; gyroscope; picture-in-picture; web-share\" allowfullscreen><\/iframe><\/p>\n<p>&nbsp;<\/p>\n<div><\/div>\n<div><\/div>\n<div><\/div>\n<p>&nbsp;<\/p>\n","protected":false},"excerpt":{"rendered":"<p>A\u0165 u\u017e chr\u00e1n\u00edte ostatn\u00ed nebo vedete epickou loveckou expedici, \u0159e\u0161\u00edte jednu z ka\u017edodenn\u00edch \u017eivotn\u00edch v\u00fdzev nebo se pot\u00fdk\u00e1te se sv\u00fdmi dosud nejextr\u00e9mn\u011bj\u0161\u00edmi podm\u00ednkami, ud\u011blejte si cestu se\u00a0<strong>SOG<\/strong>.<\/p>\n<p><strong>Na v\u0161echny no\u017ee SOG d\u00e1v\u00e1me do\u017eivotn\u00ed z\u00e1ruku!<\/strong><\/p>\n","protected":false},"featured_media":206371,"comment_status":"open","ping_status":"closed","template":"","meta":[],"pwb-brand":[591],"product_brand":[],"product_cat":[50],"product_tag":[3667],"class_list":{"0":"post-206370","1":"product","2":"type-product","3":"status-publish","4":"has-post-thumbnail","6":"pwb-brand-sog","7":"product_cat-multi-tool","8":"product_tag-b2b","10":"first","11":"instock","12":"taxable","13":"shipping-taxable","14":"purchasable","15":"product-type-simple"},"brands":[{"id":591,"name":"SOG","slug":"sog"}],"_links":{"self":[{"href":"https:\/\/www.moskito.cz\/it\/wp-json\/wp\/v2\/product\/206370","targetHints":{"allow":["GET"]}}],"collection":[{"href":"https:\/\/www.moskito.cz\/it\/wp-json\/wp\/v2\/product"}],"about":[{"href":"https:\/\/www.moskito.cz\/it\/wp-json\/wp\/v2\/types\/product"}],"replies":[{"embeddable":true,"href":"https:\/\/www.moskito.cz\/it\/wp-json\/wp\/v2\/comments?post=206370"}],"wp:featuredmedia":[{"embeddable":true,"href":"https:\/\/www.moskito.cz\/it\/wp-json\/wp\/v2\/media\/206371"}],"wp:attachment":[{"href":"https:\/\/www.moskito.cz\/it\/wp-json\/wp\/v2\/media?parent=206370"}],"wp:term":[{"taxonomy":"pwb-brand","embeddable":true,"href":"https:\/\/www.moskito.cz\/it\/wp-json\/wp\/v2\/pwb-brand?post=206370"},{"taxonomy":"product_brand","embeddable":true,"href":"https:\/\/www.moskito.cz\/it\/wp-json\/wp\/v2\/product_brand?post=206370"},{"taxonomy":"product_cat","embeddable":true,"href":"https:\/\/www.moskito.cz\/it\/wp-json\/wp\/v2\/product_cat?post=206370"},{"taxonomy":"product_tag","embeddable":true,"href":"https:\/\/www.moskito.cz\/it\/wp-json\/wp\/v2\/product_tag?post=206370"}],"curies":[{"name":"wp","href":"https:\/\/api.w.org\/{rel}","templated":true}]}}