{"id":206500,"date":"2021-10-11T21:14:27","date_gmt":"2021-10-11T20:14:27","guid":{"rendered":"https:\/\/www.moskito.cz\/?post_type=product&#038;p=206500"},"modified":"2025-05-07T10:36:03","modified_gmt":"2025-05-07T09:36:03","slug":"zaviraci-nuz-microtech-socom-elite-signature-bronze-160-13ss","status":"publish","type":"product","link":"https:\/\/www.moskito.cz\/it\/produkt\/zaviraci-nuz-microtech-socom-elite-signature-bronze-160-13ss\/","title":{"rendered":"Zav\u00edrac\u00ed N\u016f\u017e Microtech Socom Elite SIGNATURE BRONZE 160-13SS"},"content":{"rendered":"<p>Zav\u00edrac\u00ed N\u016f\u017e <strong>Microtech<\/strong> Socom Elite SIGNATURE BRONZE 160-13SS.<\/p>\n<p>Zat\u00edmco <strong>Socom<\/strong> Elite byl vyroben ji\u017e d\u0159\u00edve, tento model byl p\u0159epracov\u00e1n-nyn\u00ed obsahuje vylep\u0161en\u00fd syst\u00e9m na rozbit\u00ed skla, krom\u011b upraven\u00e9ho kapesn\u00edho klipu, vlastn\u00edch distan\u010dn\u00edch podlo\u017eek a designu z\u00e1mku podr\u00e1mu. Od uveden\u00ed debutov\u00fdch model\u016f v roce 1996 je \u0159ada <strong>Socom<\/strong> standardem pro vym\u00e1h\u00e1n\u00ed pr\u00e1va, vojensk\u00fd person\u00e1l i civiln\u00ed sektor nebo pro kohokoli jin\u00e9ho, \u200b\u200bkdo hled\u00e1 pracanta. Tento model, kter\u00fd je sou\u010d\u00e1st\u00ed \u0159ady Signature, m\u00e1 \u010dernou eloxovanou hlin\u00edkovou rukoje\u0165 vhodnou pro letadla, kompletn\u00ed s vlo\u017ekami podporuj\u00edc\u00edmi p\u0159ilnavost, standardn\u00ed bronzov\u00fd hardware, \u010depel ve stylu spear point, kter\u00e1 se py\u0161n\u00ed \u201e\u0161pi\u010dat\u00fdm brou\u0161en\u00edm\u201c a logem dr\u00e1pu Microtech, v bronzov\u00e9m proveden\u00ed a kapesn\u00ed spona je staticky navr\u017eena pro no\u0161en\u00ed \u0161pi\u010dkou dol\u016f pouze na tradi\u010dn\u00ed stran\u011b dr\u017eadla. Vyrobeno v USA.<\/p>\n<p>SPECIFIKACE:<\/p>\n<p>D\u00e9lka \u010depele: 10 cm<br \/>\nCelkov\u00e1 d\u00e9lka: 24.5 cm<br \/>\nMateri\u00e1l \u010depele: nerezov\u00e1 ocel M390<br \/>\nPovrchov\u00e1 \u00faprava \u010depele: Bronz<br \/>\nMateri\u00e1l rukojeti: hlin\u00edk 7075-T611<br \/>\nHmotnost: 5,25 oz.<\/p>\n<p>&nbsp;<\/p>\n<p>While the <strong>Socom<\/strong> Elite has been made before, this model has been redesigned&#8211;now featuring an upgraded glassbreaker system in addition to a modified pocket clip, custom standoffs and a sub-frame lock design. Since the inaugural models debuted in 1996, the <strong>Socom<\/strong> line has been a standard for law enforcement, military personnel as well as the civilian sector or anyone else looking for a workhorse of a folder. Part of the Signature Series, this model features a black anodized aircraft-grade aluminum handle complete with grip-promoting inlays, standard bronze hardware, a spear point style blade boasting a &#8220;spiked grind&#8221;, sporting the Microtech claw logo, in a bronze finish and the pocket clip is statically designed for tip down carry only on the traditional side of the handle. Made in the USA.<\/p>\n<p>SPECIFICATIONS:<\/p>\n<p>Blade Length: 4&#8243;<br \/>\nOverall Length: 9.18&#8243;<br \/>\nBlade Material: M390 Stainless Steel<br \/>\nBlade Finish: Bronze<br \/>\nHandle Length: 5.18&#8243;<br \/>\nHandle Material: 7075-T611 Aluminum<br \/>\nWeight: 5.25 oz.<\/p>\n","protected":false},"excerpt":{"rendered":"<p>V pr\u016fb\u011bhu let\u00a0<strong>Microtech\u00ae Knives\u00a0<\/strong>naplnil v\u00e1\u0161n\u00ed a dovednost\u00ed v\u00fdrobu no\u017e\u016f, a\u017e z nich vytvo\u0159il t\u00e9m\u011b\u0159 um\u011bleck\u00e1 d\u00edla,kter\u00e9 jsou vrcholem funk\u010dnosti.V\u0161echny d\u00edly jsou vyrodeny v USA.<br \/>\n<strong>Na v\u0161echny no\u017ee Microtech je do\u017eivotn\u00ed z\u00e1ruka.<\/strong><\/p>\n","protected":false},"featured_media":206501,"comment_status":"open","ping_status":"closed","template":"","meta":[],"pwb-brand":[431],"product_brand":[],"product_cat":[2019,17],"product_tag":[3667],"class_list":{"0":"post-206500","1":"product","2":"type-product","3":"status-publish","4":"has-post-thumbnail","6":"pwb-brand-microtech","7":"product_cat-vystrelovaci-noze","8":"product_cat-noze","9":"product_tag-b2b","11":"first","12":"outofstock","13":"taxable","14":"shipping-taxable","15":"purchasable","16":"product-type-simple"},"brands":[{"id":431,"name":"Microtech","slug":"microtech"}],"_links":{"self":[{"href":"https:\/\/www.moskito.cz\/it\/wp-json\/wp\/v2\/product\/206500","targetHints":{"allow":["GET"]}}],"collection":[{"href":"https:\/\/www.moskito.cz\/it\/wp-json\/wp\/v2\/product"}],"about":[{"href":"https:\/\/www.moskito.cz\/it\/wp-json\/wp\/v2\/types\/product"}],"replies":[{"embeddable":true,"href":"https:\/\/www.moskito.cz\/it\/wp-json\/wp\/v2\/comments?post=206500"}],"wp:featuredmedia":[{"embeddable":true,"href":"https:\/\/www.moskito.cz\/it\/wp-json\/wp\/v2\/media\/206501"}],"wp:attachment":[{"href":"https:\/\/www.moskito.cz\/it\/wp-json\/wp\/v2\/media?parent=206500"}],"wp:term":[{"taxonomy":"pwb-brand","embeddable":true,"href":"https:\/\/www.moskito.cz\/it\/wp-json\/wp\/v2\/pwb-brand?post=206500"},{"taxonomy":"product_brand","embeddable":true,"href":"https:\/\/www.moskito.cz\/it\/wp-json\/wp\/v2\/product_brand?post=206500"},{"taxonomy":"product_cat","embeddable":true,"href":"https:\/\/www.moskito.cz\/it\/wp-json\/wp\/v2\/product_cat?post=206500"},{"taxonomy":"product_tag","embeddable":true,"href":"https:\/\/www.moskito.cz\/it\/wp-json\/wp\/v2\/product_tag?post=206500"}],"curies":[{"name":"wp","href":"https:\/\/api.w.org\/{rel}","templated":true}]}}