{"id":206677,"date":"2021-10-15T17:12:30","date_gmt":"2021-10-15T16:12:30","guid":{"rendered":"https:\/\/www.moskito.cz\/?post_type=product&#038;p=206677"},"modified":"2025-05-07T10:36:05","modified_gmt":"2025-05-07T09:36:05","slug":"zaviraci-nuz-sog-twitch-ii-black","status":"publish","type":"product","link":"https:\/\/www.moskito.cz\/it\/produkt\/zaviraci-nuz-sog-twitch-ii-black\/","title":{"rendered":"Zav\u00edrac\u00ed N\u016f\u017e SOG TWITCH II BLACK"},"content":{"rendered":"<p>N\u00e1\u0161 p\u0159\u00edb\u011bh za\u010d\u00edn\u00e1 ve Vietnamu, kde \u010dlenov\u00e9 vysoce utajovan\u00e9 americk\u00e9 speci\u00e1ln\u00ed opera\u010dn\u00ed jednotky \u2013 zn\u00e1m\u00e9 jako MACV \u2013<strong>SOG<\/strong>\u00a0\u2013 nesli jedine\u010dn\u00fd tajn\u00fd n\u016f\u017e do d\u017eungle na skryt\u00fdch mis\u00edch. O n\u011bkolik let pozd\u011bji, v roce 1986, tento n\u016f\u017e inspiroval mlad\u00e9ho n\u00e1vrh\u00e1\u0159e jm\u00e9nem Spencer Frazer, aby zalo\u017eil speci\u00e1ln\u00ed no\u017ee<strong>\u00a0SOG<\/strong>. Jeho posl\u00e1n\u00ed: reprodukovat p\u016fvodn\u00ed n\u016f\u017e\u00a0<strong>SOG<\/strong>\u00a0Bowie a vzd\u00e1t hold speci\u00e1ln\u00ed opera\u010dn\u00ed jednotce, kter\u00e1 jej vytvo\u0159ila. To, co za\u010dalo jako jedin\u00fd pam\u011btn\u00ed model, se brzy stalo celou \u0159adou inovativn\u00edch n\u00e1stroj\u016f \u2013 osv\u011bd\u010den\u00fdch americk\u00fdmi speci\u00e1ln\u00edmi silami, dokonce ocen\u011bn\u00fdch jako vybran\u00fd n\u016f\u017e Navy SEAL. No\u017ee SOG se dnes s jistotou nos\u00ed do t\u011bch nejn\u00e1ro\u010dn\u011bj\u0161\u00edch situac\u00ed. Kovan\u00e9 z tradice, tvrzen\u00e9 v poli, pilovan\u00e9 pro v\u00e1s.<\/p>\n<p>A\u0165 u\u017e chr\u00e1n\u00edte ostatn\u00ed nebo vedete epickou loveckou expedici, \u0159e\u0161\u00edte jednu z ka\u017edodenn\u00edch \u017eivotn\u00edch v\u00fdzev nebo se pot\u00fdk\u00e1te se sv\u00fdmi dosud nejextr\u00e9mn\u011bj\u0161\u00edmi podm\u00ednkami, ud\u011blejte si cestu se\u00a0<strong>SOG<\/strong>.<\/p>\n<p>Zav\u00edrac\u00ed N\u016f\u017e <strong>SOG<\/strong> TWITCH II BLACK.<\/p>\n<p>Tento omezen\u00fd b\u011bh kapesn\u00edho no\u017ee Twitch II je dod\u00e1v\u00e1n s \u010dern\u00fdmi dr\u017eadly a \u010depel s \u010dern\u00fdm povlakem TiNi m\u00e1 v\u0161echny mimo\u0159\u00e1dn\u00e9 funkce, kter\u00e9 zn\u00e1te a milujete, nap\u0159\u00edklad otev\u00edr\u00e1n\u00ed SAT, kter\u00e9 umo\u017e\u0148uje rychl\u00e9 otev\u00edr\u00e1n\u00ed na vy\u017e\u00e1d\u00e1n\u00ed, a vysoce kvalitn\u00ed \u010depel z nerezov\u00e9 oceli AUS-8 s vynikaj\u00edc\u00edm retence hran, odolnost proti korozi a snadn\u00e9 ost\u0159en\u00ed. Ide\u00e1ln\u00ed jako d\u00e1rek, nebo t\u0159eba jako elegantn\u00ed nov\u00fd EDC. Zav\u00edrac\u00ed n\u016f\u017e Twitch, kter\u00fd je implementov\u00e1n pomoc\u00ed technologie SOG Assisted Technology (SAT \u2122), se extr\u00e9mn\u011b rychle otev\u00edr\u00e1 ob\u011bma rukama pomoc\u00ed dvojit\u00fdch palcov\u00fdch knofl\u00edk\u016f nebo kopu do zad. Jeho celokovov\u00e1 konstrukce je odoln\u00e1 a robustn\u00ed. Klip lze pou\u017e\u00edt pro n\u00edzk\u00e9 no\u0161en\u00ed nebo k zabezpe\u010den\u00ed dolarov\u00fdch bankovek a karet. Sou\u010d\u00e1st\u00ed konstrukce je univerz\u00e1ln\u00ed bezpe\u010dnostn\u00ed z\u00e1mek, kter\u00fd pom\u00e1h\u00e1 zajistit, aby se \u010depel b\u011bhem p\u0159en\u00e1\u0161en\u00ed neotev\u0159ela nebo neo\u010dek\u00e1van\u011b nezav\u0159ela.<\/p>\n<p>Twitch budete v\u017edy cht\u00edt v kapse<br \/>\nV\u0161estrann\u00fd n\u016f\u017e na ka\u017edodenn\u00ed no\u0161en\u00ed s ocel\u00ed AUS-8, otev\u00edr\u00e1n\u00edm technologie SOG Assisted Technology a zamykac\u00edm mechanismem lockback.<\/p>\n<p>OCEL AUS-8<br \/>\nOstr\u00fd jako b\u0159itva, hned po vybalen\u00ed z krabice. AUS-8 se vyzna\u010duje vysokou \u00farovn\u00ed tvrdosti, hou\u017eevnatosti, odolnosti proti opot\u0159eben\u00ed a korozi.<\/p>\n<p>SUPER RYCHL\u00c9 ASISTOVAN\u00c9 OTEV\u00cdR\u00c1N\u00cd<br \/>\nExtr\u00e9mn\u011b rychl\u00e9 otev\u0159en\u00ed ob\u011bma rukama pomoc\u00ed dvojit\u00fdch palcov\u00fdch knofl\u00edk\u016f nebo kopnut\u00ed na z\u00e1da.<\/p>\n<p>NOSTE SI TO PO SV\u00c9M<br \/>\nKlip lze pou\u017e\u00edt pro n\u00edzk\u00e9 no\u0161en\u00ed nebo k zabezpe\u010den\u00ed dolarov\u00fdch bankovek a karet.<\/p>\n<p>CELKOV\u00c1 D\u00c9LKA : 16 cm<br \/>\nHMOTNOST PRODUKTU : 2,60 oz<br \/>\nD\u00c9LKA \u010cEPELE : 7 cm<br \/>\nOTEV\u00cdRAC\u00cd MECHANISMUS : Asistovan\u00fd<br \/>\nTYP\u00a0 \u010cEPELE : AUS-8<br \/>\nTVRDOST : RC\u00a057-58<\/p>\n<p>This limited run of the Twitch II pocket knife comes with black handles and a black TiNi coated blade has all the extraordinary features you know and love, like SAT opening that delivers fast opening on demand and a high grade AUS-8 stainless steel blade with excellent edge retention, rust resistance and easy sharpening. Perfect as a gift, or maybe as a sleek new EDC. Implemented with SOG Assisted Technology (S.A.T. \u2122), the Twitch folding knife is extremely quick to open with either hand using the double thumb studs or kick on the back. Its full metal construction is durable and sturdy. The clip can be used for low-carry or securing dollar bills and cards. Incorporated into the design is versatile safety lock that helps insure the blade will not open while being carried or close unexpectedly while in use.<\/p>\n<p>OVERALL LENGTH<br \/>\n6.20&#8243;<br \/>\nCLOSED LENGTH<br \/>\n3.55&#8243;<br \/>\nPRODUCT WEIGHT<br \/>\n2.60 oz<br \/>\nBLADE LENGTH<br \/>\n2.65&#8243;<br \/>\nBLADE THICKNESS<br \/>\n0.1&#8243;<br \/>\nUPC<br \/>\n7-29857-99545-0<br \/>\nPREORDER DATE<br \/>\nN\/A<br \/>\nIS PREORDER<br \/>\nN\/A<br \/>\nPRODUCT FAMILY<br \/>\nTwitch II<br \/>\nPRODUCT TYPE<br \/>\nFolding Knife<br \/>\nLOCKING MECHANISM<br \/>\nLockback<br \/>\nOPENING MECHANISM<br \/>\nAssisted<br \/>\nBELT CLIP TYPE<br \/>\nFixed<br \/>\nPACKAGING<br \/>\nUnibox &#8211; Display Ready<br \/>\nENGRAVABLE<br \/>\nYes<br \/>\nFINISH<br \/>\nHardcased Black TiNi<br \/>\nEDGE TYPE<br \/>\nStraight<br \/>\nBLADE STEEL TYPE<br \/>\nAUS-8<br \/>\nBLADE SHAPE<br \/>\nDrop Point<br \/>\nHARDNESS<br \/>\nRc. 57-58<br \/>\nHANDLE MATERIAL<br \/>\nAnodized Aluminum 6061-T6<br \/>\nHANDLE COLOR<br \/>\nBlack<\/p>\n<p>&nbsp;<\/p>\n","protected":false},"excerpt":{"rendered":"<p>A\u0165 u\u017e chr\u00e1n\u00edte ostatn\u00ed nebo vedete epickou loveckou expedici, \u0159e\u0161\u00edte jednu z ka\u017edodenn\u00edch \u017eivotn\u00edch v\u00fdzev nebo se pot\u00fdk\u00e1te se sv\u00fdmi dosud nejextr\u00e9mn\u011bj\u0161\u00edmi podm\u00ednkami, ud\u011blejte si cestu se\u00a0<strong>SOG<\/strong>.<\/p>\n<p><strong>Na v\u0161echny no\u017ee SOG d\u00e1v\u00e1me do\u017eivotn\u00ed z\u00e1ruku!<\/strong><\/p>\n","protected":false},"featured_media":206678,"comment_status":"open","ping_status":"closed","template":"","meta":[],"pwb-brand":[591],"product_brand":[],"product_cat":[22,17],"product_tag":[3667],"class_list":{"0":"post-206677","1":"product","2":"type-product","3":"status-publish","4":"has-post-thumbnail","6":"pwb-brand-sog","7":"product_cat-zaviraci-noze","8":"product_cat-noze","9":"product_tag-b2b","11":"first","12":"instock","13":"taxable","14":"shipping-taxable","15":"purchasable","16":"product-type-simple"},"brands":[{"id":591,"name":"SOG","slug":"sog"}],"_links":{"self":[{"href":"https:\/\/www.moskito.cz\/it\/wp-json\/wp\/v2\/product\/206677","targetHints":{"allow":["GET"]}}],"collection":[{"href":"https:\/\/www.moskito.cz\/it\/wp-json\/wp\/v2\/product"}],"about":[{"href":"https:\/\/www.moskito.cz\/it\/wp-json\/wp\/v2\/types\/product"}],"replies":[{"embeddable":true,"href":"https:\/\/www.moskito.cz\/it\/wp-json\/wp\/v2\/comments?post=206677"}],"wp:featuredmedia":[{"embeddable":true,"href":"https:\/\/www.moskito.cz\/it\/wp-json\/wp\/v2\/media\/206678"}],"wp:attachment":[{"href":"https:\/\/www.moskito.cz\/it\/wp-json\/wp\/v2\/media?parent=206677"}],"wp:term":[{"taxonomy":"pwb-brand","embeddable":true,"href":"https:\/\/www.moskito.cz\/it\/wp-json\/wp\/v2\/pwb-brand?post=206677"},{"taxonomy":"product_brand","embeddable":true,"href":"https:\/\/www.moskito.cz\/it\/wp-json\/wp\/v2\/product_brand?post=206677"},{"taxonomy":"product_cat","embeddable":true,"href":"https:\/\/www.moskito.cz\/it\/wp-json\/wp\/v2\/product_cat?post=206677"},{"taxonomy":"product_tag","embeddable":true,"href":"https:\/\/www.moskito.cz\/it\/wp-json\/wp\/v2\/product_tag?post=206677"}],"curies":[{"name":"wp","href":"https:\/\/api.w.org\/{rel}","templated":true}]}}