{"id":207213,"date":"2021-10-27T08:11:13","date_gmt":"2021-10-27T07:11:13","guid":{"rendered":"https:\/\/www.moskito.cz\/?post_type=product&#038;p=207213"},"modified":"2025-05-07T10:36:08","modified_gmt":"2025-05-07T09:36:08","slug":"vystrelovaci-nuz-microtech-ultratech-molon-labe-engraving-121-13ml","status":"publish","type":"product","link":"https:\/\/www.moskito.cz\/it\/produkt\/vystrelovaci-nuz-microtech-ultratech-molon-labe-engraving-121-13ml\/","title":{"rendered":"Vyst\u0159elovac\u00ed N\u016f\u017e Microtech Ultratech Molon Labe Engraving 121-13MLS"},"content":{"rendered":"<p>Vyst\u0159elovac\u00ed N\u016f\u017e <strong>Microtech Ultratech<\/strong> Molon Labe Engraving 121-13MLS.<\/p>\n<p>Ultratech od <strong>Microtech<\/strong> je jedn\u00edm z jejich nejobl\u00edben\u011bj\u0161\u00edch model\u016f, rozhodn\u011b poskytuje nejv\u011bt\u0161\u00ed r\u00e1nu za tyto pen\u00edze. Nav\u017edy nastav\u00ed standard pro v\u0161echny p\u0159edn\u00ed no\u017ee. Ultratech je origin\u00e1ln\u00ed dvou\u010dinn\u00fd p\u0159edn\u00ed n\u016f\u017e spole\u010dnosti Microtech a byl z\u00e1kladem cel\u00e9 jejich \u0159ady OTF. V pr\u016fb\u011bhu let pro\u0161el n\u011bkolika \u00fapravami, poka\u017ed\u00e9 se stal \u00fa\u010dinn\u011bj\u0161\u00edm a spolehliv\u011bj\u0161\u00edm. Pru\u017eina Ultratechu z\u016fst\u00e1v\u00e1 v \u201eklidov\u00e9\u201c poloze po celou dobu, s v\u00fdjimkou rozta\u017een\u00ed. T\u00edm je zaji\u0161t\u011bno, \u017ee se stla\u010den\u00e1 pru\u017eina neunav\u00ed, co\u017e u\u017eivatel\u016fm zaji\u0161\u0165uje, \u017ee kdy\u017e je n\u016f\u017e vyst\u0159elen, bude fungovat efektivn\u011b. Lehk\u00fd n\u016f\u017e Ultratech s mo\u017enost\u00ed otev\u00edr\u00e1n\u00ed a zav\u00edr\u00e1n\u00ed jednou rukou, tenk\u00fd tvar a ostr\u00e1 \u010depel na skalpel z n\u011bj d\u011blaj\u00ed jedine\u010dn\u00fd n\u016f\u017e!<\/p>\n<p>Tento model \u0159ady Signature se vyzna\u010duje \u010dern\u00fdmi eloxovan\u00fdmi hlin\u00edkov\u00fdmi st\u0159enkami s tvarovanou rukojet\u00ed 6061-T6 s levou stranou spart\u00e1nsk\u00e9 helmy s motivem Molon Labe. Bronzovan\u00e1 \u010depel z nerezov\u00e9 oceli *M390* s apokalyptickou \u00fapravou s jednoduch\u00fdm ost\u0159\u00edm. \u010cepel je vyleptan\u00e1 \u201eMOLON LABE\u201c, co\u017e znamen\u00e1 \u201eP\u0159ij\u010f a vezmi si je\u201c, jak ji proslavil spartsk\u00fd kr\u00e1l Leonidas. Bronzov\u00fd apokalyptick\u00fd hotov\u00fd hardware, kapesn\u00ed klip a rozb\u00edje\u010d skla. Kapesn\u00ed spona je ozna\u010dena logem Claw, logem Signature Series, s\u00e9riov\u00fdm \u010d\u00edslem a datem v\u00fdroby.<\/p>\n<p>Ocel: M390<\/p>\n<p>Celkov\u00e1 d\u00e9lka: 212 mm<br \/>\nD\u00e9lka v zav\u0159en\u00e9m stavu: 127 mm<br \/>\nD\u00e9lka \u010depele: 85 mm<br \/>\nTlou\u0161\u0165ka \u010depele: 3,23 mm<br \/>\nPovrchov\u00e1 \u00faprava \u010depele: Bronzov\u00e1<br \/>\nStyl \u010depele: Drop Point<br \/>\nStyl okraje: Oby\u010dejn\u00fd<br \/>\nMateri\u00e1l rukojeti: \u010dern\u00fd hlin\u00edk<br \/>\nTlou\u0161\u0165ka rukojeti: 12 mm<br \/>\nKapesn\u00ed klip: Tip-Down<br \/>\nHmotnost: 99,23 g<br \/>\nV\u00fdrobce Ref. #: 121-13ML<br \/>\nZem\u011b p\u016fvodu: USA<\/p>\n<p><iframe title=\"Microtech Combat Troodon Torture Test\" width=\"800\" height=\"450\" src=\"https:\/\/www.youtube.com\/embed\/xE9TeOFYEjg?feature=oembed\" frameborder=\"0\" allow=\"accelerometer; autoplay; clipboard-write; encrypted-media; gyroscope; picture-in-picture; web-share\" referrerpolicy=\"strict-origin-when-cross-origin\" allowfullscreen><\/iframe><\/p>\n<p>&nbsp;<\/p>\n<p>Microtech 121-13ML Ultratech S\/E &#8211; Black Handle &#8211; Bronze Blade &#8211; Molon Labe Engraving<\/p>\n<p>A Microtech classic, the Ultratech has been the archetype for out-the-front automatics since its inception. Built with the same proven mechanics, the spring remains at rest both in the open and closed positions to reduce wear. With strong automatic opening \/ blade retraction at your fingertips and solid blade lock-up, the Ultratech from Microtech remains a standard in the automatic world.<\/p>\n<p>SPECS:<br \/>\nOverall Length: 8.35&#8243; (212mm)<br \/>\nClosed Length: 5&#8243; (127mm)<br \/>\nBlade Length: 3.35&#8243; (85mm)<br \/>\nBlade Thickness: 0.128&#8243; (3.23mm)<br \/>\nBlade Finish: Bronze<br \/>\nBlade Style: Drop Point<br \/>\nEdge Style: Plain<br \/>\nHandle Material: Black Aluminum<br \/>\nHandle Thickness: 0.48&#8243; (12mm)<br \/>\nPocket Clip: Tip-Down<br \/>\nWeight: 3.5oz (99.23g)<br \/>\nManufacturer Ref. #: 121-13ML<br \/>\nCountry of Origin: USA<\/p>\n<h1 class=\"productView-title\"><\/h1>\n","protected":false},"excerpt":{"rendered":"<p>pr\u016fb\u011bhu let\u00a0<strong>Microtech\u00ae<\/strong>\u00a0Knives naplnil v\u00e1\u0161n\u00ed a dovednost\u00ed v\u00fdrobu no\u017e\u016f, a\u017e z nich vytvo\u0159il t\u00e9m\u011b\u0159 um\u011bleck\u00e1 d\u00edla,kter\u00e9 jsou vrcholem funk\u010dnosti.V\u0161echny d\u00edly jsou vyrodeny v USA.<br \/>\n<strong>Na v\u0161echny no\u017ee Microtech je do\u017eivotn\u00ed z\u00e1ruka.<\/strong><\/p>\n<p><strong>Doprava zdarma.<\/strong><\/p>\n","protected":false},"featured_media":207217,"comment_status":"open","ping_status":"closed","template":"","meta":[],"pwb-brand":[431],"product_brand":[],"product_cat":[2019,17],"product_tag":[3667],"class_list":{"0":"post-207213","1":"product","2":"type-product","3":"status-publish","4":"has-post-thumbnail","6":"pwb-brand-microtech","7":"product_cat-vystrelovaci-noze","8":"product_cat-noze","9":"product_tag-b2b","11":"first","12":"outofstock","13":"taxable","14":"shipping-taxable","15":"purchasable","16":"product-type-simple"},"brands":[{"id":431,"name":"Microtech","slug":"microtech"}],"_links":{"self":[{"href":"https:\/\/www.moskito.cz\/it\/wp-json\/wp\/v2\/product\/207213","targetHints":{"allow":["GET"]}}],"collection":[{"href":"https:\/\/www.moskito.cz\/it\/wp-json\/wp\/v2\/product"}],"about":[{"href":"https:\/\/www.moskito.cz\/it\/wp-json\/wp\/v2\/types\/product"}],"replies":[{"embeddable":true,"href":"https:\/\/www.moskito.cz\/it\/wp-json\/wp\/v2\/comments?post=207213"}],"wp:featuredmedia":[{"embeddable":true,"href":"https:\/\/www.moskito.cz\/it\/wp-json\/wp\/v2\/media\/207217"}],"wp:attachment":[{"href":"https:\/\/www.moskito.cz\/it\/wp-json\/wp\/v2\/media?parent=207213"}],"wp:term":[{"taxonomy":"pwb-brand","embeddable":true,"href":"https:\/\/www.moskito.cz\/it\/wp-json\/wp\/v2\/pwb-brand?post=207213"},{"taxonomy":"product_brand","embeddable":true,"href":"https:\/\/www.moskito.cz\/it\/wp-json\/wp\/v2\/product_brand?post=207213"},{"taxonomy":"product_cat","embeddable":true,"href":"https:\/\/www.moskito.cz\/it\/wp-json\/wp\/v2\/product_cat?post=207213"},{"taxonomy":"product_tag","embeddable":true,"href":"https:\/\/www.moskito.cz\/it\/wp-json\/wp\/v2\/product_tag?post=207213"}],"curies":[{"name":"wp","href":"https:\/\/api.w.org\/{rel}","templated":true}]}}