{"id":208846,"date":"2021-11-24T22:42:13","date_gmt":"2021-11-24T21:42:13","guid":{"rendered":"https:\/\/www.moskito.cz\/?post_type=product&#038;p=208846"},"modified":"2025-05-07T10:36:39","modified_gmt":"2025-05-07T09:36:39","slug":"zaviraci-nuz-rike-knife-unicorn-rcf","status":"publish","type":"product","link":"https:\/\/www.moskito.cz\/it\/produkt\/zaviraci-nuz-rike-knife-unicorn-rcf\/","title":{"rendered":"Zav\u00edrac\u00ed N\u016f\u017e Rike Knife Unicorn-RCF"},"content":{"rendered":"<p><strong>Rikeknife j<\/strong>e origin\u00e1ln\u00ed zna\u010dka navr\u017een\u00e1 na\u0161\u00edm zakladatelem Richardem Wu. Je dlouholet\u00fdm nad\u0161encem do no\u017e\u016f, m\u00e1 zku\u0161enosti s mechanick\u00fdm designem a v\u00fdrobou, neust\u00e1le usiluje o dokonalost a detailn\u00ed dokonalost ve v\u0161ech designech no\u017e\u016f vyr\u00e1b\u011bn\u00fdch Rikeknife.<\/p>\n<p>N\u00e1zev zna\u010dky byl odvozen od prvn\u00edch dvou p\u00edsmen jeho jm\u00e9na, pot\u00e9 se zm\u011bnil a pojmenoval Rike. <strong>Rikeknife<\/strong> je nov\u011b vznikaj\u00edc\u00ed origin\u00e1ln\u00ed zna\u010dka no\u017e\u016f, kter\u00e1 je p\u0159edstavitelem vysoce kvalitn\u00ed \u010d\u00ednsk\u00e9 v\u00fdroby.<\/p>\n<p>Na\u0161e zna\u010dka je zalo\u017eena v origin\u00e1ln\u00edm designu, pro kter\u00fd m\u00e1me profesion\u00e1ln\u00ed design\u00e9rsk\u00fd t\u00fdm a vlastn\u00ed nez\u00e1vislou tov\u00e1rnu. Trouf\u00e1me si st\u00e1t se inov\u00e1tory a zpochybnit tradi\u010dn\u00ed postupy tradi\u010dn\u00edch i modern\u00edch zna\u010dek no\u017e\u016f. V\u017edy se budeme sna\u017eit pou\u017e\u00edvat ty nejlep\u0161\u00ed materi\u00e1ly k v\u00fdrob\u011b no\u017e\u016f vynikaj\u00edc\u00ed kvality pro z\u00e1kazn\u00edky po cel\u00e9m sv\u011bt\u011b.<\/p>\n<p>Zav\u00edrac\u00ed N\u016f\u017e <strong>Rike Knife<\/strong> Unicorn-RCF.<\/p>\n<p>Model: Jednoro\u017eec<br \/>\nCelkov\u00e1 d\u00e9lka: 7,08&#8243;\/(18cm)<br \/>\nD\u00e9lka \u010depele:3,14&#8243;\/(8cm)<br \/>\nTlou\u0161\u0165ka \u010depele: 0,11&#8243;\/(3mm)<br \/>\nMateri\u00e1l \u010depele: Bohler M390<br \/>\nMateri\u00e1l rukojeti: 6AL4V Titan + uhl\u00edkov\u00e9 vl\u00e1kno<br \/>\nHmotnost: 2,82 oz.\/(80g)<br \/>\nOtv\u00edr\u00e1k:<br \/>\nTyp z\u00e1mku Flipper : R\u00e1mov\u00fd z\u00e1mek<br \/>\nBarva: \u010cerven\u00e9 uhl\u00edkov\u00e9 vl\u00e1kno<\/p>\n<p><strong>Rikeknife<\/strong> Co., Ltd se nach\u00e1z\u00ed v Yangjiang, provincie Guangdong, \u010c\u00edna. Zam\u011b\u0159ujeme se na v\u00fdrobu vysoce kvalitn\u00edch no\u017e\u016f, od zpracov\u00e1n\u00ed OEM\/ODM no\u017e\u016f jsme si postupn\u011b vytvo\u0159ili vlastn\u00ed zna\u010dku <strong>Rikeknife.<\/strong> Na\u0161e tov\u00e1rna je vybavena nejmodern\u011bj\u0161\u00edm v\u00fdrobn\u00edm za\u0159\u00edzen\u00edm, profesion\u00e1ln\u00edm a robustn\u00edm v\u00fdrobn\u00edm t\u00fdmem a schopnostmi pro nez\u00e1visl\u00e9 inovace prost\u0159ednictv\u00edm v\u00fdzkumu a v\u00fdvoje.<\/p>\n<p>Jsme schopni vyr\u00e1b\u011bt no\u017ee nejvy\u0161\u0161\u00ed kvality pro jak\u00fdkoli trh a k dosa\u017een\u00ed tohoto c\u00edle pou\u017e\u00edv\u00e1me pouze to nejlep\u0161\u00ed profesion\u00e1ln\u00ed v\u00fdrobn\u00ed za\u0159\u00edzen\u00ed. Jako; P\u0159esn\u00e9 \u0159ez\u00e1n\u00ed dr\u00e1tem EDM, CNC vysokorychlostn\u00ed grav\u00edrovac\u00ed stroje, laserov\u00e9 grav\u00edrov\u00e1n\u00ed, fr\u00e9zovac\u00ed operace, CNC brou\u0161en\u00ed, n\u00edzkoteplotn\u00ed temperovac\u00ed pece, zak\u00e1zkov\u00e9 ru\u010dn\u00ed dokon\u010dovac\u00ed pr\u00e1ce, abychom jmenovali alespo\u0148 n\u011bkter\u00e9. N\u00e1\u0161 management a produk\u010dn\u00ed t\u00fdmy se skl\u00e1daj\u00ed z ost\u0159\u00edlen\u00fdch profesion\u00e1l\u016f, kte\u0159\u00ed maj\u00ed odborn\u00e9 znalosti k proveden\u00ed pr\u00e1ce. Jsme n\u00e1le\u017eit\u011b vybaveni pro jemnou pr\u00e1ci, a\u017e po ty nejn\u00e1ro\u010dn\u011bj\u0161\u00ed v\u00fdrobn\u00ed a v\u00fdrobn\u00ed po\u017eadavky. Dr\u017e\u00edme n\u011bkter\u00e9 z nejp\u0159\u00edsn\u011bj\u0161\u00edch toleranc\u00ed v no\u017e\u00ed\u0159sk\u00e9m pr\u016fmyslu; vynikaj\u00ed na v\u0161ech \u00farovn\u00edch v\u00fdrobn\u00edch projekt\u016f. V\u017edy se zam\u011b\u0159ujeme na design a v\u00fdvoj nov\u00fdch produkt\u016f a z\u00e1rove\u0148 z\u016fst\u00e1v\u00e1me v\u011brni na\u0161im hlavn\u00edm p\u0159esv\u011bd\u010den\u00edm.<\/p>\n<p>V sou\u010dasn\u00e9 dob\u011b se na\u0161e v\u00fdrobky prod\u00e1vaj\u00ed ve Spojen\u00fdch st\u00e1tech, Evrop\u011b, Austr\u00e1lii, Rusku a dal\u0161\u00edch zem\u00edch po cel\u00e9m sv\u011bt\u011b. Na\u0161i z\u00e1kazn\u00edci preferuj\u00ed na\u0161e no\u017ee pro jejich prvot\u0159\u00eddn\u00ed design a prvot\u0159\u00eddn\u00ed kvalitu. Na\u0161\u00edm posl\u00e1n\u00edm je poskytovat produkty, kter\u00e9 maj\u00ed vysokou kvalitu, vynikaj\u00edc\u00ed hodnotu a nejlep\u0161\u00ed ve sv\u00e9 t\u0159\u00edd\u011b se z\u00e1kaznick\u00fdm servisem, aby v\u00e1m p\u0159inesly 100% spokojenost. Z\u00e1rove\u0148 v\u00edt\u00e1me my\u0161lenku spolupr\u00e1ce se z\u00e1kazn\u00edky po cel\u00e9m sv\u011bt\u011b p\u0159i diskuzi o zpracov\u00e1n\u00ed produkt\u016f a OEM\/ODM. Up\u0159\u00edmn\u011b se t\u011b\u0161\u00edme, \u017ee d\u00edky spolupr\u00e1ci s na\u0161imi sou\u010dasn\u00fdmi a budouc\u00edmi z\u00e1kazn\u00edky p\u0159ineseme produkty Rikeknife na sv\u011btovou sc\u00e9nu pro lep\u0161\u00ed spole\u010dnou budoucnost!<\/p>\n","protected":false},"excerpt":{"rendered":"<p><strong>Rikeknife<\/strong>\u00a0je origin\u00e1ln\u00ed zna\u010dka navr\u017een\u00e1 na\u0161\u00edm zakladatelem Richardem Wu. Je dlouholet\u00fdm nad\u0161encem do no\u017e\u016f, m\u00e1 zku\u0161enosti s mechanick\u00fdm designem a v\u00fdrobou, neust\u00e1le usiluje o dokonalost a detailn\u00ed dokonalost ve v\u0161ech designech no\u017e\u016f vyr\u00e1b\u011bn\u00fdch\u00a0<strong>Rikeknife<\/strong>.<\/p>\n<p><strong>Doprava zdarma.<\/strong><\/p>\n","protected":false},"featured_media":208847,"comment_status":"open","ping_status":"closed","template":"","meta":[],"pwb-brand":[1318],"product_brand":[],"product_cat":[22,17],"product_tag":[],"class_list":{"0":"post-208846","1":"product","2":"type-product","3":"status-publish","4":"has-post-thumbnail","6":"pwb-brand-rike-knife","7":"product_cat-zaviraci-noze","8":"product_cat-noze","10":"first","11":"instock","12":"taxable","13":"shipping-taxable","14":"purchasable","15":"product-type-simple"},"brands":[{"id":1318,"name":"Rike Knife","slug":"rike-knife"}],"_links":{"self":[{"href":"https:\/\/www.moskito.cz\/it\/wp-json\/wp\/v2\/product\/208846","targetHints":{"allow":["GET"]}}],"collection":[{"href":"https:\/\/www.moskito.cz\/it\/wp-json\/wp\/v2\/product"}],"about":[{"href":"https:\/\/www.moskito.cz\/it\/wp-json\/wp\/v2\/types\/product"}],"replies":[{"embeddable":true,"href":"https:\/\/www.moskito.cz\/it\/wp-json\/wp\/v2\/comments?post=208846"}],"wp:featuredmedia":[{"embeddable":true,"href":"https:\/\/www.moskito.cz\/it\/wp-json\/wp\/v2\/media\/208847"}],"wp:attachment":[{"href":"https:\/\/www.moskito.cz\/it\/wp-json\/wp\/v2\/media?parent=208846"}],"wp:term":[{"taxonomy":"pwb-brand","embeddable":true,"href":"https:\/\/www.moskito.cz\/it\/wp-json\/wp\/v2\/pwb-brand?post=208846"},{"taxonomy":"product_brand","embeddable":true,"href":"https:\/\/www.moskito.cz\/it\/wp-json\/wp\/v2\/product_brand?post=208846"},{"taxonomy":"product_cat","embeddable":true,"href":"https:\/\/www.moskito.cz\/it\/wp-json\/wp\/v2\/product_cat?post=208846"},{"taxonomy":"product_tag","embeddable":true,"href":"https:\/\/www.moskito.cz\/it\/wp-json\/wp\/v2\/product_tag?post=208846"}],"curies":[{"name":"wp","href":"https:\/\/api.w.org\/{rel}","templated":true}]}}