{"id":210444,"date":"2022-01-08T08:11:10","date_gmt":"2022-01-08T07:11:10","guid":{"rendered":"https:\/\/www.moskito.cz\/?post_type=product&#038;p=210444"},"modified":"2025-05-07T10:37:04","modified_gmt":"2025-05-07T09:37:04","slug":"vystrelovaci-nuz-microtech-troodon-mini-double-edge-238-1t","status":"publish","type":"product","link":"https:\/\/www.moskito.cz\/it\/produkt\/vystrelovaci-nuz-microtech-troodon-mini-double-edge-238-1t\/","title":{"rendered":"Vyst\u0159elovac\u00ed N\u016f\u017e Microtech Troodon Mini Double Edge 238-1T"},"content":{"rendered":"<p>Troodon Mini m\u00e1 zlomek velikosti dokonce i b\u011b\u017en\u00e9ho Troodona a vyzna\u010duje se \u0161t\u00edhl\u00fdm designem, t\u0159\u00edprstovou rukojet\u00ed a sn\u00e1ze vyst\u0159eliteln\u00fdm ak\u010dn\u00edm mechanismem. Design vych\u00e1z\u00ed vst\u0159\u00edc \u0161ir\u0161\u00edmu publiku, kter\u00e9 pot\u0159ebuje ka\u017edodenn\u00ed utilit\u00e1rn\u00ed funkce OTF bez z\u00e1t\u011b\u017ee plnohodnotn\u00e9ho Troodona. Je dokonce dostate\u010dn\u011b mal\u00fd na to, aby se z n\u011bj stal klip na pen\u00edze, a p\u0159esto je postaven tak, aby v p\u0159\u00edpad\u011b pot\u0159eby fungoval jako Microtech.<\/p>\n<p>Vyst\u0159elovac\u00ed N\u016f\u017e <strong>Microtech<\/strong> Troodon Mini Double Edge 238-1T<\/p>\n<p>Specifikace<br \/>\nD\u00e9lka \u010depele: 5 cm<br \/>\nCelkov\u00e1 d\u00e9lka: 14 cm<br \/>\nMateri\u00e1l \u010depele: Ocel \u010depele pro leto\u0161n\u00ed rok bude Carpenter CTS-204P \u2013 do vyprod\u00e1n\u00ed z\u00e1sob kovu mohou b\u00fdt \u010depele tak\u00e9 CTS-XHP, M390 nebo Elmax<br \/>\nStyl \u010depele: D\u00fdka s dvojitou hranou<br \/>\nBrou\u0161en\u00ed \u010depele: Ploch\u00e9<br \/>\nPovrchov\u00e1 \u00faprava \u010depele: sat\u00e9n<br \/>\nMateri\u00e1l rukojeti: \u010dern\u00fd hlin\u00edk 6061-T6<br \/>\nTlou\u0161\u0165ka rukojeti: 0,35\u2033<br \/>\nUzamykac\u00ed mechanismus: Posuvn\u00fd<br \/>\nKapesn\u00ed spona: Nerezov\u00e1 ocel (vykl\u00e1p\u011bc\u00ed, prav\u00e9\/lev\u00e9 no\u0161en\u00ed)<br \/>\nHmotnost: 1,8 oz.<br \/>\nDesign\u00e9r: Tony Marfione<br \/>\nVyrobeno v USA<\/p>\n<p>&nbsp;<\/p>\n","protected":false},"excerpt":{"rendered":"<p>V pr\u016fb\u011bhu let\u00a0<strong>Microtech\u00ae<\/strong>\u00a0Knives naplnil v\u00e1\u0161n\u00ed a dovednost\u00ed v\u00fdrobu no\u017e\u016f, a\u017e z nich vytvo\u0159il t\u00e9m\u011b\u0159 um\u011bleck\u00e1 d\u00edla,kter\u00e9 jsou vrcholem funk\u010dnosti.V\u0161echny d\u00edly jsou vyrodeny v USA.<br \/>\n<strong>Na v\u0161echny no\u017ee Microtech je do\u017eivotn\u00ed z\u00e1ruka.<\/strong><\/p>\n<p><strong>Doprava zdarma.<\/strong><\/p>\n","protected":false},"featured_media":210445,"comment_status":"open","ping_status":"closed","template":"","meta":[],"pwb-brand":[431],"product_brand":[],"product_cat":[2019,17],"product_tag":[3667],"class_list":{"0":"post-210444","1":"product","2":"type-product","3":"status-publish","4":"has-post-thumbnail","6":"pwb-brand-microtech","7":"product_cat-vystrelovaci-noze","8":"product_cat-noze","9":"product_tag-b2b","11":"first","12":"outofstock","13":"taxable","14":"shipping-taxable","15":"purchasable","16":"product-type-simple"},"brands":[{"id":431,"name":"Microtech","slug":"microtech"}],"_links":{"self":[{"href":"https:\/\/www.moskito.cz\/it\/wp-json\/wp\/v2\/product\/210444","targetHints":{"allow":["GET"]}}],"collection":[{"href":"https:\/\/www.moskito.cz\/it\/wp-json\/wp\/v2\/product"}],"about":[{"href":"https:\/\/www.moskito.cz\/it\/wp-json\/wp\/v2\/types\/product"}],"replies":[{"embeddable":true,"href":"https:\/\/www.moskito.cz\/it\/wp-json\/wp\/v2\/comments?post=210444"}],"wp:featuredmedia":[{"embeddable":true,"href":"https:\/\/www.moskito.cz\/it\/wp-json\/wp\/v2\/media\/210445"}],"wp:attachment":[{"href":"https:\/\/www.moskito.cz\/it\/wp-json\/wp\/v2\/media?parent=210444"}],"wp:term":[{"taxonomy":"pwb-brand","embeddable":true,"href":"https:\/\/www.moskito.cz\/it\/wp-json\/wp\/v2\/pwb-brand?post=210444"},{"taxonomy":"product_brand","embeddable":true,"href":"https:\/\/www.moskito.cz\/it\/wp-json\/wp\/v2\/product_brand?post=210444"},{"taxonomy":"product_cat","embeddable":true,"href":"https:\/\/www.moskito.cz\/it\/wp-json\/wp\/v2\/product_cat?post=210444"},{"taxonomy":"product_tag","embeddable":true,"href":"https:\/\/www.moskito.cz\/it\/wp-json\/wp\/v2\/product_tag?post=210444"}],"curies":[{"name":"wp","href":"https:\/\/api.w.org\/{rel}","templated":true}]}}