{"id":211211,"date":"2022-02-19T14:29:47","date_gmt":"2022-02-19T13:29:47","guid":{"rendered":"https:\/\/www.moskito.cz\/?post_type=product&#038;p=211211"},"modified":"2025-05-07T10:37:17","modified_gmt":"2025-05-07T09:37:17","slug":"vystrelovaci-nuz-microtech-exocet-satin-157-4","status":"publish","type":"product","link":"https:\/\/www.moskito.cz\/it\/produkt\/vystrelovaci-nuz-microtech-exocet-satin-157-4\/","title":{"rendered":"Vyst\u0159elovac\u00ed N\u016f\u017e Microtech Exocet Satin 157-4"},"content":{"rendered":"<h3 data-pm-slice=\"1 1 []\">Vyst\u0159elovac\u00ed N\u016f\u017e Microtech Exocet Satin 157-4<\/h3>\n<p><strong>Microtech Exocet Satin 157-4<\/strong> je mal\u00fd, ale vysoce v\u00fdkonn\u00fd vyst\u0159elovac\u00ed n\u016f\u017e (OTF \u2013 Out-The-Front), kter\u00fd je ide\u00e1ln\u00edm spole\u010dn\u00edkem pro ka\u017edodenn\u00ed no\u0161en\u00ed (EDC) i pro r\u016fzn\u00e9 taktick\u00e9 aplikace. Tento n\u016f\u017e p\u0159in\u00e1\u0161\u00ed <strong>kompaktn\u00ed design<\/strong>, <strong>vysokou spolehlivost<\/strong> a <strong>vynikaj\u00edc\u00ed kvalitu<\/strong>, kter\u00e1 je pro zna\u010dku Microtech charakteristick\u00e1. S <strong>satinovanou \u010depel\u00ed<\/strong>, kter\u00e1 je odoln\u00e1 v\u016f\u010di opot\u0159eben\u00ed, a <strong>snadnou obsluhou<\/strong> je tento model p\u0159ipraven zvl\u00e1dnout jak\u00fdkoli \u00fakol, kter\u00fd p\u0159ed v\u00e1s postav\u00ed.<\/p>\n<div>\n<hr \/>\n<\/div>\n<h3>\u2705 Hlavn\u00ed p\u0159ednosti:<\/h3>\n<table>\n<tbody>\n<tr>\n<th>Vlastnost<\/th>\n<th>Popis<\/th>\n<\/tr>\n<tr>\n<td><strong>Celkov\u00e1 d\u00e9lka:<\/strong><\/td>\n<td>16,5 cm<\/td>\n<\/tr>\n<tr>\n<td><strong>D\u00e9lka \u010depele:<\/strong><\/td>\n<td>6,7 cm<\/td>\n<\/tr>\n<tr>\n<td><strong>Tlou\u0161\u0165ka \u010depele:<\/strong><\/td>\n<td>0,30 cm<\/td>\n<\/tr>\n<tr>\n<td><strong>Materi\u00e1l \u010depele:<\/strong><\/td>\n<td>Ocel M390<\/td>\n<\/tr>\n<tr>\n<td><strong>Typ \u010depele:<\/strong><\/td>\n<td>Drop Point \u2013 skv\u00e9l\u00e9 pro \u0159ez\u00e1n\u00ed, piercing a jemn\u00e9 \u00fakoly<\/td>\n<\/tr>\n<tr>\n<td><strong>Povrchov\u00e1 \u00faprava \u010depele:<\/strong><\/td>\n<td>Satin \u2013 elegantn\u00ed vzhled a vysok\u00e1 odolnost proti po\u0161kr\u00e1b\u00e1n\u00ed<\/td>\n<\/tr>\n<tr>\n<td><strong>Materi\u00e1l rukojeti:<\/strong><\/td>\n<td>Hlin\u00edk s anodizovan\u00fdm povrchem<\/td>\n<\/tr>\n<tr>\n<td><strong>Barva rukojeti:<\/strong><\/td>\n<td>\u010cern\u00e1<\/td>\n<\/tr>\n<tr>\n<td><strong>Mechanismus:<\/strong><\/td>\n<td>OTF (Out-The-Front) \u2013 snadn\u00e9 a rychl\u00e9 vysunut\u00ed \u010depele<\/td>\n<\/tr>\n<tr>\n<td><strong>Hmotnost:<\/strong><\/td>\n<td>60 g<\/td>\n<\/tr>\n<\/tbody>\n<\/table>\n<div>\n<hr \/>\n<\/div>\n<h3>\ud83d\udd2a K \u010demu je vhodn\u00fd tvar \u010depele:<\/h3>\n<p><strong>Drop Point<\/strong> \u010depel je v\u0161estrann\u00e1 a ide\u00e1ln\u00ed pro \u0161irokou \u0161k\u00e1lu pou\u017eit\u00ed. D\u00edky t\u00e9to geometrii je n\u016f\u017e skv\u011bl\u00fd pro <strong>\u0159ez\u00e1n\u00ed<\/strong>, <strong>piercing<\/strong> a p\u0159esn\u00e9 manipulace, co\u017e z n\u011bj \u010din\u00ed v\u00fdborn\u00fd n\u00e1stroj pro <strong>ka\u017edodenn\u00ed no\u0161en\u00ed<\/strong> nebo <strong>taktick\u00e9 situace<\/strong>. S touto \u010depel\u00ed je pr\u00e1ce s no\u017eem snadn\u00e1 a efektivn\u00ed, bez ohledu na n\u00e1ro\u010dnost \u00fakolu.<\/p>\n<div>\n<hr \/>\n<\/div>\n<h3>\ud83c\udfaf Pou\u017eit\u00ed a ur\u010den\u00ed:<\/h3>\n<ul data-spread=\"false\">\n<li><strong>Ka\u017edodenn\u00ed no\u0161en\u00ed (EDC)<\/strong> \u2013 kompaktn\u00ed a lehk\u00fd n\u016f\u017e pro ka\u017edodenn\u00ed \u00fakoly<\/li>\n<li><strong>Sebeobrana<\/strong> \u2013 rychl\u00fd a spolehliv\u00fd n\u00e1stroj pro okam\u017eitou akci<\/li>\n<li><strong>Taktick\u00e9 pou\u017eit\u00ed<\/strong> \u2013 ide\u00e1ln\u00ed pro profesion\u00e1ly a nad\u0161ence, kte\u0159\u00ed pot\u0159ebuj\u00ed efektivn\u00ed a spolehliv\u00fd n\u00e1stroj<\/li>\n<li><strong>Sb\u011bratelsk\u00fd kousek<\/strong> \u2013 Microtech je zn\u00e1m\u00fd svou kvalitou a presti\u017e\u00ed<\/li>\n<\/ul>\n<div>\n<hr \/>\n<\/div>\n<h3>\u2757 Nev\u00fdhody:<\/h3>\n<ul data-spread=\"false\">\n<li>Mal\u00e1 velikost \u2013 m\u016f\u017ee b\u00fdt pro n\u011bkter\u00e9 u\u017eivatele p\u0159\u00edli\u0161 kompaktn\u00ed pro n\u00e1ro\u010dn\u00e9 \u00fakoly<\/li>\n<li>Cena \u2013 Microtech produkty maj\u00ed vy\u0161\u0161\u00ed cenovou hladinu, kter\u00e1 m\u016f\u017ee b\u00fdt pro n\u011bkter\u00e9 u\u017eivatele vysok\u00e1<\/li>\n<li>OTF mechanismus \u2013 i kdy\u017e je velmi spolehliv\u00fd, vy\u017eaduje pravidelnou \u00fadr\u017ebu, aby z\u016fstal pln\u011b funk\u010dn\u00ed<\/li>\n<\/ul>\n<div>\n<hr \/>\n<\/div>\n<h3>\ud83c\uddfa\ud83c\uddf8 V\u00fdroba a kvalita:<\/h3>\n<p><strong>V\u0161echny no\u017ee Microtech, v\u010detn\u011b Microtech Exocet Satin 157-4, jsou vyrobeny v USA \ud83c\uddfa\ud83c\uddf8.<\/strong> Tato zna\u010dka je synonymem pro <strong>precizn\u00ed zpracov\u00e1n\u00ed<\/strong> a <strong>vysokou kvalitu<\/strong>, kter\u00e1 je zaru\u010dena pou\u017eit\u00edm nejlep\u0161\u00edch materi\u00e1l\u016f, jako je ocel <strong>CPM-154<\/strong>, co\u017e je vysoce kvalitn\u00ed materi\u00e1l, kter\u00fd zaji\u0161\u0165uje vynikaj\u00edc\u00ed ostrost a odolnost. Microtech je zn\u00e1m\u00fd svou <strong>maxim\u00e1ln\u00ed spolehlivost\u00ed<\/strong> a <strong>inovativn\u00edmi technologiemi<\/strong>, co\u017e ji \u010din\u00ed jednou z nejrespektovan\u011bj\u0161\u00edch zna\u010dek v oblasti no\u017e\u016f.<\/p>\n<div>\n<hr \/>\n<\/div>\n<h3>\ud83c\udd9a Srovn\u00e1n\u00ed s konkurenc\u00ed:<\/h3>\n<table>\n<tbody>\n<tr>\n<td>Vlastnost<\/td>\n<td>Microtech Exocet Satin 157-4<\/td>\n<td>Benchmade 4300BK Impel<\/td>\n<td>Heretic Manticore<\/td>\n<\/tr>\n<tr>\n<td>V\u00fdroba<\/td>\n<td>\ud83c\uddfa\ud83c\uddf8 USA<\/td>\n<td>\ud83c\uddfa\ud83c\uddf8 USA<\/td>\n<td>\ud83c\uddfa\ud83c\uddf8 USA<\/td>\n<\/tr>\n<tr>\n<td>D\u00e9lka<\/td>\n<td>16,5 cm<\/td>\n<td>15,2 cm<\/td>\n<td>17,8 cm<\/td>\n<\/tr>\n<tr>\n<td>Materi\u00e1l \u010depele<\/td>\n<td>M390<\/td>\n<td>S30V<\/td>\n<td>Elmax<\/td>\n<\/tr>\n<tr>\n<td>Rukoje\u0165<\/td>\n<td>Hlin\u00edk<\/td>\n<td>G10<\/td>\n<td>Hlin\u00edk<\/td>\n<\/tr>\n<tr>\n<td>Mechanismus<\/td>\n<td>OTF<\/td>\n<td>OTF<\/td>\n<td>OTF<\/td>\n<\/tr>\n<\/tbody>\n<\/table>\n<div>\n<hr \/>\n<\/div>\n<h3>\ud83c\udf81 Obsah balen\u00ed:<\/h3>\n<ul data-spread=\"false\">\n<li>N\u016f\u017e Microtech Exocet Satin 157-4<\/li>\n<li>Origin\u00e1ln\u00ed Microtech krabi\u010dka<\/li>\n<li>N\u00e1vod k pou\u017eit\u00ed a \u00fadr\u017eb\u011b<\/li>\n<li>Z\u00e1ru\u010dn\u00ed list<\/li>\n<\/ul>\n<div>\n<hr \/>\n<\/div>\n<h3>\ud83d\udd25 Emo\u010dn\u00ed apel:<\/h3>\n<p>Pokud hled\u00e1te <strong>kompaktn\u00ed, v\u00fdkonn\u00fd a spolehliv\u00fd n\u016f\u017e<\/strong>, <strong>Microtech Exocet Satin 157-4<\/strong> v\u00e1m nab\u00eddne v\u0161e, co pot\u0159ebujete. Tento n\u016f\u017e nen\u00ed jen n\u00e1strojem, ale <strong>symbolizuje s\u00edlu, preciznost a inovaci<\/strong>. S ka\u017ed\u00fdm stiskem tla\u010d\u00edtka si uv\u011bdom\u00edte, \u017ee dr\u017e\u00edte v ruce <strong>v\u00fdjime\u010dn\u00fd kousek technologie<\/strong>, kter\u00fd v\u00e1s nezklame. <strong>Ne\u010dekejte dlouho \u2013 tento n\u016f\u017e je ide\u00e1ln\u00ed volbou pro ty, kte\u0159\u00ed hledaj\u00ed kvalitu a v\u00fdkon v jednom kompaktn\u00edm balen\u00ed.<\/strong><\/p>\n<div>\n<hr \/>\n<\/div>\n<h3>\ud83d\uded2 D\u016fvody k n\u00e1kupu pr\u00e1v\u011b te\u010f:<\/h3>\n<ul data-spread=\"false\">\n<li>\u2705 <strong>Doprava zdarma<\/strong><\/li>\n<li>\u2705 <strong>Garance originality<\/strong><\/li>\n<li>\u2705 <strong>Rychl\u00e9 odesl\u00e1n\u00ed<\/strong><\/li>\n<li>\u2705 <strong>D\u00e1rek k objedn\u00e1vce<\/strong><\/li>\n<li>\u2705 <strong>Mo\u017enost platby na dob\u00edrku i online<\/strong><\/li>\n<li>\u2705 <strong>100% bezpe\u010dn\u00fd n\u00e1kup s mo\u017enost\u00ed vr\u00e1cen\u00ed<\/strong><\/li>\n<\/ul>\n<div>\n<hr \/>\n<\/div>\n<h3>\u26a0\ufe0f Omezen\u00e1 dostupnost:<\/h3>\n<p><strong>Microtech Exocet Satin 157-4<\/strong> je sou\u010d\u00e1st\u00ed limitovan\u00e9 s\u00e9rie, a proto je <strong>velmi obt\u00ed\u017en\u011b dostupn\u00fd<\/strong>. Tento n\u016f\u017e se rychle vyprod\u00e1v\u00e1, tak\u017ee pokud ho chcete m\u00edt, <strong>ne\u010dekejte dlouho<\/strong>. Z\u00e1soby jsou omezen\u00e9.<\/p>\n<div>\n<hr \/>\n<\/div>\n<h3>\ud83e\udde0 Shrnut\u00ed:<\/h3>\n<p>Microtech Exocet Satin 157-4 je <strong>ide\u00e1ln\u00ed volbou pro ka\u017edodenn\u00ed no\u0161en\u00ed (EDC)<\/strong> a <strong>taktick\u00e9 pou\u017eit\u00ed<\/strong>. Tento n\u016f\u017e, vyroben\u00fd z kvalitn\u00ed oceli <strong>M390<\/strong>, se vyzna\u010duje <strong>vysokou odolnost\u00ed<\/strong>, <strong>satinovan\u00fdm vzhledem<\/strong> a <strong>kompaktn\u00ed velikost\u00ed<\/strong>. Pokud hled\u00e1te spolehliv\u00fd n\u00e1stroj, kter\u00fd bude v\u017edy p\u0159ipraven na jak\u00fdkoli \u00fakol, tento model je pro v\u00e1s tou spr\u00e1vnou volbou.<\/p>\n<p><iframe title=\"Microtech Combat Troodon Torture Test\" width=\"800\" height=\"450\" src=\"https:\/\/www.youtube.com\/embed\/xE9TeOFYEjg?feature=oembed\" frameborder=\"0\" allow=\"accelerometer; autoplay; clipboard-write; encrypted-media; gyroscope; picture-in-picture; web-share\" referrerpolicy=\"strict-origin-when-cross-origin\" allowfullscreen><\/iframe><\/p>\n","protected":false},"excerpt":{"rendered":"<div class=\"elementor-element elementor-element-bbb542b elementor-widget elementor-widget-woocommerce-product-short-description\" data-id=\"bbb542b\" data-element_type=\"widget\" data-widget_type=\"woocommerce-product-short-description.default\">\n<div class=\"elementor-widget-container\">\n<div class=\"woocommerce-product-details__short-description\">\n<p><strong>Microtech Exocet Satin 157-4 je ide\u00e1ln\u00ed volbou pro ka\u017edodenn\u00ed no\u0161en\u00ed (EDC) a taktick\u00e9 pou\u017eit\u00ed. Tento n\u016f\u017e, vyroben\u00fd z kvalitn\u00ed oceli M390, se vyzna\u010duje vysokou odolnost\u00ed, satinovan\u00fdm vzhledem a kompaktn\u00ed velikost\u00ed. Pokud hled\u00e1te spolehliv\u00fd n\u00e1stroj, kter\u00fd bude v\u017edy p\u0159ipraven na jak\u00fdkoli \u00fakol, tento model je pro v\u00e1s tou spr\u00e1vnou volbou.<\/strong><\/p>\n<p><strong>\ud83d\udce6 Objednejte nyn\u00ed a m\u00e1te dopravu zdarma \ud83d\ude9a<\/strong><\/p>\n<\/div>\n<\/div>\n<\/div>\n","protected":false},"featured_media":211212,"comment_status":"open","ping_status":"closed","template":"","meta":[],"pwb-brand":[431],"product_brand":[],"product_cat":[2019,17],"product_tag":[3667],"class_list":{"0":"post-211211","1":"product","2":"type-product","3":"status-publish","4":"has-post-thumbnail","6":"pwb-brand-microtech","7":"product_cat-vystrelovaci-noze","8":"product_cat-noze","9":"product_tag-b2b","11":"first","12":"instock","13":"taxable","14":"shipping-taxable","15":"purchasable","16":"product-type-simple"},"brands":[{"id":431,"name":"Microtech","slug":"microtech"}],"_links":{"self":[{"href":"https:\/\/www.moskito.cz\/it\/wp-json\/wp\/v2\/product\/211211","targetHints":{"allow":["GET"]}}],"collection":[{"href":"https:\/\/www.moskito.cz\/it\/wp-json\/wp\/v2\/product"}],"about":[{"href":"https:\/\/www.moskito.cz\/it\/wp-json\/wp\/v2\/types\/product"}],"replies":[{"embeddable":true,"href":"https:\/\/www.moskito.cz\/it\/wp-json\/wp\/v2\/comments?post=211211"}],"wp:featuredmedia":[{"embeddable":true,"href":"https:\/\/www.moskito.cz\/it\/wp-json\/wp\/v2\/media\/211212"}],"wp:attachment":[{"href":"https:\/\/www.moskito.cz\/it\/wp-json\/wp\/v2\/media?parent=211211"}],"wp:term":[{"taxonomy":"pwb-brand","embeddable":true,"href":"https:\/\/www.moskito.cz\/it\/wp-json\/wp\/v2\/pwb-brand?post=211211"},{"taxonomy":"product_brand","embeddable":true,"href":"https:\/\/www.moskito.cz\/it\/wp-json\/wp\/v2\/product_brand?post=211211"},{"taxonomy":"product_cat","embeddable":true,"href":"https:\/\/www.moskito.cz\/it\/wp-json\/wp\/v2\/product_cat?post=211211"},{"taxonomy":"product_tag","embeddable":true,"href":"https:\/\/www.moskito.cz\/it\/wp-json\/wp\/v2\/product_tag?post=211211"}],"curies":[{"name":"wp","href":"https:\/\/api.w.org\/{rel}","templated":true}]}}