{"id":211290,"date":"2022-02-19T20:46:11","date_gmt":"2022-02-19T19:46:11","guid":{"rendered":"https:\/\/www.moskito.cz\/?post_type=product&#038;p=211290"},"modified":"2025-12-30T13:31:01","modified_gmt":"2025-12-30T12:31:01","slug":"zaviraci-nuz-rockstead-titanium-handles-ryo-h-zdp-dp","status":"publish","type":"product","link":"https:\/\/www.moskito.cz\/it\/produkt\/zaviraci-nuz-rockstead-titanium-handles-ryo-h-zdp-dp\/","title":{"rendered":"Zav\u00edrac\u00ed N\u016f\u017e Rockstead Titanium Handles RYO H-ZDP DP"},"content":{"rendered":"<p><strong>Rockstead<\/strong> Knives jsou podle na\u0161eho n\u00e1zoru jedny z nejlep\u0161\u00edch no\u017e\u016f dostupn\u00fdch na trhu. D\u00edky pe\u010dliv\u00e9mu \u0159emesln\u00e9mu zpracov\u00e1n\u00ed a jedine\u010dn\u00fdm design\u016fm Rockstead stoj\u00ed tato polozak\u00e1zkov\u00e1 slo\u017eka za pr\u00e9miovou cenu. SHIN je v\u011bt\u0161\u00ed verze modelu <strong>Rockstead<\/strong> KOU. Vyzna\u010duje se 3,5\u2033 \u010depel\u00ed se zrcadlovou povrchovou \u00fapravou ZDP-189 a hlin\u00edkov\u00fdmi rukoje\u0165mi s vlo\u017ekami z rejnoka. Otev\u00edr\u00e1n\u00ed je plynul\u00e9 s pevn\u00fdm z\u00e1mkem, kter\u00fd \u010depel bezpe\u010dn\u011b dr\u017e\u00ed na m\u00edst\u011b. Neuv\u011b\u0159iteln\u00e9ho zrcadlov\u00e9ho proveden\u00ed je dosa\u017eeno tepeln\u00fdm zpracov\u00e1n\u00edm \u010depele a postupn\u00fdm ru\u010dn\u00ed brou\u0161en\u00ed mokro-such\u00fdm brusn\u00fdm pap\u00edrem zrnitosti 400, 600, 800, 1 200 a 2 000. To je velmi intenzivn\u00ed a \u010dasov\u011b n\u00e1ro\u010dn\u00e9, proto\u017ee pokud by se b\u011bhem tohoto procesu objevily n\u011bjak\u00e9 \u0161kr\u00e1bance, \u010depel mus\u00ed b\u00fdt odesl\u00e1na zp\u011bt do p\u0159edchoz\u00edho kroku k oprav\u011b. Jakmile je toto dokon\u010deno, \u010depel bude obrou\u0161ena pro fin\u00e1ln\u00ed povrchovou \u00fapravu. Lid\u00e9 z Rockstead tento proces zvl\u00e1dli, aby n\u016f\u017e z\u00edskal kr\u00e1sn\u00fd povrch a ostr\u00e9 ost\u0159\u00ed jako \u017e\u00e1dn\u00fd jin\u00fd. Ka\u017ed\u00fd n\u016f\u017e je individu\u00e1ln\u011b o\u010d\u00edslov\u00e1n a obsahuje certifik\u00e1t pravosti.<\/p>\n<p>P\u0159i spr\u00e1vn\u00e9 \u00fadr\u017eb\u011b je zn\u00e1mo, \u017ee <strong>Rocksteads<\/strong> udr\u017e\u00ed ostrou hranu po dobu 2-3 let. No\u017ee Rockstead se dod\u00e1vaj\u00ed s bezplatn\u00fdm brou\u0161en\u00edm a p\u0159ebru\u0161ov\u00e1n\u00edm<\/p>\n<p>Zav\u00edrac\u00ed N\u016f\u017e <strong>Rockstead<\/strong> Titanium Handles RYO H-ZDP DP<\/p>\n<p>N\u016f\u017e ze s\u00e9rie Prism Coating Series<br \/>\nMateri\u00e1l \u010depele : ZDP189<br \/>\nTvrdost \u010depele : 67,2 HRC<br \/>\nPovrch \u010depele zrcadlov\u00fd lesk na kl\u00ednu ost\u0159\u00ed<br \/>\nD\u00e9lka \u010depele : 80 mm<br \/>\nD\u00e9lka otev\u0159en\u00e9ho no\u017ee: 196 mm<br \/>\nHmotnost: 124 g<br \/>\nSt\u0159enka: Titan s povrchovou \u00fapravou DLC<br \/>\nKlip z oceli SUS440C<br \/>\nPatentov\u011b chr\u00e1n\u011bn\u00e1 konstrukce zasunovac\u00edho klipu. P\u0159i pr\u00e1ci V\u00e1m tedy klip nebude naru\u0161ovat \u00fachop<\/p>\n<p>&nbsp;<\/p>\n<p>The <strong>Rockstead<\/strong> RYO H-ZDP DP folding knife features a 3.125&#8243; ZDP-189 steel, mirror finish blade and DLC Prism (DLCP) coated titanium handles. The opening action is incredibly smooth while the lock keeps the blade securely open. The RYO H-ZDP DP is the first <strong>Rockstead<\/strong> model with the conceal slip design. This allows to you to hide the pocket clip for more comfortable use and handling.<\/p>\n<p>The mirror finish is achieved by heat treating the blade and gradually hand grinding through 400, 600, 800, 1,200 and 2,000 grit wet-dry sandpaper. This is very intense and time-consuming because if any scratches were to occur during this process, the blade must be sent back to the previous step for refinishing. Once this is complete, the blade will be buffed for the final finish. The folks at Rockstead have mastered this process to give the knife a beautiful finish and sharp edge like no other. Feels extremely comfortable and solid in the hand. Individually numbered.<\/p>\n<p>With proper maintenance, <strong>Rocksteads<\/strong> are known to keep a sharp edge for 2-3 years. <strong>Rockstead<\/strong> Knives come with free sharpening and regrinding. You would be responsible for shipping charges to and from Japan.<\/p>\n<p>Be sure to register your <strong>Rockstead<\/strong> Knife here.<\/p>\n<p>Specifications<br \/>\nBlade Length: 3.125&#8243;<br \/>\nOverall Length: 7.75&#8243;<br \/>\nBlade Material: ZDP-189<br \/>\nBlade Style: Sheepsfoot<br \/>\nBlade Grind: &#8220;Honzukuri&#8221; Convex<br \/>\nBlade Thickness: 0.13&#8243;<br \/>\nBlade Hardness: 67 HRC (approximate)<br \/>\nHandle Material: Titanium<br \/>\nHandle Coating: DLC Prism (DLCP)<br \/>\nWeight: 4.37 oz.<br \/>\nMade in Japan<\/p>\n<p><iframe title=\"ROCKSTEAD KNIFE cutting ability\" width=\"800\" height=\"600\" src=\"https:\/\/www.youtube.com\/embed\/PY3C7W7_sSU?feature=oembed\" frameborder=\"0\" allow=\"accelerometer; autoplay; clipboard-write; encrypted-media; gyroscope; picture-in-picture; web-share\" referrerpolicy=\"strict-origin-when-cross-origin\" allowfullscreen><\/iframe><\/p>\n<p>&nbsp;<\/p>\n<p>&nbsp;<\/p>\n<p>&nbsp;<\/p>\n","protected":false},"excerpt":{"rendered":"<p>N\u016f\u017e <strong>Rockstead<\/strong> je uzn\u00e1v\u00e1n jako tov\u00e1rn\u00ed zak\u00e1zkov\u00fd n\u016f\u017e. Vyu\u017e\u00edv\u00e1me jak pou\u017eit\u00ed pokro\u010dil\u00fdch obr\u00e1b\u011bc\u00edch n\u00e1stroj\u016f, tak \u0159emeslnou zru\u010dnost na\u0161ich osmi\u010dlenn\u00fdch zam\u011bstnanc\u016f. N\u00e1\u0161 \u0159emesln\u00edk ru\u010dn\u011b opracov\u00e1v\u00e1 \u010depel po procesu zrcadlov\u00e9ho le\u0161t\u011bn\u00ed a poskytuje stejn\u011b vysokou kvalitu pr\u00e1ce, jakou lze o\u010dek\u00e1vat u skute\u010dn\u00e9ho zak\u00e1zkov\u00e9ho no\u017ee. Na\u0161e tov\u00e1rn\u00ed zak\u00e1zkov\u00e9 no\u017ee jsou zcela jin\u00e9 kvality ne\u017e s\u00e9riov\u011b vyr\u00e1b\u011bn\u00e9 no\u017ee.<\/p>\n<p><strong>Doprava zdarma.<\/strong><\/p>\n","protected":false},"featured_media":211291,"comment_status":"open","ping_status":"closed","template":"","meta":[],"pwb-brand":[3227],"product_brand":[],"product_cat":[22,17],"product_tag":[],"class_list":{"0":"post-211290","1":"product","2":"type-product","3":"status-publish","4":"has-post-thumbnail","6":"pwb-brand-rockstead","7":"product_cat-zaviraci-noze","8":"product_cat-noze","10":"first","11":"outofstock","12":"taxable","13":"shipping-taxable","14":"purchasable","15":"product-type-simple"},"brands":[{"id":3227,"name":"Rockstead","slug":"rockstead"}],"_links":{"self":[{"href":"https:\/\/www.moskito.cz\/it\/wp-json\/wp\/v2\/product\/211290","targetHints":{"allow":["GET"]}}],"collection":[{"href":"https:\/\/www.moskito.cz\/it\/wp-json\/wp\/v2\/product"}],"about":[{"href":"https:\/\/www.moskito.cz\/it\/wp-json\/wp\/v2\/types\/product"}],"replies":[{"embeddable":true,"href":"https:\/\/www.moskito.cz\/it\/wp-json\/wp\/v2\/comments?post=211290"}],"wp:featuredmedia":[{"embeddable":true,"href":"https:\/\/www.moskito.cz\/it\/wp-json\/wp\/v2\/media\/211291"}],"wp:attachment":[{"href":"https:\/\/www.moskito.cz\/it\/wp-json\/wp\/v2\/media?parent=211290"}],"wp:term":[{"taxonomy":"pwb-brand","embeddable":true,"href":"https:\/\/www.moskito.cz\/it\/wp-json\/wp\/v2\/pwb-brand?post=211290"},{"taxonomy":"product_brand","embeddable":true,"href":"https:\/\/www.moskito.cz\/it\/wp-json\/wp\/v2\/product_brand?post=211290"},{"taxonomy":"product_cat","embeddable":true,"href":"https:\/\/www.moskito.cz\/it\/wp-json\/wp\/v2\/product_cat?post=211290"},{"taxonomy":"product_tag","embeddable":true,"href":"https:\/\/www.moskito.cz\/it\/wp-json\/wp\/v2\/product_tag?post=211290"}],"curies":[{"name":"wp","href":"https:\/\/api.w.org\/{rel}","templated":true}]}}