{"id":212547,"date":"2022-03-05T21:24:01","date_gmt":"2022-03-05T20:24:01","guid":{"rendered":"https:\/\/www.moskito.cz\/?post_type=product&#038;p=212547"},"modified":"2025-05-07T10:37:43","modified_gmt":"2025-05-07T09:37:43","slug":"vystrelovaci-nuz-heretic-knives-manticore-x-otf-auto-h030b-10a-jade","status":"publish","type":"product","link":"https:\/\/www.moskito.cz\/it\/produkt\/vystrelovaci-nuz-heretic-knives-manticore-x-otf-auto-h030b-10a-jade\/","title":{"rendered":"Vyst\u0159elovac\u00ed N\u016f\u017e Heretic Knives Manticore X OTF AUTO H030B-10A-JADE"},"content":{"rendered":"<p>Vyst\u0159elovac\u00ed N\u016f\u017e <strong>Heretic Knives<\/strong> Manticore X OTF AUTO H030B-10A-JADE.<\/p>\n<p>Manticore X je nejv\u011bt\u0161\u00ed OTF nab\u00eddka spole\u010dnosti Heretic Knives ze s\u00e9rie Manticore. Tento n\u016f\u017e je 100% vyroben a sestaven v USA, je podpo\u0159en do\u017eivotn\u00ed z\u00e1rukou, tak\u017ee si m\u016f\u017eete b\u00fdt jisti, \u017ee tento OTF vydr\u017e\u00ed. Vyzna\u010duje se hedv\u00e1bn\u011b hladk\u00fdm nasazen\u00edm a zata\u017een\u00edm jednou rukou, co\u017e je standardn\u00ed v \u0159ad\u011b Manticore. Varianta X je vybavena kr\u00e1snou \u010depel\u00ed Bowie, integrovan\u00fdm otvorem pro \u0161\u0148\u016frku, rozbit\u00edm skla z tvrzen\u00e9 oceli a hlubokou sponou. Jeho \u0161t\u00edhl\u00fd profil umo\u017e\u0148uje snadn\u00e9 p\u0159en\u00e1\u0161en\u00ed po ruce a okam\u017eit\u011b p\u0159ipraven\u00e9. Akce je n\u00e1vykov\u00e1, ergonomie je na m\u00edst\u011b a kvalita zpracov\u00e1n\u00ed je \u0161pi\u010dkov\u00e1. Nebudete zklam\u00e1ni.<\/p>\n<p>Specifikace<br \/>\nD\u00e9lka \u010depele: 39.2 cm<br \/>\nCelkov\u00e1 d\u00e9lka: 23 cm<br \/>\nMateri\u00e1l \u010depele: Elmax nerezov\u00e1 ocel<br \/>\nStyl \u010depele: Bowie<br \/>\nBrou\u0161en\u00ed \u010depele: Ploch\u00e9<br \/>\nPovrchov\u00e1 \u00faprava \u010depele: \u010cern\u00e1 DLC Two-Tone<br \/>\nMateri\u00e1l rukojeti: Translucent Green (Jade) G10 a hlin\u00edk<br \/>\nUzamykac\u00ed mechanismus: Posuvn\u00fd<br \/>\nKapesn\u00ed klip: Black DLC Titanium (sklopen\u00ed dol\u016f, prav\u00e9 no\u0161en\u00ed)<br \/>\nHmotnost: 3,95 oz.<br \/>\nDesign\u00e9r: Tony Marfione Jr.<br \/>\nVyrobeno v USA<\/p>\n<p><iframe title=\"Heretic Shop Video\" width=\"800\" height=\"450\" src=\"https:\/\/www.youtube.com\/embed\/7qUL5q7Cvgo?feature=oembed\" frameborder=\"0\" allow=\"accelerometer; autoplay; clipboard-write; encrypted-media; gyroscope; picture-in-picture; web-share\" referrerpolicy=\"strict-origin-when-cross-origin\" allowfullscreen><\/iframe><\/p>\n<p>&nbsp;<\/p>\n","protected":false},"excerpt":{"rendered":"<div class=\"description\">\n<p>V\u0161echny na\u0161e no\u017ee jsou vyrobeny v USA a tak to zachov\u00e1me.\u00a0Kdy\u017e si koup\u00edte n\u011bkter\u00fd z na\u0161ich no\u017e\u016f, m\u016f\u017eete m\u00edt d\u016fv\u011bru ve sv\u016fj n\u00e1stroj s v\u011bdom\u00edm, \u017ee je podporov\u00e1n americkou spole\u010dnost\u00ed.\u00a0Na\u0161e no\u017ee jsou vyr\u00e1b\u011bny v mal\u00fdch s\u00e9ri\u00edch, abychom zajistili, \u017ee dostanete kvalitn\u00ed n\u016f\u017e, kter\u00e9mu se nedost\u00e1v\u00e1 pozornosti, jak\u00e9 se nedost\u00e1v\u00e1 jin\u00fdm s\u00e9riov\u011b vyr\u00e1b\u011bn\u00fdm no\u017e\u016fm.<\/p>\n<p><strong>Doprava zdarma.<\/strong><\/p>\n<div class=\"clearfix\"><\/div>\n<\/div>\n<div class=\"specifications\">\n<div class=\"features\"><\/div>\n<div class=\"specs\"><\/div>\n<\/div>\n","protected":false},"featured_media":212548,"comment_status":"open","ping_status":"closed","template":"","meta":[],"pwb-brand":[318],"product_brand":[],"product_cat":[2019,17],"product_tag":[],"class_list":{"0":"post-212547","1":"product","2":"type-product","3":"status-publish","4":"has-post-thumbnail","6":"pwb-brand-heretic-knives","7":"product_cat-vystrelovaci-noze","8":"product_cat-noze","10":"first","11":"instock","12":"taxable","13":"shipping-taxable","14":"purchasable","15":"product-type-simple"},"brands":[{"id":318,"name":"Heretic Knives","slug":"heretic-knives"}],"_links":{"self":[{"href":"https:\/\/www.moskito.cz\/it\/wp-json\/wp\/v2\/product\/212547","targetHints":{"allow":["GET"]}}],"collection":[{"href":"https:\/\/www.moskito.cz\/it\/wp-json\/wp\/v2\/product"}],"about":[{"href":"https:\/\/www.moskito.cz\/it\/wp-json\/wp\/v2\/types\/product"}],"replies":[{"embeddable":true,"href":"https:\/\/www.moskito.cz\/it\/wp-json\/wp\/v2\/comments?post=212547"}],"wp:featuredmedia":[{"embeddable":true,"href":"https:\/\/www.moskito.cz\/it\/wp-json\/wp\/v2\/media\/212548"}],"wp:attachment":[{"href":"https:\/\/www.moskito.cz\/it\/wp-json\/wp\/v2\/media?parent=212547"}],"wp:term":[{"taxonomy":"pwb-brand","embeddable":true,"href":"https:\/\/www.moskito.cz\/it\/wp-json\/wp\/v2\/pwb-brand?post=212547"},{"taxonomy":"product_brand","embeddable":true,"href":"https:\/\/www.moskito.cz\/it\/wp-json\/wp\/v2\/product_brand?post=212547"},{"taxonomy":"product_cat","embeddable":true,"href":"https:\/\/www.moskito.cz\/it\/wp-json\/wp\/v2\/product_cat?post=212547"},{"taxonomy":"product_tag","embeddable":true,"href":"https:\/\/www.moskito.cz\/it\/wp-json\/wp\/v2\/product_tag?post=212547"}],"curies":[{"name":"wp","href":"https:\/\/api.w.org\/{rel}","templated":true}]}}