{"id":213266,"date":"2022-03-27T20:34:45","date_gmt":"2022-03-27T19:34:45","guid":{"rendered":"https:\/\/www.moskito.cz\/?post_type=product&#038;p=213266"},"modified":"2025-12-26T17:25:04","modified_gmt":"2025-12-26T16:25:04","slug":"vystrelovaci-nuz-extrema-ratio-caimano-nero","status":"publish","type":"product","link":"https:\/\/www.moskito.cz\/it\/produkt\/vystrelovaci-nuz-extrema-ratio-caimano-nero\/","title":{"rendered":"Vyst\u0159elovac\u00ed N\u016f\u017e Extrema Ratio CAIMANO NERO"},"content":{"rendered":"<p>Vyst\u0159elovac\u00ed N\u016f\u017e <strong>Extrema Ratio<\/strong> CAIMANO NERO<\/p>\n<p>Black <strong>Caiman<\/strong> NA je neautomatick\u00e1 verze taktick\u00e9ho no\u017ee, kter\u00fd Extrema Ratio dodal GOI (Gruppo Operativo Incursori) italsk\u00e9ho n\u00e1mo\u0159nictva. \u010cepel o tlou\u0161\u0165ce 4 mm m\u00e1 hrot ve tvaru o\u0161t\u011bpu s asymetrick\u00fdm brou\u0161en\u00edm. Ozuben\u00ed na \u010depeli umo\u017e\u0148uje \u0159ez\u00e1n\u00ed kabel\u016f a vysoce odoln\u00fdch tkanin p\u0159i zachov\u00e1n\u00ed ostrosti. Koncov\u00e1 \u010d\u00e1st rukojeti je navr\u017eena pro zlep\u0161en\u00ed \u00fachopu pro rychl\u00e9 vyta\u017een\u00ed no\u017ee z kapsy. Nechyb\u00ed ani tvrd\u00fd kovov\u00fd rozb\u00edje\u010d skla. Titanov\u00e1 spona s DLC povlakem m\u016f\u017ee b\u00fdt um\u00edst\u011bna ve t\u0159ech r\u016fzn\u00fdch \u00fahlech na obou stran\u00e1ch a je navr\u017eena tak, aby minimalizovala objem rukojeti z kapsy.<\/p>\n<p>HMOTNOST G: 162<br \/>\nHMOTNOST OZ: 5,71<br \/>\nD\u00c9LKA \u010cEPELE (MM): 93<br \/>\nD\u00c9LKA \u010cEPELE (IN): 3,66<br \/>\nCELKOV\u00c1 D\u00c9LKA (MM): 231<br \/>\nCELKOV\u00c1 D\u00c9LKA (V): 9.1<br \/>\nTLOU\u0160\u0164KA \u010cEPELE (MM): 4<br \/>\nTLOU\u0160\u0164KA \u010cEPELE (IN): 0,15<br \/>\nMATERI\u00c1L \u010cEPELE: B\u00d6HLER N690 STEEL (58HRC)<br \/>\nPOVRCHOV\u00c1 \u00daPRAVA NO\u017dE: MIL-C-13924 BURNISH<br \/>\n\u0160IPKA \u010cEPELE: PLOCH\u00dd DR\u00c1T<br \/>\n\u010c\u00c1STE\u010cN\u00c9 ZUBY (MM): 20<br \/>\n\u010c\u00c1STE\u010cN\u00c9 ZUBY (V): 0,78<br \/>\nMATERI\u00c1L RUKOJETI: ELOXOVAN\u00dd ANTIKOROD\u00c1LN\u00cd HLIN\u00cdK<\/p>\n<p><iframe title=\"Extrema Ratio Caimano Nero\" width=\"800\" height=\"600\" src=\"https:\/\/www.youtube.com\/embed\/iCggY-jxn1Q?feature=oembed\" frameborder=\"0\" allow=\"accelerometer; autoplay; clipboard-write; encrypted-media; gyroscope; picture-in-picture; web-share\" allowfullscreen><\/iframe><\/p>\n<p>The Caimano Nero is a tactical knife delivered to the G.O.I., Gruppo Operativo Incursori (Operational Raiders Group) of the Italian Navy, and designed by Extrema Ratio, official COMSUBIN supplier. Its name is a reference and a tribute to the heroic Caimani Neri del Piave (Black Caimans of the Piave river), a unit of the Arditi della Regia Marina (Italian Royal Navy), who used to swim across the Piave river to carry out raids on enemy territory during the First World War. It is an automatic knife with a 4 mm asymmetrical spearpoint blade and a partial sharp false edge to improve the coefficient of penetration. The serrated part of the edge allow to cut highly-resistent cables and fabrics without losing its sharpening. It is a medium folder with a robust structure. It is light and balanced thanks to numerous removal processes applied to its highly-thick aluminum handle scales. The pommel, which recalls the shape of the tail\/propel section of the Siluro a lenta corsa (S.L.C.), is designed to improve a rapid extraction of the knife from the pocket. The DLC-coated titanium clip can be positioned in three different angles on both sides to allow maximum customization while wearing it. Its shape is designed to conceal the handle sticking out of the pocket. The automatic blade release system guarantees a complete opening even in the event of accidental impacts during the opening rotation. Among its features, it is equipped with an hard-metal glass breaker and a lock, which prevents the blade from dangerously closing by accident.<br \/>\nTo buy this model please contact a knife reseller in your area or contact us at <span \n                data-original-string='2CXBdslTrRaKFGdLdM4FXw==54eVEjgkwqOVhT+vPXvf+Bopsa0gOHYJrZtSZ7KmJFGAK8='\n                class='apbct-email-encoder'\n                title='This contact has been encoded by Anti-Spam by CleanTalk. Click to decode. To finish the decoding make sure that JavaScript is enabled in your browser.'>in<span class=\"apbct-blur\">**<\/span>@<span class=\"apbct-blur\">**********<\/span>io.com<\/span><\/p>\n<p>Following Italian laws, double edge and\/or automatic knives are considered weapons. For this reason they cannot be sold on-line. Please get in contact with a knife shop in your area to buy them.<\/p>\n<p>TECHNICAL SHEET<br \/>\nWEIGHT G.: 180<br \/>\nWEIGHT OZ.: 6,35<br \/>\nBLADE LENGTH (MM): 93<br \/>\nBLADE LENGTH (IN): 3.66<br \/>\nTOTAL LENGTH (MM): 231<br \/>\nTOTAL LENGTH (IN): 9,1<br \/>\nBLADE THICKNESS (MM): 4<br \/>\nBLADE THICKNESS (IN): 0,15<br \/>\nPARTIAL SERRATION (MM): 20<br \/>\nPARTIAL SERRATION (IN): 0,78<br \/>\nBLADE MATERIAL: B\u00d6HLER N690 STEEL (58HRC)<br \/>\nBLADE FINISHING: MIL-C-13924 BURNISHING<br \/>\nMAIN GRID: FLAT<br \/>\nHANDLE MATERIAL: ANTICORODAL ANODIZED ALUMINUM<\/p>\n","protected":false},"excerpt":{"rendered":"<p>Spole\u010dnost\u00a0<strong>Extrema Ratio<\/strong>\u00a0se s\u00eddlem v italsk\u00e9m Pratu navrhuje a vyr\u00e1b\u00ed vysoce v\u00fdkonn\u00e9 bojov\u00e9, vojensk\u00e9, kuchy\u0148sk\u00e9, loveck\u00e9 a taktick\u00e9 no\u017ee od roku 1997 a m\u00e1 pov\u011bst vynikaj\u00edc\u00ed kvality, kter\u00e1 je v oboru vojensk\u00fdch a taktick\u00fdch no\u017e\u016f nep\u0159ekonateln\u00e1.\u00a0<strong>Doprava zdarma.<\/strong><\/p>\n","protected":false},"featured_media":217181,"comment_status":"open","ping_status":"closed","template":"","meta":[],"pwb-brand":[267],"product_brand":[],"product_cat":[2019,17],"product_tag":[3667],"class_list":{"0":"post-213266","1":"product","2":"type-product","3":"status-publish","4":"has-post-thumbnail","6":"pwb-brand-extrema-ratio","7":"product_cat-vystrelovaci-noze","8":"product_cat-noze","9":"product_tag-b2b","11":"first","12":"outofstock","13":"taxable","14":"shipping-taxable","15":"purchasable","16":"product-type-simple"},"brands":[{"id":267,"name":"Extrema Ratio","slug":"extrema-ratio"}],"_links":{"self":[{"href":"https:\/\/www.moskito.cz\/it\/wp-json\/wp\/v2\/product\/213266","targetHints":{"allow":["GET"]}}],"collection":[{"href":"https:\/\/www.moskito.cz\/it\/wp-json\/wp\/v2\/product"}],"about":[{"href":"https:\/\/www.moskito.cz\/it\/wp-json\/wp\/v2\/types\/product"}],"replies":[{"embeddable":true,"href":"https:\/\/www.moskito.cz\/it\/wp-json\/wp\/v2\/comments?post=213266"}],"wp:featuredmedia":[{"embeddable":true,"href":"https:\/\/www.moskito.cz\/it\/wp-json\/wp\/v2\/media\/217181"}],"wp:attachment":[{"href":"https:\/\/www.moskito.cz\/it\/wp-json\/wp\/v2\/media?parent=213266"}],"wp:term":[{"taxonomy":"pwb-brand","embeddable":true,"href":"https:\/\/www.moskito.cz\/it\/wp-json\/wp\/v2\/pwb-brand?post=213266"},{"taxonomy":"product_brand","embeddable":true,"href":"https:\/\/www.moskito.cz\/it\/wp-json\/wp\/v2\/product_brand?post=213266"},{"taxonomy":"product_cat","embeddable":true,"href":"https:\/\/www.moskito.cz\/it\/wp-json\/wp\/v2\/product_cat?post=213266"},{"taxonomy":"product_tag","embeddable":true,"href":"https:\/\/www.moskito.cz\/it\/wp-json\/wp\/v2\/product_tag?post=213266"}],"curies":[{"name":"wp","href":"https:\/\/api.w.org\/{rel}","templated":true}]}}