{"id":213675,"date":"2022-04-03T20:15:12","date_gmt":"2022-04-03T19:15:12","guid":{"rendered":"https:\/\/www.moskito.cz\/?post_type=product&#038;p=213675"},"modified":"2025-05-07T10:37:55","modified_gmt":"2025-05-07T09:37:55","slug":"vystrelovaci-nuz-microtech-utx-85-231-1rd","status":"publish","type":"product","link":"https:\/\/www.moskito.cz\/it\/produkt\/vystrelovaci-nuz-microtech-utx-85-231-1rd\/","title":{"rendered":"Vyst\u0159elovac\u00ed N\u016f\u017e Microtech UTX-85 231-1RD"},"content":{"rendered":"<p>Vyst\u0159elovac\u00ed N\u016f\u017e <strong>Microtech<\/strong> UTX-85 231-1RD.<\/p>\n<p>N\u016f\u017e <strong>Microtech<\/strong> UTX-85 OTF je perfektn\u00ed kombinac\u00ed kompaktn\u00ed velikosti a velk\u00e9ho v\u00fdkonu. Microtech UTX-85 s 85% velikost\u00ed Ultratech je vyroben ze stejn\u00fdch materi\u00e1l\u016f, na stejn\u00fdch stroj\u00edch a se stejnou vynal\u00e9zavost\u00ed jako jeho p\u0159edch\u016fdce. Microtech UTX-85 je perfektn\u00ed n\u016f\u017e pro v\u0161echny situace \u2013 bez ohledu na to, jak\u00fd \u00fakol \u0159e\u017eete; bude hladce zapadat do va\u0161eho \u017eivotn\u00edho stylu. D\u00edky rychl\u00e9mu otev\u00edr\u00e1n\u00ed a zav\u00edr\u00e1n\u00ed jednou rukou zvl\u00e1dne pr\u00e1ci b\u011bhem n\u011bkolika sekund. Vybaven\u00fd oboustrann\u00fdm kapesn\u00edm klipem a kompaktn\u00ed velikost\u00ed, je to perfektn\u00ed volba pro ka\u017edodenn\u00ed pou\u017eit\u00ed a no\u0161en\u00ed.<\/p>\n<p>Vezm\u011bte pros\u00edm na v\u011bdom\u00ed, \u017ee ocel \u010depele nelze specifikovat, proto\u017ee se m\u016f\u017ee m\u011bnit v z\u00e1vislosti na dostupnosti (informace od Microtech)<\/p>\n<p>SPECIFIKACE:<\/p>\n<p>Celkov\u00e1 d\u00e9lka: 18,3 cm<br \/>\nD\u00e9lka v zav\u0159en\u00e9m stavu: 10,3 cm<br \/>\nD\u00e9lka \u010depele: 7,8 cm<br \/>\nD\u00e9lka ost\u0159\u00ed: 7,5 cm<br \/>\nTlou\u0161\u0165ka \u010depele: 3,23 mm<br \/>\n\u010cepel ocel: Elmax, XHP, M390 nebo 204P<br \/>\nPovrchov\u00e1 \u00faprava \u010depele: \u010dern\u00e1<br \/>\nTlou\u0161\u0165ka rukojeti: 13 mm<br \/>\nKapesn\u00ed klip: Tip-Down<br \/>\nZem\u011b p\u016fvodu: USA<\/p>\n<p><iframe title=\"Microtech Combat Troodon Torture Test\" width=\"800\" height=\"450\" src=\"https:\/\/www.youtube.com\/embed\/xE9TeOFYEjg?feature=oembed\" frameborder=\"0\" allow=\"accelerometer; autoplay; clipboard-write; encrypted-media; gyroscope; picture-in-picture; web-share\" allowfullscreen><\/iframe><\/p>\n<p>&nbsp;<\/p>\n<p>The <strong>Microtech<\/strong> UTX-85 OTF knife is the perfect combination of compact size and big performance. At 85% the size of the Ultratech, the Microtech UTX-85 is manufactured with the same materials, on the same machines and with the same ingenuity as its predecessor. The Microtech UTX-85 is the perfect knife for all situations&#8211;no matter what your cutting task; it will mesh seamlessly with your lifestyle. With its quick one-handed open and close action, it gets the job done in seconds. Equipped with an ambidextrous pocket clip and compact size, this is the perfect choice for everyday use and carry.<\/p>\n<p>Specifications<br \/>\nAction: Double Action &#8211; Auto Fire\/Auto Retract<br \/>\nThickness: 0.125&#8243;<br \/>\nBlade Length: 3&#8243;<br \/>\nPlease note, blade steel cannot be specified as it can change depending on availability (information from Microtech)<br \/>\nBlade Style: Drop Point<br \/>\nChassis: 6061-T6 AL Alloy, Red Mil-Spec Hard Coat Anodized<br \/>\nHandle Material: Aluminum<br \/>\nHandle Thickness: 0.46&#8243;<br \/>\nClosed Length: 4.38&#8243;<br \/>\nOverall Length: 7.38<br \/>\nPocket Clip: 301 Stainless Steel<br \/>\nStandard Top: 6061-T6 AL Alloy<br \/>\nTrigger: 303 Stainless Steel<br \/>\nWeight: 2.8 oz.<br \/>\nMade in the USA<\/p>\n<p>&nbsp;<\/p>\n","protected":false},"excerpt":{"rendered":"<p>V pr\u016fb\u011bhu let\u00a0<strong>Microtech\u00ae Knives\u00a0<\/strong>naplnil v\u00e1\u0161n\u00ed a dovednost\u00ed v\u00fdrobu no\u017e\u016f, a\u017e z nich vytvo\u0159il t\u00e9m\u011b\u0159 um\u011bleck\u00e1 d\u00edla,kter\u00e9 jsou vrcholem funk\u010dnosti.V\u0161echny d\u00edly jsou vyrodeny v USA.<br \/>\n<strong>Na v\u0161echny no\u017ee Microtech je do\u017eivotn\u00ed z\u00e1ruka.<\/strong><\/p>\n<p><strong>Doprava zdarma.<\/strong><\/p>\n","protected":false},"featured_media":213676,"comment_status":"open","ping_status":"closed","template":"","meta":[],"pwb-brand":[431],"product_brand":[],"product_cat":[2019,17],"product_tag":[3667],"class_list":{"0":"post-213675","1":"product","2":"type-product","3":"status-publish","4":"has-post-thumbnail","6":"pwb-brand-microtech","7":"product_cat-vystrelovaci-noze","8":"product_cat-noze","9":"product_tag-b2b","11":"first","12":"instock","13":"taxable","14":"shipping-taxable","15":"purchasable","16":"product-type-simple"},"brands":[{"id":431,"name":"Microtech","slug":"microtech"}],"_links":{"self":[{"href":"https:\/\/www.moskito.cz\/it\/wp-json\/wp\/v2\/product\/213675","targetHints":{"allow":["GET"]}}],"collection":[{"href":"https:\/\/www.moskito.cz\/it\/wp-json\/wp\/v2\/product"}],"about":[{"href":"https:\/\/www.moskito.cz\/it\/wp-json\/wp\/v2\/types\/product"}],"replies":[{"embeddable":true,"href":"https:\/\/www.moskito.cz\/it\/wp-json\/wp\/v2\/comments?post=213675"}],"wp:featuredmedia":[{"embeddable":true,"href":"https:\/\/www.moskito.cz\/it\/wp-json\/wp\/v2\/media\/213676"}],"wp:attachment":[{"href":"https:\/\/www.moskito.cz\/it\/wp-json\/wp\/v2\/media?parent=213675"}],"wp:term":[{"taxonomy":"pwb-brand","embeddable":true,"href":"https:\/\/www.moskito.cz\/it\/wp-json\/wp\/v2\/pwb-brand?post=213675"},{"taxonomy":"product_brand","embeddable":true,"href":"https:\/\/www.moskito.cz\/it\/wp-json\/wp\/v2\/product_brand?post=213675"},{"taxonomy":"product_cat","embeddable":true,"href":"https:\/\/www.moskito.cz\/it\/wp-json\/wp\/v2\/product_cat?post=213675"},{"taxonomy":"product_tag","embeddable":true,"href":"https:\/\/www.moskito.cz\/it\/wp-json\/wp\/v2\/product_tag?post=213675"}],"curies":[{"name":"wp","href":"https:\/\/api.w.org\/{rel}","templated":true}]}}